{"id":260996,"date":"2024-02-02T10:13:32","date_gmt":"2024-02-02T10:13:32","guid":{"rendered":"https:\/\/www.nushu.cat\/privacy-policy\/"},"modified":"2025-04-30T08:33:22","modified_gmt":"2025-04-30T06:33:22","slug":"privacy-policy","status":"publish","type":"page","link":"https:\/\/www.nushu.cat\/en\/privacy-policy\/","title":{"rendered":"Privacy Policy"},"content":{"rendered":"\t\t<div data-elementor-type=\"wp-page\" data-elementor-id=\"260996\" class=\"elementor elementor-260996 elementor-3\" data-elementor-post-type=\"page\">\n\t\t\t\t<div class=\"elementor-element elementor-element-5bf1aef7 e-flex e-con-boxed e-con e-parent\" data-id=\"5bf1aef7\" data-element_type=\"container\" data-e-type=\"container\">\n\t\t\t\t\t<div class=\"e-con-inner\">\n\t\t\t\t<div class=\"elementor-element elementor-element-3c86655a elementor-widget elementor-widget-text-editor\" data-id=\"3c86655a\" data-element_type=\"widget\" data-e-type=\"widget\" data-widget_type=\"text-editor.default\">\n\t\t\t\t<div class=\"elementor-widget-container\">\n\t\t\t\t\t\t\t\t\t<h2 class=\"p1\">Informaci\u00f3n b\u00e1sica sobre Protecci\u00f3n de Datos<\/h2><p class=\"p2\">Responsable: GEMMA VILALTA MART\u00cdNEZ<\/p><p class=\"p3\">Finalidad: Prestar los servicios solicitados, mantener comunicaciones para la consecuci\u00f3n de estos y mantenerle informado sobre nuestra actividad en general, inclusive mandarle nuestra newsletter.<\/p><p class=\"p3\">Legitimaci\u00f3n: Ejecuci\u00f3n de un contrato. Consentimiento del interesado.<\/p><p class=\"p3\">Destinatarios: No se ceder\u00e1n datos a terceros, salvo obligaci\u00f3n legal.<\/p><p class=\"p3\">Derechos: Tiene derecho a acceder, rectificar y suprimir los datos, as\u00ed como otros derechos indicados en la informaci\u00f3n adicional, que puede ejercer dirigi\u00e9ndose a la direcci\u00f3n\u00a0<a href=\"mailto:hola@nushu.cat\"><span class=\"s1\">hola@nushu.cat<\/span><\/a>;\u00a0<a href=\"mailto:hola@merimayans.com\"><span class=\"s1\">hola@merimayans.com<\/span><\/a>.<\/p><h2 class=\"p1\">Informaci\u00f3n adicional sobre protecci\u00f3n de datos<\/h2><h3 class=\"p1\">\u00bfQui\u00e9n es el responsable del tratamiento de sus datos?<\/h3><ul><li class=\"p3\">Identidad: GEMMA VILALTA MART\u00cdNEZ<\/li><li class=\"p3\">NIF: 47881098B \u2013 Direcci\u00f3n postal: AV. DR. MARI\u00c0 SERRA, N.\u00ba 1 \u2013 BAIXOS, 08360 CANET DE MAR \u2013 BARCELONA<\/li><li class=\"p3\">Tel\u00e9fono: 613332375<\/li><li class=\"p3\">Correo electr\u00f3nico: <a href=\"mailto:hola@nushu.cat\"><span class=\"s1\">hola@nushu.cat<\/span><\/a><\/li><\/ul><h3 class=\"p1\">\u00bfCon qu\u00e9 finalidad tratamos sus datos personales?<\/h3><p class=\"p3\">En GEMMA VILALTA MART\u00cdNEZ tratamos la informaci\u00f3n que nos facilitan las personas interesadas con el fin de prestarle los servicios concertados, realizar la gesti\u00f3n administrativa, contable y fiscal de los servicios solicitados, mantener comunicaciones a cerca de los mismos, as\u00ed como el env\u00edo de comunicaciones inclusive por correo electr\u00f3nico y newsletter para mantenerle informado sobre nuestra actividad en general. En caso de que no nos facilite sus datos personales, no podremos cumplir con las finalidades descritas.<\/p><p class=\"p3\">No se van a tomar decisiones automatizadas en base a los datos proporcionados.<\/p><h3 class=\"p1\">\u00bfPor cu\u00e1nto tiempo conservaremos sus datos?<\/h3><p class=\"p3\">Los datos se conservar\u00e1n mientras no solicite su supresi\u00f3n, y en cualquier caso, durante los a\u00f1os necesarios para cumplir con las obligaciones legales.<\/p><h3 class=\"p1\">\u00bfCu\u00e1l es la legitimaci\u00f3n para el tratamiento de sus datos?<\/h3><p class=\"p3\">Le indicamos la base legal para el tratamiento de sus datos:<\/p><ul class=\"ul1\"><li class=\"li4\">Ejecuci\u00f3n de un contrato: Prestaci\u00f3n de los servicios solicitados y realizar la gesti\u00f3n administrativa, contable y fiscal de los mismos. <span class=\"s3\">(RGPD, art. 6.1.b,)<\/span><\/li><li class=\"li4\">Consentimiento del interesado: Env\u00edo de comunicaciones comerciales sobre nuestra actividad en general y env\u00edo de la newsletter a las personas suscriptoras de la misma. <span class=\"s3\">(RGPD, art. 6.1.a, y LSSICE art.21)<\/span><\/li><\/ul><h3 class=\"p1\">\u00bfA qu\u00e9 destinatarios se comunicar\u00e1n sus datos?<\/h3><p class=\"p2\">No se ceder\u00e1n datos a terceros, salvo obligaci\u00f3n legal.<\/p><h3 class=\"p1\">\u00bfTransferencias de datos a terceros pa\u00edses?<\/h3><p class=\"p2\">No est\u00e1n previstas transferencias de datos a terceros pa\u00edses.<\/p><h3 class=\"p1\">\u00bfCu\u00e1les son sus derechos cuando nos facilita sus datos?<\/h3><p class=\"p3\">Cualquier persona tiene derecho a obtener confirmaci\u00f3n sobre si en GEMMA VILALTA MART\u00cdNEZ estamos tratando datos personales que les conciernan, o no.<\/p><p class=\"p3\">Las personas interesadas tienen derecho a acceder a sus datos personales, as\u00ed como a solicitar la rectificaci\u00f3n de los datos inexactos o, en su caso, solicitar su supresi\u00f3n cuando, entre otros motivos, los datos ya no sean necesarios para los fines que fueron recogidos.<\/p><p class=\"p3\">En determinadas circunstancias, los interesados podr\u00e1n solicitar la limitaci\u00f3n del tratamiento de sus datos, en cuyo caso \u00fanicamente los conservaremos para el ejercicio o la defensa de reclamaciones. Asimismo, en los supuestos legalmente establecidos, tendr\u00e1 derecho a la portabilidad de sus datos personales.<\/p><p class=\"p3\">En determinadas circunstancias y por motivos relacionados con su situaci\u00f3n particular, los interesados podr\u00e1n oponerse al tratamiento de sus datos. En este caso GEMMA VILALTA MART\u00cdNEZ dejar\u00e1 de tratar los datos, salvo por motivos leg\u00edtimos imperiosos, o el ejercicio o la defensa de posibles reclamaciones.<\/p><p class=\"p3\">Podr\u00e1 ejercitar materialmente sus derechos de la siguiente forma:<\/p><p class=\"p3\">enviando un correo electr\u00f3nico a\u00a0<a href=\"mailto:hola@nushu.cat\"><span class=\"s1\">hola@nushu.cat<\/span><\/a>\u00a0\u00a0o una carta a AV. DR. MARI\u00c0 SERRA, N.\u00ba 1 \u2013 BAIXOS, 08360 CANET DE MAR \u2013 BARCELONA<\/p><p class=\"p3\">Si ha otorgado su consentimiento para alguna finalidad concreta, tiene derecho a retirar el consentimiento otorgado en cualquier momento, sin que ello afecte a la licitud del tratamiento basado en el consentimiento previo a su retirada.<\/p><p class=\"p3\">En caso de que sienta vulnerados sus derechos en lo concerniente a la protecci\u00f3n de sus datos personales, especialmente cuando no haya obtenido satisfacci\u00f3n en el ejercicio de sus derechos, puede presentar una reclamaci\u00f3n ante la Autoridad de Control en materia de Protecci\u00f3n de Datos competente a trav\u00e9s de su sitio web:\u00a0<a href=\"http:\/\/www.agpd.es\/\"><span class=\"s1\">www.agpd.es<\/span><\/a>.<\/p><h3 class=\"p1\">\u00bfC\u00f3mo hemos obtenido sus datos?<\/h3><p class=\"p5\">Los datos personales que tratamos en GEMMA VILALTA MARTINEZ proceden de el propio interesado.<\/p>\t\t\t\t\t\t\t\t<\/div>\n\t\t\t\t<\/div>\n\t\t\t\t\t<\/div>\n\t\t\t\t<\/div>\n\t\t\t\t<\/div>\n\t\t","protected":false},"excerpt":{"rendered":"<p>Informaci\u00f3n b\u00e1sica sobre Protecci\u00f3n de Datos Responsable: GEMMA VILALTA MART\u00cdNEZ Finalidad: Prestar los servicios solicitados, mantener comunicaciones para la consecuci\u00f3n de estos y mantenerle informado sobre nuestra actividad en general, inclusive mandarle nuestra newsletter. Legitimaci\u00f3n: Ejecuci\u00f3n de un contrato. Consentimiento del interesado. Destinatarios: No se ceder\u00e1n datos a terceros, salvo obligaci\u00f3n legal. Derechos: Tiene derecho [&hellip;]<\/p>\n","protected":false},"author":1,"featured_media":0,"parent":0,"menu_order":0,"comment_status":"closed","ping_status":"closed","template":"","meta":{"_acf_changed":false,"footnotes":""},"class_list":["post-260996","page","type-page","status-publish","hentry"],"acf":[],"yoast_head":"<!-- This site is optimized with the Yoast SEO plugin v27.2 - https:\/\/yoast.com\/product\/yoast-seo-wordpress\/ -->\n<title>Privacy Policy - n\u00fcshu<\/title>\n<meta name=\"description\" content=\"n\u00fcshu Privacy Policy\" \/>\n<meta name=\"robots\" content=\"index, follow, max-snippet:-1, max-image-preview:large, max-video-preview:-1\" \/>\n<link rel=\"canonical\" href=\"https:\/\/www.nushu.cat\/en\/privacy-policy\/\" \/>\n<meta property=\"og:locale\" content=\"en_US\" \/>\n<meta property=\"og:type\" content=\"article\" \/>\n<meta property=\"og:title\" content=\"Privacy Policy - n\u00fcshu\" \/>\n<meta property=\"og:description\" content=\"n\u00fcshu Privacy Policy\" \/>\n<meta property=\"og:url\" content=\"https:\/\/www.nushu.cat\/en\/privacy-policy\/\" \/>\n<meta property=\"og:site_name\" content=\"n\u00fcshu\" \/>\n<meta property=\"article:publisher\" content=\"https:\/\/www.facebook.com\/nushu.artesania\/\" \/>\n<meta property=\"article:modified_time\" content=\"2025-04-30T06:33:22+00:00\" \/>\n<meta property=\"og:image\" content=\"https:\/\/www.nushu.cat\/wp-content\/uploads\/2024\/02\/nushu-share-2.jpg\" \/>\n\t<meta property=\"og:image:width\" content=\"1200\" \/>\n\t<meta property=\"og:image:height\" content=\"675\" \/>\n\t<meta property=\"og:image:type\" content=\"image\/jpeg\" \/>\n<meta name=\"twitter:card\" content=\"summary_large_image\" \/>\n<meta name=\"twitter:label1\" content=\"Est. reading time\" \/>\n\t<meta name=\"twitter:data1\" content=\"3 minutes\" \/>\n<!-- \/ Yoast SEO plugin. -->","yoast_head_json":{"title":"Privacy Policy - n\u00fcshu","description":"n\u00fcshu Privacy Policy","robots":{"index":"index","follow":"follow","max-snippet":"max-snippet:-1","max-image-preview":"max-image-preview:large","max-video-preview":"max-video-preview:-1"},"canonical":"https:\/\/www.nushu.cat\/en\/privacy-policy\/","og_locale":"en_US","og_type":"article","og_title":"Privacy Policy - n\u00fcshu","og_description":"n\u00fcshu Privacy Policy","og_url":"https:\/\/www.nushu.cat\/en\/privacy-policy\/","og_site_name":"n\u00fcshu","article_publisher":"https:\/\/www.facebook.com\/nushu.artesania\/","article_modified_time":"2025-04-30T06:33:22+00:00","og_image":[{"width":1200,"height":675,"url":"https:\/\/www.nushu.cat\/wp-content\/uploads\/2024\/02\/nushu-share-2.jpg","type":"image\/jpeg"}],"twitter_card":"summary_large_image","twitter_misc":{"Est. reading time":"3 minutes"},"schema":{"@context":"https:\/\/schema.org","@graph":[{"@type":"WebPage","@id":"https:\/\/www.nushu.cat\/en\/privacy-policy\/","url":"https:\/\/www.nushu.cat\/en\/privacy-policy\/","name":"Privacy Policy - n\u00fcshu","isPartOf":{"@id":"https:\/\/www.nushu.cat\/en\/#website"},"datePublished":"2024-02-02T10:13:32+00:00","dateModified":"2025-04-30T06:33:22+00:00","description":"n\u00fcshu Privacy Policy","breadcrumb":{"@id":"https:\/\/www.nushu.cat\/en\/privacy-policy\/#breadcrumb"},"inLanguage":"en-US","potentialAction":[{"@type":"ReadAction","target":["https:\/\/www.nushu.cat\/en\/privacy-policy\/"]}]},{"@type":"BreadcrumbList","@id":"https:\/\/www.nushu.cat\/en\/privacy-policy\/#breadcrumb","itemListElement":[{"@type":"ListItem","position":1,"name":"Inici","item":"https:\/\/www.nushu.cat\/en\/"},{"@type":"ListItem","position":2,"name":"Privacy Policy"}]},{"@type":"WebSite","@id":"https:\/\/www.nushu.cat\/en\/#website","url":"https:\/\/www.nushu.cat\/en\/","name":"n\u00fcshu","description":"natural &amp; sostenible","publisher":{"@id":"https:\/\/www.nushu.cat\/en\/#organization"},"potentialAction":[{"@type":"SearchAction","target":{"@type":"EntryPoint","urlTemplate":"https:\/\/www.nushu.cat\/en\/?s={search_term_string}"},"query-input":{"@type":"PropertyValueSpecification","valueRequired":true,"valueName":"search_term_string"}}],"inLanguage":"en-US"},{"@type":"Organization","@id":"https:\/\/www.nushu.cat\/en\/#organization","name":"n\u00fcshu","url":"https:\/\/www.nushu.cat\/en\/","logo":{"@type":"ImageObject","inLanguage":"en-US","@id":"https:\/\/www.nushu.cat\/en\/#\/schema\/logo\/image\/","url":"https:\/\/www.nushu.cat\/wp-content\/uploads\/2024\/02\/nushu-share-1-1.png","contentUrl":"https:\/\/www.nushu.cat\/wp-content\/uploads\/2024\/02\/nushu-share-1-1.png","width":1080,"height":1080,"caption":"n\u00fcshu"},"image":{"@id":"https:\/\/www.nushu.cat\/en\/#\/schema\/logo\/image\/"},"sameAs":["https:\/\/www.facebook.com\/nushu.artesania\/","https:\/\/www.instagram.com\/nushu_artesania"]}]}},"jetpack_sharing_enabled":true,"_links":{"self":[{"href":"https:\/\/www.nushu.cat\/en\/wp-json\/wp\/v2\/pages\/260996","targetHints":{"allow":["GET"]}}],"collection":[{"href":"https:\/\/www.nushu.cat\/en\/wp-json\/wp\/v2\/pages"}],"about":[{"href":"https:\/\/www.nushu.cat\/en\/wp-json\/wp\/v2\/types\/page"}],"author":[{"embeddable":true,"href":"https:\/\/www.nushu.cat\/en\/wp-json\/wp\/v2\/users\/1"}],"replies":[{"embeddable":true,"href":"https:\/\/www.nushu.cat\/en\/wp-json\/wp\/v2\/comments?post=260996"}],"version-history":[{"count":8,"href":"https:\/\/www.nushu.cat\/en\/wp-json\/wp\/v2\/pages\/260996\/revisions"}],"predecessor-version":[{"id":266492,"href":"https:\/\/www.nushu.cat\/en\/wp-json\/wp\/v2\/pages\/260996\/revisions\/266492"}],"wp:attachment":[{"href":"https:\/\/www.nushu.cat\/en\/wp-json\/wp\/v2\/media?parent=260996"}],"curies":[{"name":"wp","href":"https:\/\/api.w.org\/{rel}","templated":true}]}}