{"id":261014,"date":"2024-02-03T11:35:23","date_gmt":"2024-02-03T10:35:23","guid":{"rendered":"https:\/\/www.nushu.cat\/legal-notice\/"},"modified":"2024-06-06T13:45:07","modified_gmt":"2024-06-06T11:45:07","slug":"legal-notice","status":"publish","type":"page","link":"https:\/\/www.nushu.cat\/en\/legal-notice\/","title":{"rendered":"Legal Notice and Contract Conditions"},"content":{"rendered":"\t\t<div data-elementor-type=\"wp-page\" data-elementor-id=\"261014\" class=\"elementor elementor-261014 elementor-260574\" data-elementor-post-type=\"page\">\n\t\t\t\t<div class=\"elementor-element elementor-element-39e7878 e-flex e-con-boxed e-con e-parent\" data-id=\"39e7878\" data-element_type=\"container\" data-e-type=\"container\">\n\t\t\t\t\t<div class=\"e-con-inner\">\n\t\t\t\t<div class=\"elementor-element elementor-element-2968c148 elementor-widget elementor-widget-text-editor\" data-id=\"2968c148\" data-element_type=\"widget\" data-e-type=\"widget\" data-widget_type=\"text-editor.default\">\n\t\t\t\t<div class=\"elementor-widget-container\">\n\t\t\t\t\t\t\t\t\t<p class=\"p1\"><b>OBJECTO<\/b><\/p>\n<p class=\"p2\">El presente aviso legal regula el uso y utilizaci\u00f3n del sitio web www.nushu.cat del cual es titular GEMMA VILALTA MART\u00cdNEZ.<\/p>\n<p class=\"p2\">La navegaci\u00f3n por el sitio web le atribuye la condici\u00f3n de USUARIO de este y conlleva su aceptaci\u00f3n plena y sin reservas de todas y cada una de las condiciones publicadas en este aviso legal, advirtiendo que estas condiciones pueden ser modificadas sin notificaci\u00f3n previa por parte de GEMMA VILALTA MART\u00cdNEZ en cuyo caso se proceder\u00e1 a su publicaci\u00f3n y aviso con la m\u00e1xima antelaci\u00f3n posible.<\/p>\n<p class=\"p2\">Por ese motivo es recomendable leer con antelaci\u00f3n el contenido en caso de desear acceder y hacer uso de la informaci\u00f3n y de los servicios ofrecidos des de este sitio web.<\/p>\n<p class=\"p2\">El usuario, adem\u00e1s, se obliga a hacer un uso correcto del sitio web de conformidad con las leyes, la buena fe, el orden p\u00fablico, los usos del tr\u00e1fico y el presente AVISO LEGAL, y responder\u00e1 delantes de GEMMA VILALTA MART\u00cdNEZ o delante de terceros, de cualquier da\u00f1o y perjuicio que pudieran causar como consecuencia del incumplimiento de esta obligaci\u00f3n.<\/p>\n<p class=\"p2\">Cualquier uso diferente del autorizado est\u00e1 expresamente prohibido, y puede GEMMA VILALTA MART\u00cdNEZ denegar o retirar el acceso y el uso en cualquier momento.<\/p>\n<p class=\"p3\">1. IDENTIFICACI\u00d3N<\/p>\n<p class=\"p2\">GEMMA VILALTA MART\u00cdNEZ en cumplimiento de la Ley 34\/2002, del 11 de julio, de Servicios de la Sociedad de la Informaci\u00f3n y de Comercio Electr\u00f3nico, informa que:<\/p>\n<p class=\"p2\">\u2022 Su denominaci\u00f3n social es: GEMMA VILALTA MART\u00cdNEZ<\/p>\n<p class=\"p2\">\u2022 Su nombre comercial es: N\u00dcSHU<\/p>\n<p class=\"p2\">\u2022 Su CIF es: 47881098B<\/p>\n<p class=\"p2\">\u2022 Su domicilio social est\u00e1 en: AV. DR. MARI\u00c0 SERRA, N.\u00ba 1 \u2013 BAIXOS,, 08360 CANET DE MAR \u2013 BARCELONA<\/p>\n<p class=\"p3\">2. COMUNICACIONES<\/p>\n<p class=\"p2\">Para comunicarse con nosotros, ponemos a su disposici\u00f3n diferentes medios de contacto que detallamos a continuaci\u00f3n:<\/p>\n<p class=\"p2\">\u2022 Tel: 613332375<\/p>\n<p class=\"p2\">\u2022 Correo electr\u00f3nico:\u00a0<a href=\"mailto:hola@nushu.cat\"><span class=\"s1\">hola@nushu.cat<\/span><\/a><\/p>\n<p class=\"p2\">\u2022 Direcci\u00f3n postal: AV. DR. MARI\u00c0 SERRA, N.\u00ba 1 \u2013 BAIXOS, 08360 CANET DE MAR \u2013 BARCELONA<\/p>\n<p class=\"p2\">Todas las notificaciones y comunicaciones entre los usuarios y N\u00dcSHU se consideraran eficaces, a todos los efectos, cuando se realicen a tr\u00e1ves de cualquiera de los medios detallados anteriormente.<\/p>\n<p class=\"p3\">3. CONDICIONES DE ACCESO Y USO<\/p>\n<p class=\"p2\">El sitio web y sus informaciones son de acceso libre y gratuito. No obstante, N\u00dcSHU puede condicionar el uso de algunos de los servicios ofrecidos en su p\u00e1gina web a la previa formalizaci\u00f3n del correspondiente contrato de prestaci\u00f3n de servicios bajo licencias.<br \/>El usuario garantiza la autenticidad y actualidad de todos los datos que comunique a N\u00dcSHU y ser\u00e1 el \u00fanico responsable de las manifestaciones falsas o inexactas que realice.<br \/>El usuario se compromete expresamente a hacer un uso adecuado de los contenidos y servicios de N\u00dcSHU y a no utilizarlos, entre otros, para:<br \/>1. Difundir contenidos delictivos, violentos, pornogr\u00e1ficos, racistas, xen\u00f3fobos, ofensivos, de apolog\u00eda del terrorismo o, en general, contrarios a la ley y al orden p\u00fablico.<br \/>2. Introducir en la red virus inform\u00e1ticos o realizas actuaciones susceptibles de alterar, estropear, interrumpir o generar errores y da\u00f1os en los documentos electr\u00f3nicos, datos o sistemas f\u00edsicos o l\u00f3gicos de GEMMA VILALTA MART\u00cdNEZ o de terceras personas; as\u00ed como obstaculizar el acceso de otros usuarios al sitio web y a sus servicios mediante el consumo masivo de los recursos inform\u00e1ticos a trav\u00e9s de los cuales N\u00dcSHU presta sus servicios.<br \/>3. Intentar acceder a las cuentas de correo electr\u00f3nico de otros usuarios o a \u00e1reas restringidas de los sistemas inform\u00e1ticos de N\u00dcSHU o de terceros y, si corresponde, extraer informaci\u00f3n.<br \/>4. Vulnerar los derechos de la propiedad intelectual o industrial, as\u00ed como violar la confidencialidad de la informaci\u00f3n de N\u00dcSHU o de terceros.<br \/>5. Suplantar la identiidad de cualquier otro usuario.<br \/>6. Reproducir, copiar, distribuir, poner a disposici\u00f3n de, N\u00dcSHU o cualquier otra forma de comunicaci\u00f3n p\u00fablica, transformar o modificar los contenidos, salvo que se cuente con la autorizaci\u00f3n del titular de los derechos correspondientes y eso resulte legalmente permitido.<br \/>7. Pedir datos con finalidad publicitaria y remitir publicidad de cualquier clase y comunicaciones con fines de venta u otra naturaleza comercial sin que haya solicitud y consentimiento previos.<br \/>Todos los contenidos del sitio web, como ahora textos, fotograf\u00edas, gr\u00e1ficos, iconos, im\u00e1genes, tecnolog\u00eda, programario, as\u00ed como su dise\u00f1o gr\u00e1fico y c\u00f3digos fuente, constituyen una obra que perteneces a N\u00dcSHU sin que puedan enternderse cedidos al usuario ninguno de los derechos de explotaci\u00f3n sobre los mismos m\u00e1s all\u00e1 del estrictamente necesario para el uso correcto de la web.<br \/>En definitiva, los usuarios que accedan a este sitio web pueden visualizar los contenidos y efectura, si corresponde, copiar privadas autorizadas siempre que los elementos reproducidos no sean cedidos posteriormente a termeros, ni se instalen en servidores conectados a redes, ni sean objeto de ning\u00fan tipo de explotaci\u00f3n.<br \/>As\u00ed mismo, todas las marcas, nombres comerciales o firmas distintivos de cualqueir clase que aparecen en el sitio web son propiedad de N\u00dcSHU, sin que pueda enterderse que el uso o acceso al mismo atribuya al usuario ning\u00fan derecho sobre los mismos.<br \/>La distribuci\u00f3n, modificaci\u00f3n, cesi\u00f3n o comunicaci\u00f3n p\u00fablica de los contenidos o cualquier otro acto que no haya estado expresamente autorizado por el titular de los derechos de explotaci\u00f3n quedan prohibidos.<br \/>El establecimiento de un hiperv\u00ednculo no implica en ning\u00fan caso la existencia de relaciones entre N\u00dcSHU y el propietario del sitio web al cual se establezca, ni la aceptaci\u00f3n y aprobaci\u00f3n por parte de N\u00dcSHU de sus contenidos o servicios.<br \/>N\u00dcSHU no se responsabiliza del uso que cada usuario de a los materiales puestos a disposici\u00f3n en este sitio web ni de las actuaciones que realice en base a los mismos.<\/p>\n<p class=\"p4\">3.1 EXCLUSI\u00d3N DE RESPOSABILIDAD EN EL ACCESO Y EL USO DE LA WEB<\/p>\n<p class=\"p2\">El propietario de la web excluye cualquier responsabilidad relacionada con la disponibilidad, fiabilidad y continuidad del sitio web, aunque siempre intenase restablecer lo antes posible la interrupci\u00f3n y en la medida de sus posibilidades disponer de medios alternativos.<br \/>N\u00dcSHU excluye, hasta donde permite el ordenamiento jur\u00eddico, cualquier responsabilidad por da\u00f1os y perjuicios de toda naturaleza derivados de:<br \/>1. La imposibilidad de acceso al sitio web o la falta de veracidad, exactitud, exhaustividad y\/o actualidad de los contenidos, as\u00ed como de la existencia de vicios y defectos de toda clase de los contenidos transmitidos, difundidos, almacenados, puestos a disposici\u00f3n, a los que se haya accedido a trav\u00e9s del sitio web o de los servicios que se ofrecen.<br \/>2. La presencia de virus o de otros elementos en los contenidos que puedan producir alteraciones en los sistemas inform\u00e1ticos, documentos electr\u00f3nicos o datos de los usuarios.<br \/>3. El incumplimiento de las leyes, la buena fe, el orden p\u00fablico, los usos del tr\u00e1fico y el presente aviso legal como consecuencia del uso incorrecto del sitio web. En particular, y a modo de ejemplo, GEMMA VILALTA MART\u00cdNEZ no se hace responsable de las actuaciones de terceros que vulneren derechos de propiedad intelectual e industrial, secretos empresariales, derechos de honor, a la intimidad personal y familiar y a la propia imagen, as\u00ed como la normativa en competencia desleal y publicidad il\u00edcita.<br \/>As\u00ed mismo, N\u00dcSHU declina cualquier responsabilidad respecto a la informaci\u00f3n que se encuentre fuera de esta web y no sea gestionada directamente por nuestro webmaster. La funci\u00f3n de los links que aparecen en esta web es exclusivamente la de informar al usuario sobre la existencia de otras fuentes susceptibles de ampliar los contenidos que ofrece este sitio web. www.nushu.cat no garantiza ni se responsabiliza del funcionamiento o accesibilidad de los sitios enlazados; ni sugiere, invita o recomienda la visita a los mismos, de manera que tampoco ser\u00e1 responsable del resultado obtenido. GEMMA VILALTA MART\u00cdNEZ no se responsabiliza del establecimiento de hiperv\u00ednculos por parte de terceros.<\/p>\n<p class=\"p4\">3.2 PROCEDIMIENTO EN CASO DE REALIZACI\u00d3N DE ACTIVIDADES DE CAR\u00c1CTER IL\u00cdCITO<\/p>\n<p class=\"p2\">En el caso de que cualquier usuario o tercero considere que existen hechos o circumst\u00e1ncias que revelen el car\u00e1cter il\u00edcito del uso de cualquier contenido y\/o de la realizaci\u00f3n de cualquier actividad en las p\u00e1ginas web incluidas o accesibles a trav\u00e9s del sitio web, deber\u00e1 enviar una notificaci\u00f3n a N\u00dcSHU identific\u00e1ndose debidamente y especificando las supuestas infracciones.<\/p>\n<p class=\"p4\">3.3 PUBLICACIONES<\/p>\n<p class=\"p2\">La informaci\u00f3n administrativa facilitada a trav\u00e9s del sitio web no sustituye la publicidad legal de las leyes, normativas, planes, disposiciones generales y actos que deban ser publicados formalmente en los diarios oficiales de las administraciones p\u00fablicas, que constituyen el \u00fanico instrumento que da fe de su autenticidad y contenido. La informaci\u00f3n disponible en este sitio web debe entenderse como una gu\u00eda sin prop\u00f3sito de validez legal.<\/p>\t\t\t\t\t\t\t\t<\/div>\n\t\t\t\t<\/div>\n\t\t\t\t\t<\/div>\n\t\t\t\t<\/div>\n\t\t\t\t<\/div>\n\t\t","protected":false},"excerpt":{"rendered":"<p>OBJECTO El presente aviso legal regula el uso y utilizaci\u00f3n del sitio web www.nushu.cat del cual es titular GEMMA VILALTA MART\u00cdNEZ. La navegaci\u00f3n por el sitio web le atribuye la condici\u00f3n de USUARIO de este y conlleva su aceptaci\u00f3n plena y sin reservas de todas y cada una de las condiciones publicadas en este aviso [&hellip;]<\/p>\n","protected":false},"author":1,"featured_media":0,"parent":0,"menu_order":0,"comment_status":"closed","ping_status":"closed","template":"","meta":{"_acf_changed":false,"footnotes":""},"class_list":["post-261014","page","type-page","status-publish","hentry"],"acf":[],"yoast_head":"<!-- This site is optimized with the Yoast SEO plugin v27.2 - https:\/\/yoast.com\/product\/yoast-seo-wordpress\/ -->\n<title>Legal Notice and Contract Conditions - n\u00fcshu<\/title>\n<meta name=\"description\" content=\"Legal Notice\" \/>\n<meta name=\"robots\" content=\"index, follow, max-snippet:-1, max-image-preview:large, max-video-preview:-1\" \/>\n<link rel=\"canonical\" href=\"https:\/\/www.nushu.cat\/en\/legal-notice\/\" \/>\n<meta property=\"og:locale\" content=\"en_US\" \/>\n<meta property=\"og:type\" content=\"article\" \/>\n<meta property=\"og:title\" content=\"Legal Notice and Contract Conditions - n\u00fcshu\" \/>\n<meta property=\"og:description\" content=\"Legal Notice\" \/>\n<meta property=\"og:url\" content=\"https:\/\/www.nushu.cat\/en\/legal-notice\/\" \/>\n<meta property=\"og:site_name\" content=\"n\u00fcshu\" \/>\n<meta property=\"article:publisher\" content=\"https:\/\/www.facebook.com\/nushu.artesania\/\" \/>\n<meta property=\"article:modified_time\" content=\"2024-06-06T11:45:07+00:00\" \/>\n<meta property=\"og:image\" content=\"https:\/\/www.nushu.cat\/wp-content\/uploads\/2024\/02\/nushu-share-2.jpg\" \/>\n\t<meta property=\"og:image:width\" content=\"1200\" \/>\n\t<meta property=\"og:image:height\" content=\"675\" \/>\n\t<meta property=\"og:image:type\" content=\"image\/jpeg\" \/>\n<meta name=\"twitter:card\" content=\"summary_large_image\" \/>\n<meta name=\"twitter:label1\" content=\"Est. reading time\" \/>\n\t<meta name=\"twitter:data1\" content=\"7 minutes\" \/>\n<!-- \/ Yoast SEO plugin. -->","yoast_head_json":{"title":"Legal Notice and Contract Conditions - n\u00fcshu","description":"Legal Notice","robots":{"index":"index","follow":"follow","max-snippet":"max-snippet:-1","max-image-preview":"max-image-preview:large","max-video-preview":"max-video-preview:-1"},"canonical":"https:\/\/www.nushu.cat\/en\/legal-notice\/","og_locale":"en_US","og_type":"article","og_title":"Legal Notice and Contract Conditions - n\u00fcshu","og_description":"Legal Notice","og_url":"https:\/\/www.nushu.cat\/en\/legal-notice\/","og_site_name":"n\u00fcshu","article_publisher":"https:\/\/www.facebook.com\/nushu.artesania\/","article_modified_time":"2024-06-06T11:45:07+00:00","og_image":[{"width":1200,"height":675,"url":"https:\/\/www.nushu.cat\/wp-content\/uploads\/2024\/02\/nushu-share-2.jpg","type":"image\/jpeg"}],"twitter_card":"summary_large_image","twitter_misc":{"Est. reading time":"7 minutes"},"schema":{"@context":"https:\/\/schema.org","@graph":[{"@type":"WebPage","@id":"https:\/\/www.nushu.cat\/en\/legal-notice\/","url":"https:\/\/www.nushu.cat\/en\/legal-notice\/","name":"Legal Notice and Contract Conditions - n\u00fcshu","isPartOf":{"@id":"https:\/\/www.nushu.cat\/en\/#website"},"datePublished":"2024-02-03T10:35:23+00:00","dateModified":"2024-06-06T11:45:07+00:00","description":"Legal Notice","breadcrumb":{"@id":"https:\/\/www.nushu.cat\/en\/legal-notice\/#breadcrumb"},"inLanguage":"en-US","potentialAction":[{"@type":"ReadAction","target":["https:\/\/www.nushu.cat\/en\/legal-notice\/"]}]},{"@type":"BreadcrumbList","@id":"https:\/\/www.nushu.cat\/en\/legal-notice\/#breadcrumb","itemListElement":[{"@type":"ListItem","position":1,"name":"Inici","item":"https:\/\/www.nushu.cat\/en\/"},{"@type":"ListItem","position":2,"name":"Legal Notice and Contract Conditions"}]},{"@type":"WebSite","@id":"https:\/\/www.nushu.cat\/en\/#website","url":"https:\/\/www.nushu.cat\/en\/","name":"n\u00fcshu","description":"natural &amp; sostenible","publisher":{"@id":"https:\/\/www.nushu.cat\/en\/#organization"},"potentialAction":[{"@type":"SearchAction","target":{"@type":"EntryPoint","urlTemplate":"https:\/\/www.nushu.cat\/en\/?s={search_term_string}"},"query-input":{"@type":"PropertyValueSpecification","valueRequired":true,"valueName":"search_term_string"}}],"inLanguage":"en-US"},{"@type":"Organization","@id":"https:\/\/www.nushu.cat\/en\/#organization","name":"n\u00fcshu","url":"https:\/\/www.nushu.cat\/en\/","logo":{"@type":"ImageObject","inLanguage":"en-US","@id":"https:\/\/www.nushu.cat\/en\/#\/schema\/logo\/image\/","url":"https:\/\/www.nushu.cat\/wp-content\/uploads\/2024\/02\/nushu-share-1-1.png","contentUrl":"https:\/\/www.nushu.cat\/wp-content\/uploads\/2024\/02\/nushu-share-1-1.png","width":1080,"height":1080,"caption":"n\u00fcshu"},"image":{"@id":"https:\/\/www.nushu.cat\/en\/#\/schema\/logo\/image\/"},"sameAs":["https:\/\/www.facebook.com\/nushu.artesania\/","https:\/\/www.instagram.com\/nushu_artesania"]}]}},"jetpack_sharing_enabled":true,"_links":{"self":[{"href":"https:\/\/www.nushu.cat\/en\/wp-json\/wp\/v2\/pages\/261014","targetHints":{"allow":["GET"]}}],"collection":[{"href":"https:\/\/www.nushu.cat\/en\/wp-json\/wp\/v2\/pages"}],"about":[{"href":"https:\/\/www.nushu.cat\/en\/wp-json\/wp\/v2\/types\/page"}],"author":[{"embeddable":true,"href":"https:\/\/www.nushu.cat\/en\/wp-json\/wp\/v2\/users\/1"}],"replies":[{"embeddable":true,"href":"https:\/\/www.nushu.cat\/en\/wp-json\/wp\/v2\/comments?post=261014"}],"version-history":[{"count":7,"href":"https:\/\/www.nushu.cat\/en\/wp-json\/wp\/v2\/pages\/261014\/revisions"}],"predecessor-version":[{"id":264271,"href":"https:\/\/www.nushu.cat\/en\/wp-json\/wp\/v2\/pages\/261014\/revisions\/264271"}],"wp:attachment":[{"href":"https:\/\/www.nushu.cat\/en\/wp-json\/wp\/v2\/media?parent=261014"}],"curies":[{"name":"wp","href":"https:\/\/api.w.org\/{rel}","templated":true}]}}