{"id":12206,"date":"2021-12-14T15:38:08","date_gmt":"2021-12-14T14:38:08","guid":{"rendered":"https:\/\/www.nushu.cat\/?post_type=product&#038;p=12206"},"modified":"2025-11-22T19:32:43","modified_gmt":"2025-11-22T18:32:43","slug":"furoshiki","status":"publish","type":"product","link":"https:\/\/www.nushu.cat\/en\/product\/furoshiki\/","title":{"rendered":"Furoshiki"},"content":{"rendered":"<p>El\u00a0furoshiki, en japon\u00e8s, \u98ce\u5415\u6577, \u00e9s una tela quadrangular tradicional del\u00a0<a href=\"https:\/\/ca.wikipedia.org\/wiki\/Jap\u00f3\">Jap\u00f3<\/a>. Es va comen\u00e7ar a utilitzar a mitjans de l&#8217;<a href=\"https:\/\/ca.wikipedia.org\/wiki\/Era_Nara\">Era Nara<\/a>, en els banys tradicionals japonesos, per no confondre o barrejar la roba, aix\u00ed utilitzaven el furoshiki i deixaven la seva vestimenta a sobre. M\u00e9s tard el seu \u00fas es va difondre i va comen\u00e7ar a ser utilitzada per comerciants per protegir les seves mercaderies o els seus regals.<\/p>\n<p>Aquesta pe\u00e7a es proposa com a alternativa als papers d\u2019embolicar regals o a les bosses de pl\u00e0stic o paper.<\/p>\n<p>Com a caracter\u00edstica afegida, es pot escriure amb un retolador permanent, el nom de la persona a qui va dirigit el regal, i la data. Aquesta persona el pot reutilitzar per embolicar un altre regal, el qual tamb\u00e9 escriur\u00e0, sota de l\u2019anterior, la data i el nom de la persona que ho rebr\u00e0. Aix\u00ed quedar\u00e0 plasmat al furoshiki tota la traject\u00f2ria i les\u00a0 vegades que s\u2019ha utilitzat.<\/p>\n<p>El teixit del furoshiki t\u00e9 certificat OEKO TEX \u00ae 100 que verifica que no hi ha subst\u00e0ncies nocives ni en t\u00e8xtils, ni en les fases de la fabricaci\u00f3 del producte.<br \/>\nSon veganes i lliures de maltracte animal.<br \/>\nAl ser totalment artesanal i \u00fanic, el producte que rebis pot tenir petites variacions respecte al de la imatge.<\/p>\n","protected":false},"excerpt":{"rendered":"<p>Tela quadrada 100% de cot\u00f3, tradicional del Jap\u00f3 de 60x60cm per embolicar i transportar tot tipus d&#8217;objectes, des de roba i regals fins a ampolles o pots de vidre.<\/p>\n","protected":false},"featured_media":266614,"template":"","meta":{"_acf_changed":false},"product_brand":[],"product_cat":[41,34],"product_tag":[],"class_list":{"0":"post-12206","1":"product","2":"type-product","3":"status-publish","4":"has-post-thumbnail","6":"product_cat-llar-sostenible","7":"product_cat-sostenible","9":"first","10":"instock","11":"taxable","12":"shipping-taxable","13":"purchasable","14":"product-type-variable"},"acf":[],"yoast_head":"<!-- This site is optimized with the Yoast SEO plugin v27.2 - https:\/\/yoast.com\/product\/yoast-seo-wordpress\/ -->\n<title>Furoshiki - n\u00fcshu<\/title>\n<meta name=\"robots\" content=\"index, follow, max-snippet:-1, max-image-preview:large, max-video-preview:-1\" \/>\n<link rel=\"canonical\" href=\"https:\/\/www.nushu.cat\/en\/product\/furoshiki\/\" \/>\n<meta property=\"og:locale\" content=\"en_US\" \/>\n<meta property=\"og:type\" content=\"article\" \/>\n<meta property=\"og:title\" content=\"Furoshiki - n\u00fcshu\" \/>\n<meta property=\"og:description\" content=\"Tela quadrada 100% de cot\u00f3, tradicional del Jap\u00f3 de 60x60cm per embolicar i transportar tot tipus d&#039;objectes, des de roba i regals fins a ampolles o pots de vidre.\" \/>\n<meta property=\"og:url\" content=\"https:\/\/www.nushu.cat\/en\/product\/furoshiki\/\" \/>\n<meta property=\"og:site_name\" content=\"n\u00fcshu\" \/>\n<meta property=\"article:publisher\" content=\"https:\/\/www.facebook.com\/nushu.artesania\/\" \/>\n<meta property=\"article:modified_time\" content=\"2025-11-22T18:32:43+00:00\" \/>\n<meta property=\"og:image\" content=\"https:\/\/www.nushu.cat\/wp-content\/uploads\/2024\/02\/furoshiki-embolicat.png\" \/>\n\t<meta property=\"og:image:width\" content=\"1000\" \/>\n\t<meta property=\"og:image:height\" content=\"1000\" \/>\n\t<meta property=\"og:image:type\" content=\"image\/png\" \/>\n<meta name=\"twitter:card\" content=\"summary_large_image\" \/>\n<meta name=\"twitter:label1\" content=\"Est. reading time\" \/>\n\t<meta name=\"twitter:data1\" content=\"2 minutes\" \/>\n<!-- \/ Yoast SEO plugin. -->","yoast_head_json":{"title":"Furoshiki - n\u00fcshu","robots":{"index":"index","follow":"follow","max-snippet":"max-snippet:-1","max-image-preview":"max-image-preview:large","max-video-preview":"max-video-preview:-1"},"canonical":"https:\/\/www.nushu.cat\/en\/product\/furoshiki\/","og_locale":"en_US","og_type":"article","og_title":"Furoshiki - n\u00fcshu","og_description":"Tela quadrada 100% de cot\u00f3, tradicional del Jap\u00f3 de 60x60cm per embolicar i transportar tot tipus d'objectes, des de roba i regals fins a ampolles o pots de vidre.","og_url":"https:\/\/www.nushu.cat\/en\/product\/furoshiki\/","og_site_name":"n\u00fcshu","article_publisher":"https:\/\/www.facebook.com\/nushu.artesania\/","article_modified_time":"2025-11-22T18:32:43+00:00","og_image":[{"width":1000,"height":1000,"url":"https:\/\/www.nushu.cat\/wp-content\/uploads\/2024\/02\/furoshiki-embolicat.png","type":"image\/png"}],"twitter_card":"summary_large_image","twitter_misc":{"Est. reading time":"2 minutes"},"schema":{"@context":"https:\/\/schema.org","@graph":[{"@type":"WebPage","@id":"https:\/\/www.nushu.cat\/en\/product\/furoshiki\/","url":"https:\/\/www.nushu.cat\/en\/product\/furoshiki\/","name":"Furoshiki - n\u00fcshu","isPartOf":{"@id":"https:\/\/www.nushu.cat\/en\/#website"},"primaryImageOfPage":{"@id":"https:\/\/www.nushu.cat\/en\/product\/furoshiki\/#primaryimage"},"image":{"@id":"https:\/\/www.nushu.cat\/en\/product\/furoshiki\/#primaryimage"},"thumbnailUrl":"https:\/\/www.nushu.cat\/wp-content\/uploads\/2024\/02\/furoshiki-embolicat.png","datePublished":"2021-12-14T14:38:08+00:00","dateModified":"2025-11-22T18:32:43+00:00","breadcrumb":{"@id":"https:\/\/www.nushu.cat\/en\/product\/furoshiki\/#breadcrumb"},"inLanguage":"en-US","potentialAction":[{"@type":"ReadAction","target":["https:\/\/www.nushu.cat\/en\/product\/furoshiki\/"]}]},{"@type":"ImageObject","inLanguage":"en-US","@id":"https:\/\/www.nushu.cat\/en\/product\/furoshiki\/#primaryimage","url":"https:\/\/www.nushu.cat\/wp-content\/uploads\/2024\/02\/furoshiki-embolicat.png","contentUrl":"https:\/\/www.nushu.cat\/wp-content\/uploads\/2024\/02\/furoshiki-embolicat.png","width":1000,"height":1000},{"@type":"BreadcrumbList","@id":"https:\/\/www.nushu.cat\/en\/product\/furoshiki\/#breadcrumb","itemListElement":[{"@type":"ListItem","position":1,"name":"Inici","item":"https:\/\/www.nushu.cat\/en\/"},{"@type":"ListItem","position":2,"name":"Shop","item":"https:\/\/www.nushu.cat\/en\/shop\/"},{"@type":"ListItem","position":3,"name":"Furoshiki"}]},{"@type":"WebSite","@id":"https:\/\/www.nushu.cat\/en\/#website","url":"https:\/\/www.nushu.cat\/en\/","name":"n\u00fcshu","description":"natural &amp; sostenible","publisher":{"@id":"https:\/\/www.nushu.cat\/en\/#organization"},"potentialAction":[{"@type":"SearchAction","target":{"@type":"EntryPoint","urlTemplate":"https:\/\/www.nushu.cat\/en\/?s={search_term_string}"},"query-input":{"@type":"PropertyValueSpecification","valueRequired":true,"valueName":"search_term_string"}}],"inLanguage":"en-US"},{"@type":"Organization","@id":"https:\/\/www.nushu.cat\/en\/#organization","name":"n\u00fcshu","url":"https:\/\/www.nushu.cat\/en\/","logo":{"@type":"ImageObject","inLanguage":"en-US","@id":"https:\/\/www.nushu.cat\/en\/#\/schema\/logo\/image\/","url":"https:\/\/www.nushu.cat\/wp-content\/uploads\/2024\/02\/nushu-share-1-1.png","contentUrl":"https:\/\/www.nushu.cat\/wp-content\/uploads\/2024\/02\/nushu-share-1-1.png","width":1080,"height":1080,"caption":"n\u00fcshu"},"image":{"@id":"https:\/\/www.nushu.cat\/en\/#\/schema\/logo\/image\/"},"sameAs":["https:\/\/www.facebook.com\/nushu.artesania\/","https:\/\/www.instagram.com\/nushu_artesania"]}]}},"jetpack_sharing_enabled":true,"_links":{"self":[{"href":"https:\/\/www.nushu.cat\/en\/wp-json\/wp\/v2\/product\/12206","targetHints":{"allow":["GET"]}}],"collection":[{"href":"https:\/\/www.nushu.cat\/en\/wp-json\/wp\/v2\/product"}],"about":[{"href":"https:\/\/www.nushu.cat\/en\/wp-json\/wp\/v2\/types\/product"}],"version-history":[{"count":1,"href":"https:\/\/www.nushu.cat\/en\/wp-json\/wp\/v2\/product\/12206\/revisions"}],"predecessor-version":[{"id":266626,"href":"https:\/\/www.nushu.cat\/en\/wp-json\/wp\/v2\/product\/12206\/revisions\/266626"}],"wp:featuredmedia":[{"embeddable":true,"href":"https:\/\/www.nushu.cat\/en\/wp-json\/wp\/v2\/media\/266614"}],"wp:attachment":[{"href":"https:\/\/www.nushu.cat\/en\/wp-json\/wp\/v2\/media?parent=12206"}],"wp:term":[{"taxonomy":"product_brand","embeddable":true,"href":"https:\/\/www.nushu.cat\/en\/wp-json\/wp\/v2\/product_brand?post=12206"},{"taxonomy":"product_cat","embeddable":true,"href":"https:\/\/www.nushu.cat\/en\/wp-json\/wp\/v2\/product_cat?post=12206"},{"taxonomy":"product_tag","embeddable":true,"href":"https:\/\/www.nushu.cat\/en\/wp-json\/wp\/v2\/product_tag?post=12206"}],"curies":[{"name":"wp","href":"https:\/\/api.w.org\/{rel}","templated":true}]}}