{"id":12599,"date":"2022-01-22T07:41:31","date_gmt":"2022-01-22T07:41:31","guid":{"rendered":"https:\/\/www.nushu.cat\/?post_type=product&#038;p=12599"},"modified":"2025-11-12T12:14:06","modified_gmt":"2025-11-12T11:14:06","slug":"l","status":"publish","type":"product","link":"https:\/\/www.nushu.cat\/en\/product\/l\/","title":{"rendered":"Reusable day pad L"},"content":{"rendered":"<p data-start=\"911\" data-end=\"1091\"><strong data-start=\"914\" data-end=\"957\">The reusable day pad L<\/strong> by <strong data-start=\"961\" data-end=\"970\">n\u00fcshu<\/strong> is designed for heavier flow days or when you need extra protection without giving up comfort.<\/p>\n<p data-start=\"1093\" data-end=\"1277\">Its size is the same as the M pad, but it offers greater absorbency.<br data-start=\"1176\" data-end=\"1179\">This makes it an ideal option to wear for several hours, keeping you dry and comfortable.<\/p>\n<p data-start=\"1279\" data-end=\"1409\">It attaches to your <strong data-start=\"1293\" data-end=\"1302\">underwear<\/strong> with a<strong data-start=\"1317\" data-end=\"1333\"> nickel-free snap button<\/strong>, ensuring a secure fit without discomfort.<\/p>\n<p data-start=\"1411\" data-end=\"1643\"><strong data-start=\"1433\" data-end=\"1442\">n\u00fcshu\u2019s<\/strong> cloth pads are made in Spain, specifically in a small coastal town, <strong data-start=\"1518\" data-end=\"1534\">Canet de Mar<\/strong>. <br \/>Each one is <strong data-start=\"1556\" data-end=\"1594\">handcrafted<\/strong> with <strong data-start=\"1599\" data-end=\"1640\">high-quality, locally sourced materials.<\/strong> <\/p>\n<p data-start=\"1645\" data-end=\"1757\">All fabrics are <strong data-start=\"1688\" data-end=\"1705\">OEKO-TEX\u00ae 100 certified<\/strong>, ensuring the absence of harmful substances.<\/p>\n<p data-start=\"1759\" data-end=\"1875\"><strong data-start=\"1759\" data-end=\"1809\">They are vegan and cruelty-free.<\/strong> You\u2019ll be surprised by their absorbency despite how thin they are.<\/p>\n<h2 data-start=\"1882\" data-end=\"1937\">Materials of the reusable day pad L<\/h2>\n<p data-start=\"1939\" data-end=\"2034\"><strong data-start=\"1964\" data-end=\"1973\">n\u00fcshu<\/strong> cloth pads are made up of several carefully selected layers:<\/p>\n<ul>\n<li data-start=\"2038\" data-end=\"2128\"><strong data-start=\"2038\" data-end=\"2083\">Inner layer (in contact with the vulva):<\/strong> 100% cotton flannel, soft and gentle.<\/li>\n<li data-start=\"2131\" data-end=\"2247\"><strong data-start=\"2131\" data-end=\"2153\">Intermediate layers:<\/strong> multiple 100% cotton layers that absorb menstrual flow evenly and effectively.<\/li>\n<li data-start=\"2250\" data-end=\"2372\"><strong data-start=\"2250\" data-end=\"2280\">Laminated waterproof layer: <\/strong>a breathable membrane that <strong data-start=\"2307\" data-end=\"2323\">prevents leaks <\/strong>and reduces the growth of fungi or bacteria.<\/li>\n<li data-start=\"2375\" data-end=\"2529\"><strong data-start=\"2375\" data-end=\"2393\">Outer layer:<\/strong> cheerful and colorful printed cotton fabric that stays in contact with your underwear, adding a touch of personality to your menstruation.<\/li>\n<\/ul>\n<p data-start=\"2531\" data-end=\"2650\"><strong data-start=\"2573\" data-end=\"2590\">All fabrics are OEKO-TEX\u00ae 100 certified,<\/strong> ensuring safe processes and free of harmful substances.<\/p>\n<p data-start=\"2652\" data-end=\"2790\">Remember that <strong data-start=\"2664\" data-end=\"2707\">it can\u2019t be used on both sides<\/strong>: the smooth, soft flannel side is the one placed against the skin.<\/p>\n<h2 data-start=\"2797\" data-end=\"2852\">How to wash reusable cloth pads<\/h2>\n<p data-start=\"2854\" data-end=\"3012\">During your period, you can leave the pad to soak in<strong data-start=\"2898\" data-end=\"2913\"> cold water <\/strong>after use to help release the blood from the fabric.<\/p>\n<p data-start=\"3014\" data-end=\"3107\">Adding a few drops of <strong data-start=\"3035\" data-end=\"3067\">tea tree essential oil <\/strong>can help prevent bacteria and fungi.<\/p>\n<p data-start=\"3109\" data-end=\"3119\">Then:<\/p>\n<ol>\n<li data-start=\"3123\" data-end=\"3186\">Wash by hand with <strong data-start=\"3138\" data-end=\"3153\"><a href=\"https:\/\/www.nushu.cat\/en\/product\/soap-sustainable\/\">mild soap <\/a><\/strong>or in the washing machine (max. 30\u00b0C).<\/li>\n<li data-start=\"3190\" data-end=\"3229\">Do not use a tumble dryer or iron.<\/li>\n<li data-start=\"3233\" data-end=\"3283\"><strong data-start=\"3233\" data-end=\"3245\">Hang it<\/strong> to air dry and avoid storing it while damp.<\/li>\n<li data-start=\"3287\" data-end=\"3375\">For tough stains, you can use <strong data-start=\"3324\" data-end=\"3345\">sunlight<\/strong> or <strong data-start=\"3351\" data-end=\"3372\"><a href=\"https:\/\/www.nushu.cat\/producte\/precarbonat\/\">sodium percarbonate.<\/a><\/strong><\/li>\n<\/ol>\n<p data-start=\"3377\" data-end=\"3516\">With these simple care steps, your cloth pads can last for<strong data-start=\"3445\" data-end=\"3462\"> more than 3 years<\/strong>, maintaining their absorbency and softness.<\/p>\n<h2 data-start=\"3523\" data-end=\"3562\">Details of the day pad L<\/h2>\n<ul>\n<li data-start=\"3566\" data-end=\"3621\"><strong data-start=\"3566\" data-end=\"3587\">Absorbency level: <\/strong>high (heavy menstrual flow)<\/li>\n<li data-start=\"3624\" data-end=\"3646\"><strong data-start=\"3624\" data-end=\"3634\">Size:<\/strong> 21 x 7 cm<\/li>\n<li data-start=\"3649\" data-end=\"3680\"><strong data-start=\"3649\" data-end=\"3664\">Certification:<\/strong> OEKO-TEX\u00ae 100<\/li>\n<li data-start=\"3683\" data-end=\"3736\"><strong data-start=\"3683\" data-end=\"3706\">Manufacturing location:<\/strong> Handmade in Canet de Mar, Spain<\/li>\n<li data-start=\"3739\" data-end=\"3795\"><strong data-start=\"3739\" data-end=\"3750\">Models:<\/strong> available in different patterns and colors<\/li>\n<\/ul>\n<h2>Other models of reusable cloth pads<\/h2>\n<p data-start=\"3370\" data-end=\"3515\">Every moment of the menstrual cycle is different, which is why at <strong data-start=\"3426\" data-end=\"3435\">n\u00fcshu<\/strong> you\u2019ll find different models of reusable cloth pads adapted to each need:<\/p>\n<ul>\n<li data-start=\"3519\" data-end=\"3637\"><strong data-start=\"3519\" data-end=\"3541\"><a href=\"https:\/\/www.nushu.cat\/en\/productes\/menstrual-hygiene-sustainable\/menstrual_pads\/pantyliners\/\">Cloth panty liner:<\/a><\/strong> light absorbency, ideal for the first and last days of your period, daily use or small leaks.<\/li>\n<li data-start=\"3640\" data-end=\"3820\"><strong data-start=\"3640\" data-end=\"3661\"><a href=\"https:\/\/www.nushu.cat\/en\/productes\/menstrual-hygiene-sustainable\/menstrual_pads\/day\/\">Day pads:<\/a><\/strong> with medium or heavy absorbency. The <a href=\"https:\/\/www.nushu.cat\/en\/product\/m\/\"><strong data-start=\"3701\" data-end=\"3706\">M<\/strong> and <\/a><a href=\"https:\/\/www.nushu.cat\/en\/product\/l\/\">L<\/a> models adapt to light or heavy periods and also to moderate or severe urine leaks. <\/li>\n<li data-start=\"3823\" data-end=\"3984\"><strong data-start=\"3823\" data-end=\"3844\"><a href=\"https:\/\/www.nushu.cat\/en\/productes\/menstrual-hygiene-sustainable\/menstrual_pads\/night\/\">Night pads:<\/a><\/strong> with very high absorbency and a longer back design, perfect for sleeping comfortably. Available in sizes <strong data-start=\"3965\" data-end=\"3971\"><a href=\"https:\/\/www.nushu.cat\/en\/product\/xl\/\">XL<\/a><\/strong> and <strong data-start=\"3974\" data-end=\"3981\"><a href=\"https:\/\/www.nushu.cat\/en\/product\/xxl\/\">XXL<\/a><\/strong>. <\/li>\n<li data-start=\"3987\" data-end=\"4130\"><strong data-start=\"3987\" data-end=\"4014\"><a href=\"https:\/\/www.nushu.cat\/en\/productes\/menstrual-hygiene-sustainable\/menstrual_pads\/large\/\">Large cotton pads<\/a><\/strong> or <strong data-start=\"4017\" data-end=\"4047\"><a href=\"https:\/\/www.nushu.cat\/en\/productes\/menstrual-hygiene-sustainable\/menstrual_pads\/postpartum\/\">postpartum pads<\/a><\/strong>: for very heavy bleeding, offering maximum absorbency and extra coverage.<\/li>\n<\/ul>\n<p data-start=\"4132\" data-end=\"4287\">I invite you to <strong data-start=\"4147\" data-end=\"4192\"><a href=\"https:\/\/www.nushu.cat\/wp-content\/uploads\/2024\/02\/nushu-diagrama_vat-1.pdf\">download this menstrual chart<\/a><\/strong> and start using it. It\u2019s a simple tool that can be incredibly helpful once you get used to it! <\/p>\n","protected":false},"excerpt":{"rendered":"<ul>\n<li data-start=\"564\" data-end=\"667\">Reusable cloth pad with <strong data-start=\"597\" data-end=\"615\">high absorbency,<\/strong> designed for heavy flow days.<\/li>\n<li data-start=\"670\" data-end=\"733\">The <a href=\"https:\/\/www.nushu.cat\/en\/product\/m\/\"><strong data-start=\"676\" data-end=\"710\">same size as the M pad<\/strong>,<\/a> but more absorbent.<\/li>\n<li data-start=\"736\" data-end=\"807\">For heavier <strong data-start=\"752\" data-end=\"766\">bleeding days<\/strong>, or to wear<strong data-start=\"784\" data-end=\"804\"> for longer hours.<\/strong><\/li>\n<li data-start=\"810\" data-end=\"846\">For <strong data-start=\"816\" data-end=\"843\">severe urinary leaks.<\/strong><\/li>\n<li data-start=\"849\" data-end=\"876\"><strong data-start=\"849\" data-end=\"859\">Size:<\/strong> approximately 21 \u00d7 7 cm.<\/li>\n<\/ul>\n","protected":false},"featured_media":268307,"template":"","meta":{"_acf_changed":false},"product_brand":[],"product_cat":[847,312,286,288],"product_tag":[],"class_list":{"0":"post-12599","1":"product","2":"type-product","3":"status-publish","4":"has-post-thumbnail","6":"product_cat-day","7":"product_cat-menstrual_pads","8":"product_cat-menstrual-hygiene-sustainable","9":"product_cat-sustainable","11":"first","12":"instock","13":"taxable","14":"shipping-taxable","15":"purchasable","16":"product-type-variable","17":"has-default-attributes"},"acf":[],"yoast_head":"<!-- This site is optimized with the Yoast SEO plugin v27.4 - https:\/\/yoast.com\/product\/yoast-seo-wordpress\/ -->\n<title>Reusable day pad L - n\u00fcshu<\/title>\n<meta name=\"description\" content=\"Reusable cloth pad with high absorbency, ideal for heavy flow days. Made in Spain with OEKO-TEX\u00ae certified cotton. Live your sustainable period with n\u00fcshu.\" \/>\n<meta name=\"robots\" content=\"index, follow, max-snippet:-1, max-image-preview:large, max-video-preview:-1\" \/>\n<link rel=\"canonical\" href=\"https:\/\/www.nushu.cat\/en\/product\/l\/\" \/>\n<meta property=\"og:locale\" content=\"en_US\" \/>\n<meta property=\"og:type\" content=\"article\" \/>\n<meta property=\"og:title\" content=\"Reusable day pad L - n\u00fcshu\" \/>\n<meta property=\"og:description\" content=\"Reusable cloth pad with high absorbency, ideal for heavy flow days. Made in Spain with OEKO-TEX\u00ae certified cotton. Live your sustainable period with n\u00fcshu.\" \/>\n<meta property=\"og:url\" content=\"https:\/\/www.nushu.cat\/en\/product\/l\/\" \/>\n<meta property=\"og:site_name\" content=\"n\u00fcshu\" \/>\n<meta property=\"article:publisher\" content=\"https:\/\/www.facebook.com\/nushu.artesania\/\" \/>\n<meta property=\"article:modified_time\" content=\"2025-11-12T11:14:06+00:00\" \/>\n<meta property=\"og:image\" content=\"https:\/\/www.nushu.cat\/wp-content\/uploads\/2022\/01\/compresa-tela-dia-l-nenufar-2.webp\" \/>\n\t<meta property=\"og:image:width\" content=\"752\" \/>\n\t<meta property=\"og:image:height\" content=\"752\" \/>\n\t<meta property=\"og:image:type\" content=\"image\/webp\" \/>\n<meta name=\"twitter:card\" content=\"summary_large_image\" \/>\n<meta name=\"twitter:label1\" content=\"Est. reading time\" \/>\n\t<meta name=\"twitter:data1\" content=\"1 minute\" \/>\n<!-- \/ Yoast SEO plugin. -->","yoast_head_json":{"title":"Reusable day pad L - n\u00fcshu","description":"Reusable cloth pad with high absorbency, ideal for heavy flow days. Made in Spain with OEKO-TEX\u00ae certified cotton. Live your sustainable period with n\u00fcshu.","robots":{"index":"index","follow":"follow","max-snippet":"max-snippet:-1","max-image-preview":"max-image-preview:large","max-video-preview":"max-video-preview:-1"},"canonical":"https:\/\/www.nushu.cat\/en\/product\/l\/","og_locale":"en_US","og_type":"article","og_title":"Reusable day pad L - n\u00fcshu","og_description":"Reusable cloth pad with high absorbency, ideal for heavy flow days. Made in Spain with OEKO-TEX\u00ae certified cotton. Live your sustainable period with n\u00fcshu.","og_url":"https:\/\/www.nushu.cat\/en\/product\/l\/","og_site_name":"n\u00fcshu","article_publisher":"https:\/\/www.facebook.com\/nushu.artesania\/","article_modified_time":"2025-11-12T11:14:06+00:00","og_image":[{"width":752,"height":752,"url":"https:\/\/www.nushu.cat\/wp-content\/uploads\/2022\/01\/compresa-tela-dia-l-nenufar-2.webp","type":"image\/webp"}],"twitter_card":"summary_large_image","twitter_misc":{"Est. reading time":"1 minute"},"schema":{"@context":"https:\/\/schema.org","@graph":[{"@type":"WebPage","@id":"https:\/\/www.nushu.cat\/en\/product\/l\/","url":"https:\/\/www.nushu.cat\/en\/product\/l\/","name":"Reusable day pad L - n\u00fcshu","isPartOf":{"@id":"https:\/\/www.nushu.cat\/en\/#website"},"primaryImageOfPage":{"@id":"https:\/\/www.nushu.cat\/en\/product\/l\/#primaryimage"},"image":{"@id":"https:\/\/www.nushu.cat\/en\/product\/l\/#primaryimage"},"thumbnailUrl":"https:\/\/www.nushu.cat\/wp-content\/uploads\/2022\/01\/compresa-tela-dia-l-nenufar-2.webp","datePublished":"2022-01-22T07:41:31+00:00","dateModified":"2025-11-12T11:14:06+00:00","description":"Reusable cloth pad with high absorbency, ideal for heavy flow days. Made in Spain with OEKO-TEX\u00ae certified cotton. Live your sustainable period with n\u00fcshu.","breadcrumb":{"@id":"https:\/\/www.nushu.cat\/en\/product\/l\/#breadcrumb"},"inLanguage":"en-US","potentialAction":[{"@type":"ReadAction","target":["https:\/\/www.nushu.cat\/en\/product\/l\/"]}]},{"@type":"ImageObject","inLanguage":"en-US","@id":"https:\/\/www.nushu.cat\/en\/product\/l\/#primaryimage","url":"https:\/\/www.nushu.cat\/wp-content\/uploads\/2022\/01\/compresa-tela-dia-l-nenufar-2.webp","contentUrl":"https:\/\/www.nushu.cat\/wp-content\/uploads\/2022\/01\/compresa-tela-dia-l-nenufar-2.webp","width":752,"height":752,"caption":"Compresa de tela de d\u00eda L estampado Nen\u00fafar reutilizable n\u00fcshu"},{"@type":"BreadcrumbList","@id":"https:\/\/www.nushu.cat\/en\/product\/l\/#breadcrumb","itemListElement":[{"@type":"ListItem","position":1,"name":"Inici","item":"https:\/\/www.nushu.cat\/en\/menstrual-pads\/"},{"@type":"ListItem","position":2,"name":"Shop","item":"https:\/\/www.nushu.cat\/en\/shop\/"},{"@type":"ListItem","position":3,"name":"Reusable day pad L"}]},{"@type":"WebSite","@id":"https:\/\/www.nushu.cat\/en\/#website","url":"https:\/\/www.nushu.cat\/en\/","name":"n\u00fcshu","description":"natural &amp; sostenible","publisher":{"@id":"https:\/\/www.nushu.cat\/en\/#organization"},"potentialAction":[{"@type":"SearchAction","target":{"@type":"EntryPoint","urlTemplate":"https:\/\/www.nushu.cat\/en\/?s={search_term_string}"},"query-input":{"@type":"PropertyValueSpecification","valueRequired":true,"valueName":"search_term_string"}}],"inLanguage":"en-US"},{"@type":"Organization","@id":"https:\/\/www.nushu.cat\/en\/#organization","name":"n\u00fcshu","url":"https:\/\/www.nushu.cat\/en\/","logo":{"@type":"ImageObject","inLanguage":"en-US","@id":"https:\/\/www.nushu.cat\/en\/#\/schema\/logo\/image\/","url":"https:\/\/www.nushu.cat\/wp-content\/uploads\/2024\/02\/nushu-share-1-1.png","contentUrl":"https:\/\/www.nushu.cat\/wp-content\/uploads\/2024\/02\/nushu-share-1-1.png","width":1080,"height":1080,"caption":"n\u00fcshu"},"image":{"@id":"https:\/\/www.nushu.cat\/en\/#\/schema\/logo\/image\/"},"sameAs":["https:\/\/www.facebook.com\/nushu.artesania\/","https:\/\/www.instagram.com\/nushu_artesania"]}]}},"jetpack_sharing_enabled":true,"_links":{"self":[{"href":"https:\/\/www.nushu.cat\/en\/wp-json\/wp\/v2\/product\/12599","targetHints":{"allow":["GET"]}}],"collection":[{"href":"https:\/\/www.nushu.cat\/en\/wp-json\/wp\/v2\/product"}],"about":[{"href":"https:\/\/www.nushu.cat\/en\/wp-json\/wp\/v2\/types\/product"}],"version-history":[{"count":2,"href":"https:\/\/www.nushu.cat\/en\/wp-json\/wp\/v2\/product\/12599\/revisions"}],"predecessor-version":[{"id":268330,"href":"https:\/\/www.nushu.cat\/en\/wp-json\/wp\/v2\/product\/12599\/revisions\/268330"}],"wp:featuredmedia":[{"embeddable":true,"href":"https:\/\/www.nushu.cat\/en\/wp-json\/wp\/v2\/media\/268307"}],"wp:attachment":[{"href":"https:\/\/www.nushu.cat\/en\/wp-json\/wp\/v2\/media?parent=12599"}],"wp:term":[{"taxonomy":"product_brand","embeddable":true,"href":"https:\/\/www.nushu.cat\/en\/wp-json\/wp\/v2\/product_brand?post=12599"},{"taxonomy":"product_cat","embeddable":true,"href":"https:\/\/www.nushu.cat\/en\/wp-json\/wp\/v2\/product_cat?post=12599"},{"taxonomy":"product_tag","embeddable":true,"href":"https:\/\/www.nushu.cat\/en\/wp-json\/wp\/v2\/product_tag?post=12599"}],"curies":[{"name":"wp","href":"https:\/\/api.w.org\/{rel}","templated":true}]}}