{"id":18463,"date":"2022-11-13T15:36:34","date_gmt":"2022-11-13T15:36:34","guid":{"rendered":"https:\/\/www.nushu.cat\/?post_type=product&#038;p=18463"},"modified":"2025-03-11T22:19:42","modified_gmt":"2025-03-11T21:19:42","slug":"4-empapadors","status":"publish","type":"product","link":"https:\/\/www.nushu.cat\/en\/product\/4-empapadors\/","title":{"rendered":"Pack 4 Empapadors reutilitzables"},"content":{"rendered":"<p><strong>Empapador reutilitzable de teixit impermeable i transpirable<\/strong> amb un lleuger encoixinat que absorbeix el l\u00edquid de manera r\u00e0pida, distribuint-lo per la superf\u00edcie de l&#8217;empapador.<br \/>\nSense cel\u00b7lulosa ni polietil\u00e8.<br \/>\nGr\u00e0cies a el teixit laminat li d\u00f3na <strong>impermeabilitat<\/strong>, per\u00f2 tamb\u00e9 <strong>transpirabilitat<\/strong>, i aix\u00f2 ens ajuda tant a a\u00efllar les superf\u00edcies com a qui ho est\u00e0 fent servir.<\/p>\n<h2>Fitxa t\u00e8cnica del producte:<\/h2>\n<ul>\n<li>100% poli\u00e8ster.<\/li>\n<li>Rentar a m\u00e0quina a 60\u00baC o menys.<\/li>\n<li>Assecadora m\u00e0xim a 70\u00baC.<\/li>\n<li>Impermeable.<\/li>\n<li>Absorbent.<\/li>\n<li>Transpirable.<\/li>\n<li>Barrera contra xinxes, \u00e0cars, bacteris i fongs.<\/li>\n<li>No necessita planxa.<\/li>\n<li>No rentar en sec.<\/li>\n<li>No utilitzar lleixiu.<\/li>\n<\/ul>\n<h2>Usos:<\/h2>\n<p>Molt \u00fatil per <strong>reempla\u00e7ar<\/strong> els ja coneguts <strong>empapadors d&#8217;un sol \u00fas<\/strong> per a:<\/p>\n<ul>\n<li><strong>Beb\u00e8s<\/strong>: Deixar a el <strong>nad\u00f3 sense bolquer<\/strong> i sense preocupar-te per si es mulla la superf\u00edcie on est\u00e0 estirat. \u00datil per a <strong>nens amb al\u00b7l\u00e8rgies, fongs i pells at\u00f2piques que fan irritacions sovint.<\/strong> Tamb\u00e9 com canviador o per sortides a l&#8217;exterior.<\/li>\n<li><strong>Mascotes<\/strong>: Per mascotes, amb <strong>sagnat de zel<\/strong>, amb <strong>p\u00e8rdues d&#8217;orina<\/strong>, amb <strong>ferides que supuren<\/strong>, o altres malalties. Tamb\u00e9 com <strong>empapadors d&#8217;entrenament per a cadells<\/strong>, que estan aprenent on fer les seves necessitats. Col\u00b7locar c\u00f2modament al transport\u00ed, al cotxe, al matal\u00e0s, al llit,&#8230;<\/li>\n<li><strong>Adults<\/strong>: Per a gent convalescent, al llit o impossibilitada. Per <strong>p\u00e8rdues d&#8217;orina<\/strong> o manca de control d&#8217;esf\u00ednters.<\/li>\n<\/ul>\n<p>El seu \u00fas <strong>allarga la vida \u00fatil<\/strong> tant de roba, com matalassos i superf\u00edcie de butaques o mobles, evitant que s&#8217;embrutin, taquin o facin males olors.<br \/>\nEls teixits d&#8217;aquest producte porten certificat OEKO TEX \u00ae 100.<br \/>\nS\u00f3n vegans i lliures de maltractament animal.<br \/>\nA l&#8217;\u00e9sser totalment <strong>artesanal<\/strong> i \u00fanic, el producte que rebis pot tenir petites variacions respecte a el de la imatge.<\/p>\n<h2>Variacions del producte:<\/h2>\n<p>-Hi ha 3 opcions de pack:<\/p>\n<ul>\n<li>4 empapadors petits de\u00a050x65cm<\/li>\n<li>4 empapadors grans: 100x65cm<\/li>\n<li>2 empapadors petits i 2 grans.<\/li>\n<\/ul>\n<p>-Hi ha 5 combinacions de color diferents. Tria la que m\u00e9s t&#8217;agradi.<\/p>\n<p>Selecciona la mesura i el color a la pestanya per poder fer la compra.<\/p>\n","protected":false},"excerpt":{"rendered":"<p>Aprofita el descompte agafant 4 empapadors.<br \/>\nTria entre les 3 opcions:4 petits, 4 grans o 2 grans i 2 petits.<br \/>\n<strong>Empapador reutilitzable impermeable i transpirable.<\/strong> Acomiada&#8217;t de generar residus innecessaris amb els empapadors d&#8217;un sol \u00fas.<\/p>\n","protected":false},"featured_media":252559,"template":"","meta":{"_acf_changed":false},"product_brand":[],"product_cat":[41,46,34],"product_tag":[50],"class_list":{"0":"post-18463","1":"product","2":"type-product","3":"status-publish","4":"has-post-thumbnail","6":"product_cat-llar-sostenible","7":"product_cat-packs-maternitat-nado","8":"product_cat-sostenible","9":"product_tag-pack-estalvi","11":"first","12":"instock","13":"sale","14":"featured","15":"taxable","16":"shipping-taxable","17":"purchasable","18":"product-type-variable","19":"has-default-attributes"},"acf":[],"yoast_head":"<!-- This site is optimized with the Yoast SEO plugin v27.2 - https:\/\/yoast.com\/product\/yoast-seo-wordpress\/ -->\n<title>Pack 4 Empapadors reutilitzables reutilitzables - n\u00fcshu<\/title>\n<meta name=\"description\" content=\"Empapador reutilitzable de teixit impermeable i transpirable amb un lleuger encoixinat que absorbeix el l\u00edquid, producte artesanal\" \/>\n<meta name=\"robots\" content=\"index, follow, max-snippet:-1, max-image-preview:large, max-video-preview:-1\" \/>\n<link rel=\"canonical\" href=\"https:\/\/www.nushu.cat\/en\/product\/4-empapadors\/\" \/>\n<meta property=\"og:locale\" content=\"en_US\" \/>\n<meta property=\"og:type\" content=\"article\" \/>\n<meta property=\"og:title\" content=\"Pack 4 Empapadors reutilitzables reutilitzables - n\u00fcshu\" \/>\n<meta property=\"og:description\" content=\"Empapador reutilitzable de teixit impermeable i transpirable amb un lleuger encoixinat que absorbeix el l\u00edquid, producte artesanal\" \/>\n<meta property=\"og:url\" content=\"https:\/\/www.nushu.cat\/en\/product\/4-empapadors\/\" \/>\n<meta property=\"og:site_name\" content=\"n\u00fcshu\" \/>\n<meta property=\"article:publisher\" content=\"https:\/\/www.facebook.com\/nushu.artesania\/\" \/>\n<meta property=\"article:modified_time\" content=\"2025-03-11T21:19:42+00:00\" \/>\n<meta property=\"og:image\" content=\"https:\/\/www.nushu.cat\/wp-content\/uploads\/2024\/02\/9F61A5FD-1B87-4075-8619-C03D2C9180CD.jpeg\" \/>\n\t<meta property=\"og:image:width\" content=\"1912\" \/>\n\t<meta property=\"og:image:height\" content=\"1912\" \/>\n\t<meta property=\"og:image:type\" content=\"image\/jpeg\" \/>\n<meta name=\"twitter:card\" content=\"summary_large_image\" \/>\n<meta name=\"twitter:label1\" content=\"Est. reading time\" \/>\n\t<meta name=\"twitter:data1\" content=\"2 minutes\" \/>\n<!-- \/ Yoast SEO plugin. -->","yoast_head_json":{"title":"Pack 4 Empapadors reutilitzables reutilitzables - n\u00fcshu","description":"Empapador reutilitzable de teixit impermeable i transpirable amb un lleuger encoixinat que absorbeix el l\u00edquid, producte artesanal","robots":{"index":"index","follow":"follow","max-snippet":"max-snippet:-1","max-image-preview":"max-image-preview:large","max-video-preview":"max-video-preview:-1"},"canonical":"https:\/\/www.nushu.cat\/en\/product\/4-empapadors\/","og_locale":"en_US","og_type":"article","og_title":"Pack 4 Empapadors reutilitzables reutilitzables - n\u00fcshu","og_description":"Empapador reutilitzable de teixit impermeable i transpirable amb un lleuger encoixinat que absorbeix el l\u00edquid, producte artesanal","og_url":"https:\/\/www.nushu.cat\/en\/product\/4-empapadors\/","og_site_name":"n\u00fcshu","article_publisher":"https:\/\/www.facebook.com\/nushu.artesania\/","article_modified_time":"2025-03-11T21:19:42+00:00","og_image":[{"width":1912,"height":1912,"url":"https:\/\/www.nushu.cat\/wp-content\/uploads\/2024\/02\/9F61A5FD-1B87-4075-8619-C03D2C9180CD.jpeg","type":"image\/jpeg"}],"twitter_card":"summary_large_image","twitter_misc":{"Est. reading time":"2 minutes"},"schema":{"@context":"https:\/\/schema.org","@graph":[{"@type":"WebPage","@id":"https:\/\/www.nushu.cat\/en\/product\/4-empapadors\/","url":"https:\/\/www.nushu.cat\/en\/product\/4-empapadors\/","name":"Pack 4 Empapadors reutilitzables reutilitzables - n\u00fcshu","isPartOf":{"@id":"https:\/\/www.nushu.cat\/en\/#website"},"primaryImageOfPage":{"@id":"https:\/\/www.nushu.cat\/en\/product\/4-empapadors\/#primaryimage"},"image":{"@id":"https:\/\/www.nushu.cat\/en\/product\/4-empapadors\/#primaryimage"},"thumbnailUrl":"https:\/\/www.nushu.cat\/wp-content\/uploads\/2024\/02\/9F61A5FD-1B87-4075-8619-C03D2C9180CD.jpeg","datePublished":"2022-11-13T15:36:34+00:00","dateModified":"2025-03-11T21:19:42+00:00","description":"Empapador reutilitzable de teixit impermeable i transpirable amb un lleuger encoixinat que absorbeix el l\u00edquid, producte artesanal","breadcrumb":{"@id":"https:\/\/www.nushu.cat\/en\/product\/4-empapadors\/#breadcrumb"},"inLanguage":"en-US","potentialAction":[{"@type":"ReadAction","target":["https:\/\/www.nushu.cat\/en\/product\/4-empapadors\/"]}]},{"@type":"ImageObject","inLanguage":"en-US","@id":"https:\/\/www.nushu.cat\/en\/product\/4-empapadors\/#primaryimage","url":"https:\/\/www.nushu.cat\/wp-content\/uploads\/2024\/02\/9F61A5FD-1B87-4075-8619-C03D2C9180CD.jpeg","contentUrl":"https:\/\/www.nushu.cat\/wp-content\/uploads\/2024\/02\/9F61A5FD-1B87-4075-8619-C03D2C9180CD.jpeg","width":1912,"height":1912},{"@type":"BreadcrumbList","@id":"https:\/\/www.nushu.cat\/en\/product\/4-empapadors\/#breadcrumb","itemListElement":[{"@type":"ListItem","position":1,"name":"Inici","item":"https:\/\/www.nushu.cat\/en\/"},{"@type":"ListItem","position":2,"name":"Shop","item":"https:\/\/www.nushu.cat\/en\/shop\/"},{"@type":"ListItem","position":3,"name":"Pack 4 Empapadors reutilitzables"}]},{"@type":"WebSite","@id":"https:\/\/www.nushu.cat\/en\/#website","url":"https:\/\/www.nushu.cat\/en\/","name":"n\u00fcshu","description":"natural &amp; sostenible","publisher":{"@id":"https:\/\/www.nushu.cat\/en\/#organization"},"potentialAction":[{"@type":"SearchAction","target":{"@type":"EntryPoint","urlTemplate":"https:\/\/www.nushu.cat\/en\/?s={search_term_string}"},"query-input":{"@type":"PropertyValueSpecification","valueRequired":true,"valueName":"search_term_string"}}],"inLanguage":"en-US"},{"@type":"Organization","@id":"https:\/\/www.nushu.cat\/en\/#organization","name":"n\u00fcshu","url":"https:\/\/www.nushu.cat\/en\/","logo":{"@type":"ImageObject","inLanguage":"en-US","@id":"https:\/\/www.nushu.cat\/en\/#\/schema\/logo\/image\/","url":"https:\/\/www.nushu.cat\/wp-content\/uploads\/2024\/02\/nushu-share-1-1.png","contentUrl":"https:\/\/www.nushu.cat\/wp-content\/uploads\/2024\/02\/nushu-share-1-1.png","width":1080,"height":1080,"caption":"n\u00fcshu"},"image":{"@id":"https:\/\/www.nushu.cat\/en\/#\/schema\/logo\/image\/"},"sameAs":["https:\/\/www.facebook.com\/nushu.artesania\/","https:\/\/www.instagram.com\/nushu_artesania"]}]}},"jetpack_sharing_enabled":true,"_links":{"self":[{"href":"https:\/\/www.nushu.cat\/en\/wp-json\/wp\/v2\/product\/18463","targetHints":{"allow":["GET"]}}],"collection":[{"href":"https:\/\/www.nushu.cat\/en\/wp-json\/wp\/v2\/product"}],"about":[{"href":"https:\/\/www.nushu.cat\/en\/wp-json\/wp\/v2\/types\/product"}],"version-history":[{"count":1,"href":"https:\/\/www.nushu.cat\/en\/wp-json\/wp\/v2\/product\/18463\/revisions"}],"predecessor-version":[{"id":263815,"href":"https:\/\/www.nushu.cat\/en\/wp-json\/wp\/v2\/product\/18463\/revisions\/263815"}],"wp:featuredmedia":[{"embeddable":true,"href":"https:\/\/www.nushu.cat\/en\/wp-json\/wp\/v2\/media\/252559"}],"wp:attachment":[{"href":"https:\/\/www.nushu.cat\/en\/wp-json\/wp\/v2\/media?parent=18463"}],"wp:term":[{"taxonomy":"product_brand","embeddable":true,"href":"https:\/\/www.nushu.cat\/en\/wp-json\/wp\/v2\/product_brand?post=18463"},{"taxonomy":"product_cat","embeddable":true,"href":"https:\/\/www.nushu.cat\/en\/wp-json\/wp\/v2\/product_cat?post=18463"},{"taxonomy":"product_tag","embeddable":true,"href":"https:\/\/www.nushu.cat\/en\/wp-json\/wp\/v2\/product_tag?post=18463"}],"curies":[{"name":"wp","href":"https:\/\/api.w.org\/{rel}","templated":true}]}}