{"id":19231,"date":"2022-12-22T09:55:18","date_gmt":"2022-12-22T09:55:18","guid":{"rendered":"https:\/\/www.nushu.cat\/?post_type=product&#038;p=19231"},"modified":"2026-03-16T13:58:41","modified_gmt":"2026-03-16T12:58:41","slug":"tote_bag_nushu","status":"publish","type":"product","link":"https:\/\/www.nushu.cat\/en\/product\/tote_bag_nushu\/","title":{"rendered":"Tote bag n\u00fcshu"},"content":{"rendered":"<p>Bossa de cot\u00f3 reciclada de 150 GSM amb nansa llarga.<br \/>\n38x42cm.<br \/>\nIl\u00b7lustraci\u00f3 d&#8217;Alina Ballester per n\u00fcshu.<\/p>\n","protected":false},"excerpt":{"rendered":"<p>Bossa de cot\u00f3 de grans dimensions i nanses llargues.<br \/>\nIl\u00b7lustraci\u00f3 d&#8217;Alina Ballester per n\u00fcshu.<\/p>\n","protected":false},"featured_media":19232,"template":"","meta":{"_acf_changed":false},"product_brand":[],"product_cat":[41,45,39,46,34],"product_tag":[],"class_list":{"0":"post-19231","1":"product","2":"type-product","3":"status-publish","4":"has-post-thumbnail","6":"product_cat-llar-sostenible","7":"product_cat-maternitat-sostenible","8":"product_cat-maternitat-i-crianca","9":"product_cat-packs-maternitat-nado","10":"product_cat-sostenible","12":"first","13":"instock","14":"taxable","15":"shipping-taxable","16":"purchasable","17":"product-type-simple"},"acf":[],"yoast_head":"<!-- This site is optimized with the Yoast SEO plugin v27.2 - https:\/\/yoast.com\/product\/yoast-seo-wordpress\/ -->\n<title>Tote bag n\u00fcshu - n\u00fcshu<\/title>\n<meta name=\"description\" content=\"El tresor de lilith de Carla Trepat Casanovas. Un conte sobre la sexualitat, el plaer i el cicle menstrual.Per con\u00e8ixer a trav\u00e9s de les met\u00e0fores la gran bellesa de la nostra sexualitat femenina.\" \/>\n<meta name=\"robots\" content=\"index, follow, max-snippet:-1, max-image-preview:large, max-video-preview:-1\" \/>\n<link rel=\"canonical\" href=\"https:\/\/www.nushu.cat\/en\/product\/tote_bag_nushu\/\" \/>\n<meta property=\"og:locale\" content=\"en_US\" \/>\n<meta property=\"og:type\" content=\"article\" \/>\n<meta property=\"og:title\" content=\"Tote bag n\u00fcshu - n\u00fcshu\" \/>\n<meta property=\"og:description\" content=\"El tresor de lilith de Carla Trepat Casanovas. Un conte sobre la sexualitat, el plaer i el cicle menstrual.Per con\u00e8ixer a trav\u00e9s de les met\u00e0fores la gran bellesa de la nostra sexualitat femenina.\" \/>\n<meta property=\"og:url\" content=\"https:\/\/www.nushu.cat\/en\/product\/tote_bag_nushu\/\" \/>\n<meta property=\"og:site_name\" content=\"n\u00fcshu\" \/>\n<meta property=\"article:publisher\" content=\"https:\/\/www.facebook.com\/nushu.artesania\/\" \/>\n<meta property=\"article:modified_time\" content=\"2026-03-16T12:58:41+00:00\" \/>\n<meta property=\"og:image\" content=\"https:\/\/www.nushu.cat\/wp-content\/uploads\/2024\/02\/4421BB17-E575-4310-B6D8-6D21E83DC8E8.jpeg\" \/>\n\t<meta property=\"og:image:width\" content=\"1665\" \/>\n\t<meta property=\"og:image:height\" content=\"1665\" \/>\n\t<meta property=\"og:image:type\" content=\"image\/jpeg\" \/>\n<meta name=\"twitter:card\" content=\"summary_large_image\" \/>\n<meta name=\"twitter:label1\" content=\"Est. reading time\" \/>\n\t<meta name=\"twitter:data1\" content=\"1 minute\" \/>\n<!-- \/ Yoast SEO plugin. -->","yoast_head_json":{"title":"Tote bag n\u00fcshu - n\u00fcshu","description":"El tresor de lilith de Carla Trepat Casanovas. Un conte sobre la sexualitat, el plaer i el cicle menstrual.Per con\u00e8ixer a trav\u00e9s de les met\u00e0fores la gran bellesa de la nostra sexualitat femenina.","robots":{"index":"index","follow":"follow","max-snippet":"max-snippet:-1","max-image-preview":"max-image-preview:large","max-video-preview":"max-video-preview:-1"},"canonical":"https:\/\/www.nushu.cat\/en\/product\/tote_bag_nushu\/","og_locale":"en_US","og_type":"article","og_title":"Tote bag n\u00fcshu - n\u00fcshu","og_description":"El tresor de lilith de Carla Trepat Casanovas. Un conte sobre la sexualitat, el plaer i el cicle menstrual.Per con\u00e8ixer a trav\u00e9s de les met\u00e0fores la gran bellesa de la nostra sexualitat femenina.","og_url":"https:\/\/www.nushu.cat\/en\/product\/tote_bag_nushu\/","og_site_name":"n\u00fcshu","article_publisher":"https:\/\/www.facebook.com\/nushu.artesania\/","article_modified_time":"2026-03-16T12:58:41+00:00","og_image":[{"width":1665,"height":1665,"url":"https:\/\/www.nushu.cat\/wp-content\/uploads\/2024\/02\/4421BB17-E575-4310-B6D8-6D21E83DC8E8.jpeg","type":"image\/jpeg"}],"twitter_card":"summary_large_image","twitter_misc":{"Est. reading time":"1 minute"},"schema":{"@context":"https:\/\/schema.org","@graph":[{"@type":"WebPage","@id":"https:\/\/www.nushu.cat\/en\/product\/tote_bag_nushu\/","url":"https:\/\/www.nushu.cat\/en\/product\/tote_bag_nushu\/","name":"Tote bag n\u00fcshu - n\u00fcshu","isPartOf":{"@id":"https:\/\/www.nushu.cat\/en\/#website"},"primaryImageOfPage":{"@id":"https:\/\/www.nushu.cat\/en\/product\/tote_bag_nushu\/#primaryimage"},"image":{"@id":"https:\/\/www.nushu.cat\/en\/product\/tote_bag_nushu\/#primaryimage"},"thumbnailUrl":"https:\/\/www.nushu.cat\/wp-content\/uploads\/2024\/02\/4421BB17-E575-4310-B6D8-6D21E83DC8E8.jpeg","datePublished":"2022-12-22T09:55:18+00:00","dateModified":"2026-03-16T12:58:41+00:00","description":"El tresor de lilith de Carla Trepat Casanovas. Un conte sobre la sexualitat, el plaer i el cicle menstrual.Per con\u00e8ixer a trav\u00e9s de les met\u00e0fores la gran bellesa de la nostra sexualitat femenina.","breadcrumb":{"@id":"https:\/\/www.nushu.cat\/en\/product\/tote_bag_nushu\/#breadcrumb"},"inLanguage":"en-US","potentialAction":[{"@type":"ReadAction","target":["https:\/\/www.nushu.cat\/en\/product\/tote_bag_nushu\/"]}]},{"@type":"ImageObject","inLanguage":"en-US","@id":"https:\/\/www.nushu.cat\/en\/product\/tote_bag_nushu\/#primaryimage","url":"https:\/\/www.nushu.cat\/wp-content\/uploads\/2024\/02\/4421BB17-E575-4310-B6D8-6D21E83DC8E8.jpeg","contentUrl":"https:\/\/www.nushu.cat\/wp-content\/uploads\/2024\/02\/4421BB17-E575-4310-B6D8-6D21E83DC8E8.jpeg","width":1665,"height":1665},{"@type":"BreadcrumbList","@id":"https:\/\/www.nushu.cat\/en\/product\/tote_bag_nushu\/#breadcrumb","itemListElement":[{"@type":"ListItem","position":1,"name":"Inici","item":"https:\/\/www.nushu.cat\/en\/menstrual-pads\/"},{"@type":"ListItem","position":2,"name":"Shop","item":"https:\/\/www.nushu.cat\/en\/shop\/"},{"@type":"ListItem","position":3,"name":"Tote bag n\u00fcshu"}]},{"@type":"WebSite","@id":"https:\/\/www.nushu.cat\/en\/#website","url":"https:\/\/www.nushu.cat\/en\/","name":"n\u00fcshu","description":"natural &amp; sostenible","publisher":{"@id":"https:\/\/www.nushu.cat\/en\/#organization"},"potentialAction":[{"@type":"SearchAction","target":{"@type":"EntryPoint","urlTemplate":"https:\/\/www.nushu.cat\/en\/?s={search_term_string}"},"query-input":{"@type":"PropertyValueSpecification","valueRequired":true,"valueName":"search_term_string"}}],"inLanguage":"en-US"},{"@type":"Organization","@id":"https:\/\/www.nushu.cat\/en\/#organization","name":"n\u00fcshu","url":"https:\/\/www.nushu.cat\/en\/","logo":{"@type":"ImageObject","inLanguage":"en-US","@id":"https:\/\/www.nushu.cat\/en\/#\/schema\/logo\/image\/","url":"https:\/\/www.nushu.cat\/wp-content\/uploads\/2024\/02\/nushu-share-1-1.png","contentUrl":"https:\/\/www.nushu.cat\/wp-content\/uploads\/2024\/02\/nushu-share-1-1.png","width":1080,"height":1080,"caption":"n\u00fcshu"},"image":{"@id":"https:\/\/www.nushu.cat\/en\/#\/schema\/logo\/image\/"},"sameAs":["https:\/\/www.facebook.com\/nushu.artesania\/","https:\/\/www.instagram.com\/nushu_artesania"]}]}},"jetpack_sharing_enabled":true,"_links":{"self":[{"href":"https:\/\/www.nushu.cat\/en\/wp-json\/wp\/v2\/product\/19231","targetHints":{"allow":["GET"]}}],"collection":[{"href":"https:\/\/www.nushu.cat\/en\/wp-json\/wp\/v2\/product"}],"about":[{"href":"https:\/\/www.nushu.cat\/en\/wp-json\/wp\/v2\/types\/product"}],"version-history":[{"count":1,"href":"https:\/\/www.nushu.cat\/en\/wp-json\/wp\/v2\/product\/19231\/revisions"}],"predecessor-version":[{"id":263607,"href":"https:\/\/www.nushu.cat\/en\/wp-json\/wp\/v2\/product\/19231\/revisions\/263607"}],"wp:featuredmedia":[{"embeddable":true,"href":"https:\/\/www.nushu.cat\/en\/wp-json\/wp\/v2\/media\/19232"}],"wp:attachment":[{"href":"https:\/\/www.nushu.cat\/en\/wp-json\/wp\/v2\/media?parent=19231"}],"wp:term":[{"taxonomy":"product_brand","embeddable":true,"href":"https:\/\/www.nushu.cat\/en\/wp-json\/wp\/v2\/product_brand?post=19231"},{"taxonomy":"product_cat","embeddable":true,"href":"https:\/\/www.nushu.cat\/en\/wp-json\/wp\/v2\/product_cat?post=19231"},{"taxonomy":"product_tag","embeddable":true,"href":"https:\/\/www.nushu.cat\/en\/wp-json\/wp\/v2\/product_tag?post=19231"}],"curies":[{"name":"wp","href":"https:\/\/api.w.org\/{rel}","templated":true}]}}