{"id":21763,"date":"2023-04-20T19:32:02","date_gmt":"2023-04-20T19:32:02","guid":{"rendered":"https:\/\/www.nushu.cat\/?post_type=product&#038;p=21763"},"modified":"2025-03-06T23:15:55","modified_gmt":"2025-03-06T22:15:55","slug":"esponja-natural-nado","status":"publish","type":"product","link":"https:\/\/www.nushu.cat\/en\/product\/esponja-natural-nado\/","title":{"rendered":"Esponja natural nad\u00f3"},"content":{"rendered":"<p>La millor manera de netejar i cuidar la delicada pell del nad\u00f3.<br \/>\nAquesta \u00e9s una\u00a0<strong>esponja marina d\u2019origen mediterrani<\/strong>, que a diferencia de les esponges recolectades als mars del Carib, son d\u2019alta qualitat i resist\u00e8ncia, fent-les molt duraderes i irrompibles.<br \/>\n\u00c9s un producte molt suau i agradable,\u00a0<strong>hipoalerg\u00e8nic<\/strong>, totalment lliure de floridura, fongs i bacteris. Aix\u00f2 passa perqu\u00e8 les esponges tenen enzims que inhibeixen el creixement d\u2019aquests microorganismes. A m\u00e9s, no ha estat tractada amb productes qu\u00edmics blanquejadors, conservant el seu color i qualitat naturals. Per tot aix\u00f2 est\u00e0 especialment indicada per a la cura i la neteja de les pells m\u00e9s sensibles i per l\u2019\u00fas infantil.<\/p>\n<h2>Com utilitzar la esponja natural marina<\/h2>\n<p>Quan estan seques, les esponges marines poden ser relativament aspres. Aix\u00ed que se submergeixen a l\u2019aigua i adquireixen m\u00e9s volum i es tornen suaus.<br \/>\nAbans de fer-lo servir s\u2019aconsella aclarir l\u2019esponja ja que pot contenir restes marines.<br \/>\nAl final del seu \u00fas, esbandir amb aigua abundant fins a eliminar el sab\u00f3 i deixar assecar en contacte amb l\u2019aire.<br \/>\nCada cert temps, deixa-la una estona (10-30\u2019) submergida amb aigua calenta i una cullerada de bicarbonat per deixar-la com el primer dia.<\/p>\n","protected":false},"excerpt":{"rendered":"<p>Esponja marina sense tractaments quimics, ni clors per enblanquir-la.<br \/>\nDuradera i resistent.<br \/>\nIdeal per nadons, la seva mida m\u00e9s reduida la fa ideal pel canvi de bolquer o neteja del culet del nad\u00f3.<\/p>\n","protected":false},"featured_media":252787,"template":"","meta":{"_acf_changed":false},"product_brand":[],"product_cat":[49,48,41,39,34],"product_tag":[],"class_list":{"0":"post-21763","1":"product","2":"type-product","3":"status-publish","4":"has-post-thumbnail","6":"product_cat-higiene-facial-sostenible","7":"product_cat-higiene-del-nado","8":"product_cat-llar-sostenible","9":"product_cat-maternitat-i-crianca","10":"product_cat-sostenible","12":"first","13":"instock","14":"featured","15":"taxable","16":"shipping-taxable","17":"purchasable","18":"product-type-variable","19":"has-default-attributes"},"acf":[],"yoast_head":"<!-- This site is optimized with the Yoast SEO plugin v27.2 - https:\/\/yoast.com\/product\/yoast-seo-wordpress\/ -->\n<title>Esponja natural nad\u00f3 reutilitzables - n\u00fcshu<\/title>\n<meta name=\"description\" content=\"La esponja marina pel canvi de bolquer es una sol.luci\u00f3 sostenible i natural que cuida el planeta i la teva pell.\" \/>\n<meta name=\"robots\" content=\"index, follow, max-snippet:-1, max-image-preview:large, max-video-preview:-1\" \/>\n<link rel=\"canonical\" href=\"https:\/\/www.nushu.cat\/en\/product\/esponja-natural-nado\/\" \/>\n<meta property=\"og:locale\" content=\"en_US\" \/>\n<meta property=\"og:type\" content=\"article\" \/>\n<meta property=\"og:title\" content=\"Esponja natural nad\u00f3 reutilitzables - n\u00fcshu\" \/>\n<meta property=\"og:description\" content=\"La esponja marina pel canvi de bolquer es una sol.luci\u00f3 sostenible i natural que cuida el planeta i la teva pell.\" \/>\n<meta property=\"og:url\" content=\"https:\/\/www.nushu.cat\/en\/product\/esponja-natural-nado\/\" \/>\n<meta property=\"og:site_name\" content=\"n\u00fcshu\" \/>\n<meta property=\"article:publisher\" content=\"https:\/\/www.facebook.com\/nushu.artesania\/\" \/>\n<meta property=\"article:modified_time\" content=\"2025-03-06T22:15:55+00:00\" \/>\n<meta property=\"og:image\" content=\"https:\/\/www.nushu.cat\/wp-content\/uploads\/2024\/02\/photoroom_20230213_213715-3.jpeg\" \/>\n\t<meta property=\"og:image:width\" content=\"1920\" \/>\n\t<meta property=\"og:image:height\" content=\"1920\" \/>\n\t<meta property=\"og:image:type\" content=\"image\/jpeg\" \/>\n<meta name=\"twitter:card\" content=\"summary_large_image\" \/>\n<meta name=\"twitter:label1\" content=\"Est. reading time\" \/>\n\t<meta name=\"twitter:data1\" content=\"2 minutes\" \/>\n<!-- \/ Yoast SEO plugin. -->","yoast_head_json":{"title":"Esponja natural nad\u00f3 reutilitzables - n\u00fcshu","description":"La esponja marina pel canvi de bolquer es una sol.luci\u00f3 sostenible i natural que cuida el planeta i la teva pell.","robots":{"index":"index","follow":"follow","max-snippet":"max-snippet:-1","max-image-preview":"max-image-preview:large","max-video-preview":"max-video-preview:-1"},"canonical":"https:\/\/www.nushu.cat\/en\/product\/esponja-natural-nado\/","og_locale":"en_US","og_type":"article","og_title":"Esponja natural nad\u00f3 reutilitzables - n\u00fcshu","og_description":"La esponja marina pel canvi de bolquer es una sol.luci\u00f3 sostenible i natural que cuida el planeta i la teva pell.","og_url":"https:\/\/www.nushu.cat\/en\/product\/esponja-natural-nado\/","og_site_name":"n\u00fcshu","article_publisher":"https:\/\/www.facebook.com\/nushu.artesania\/","article_modified_time":"2025-03-06T22:15:55+00:00","og_image":[{"width":1920,"height":1920,"url":"https:\/\/www.nushu.cat\/wp-content\/uploads\/2024\/02\/photoroom_20230213_213715-3.jpeg","type":"image\/jpeg"}],"twitter_card":"summary_large_image","twitter_misc":{"Est. reading time":"2 minutes"},"schema":{"@context":"https:\/\/schema.org","@graph":[{"@type":"WebPage","@id":"https:\/\/www.nushu.cat\/en\/product\/esponja-natural-nado\/","url":"https:\/\/www.nushu.cat\/en\/product\/esponja-natural-nado\/","name":"Esponja natural nad\u00f3 reutilitzables - n\u00fcshu","isPartOf":{"@id":"https:\/\/www.nushu.cat\/en\/#website"},"primaryImageOfPage":{"@id":"https:\/\/www.nushu.cat\/en\/product\/esponja-natural-nado\/#primaryimage"},"image":{"@id":"https:\/\/www.nushu.cat\/en\/product\/esponja-natural-nado\/#primaryimage"},"thumbnailUrl":"https:\/\/www.nushu.cat\/wp-content\/uploads\/2024\/02\/photoroom_20230213_213715-3.jpeg","datePublished":"2023-04-20T19:32:02+00:00","dateModified":"2025-03-06T22:15:55+00:00","description":"La esponja marina pel canvi de bolquer es una sol.luci\u00f3 sostenible i natural que cuida el planeta i la teva pell.","breadcrumb":{"@id":"https:\/\/www.nushu.cat\/en\/product\/esponja-natural-nado\/#breadcrumb"},"inLanguage":"en-US","potentialAction":[{"@type":"ReadAction","target":["https:\/\/www.nushu.cat\/en\/product\/esponja-natural-nado\/"]}]},{"@type":"ImageObject","inLanguage":"en-US","@id":"https:\/\/www.nushu.cat\/en\/product\/esponja-natural-nado\/#primaryimage","url":"https:\/\/www.nushu.cat\/wp-content\/uploads\/2024\/02\/photoroom_20230213_213715-3.jpeg","contentUrl":"https:\/\/www.nushu.cat\/wp-content\/uploads\/2024\/02\/photoroom_20230213_213715-3.jpeg","width":1920,"height":1920,"caption":"Esponja natural nad\u00f3 reutilitzable - n\u00fcshu"},{"@type":"BreadcrumbList","@id":"https:\/\/www.nushu.cat\/en\/product\/esponja-natural-nado\/#breadcrumb","itemListElement":[{"@type":"ListItem","position":1,"name":"Inici","item":"https:\/\/www.nushu.cat\/en\/menstrual-pads\/"},{"@type":"ListItem","position":2,"name":"Shop","item":"https:\/\/www.nushu.cat\/en\/shop\/"},{"@type":"ListItem","position":3,"name":"Esponja natural nad\u00f3"}]},{"@type":"WebSite","@id":"https:\/\/www.nushu.cat\/en\/#website","url":"https:\/\/www.nushu.cat\/en\/","name":"n\u00fcshu","description":"natural &amp; sostenible","publisher":{"@id":"https:\/\/www.nushu.cat\/en\/#organization"},"potentialAction":[{"@type":"SearchAction","target":{"@type":"EntryPoint","urlTemplate":"https:\/\/www.nushu.cat\/en\/?s={search_term_string}"},"query-input":{"@type":"PropertyValueSpecification","valueRequired":true,"valueName":"search_term_string"}}],"inLanguage":"en-US"},{"@type":"Organization","@id":"https:\/\/www.nushu.cat\/en\/#organization","name":"n\u00fcshu","url":"https:\/\/www.nushu.cat\/en\/","logo":{"@type":"ImageObject","inLanguage":"en-US","@id":"https:\/\/www.nushu.cat\/en\/#\/schema\/logo\/image\/","url":"https:\/\/www.nushu.cat\/wp-content\/uploads\/2024\/02\/nushu-share-1-1.png","contentUrl":"https:\/\/www.nushu.cat\/wp-content\/uploads\/2024\/02\/nushu-share-1-1.png","width":1080,"height":1080,"caption":"n\u00fcshu"},"image":{"@id":"https:\/\/www.nushu.cat\/en\/#\/schema\/logo\/image\/"},"sameAs":["https:\/\/www.facebook.com\/nushu.artesania\/","https:\/\/www.instagram.com\/nushu_artesania"]}]}},"jetpack_sharing_enabled":true,"_links":{"self":[{"href":"https:\/\/www.nushu.cat\/en\/wp-json\/wp\/v2\/product\/21763","targetHints":{"allow":["GET"]}}],"collection":[{"href":"https:\/\/www.nushu.cat\/en\/wp-json\/wp\/v2\/product"}],"about":[{"href":"https:\/\/www.nushu.cat\/en\/wp-json\/wp\/v2\/types\/product"}],"version-history":[{"count":2,"href":"https:\/\/www.nushu.cat\/en\/wp-json\/wp\/v2\/product\/21763\/revisions"}],"predecessor-version":[{"id":268732,"href":"https:\/\/www.nushu.cat\/en\/wp-json\/wp\/v2\/product\/21763\/revisions\/268732"}],"wp:featuredmedia":[{"embeddable":true,"href":"https:\/\/www.nushu.cat\/en\/wp-json\/wp\/v2\/media\/252787"}],"wp:attachment":[{"href":"https:\/\/www.nushu.cat\/en\/wp-json\/wp\/v2\/media?parent=21763"}],"wp:term":[{"taxonomy":"product_brand","embeddable":true,"href":"https:\/\/www.nushu.cat\/en\/wp-json\/wp\/v2\/product_brand?post=21763"},{"taxonomy":"product_cat","embeddable":true,"href":"https:\/\/www.nushu.cat\/en\/wp-json\/wp\/v2\/product_cat?post=21763"},{"taxonomy":"product_tag","embeddable":true,"href":"https:\/\/www.nushu.cat\/en\/wp-json\/wp\/v2\/product_tag?post=21763"}],"curies":[{"name":"wp","href":"https:\/\/api.w.org\/{rel}","templated":true}]}}