{"id":21767,"date":"2023-04-20T20:50:11","date_gmt":"2023-04-20T20:50:11","guid":{"rendered":"https:\/\/www.nushu.cat\/?post_type=product&#038;p=21767"},"modified":"2026-04-15T11:08:31","modified_gmt":"2026-04-15T09:08:31","slug":"tovalloletes-reutilitzables","status":"publish","type":"product","link":"https:\/\/www.nushu.cat\/en\/product\/tovalloletes-reutilitzables\/","title":{"rendered":"Tovalloletes reutilitzables de cot\u00f3 org\u00e0nic"},"content":{"rendered":"<p><span style=\"font-weight: 400;\">Les <\/span><span style=\"font-weight: 400;\"><strong>tovalloletes humides per a nadons<\/strong><\/span><span style=\"font-weight: 400;\"> s\u00f3n un dels productes d\u2019\u00fas quotidi\u00e0 m\u00e9s contaminants, per\u00f2 donat que es presenten com una alternativa c\u00f2moda, el seu \u00fas s\u2019ha est\u00e8s de forma desorbitada. A n\u00fcshu et presentem<\/span><span style=\"font-weight: 400;\"><strong> una alternativa sostenible, reutilitzable i lliure de qu\u00edmics, perfums i conservants<\/strong><\/span><span style=\"font-weight: 400;\">: Les tovalloletes reutilitzables de tela.<\/span><\/p>\n<p><span style=\"font-weight: 400;\">Aquestes tovalloletes de cot\u00f3 <\/span>org\u00e0nic<span style=\"font-weight: 400;\"> 100% amb certificat GOTS s\u00f3n l\u2019opci\u00f3 respectuosa amb el medi ambient i amb la salut del nad\u00f3, per a acabar amb les tovalloletes humides d\u2019un sol \u00fas.<\/span><\/p>\n<p><span style=\"font-weight: 400;\">Mesuren 20&#215;20 i pots aconseguir-les individualment o en packs de 6, 12 o 25 unitats.<\/span><\/p>\n<h2><span style=\"font-weight: 400;\">Aquest pack de tovalloletes reutilitzables est\u00e0 pensat per a:<\/span><\/h2>\n<ul>\n<li><span style=\"font-weight: 400;\">Substituir les tovalloletes humides d&#8217;un sol \u00fas<\/span><\/li>\n<\/ul>\n<p><span style=\"font-weight: 400;\">Per\u00f2 tamb\u00e9 per a adult@s:<br \/>\n<\/span><\/p>\n<ul>\n<li><span style=\"font-weight: 400;\">Substituir el paper del WC<\/span><\/li>\n<li>Substituir els \u201ckleenex\u201d o mocadors de paper<\/li>\n<li>Per netejar als nadons cualsevol taca, mocs, reflux de llet, lleganyes, llagrima, &#8230;<\/li>\n<\/ul>\n<p><span style=\"font-weight: 400;\">O fins i tot per:<br \/>\n<\/span><\/p>\n<ul>\n<li><span style=\"font-weight: 400;\">Usar com a drap de neteja<\/span><\/li>\n<li>Cuidar mascotes: netejar les orelles, els ulls,&#8230;<\/li>\n<li><span style=\"font-weight: 400;\">Crear draps humits per baixar la febre<\/span><\/li>\n<li>Per mantenir la verdura fresca i tersa<\/li>\n<\/ul>\n<p><span style=\"font-weight: 400;\">A m\u00e9s, aquestes s\u00f3n:<br \/>\n<\/span><\/p>\n<ul>\n<li><span style=\"font-weight: 400;\">Sense alcohol<\/span><\/li>\n<li><span style=\"font-weight: 400;\">Sense perfums<\/span><\/li>\n<li><span style=\"font-weight: 400;\">Sense parabens<\/span><\/li>\n<li><span style=\"font-weight: 400;\">Sense olor<\/span><\/li>\n<li><span style=\"font-weight: 400;\">Sense aroma<\/span><\/li>\n<li><span style=\"font-weight: 400;\">Sense qu\u00edmics<\/span><\/li>\n<li><span style=\"font-weight: 400;\">Sense pl\u00e0stics<\/span><\/li>\n<li><span style=\"font-weight: 400;\">Sense testar amb animals<\/span><\/li>\n<\/ul>\n<p><span style=\"font-weight: 400;\">S\u00f3n 100% cot\u00f3 org\u00e0nic certificat GOTS, i res m\u00e9s.<\/span><\/p>\n<h2><span style=\"font-weight: 400;\">Com es fan servir les tovalloletes reutilitzables?<\/span><\/h2>\n<p><span style=\"font-weight: 400;\">Tens diverses opcions d&#8217;\u00fas segons les teves necessitats:<\/span><\/p>\n<ol>\n<li>Utilitza-les seques.<\/li>\n<li><span style=\"font-weight: 400;\"> Humiteja-les<\/span><span style=\"font-weight: 400;\"> amb un esprai reutilitzat (pots fer servir aigua, infusi\u00f3 de camamilla, hamamelis, cal\u00e8ndula,\u2026)<\/span><\/li>\n<li><span style=\"font-weight: 400;\"> Empaqueta-les nom\u00e9s sortir de la rentadora (sense assecar-les) i fer-les servir humides.<\/span><\/li>\n<\/ol>\n<p><span style=\"font-weight: 400;\">Plega-les de forma intercalada perqu\u00e8 vagin sortint una rere l&#8217;altra.<\/span><\/p>\n<p><span style=\"font-weight: 400;\">Un cop usades, renta-les a m\u00e0 si tenen exc\u00e9s de brut\u00edcia, i fica-les a la rentadora com qualsevol altra pe\u00e7a de roba.<\/span><\/p>\n<p><span style=\"font-weight: 400;\"><strong>Apunta\u2019t al canvi sostenible<\/strong><\/span><span style=\"font-weight: 400;\"> i substitueix les tovalloletes humides d&#8217;un sol \u00fas per les <\/span><span style=\"font-weight: 400;\"><strong>Tovalloletes Reutilitzables de Tela n\u00fcshu.<\/strong><\/span><\/p>\n","protected":false},"excerpt":{"rendered":"<p><span style=\"font-weight: 400;\">Tovalloletes reutilitzables de cot\u00f3 org\u00e0nic 100%. Teixit de muselina: extremadament suau i agradable.<br \/>\nUna pe\u00e7a molt vers\u00e0til amb la que <\/span><span style=\"font-weight: 400;\">podr\u00e0s reempla\u00e7ar un munt de productes d&#8217;un sol \u00fas.<\/span><\/p>\n","protected":false},"featured_media":252899,"template":"","meta":{"_acf_changed":false},"product_brand":[],"product_cat":[49,48,41,39,34,58],"product_tag":[],"class_list":{"0":"post-21767","1":"product","2":"type-product","3":"status-publish","4":"has-post-thumbnail","6":"product_cat-higiene-facial-sostenible","7":"product_cat-higiene-del-nado","8":"product_cat-llar-sostenible","9":"product_cat-maternitat-i-crianca","10":"product_cat-sostenible","11":"product_cat-tovalloles","13":"first","14":"instock","15":"taxable","16":"shipping-taxable","17":"purchasable","18":"product-type-variable","19":"has-default-attributes"},"acf":[],"yoast_head":"<!-- This site is optimized with the Yoast SEO plugin v27.2 - https:\/\/yoast.com\/product\/yoast-seo-wordpress\/ -->\n<title>Tovalloletes reutilitzables de cot\u00f3 org\u00e0nic reutilitzables - n\u00fcshu<\/title>\n<meta name=\"description\" content=\"Amb aquest pack de tovalloletes reutilitzables de tela 100% cot\u00f3, podr\u00e0s reempla\u00e7ar les tovalloletes humides, mocadors de paper i fins i tot paper de wc d&#039;un sol \u00fas.\" \/>\n<meta name=\"robots\" content=\"index, follow, max-snippet:-1, max-image-preview:large, max-video-preview:-1\" \/>\n<link rel=\"canonical\" href=\"https:\/\/www.nushu.cat\/en\/product\/tovalloletes-reutilitzables\/\" \/>\n<meta property=\"og:locale\" content=\"en_US\" \/>\n<meta property=\"og:type\" content=\"article\" \/>\n<meta property=\"og:title\" content=\"Tovalloletes reutilitzables de cot\u00f3 org\u00e0nic reutilitzables - n\u00fcshu\" \/>\n<meta property=\"og:description\" content=\"Amb aquest pack de tovalloletes reutilitzables de tela 100% cot\u00f3, podr\u00e0s reempla\u00e7ar les tovalloletes humides, mocadors de paper i fins i tot paper de wc d&#039;un sol \u00fas.\" \/>\n<meta property=\"og:url\" content=\"https:\/\/www.nushu.cat\/en\/product\/tovalloletes-reutilitzables\/\" \/>\n<meta property=\"og:site_name\" content=\"n\u00fcshu\" \/>\n<meta property=\"article:publisher\" content=\"https:\/\/www.facebook.com\/nushu.artesania\/\" \/>\n<meta property=\"article:modified_time\" content=\"2026-04-15T09:08:31+00:00\" \/>\n<meta property=\"og:image\" content=\"https:\/\/www.nushu.cat\/wp-content\/uploads\/2024\/02\/1785e652-9316-434b-9ee0-987c053c092e-1.png\" \/>\n\t<meta property=\"og:image:width\" content=\"1080\" \/>\n\t<meta property=\"og:image:height\" content=\"1080\" \/>\n\t<meta property=\"og:image:type\" content=\"image\/png\" \/>\n<meta name=\"twitter:card\" content=\"summary_large_image\" \/>\n<meta name=\"twitter:label1\" content=\"Est. reading time\" \/>\n\t<meta name=\"twitter:data1\" content=\"2 minutes\" \/>\n<!-- \/ Yoast SEO plugin. -->","yoast_head_json":{"title":"Tovalloletes reutilitzables de cot\u00f3 org\u00e0nic reutilitzables - n\u00fcshu","description":"Amb aquest pack de tovalloletes reutilitzables de tela 100% cot\u00f3, podr\u00e0s reempla\u00e7ar les tovalloletes humides, mocadors de paper i fins i tot paper de wc d'un sol \u00fas.","robots":{"index":"index","follow":"follow","max-snippet":"max-snippet:-1","max-image-preview":"max-image-preview:large","max-video-preview":"max-video-preview:-1"},"canonical":"https:\/\/www.nushu.cat\/en\/product\/tovalloletes-reutilitzables\/","og_locale":"en_US","og_type":"article","og_title":"Tovalloletes reutilitzables de cot\u00f3 org\u00e0nic reutilitzables - n\u00fcshu","og_description":"Amb aquest pack de tovalloletes reutilitzables de tela 100% cot\u00f3, podr\u00e0s reempla\u00e7ar les tovalloletes humides, mocadors de paper i fins i tot paper de wc d'un sol \u00fas.","og_url":"https:\/\/www.nushu.cat\/en\/product\/tovalloletes-reutilitzables\/","og_site_name":"n\u00fcshu","article_publisher":"https:\/\/www.facebook.com\/nushu.artesania\/","article_modified_time":"2026-04-15T09:08:31+00:00","og_image":[{"width":1080,"height":1080,"url":"https:\/\/www.nushu.cat\/wp-content\/uploads\/2024\/02\/1785e652-9316-434b-9ee0-987c053c092e-1.png","type":"image\/png"}],"twitter_card":"summary_large_image","twitter_misc":{"Est. reading time":"2 minutes"},"schema":{"@context":"https:\/\/schema.org","@graph":[{"@type":"WebPage","@id":"https:\/\/www.nushu.cat\/en\/product\/tovalloletes-reutilitzables\/","url":"https:\/\/www.nushu.cat\/en\/product\/tovalloletes-reutilitzables\/","name":"Tovalloletes reutilitzables de cot\u00f3 org\u00e0nic reutilitzables - n\u00fcshu","isPartOf":{"@id":"https:\/\/www.nushu.cat\/en\/#website"},"primaryImageOfPage":{"@id":"https:\/\/www.nushu.cat\/en\/product\/tovalloletes-reutilitzables\/#primaryimage"},"image":{"@id":"https:\/\/www.nushu.cat\/en\/product\/tovalloletes-reutilitzables\/#primaryimage"},"thumbnailUrl":"https:\/\/www.nushu.cat\/wp-content\/uploads\/2024\/02\/1785e652-9316-434b-9ee0-987c053c092e-1.png","datePublished":"2023-04-20T20:50:11+00:00","dateModified":"2026-04-15T09:08:31+00:00","description":"Amb aquest pack de tovalloletes reutilitzables de tela 100% cot\u00f3, podr\u00e0s reempla\u00e7ar les tovalloletes humides, mocadors de paper i fins i tot paper de wc d'un sol \u00fas.","breadcrumb":{"@id":"https:\/\/www.nushu.cat\/en\/product\/tovalloletes-reutilitzables\/#breadcrumb"},"inLanguage":"en-US","potentialAction":[{"@type":"ReadAction","target":["https:\/\/www.nushu.cat\/en\/product\/tovalloletes-reutilitzables\/"]}]},{"@type":"ImageObject","inLanguage":"en-US","@id":"https:\/\/www.nushu.cat\/en\/product\/tovalloletes-reutilitzables\/#primaryimage","url":"https:\/\/www.nushu.cat\/wp-content\/uploads\/2024\/02\/1785e652-9316-434b-9ee0-987c053c092e-1.png","contentUrl":"https:\/\/www.nushu.cat\/wp-content\/uploads\/2024\/02\/1785e652-9316-434b-9ee0-987c053c092e-1.png","width":1080,"height":1080},{"@type":"BreadcrumbList","@id":"https:\/\/www.nushu.cat\/en\/product\/tovalloletes-reutilitzables\/#breadcrumb","itemListElement":[{"@type":"ListItem","position":1,"name":"Inici","item":"https:\/\/www.nushu.cat\/en\/"},{"@type":"ListItem","position":2,"name":"Shop","item":"https:\/\/www.nushu.cat\/en\/shop\/"},{"@type":"ListItem","position":3,"name":"Tovalloletes reutilitzables de cot\u00f3 org\u00e0nic"}]},{"@type":"WebSite","@id":"https:\/\/www.nushu.cat\/en\/#website","url":"https:\/\/www.nushu.cat\/en\/","name":"n\u00fcshu","description":"natural &amp; sostenible","publisher":{"@id":"https:\/\/www.nushu.cat\/en\/#organization"},"potentialAction":[{"@type":"SearchAction","target":{"@type":"EntryPoint","urlTemplate":"https:\/\/www.nushu.cat\/en\/?s={search_term_string}"},"query-input":{"@type":"PropertyValueSpecification","valueRequired":true,"valueName":"search_term_string"}}],"inLanguage":"en-US"},{"@type":"Organization","@id":"https:\/\/www.nushu.cat\/en\/#organization","name":"n\u00fcshu","url":"https:\/\/www.nushu.cat\/en\/","logo":{"@type":"ImageObject","inLanguage":"en-US","@id":"https:\/\/www.nushu.cat\/en\/#\/schema\/logo\/image\/","url":"https:\/\/www.nushu.cat\/wp-content\/uploads\/2024\/02\/nushu-share-1-1.png","contentUrl":"https:\/\/www.nushu.cat\/wp-content\/uploads\/2024\/02\/nushu-share-1-1.png","width":1080,"height":1080,"caption":"n\u00fcshu"},"image":{"@id":"https:\/\/www.nushu.cat\/en\/#\/schema\/logo\/image\/"},"sameAs":["https:\/\/www.facebook.com\/nushu.artesania\/","https:\/\/www.instagram.com\/nushu_artesania"]}]}},"jetpack_sharing_enabled":true,"_links":{"self":[{"href":"https:\/\/www.nushu.cat\/en\/wp-json\/wp\/v2\/product\/21767","targetHints":{"allow":["GET"]}}],"collection":[{"href":"https:\/\/www.nushu.cat\/en\/wp-json\/wp\/v2\/product"}],"about":[{"href":"https:\/\/www.nushu.cat\/en\/wp-json\/wp\/v2\/types\/product"}],"version-history":[{"count":3,"href":"https:\/\/www.nushu.cat\/en\/wp-json\/wp\/v2\/product\/21767\/revisions"}],"predecessor-version":[{"id":267190,"href":"https:\/\/www.nushu.cat\/en\/wp-json\/wp\/v2\/product\/21767\/revisions\/267190"}],"wp:featuredmedia":[{"embeddable":true,"href":"https:\/\/www.nushu.cat\/en\/wp-json\/wp\/v2\/media\/252899"}],"wp:attachment":[{"href":"https:\/\/www.nushu.cat\/en\/wp-json\/wp\/v2\/media?parent=21767"}],"wp:term":[{"taxonomy":"product_brand","embeddable":true,"href":"https:\/\/www.nushu.cat\/en\/wp-json\/wp\/v2\/product_brand?post=21767"},{"taxonomy":"product_cat","embeddable":true,"href":"https:\/\/www.nushu.cat\/en\/wp-json\/wp\/v2\/product_cat?post=21767"},{"taxonomy":"product_tag","embeddable":true,"href":"https:\/\/www.nushu.cat\/en\/wp-json\/wp\/v2\/product_tag?post=21767"}],"curies":[{"name":"wp","href":"https:\/\/api.w.org\/{rel}","templated":true}]}}