{"id":23427,"date":"2023-09-14T15:43:30","date_gmt":"2023-09-14T13:43:30","guid":{"rendered":"https:\/\/www.nushu.cat\/?post_type=product&#038;p=23427"},"modified":"2026-01-18T10:04:17","modified_gmt":"2026-01-18T09:04:17","slug":"bossa-cosmetica-solida","status":"publish","type":"product","link":"https:\/\/www.nushu.cat\/en\/product\/bossa-cosmetica-solida\/","title":{"rendered":"Bossa cosm\u00e8tica s\u00f2lida"},"content":{"rendered":"<p>Aquesta bosseta d&#8217;aproximadament\u00a09\u202fcm\u00a0x\u00a010\u202fcm\u00a0\u00e9s l&#8217;acompanyant ideal per poder portar el sab\u00f3, xamp\u00fa o suavitzant a qualsevol lloc.<br \/>\nPodr\u00e0s utilitzar la pastilla de sab\u00f3 i, encara humida, guardar-la a la bosseta sense que\u00a0se t&#8217;embruti\u00a0ni mulli res, i sense necessitat d&#8217;utilitzar bosses de pl\u00e0stic.<\/p>\n<p>El teixit interior de la bossa \u00e9s impermeable, com el teixit de la tela de\u00a0paraig\u00fces. I es tanca c\u00f2modament amb uns botons\u00a0met\u00e0l\u00b7lics\u00a0<span class=\"hiddenGrammarError\" style=\"padding-bottom: 2px; background-image: url('..\/..\/..\/..\/..\/images\/squiggle.png'); background-position: left bottom; cursor: default; color: #000000; font-family: 'Open Sans', Helvetica, Arial, sans-serif; font-size: 16px; font-style: normal; font-weight: 300; letter-spacing: normal; text-align: start; text-indent: 0px; text-transform: none;\">lliures<\/span>\u00a0de n\u00edquel.<\/p>\n<p>Podr\u00e0s gaudir de la cosm\u00e8tica\u00a0s\u00f2lida\u00a0a qualsevol lloc i a qualsevol moment.<\/p>\n<p>Al ser totalment artesanal i \u00fanic, el producte que rebis pot tenir petites variacions respecte al de la imatge.<\/p>\n","protected":false},"excerpt":{"rendered":"<p>Bossa impermeable per a portar cosm\u00e8tica\u00a0s\u00f2lida\u00a0a qualsevol lloc.<br \/>\nNo\u00a0renunci\u00efs\u00a0als teus productes en pastilla.<\/p>\n","protected":false},"featured_media":23428,"template":"","meta":{"_acf_changed":false},"product_brand":[],"product_cat":[49,41,34],"product_tag":[50],"class_list":{"0":"post-23427","1":"product","2":"type-product","3":"status-publish","4":"has-post-thumbnail","6":"product_cat-higiene-facial-sostenible","7":"product_cat-llar-sostenible","8":"product_cat-sostenible","9":"product_tag-pack-estalvi","11":"first","12":"instock","13":"sold-individually","14":"taxable","15":"shipping-taxable","16":"purchasable","17":"product-type-simple"},"acf":[],"yoast_head":"<!-- This site is optimized with the Yoast SEO plugin v27.2 - https:\/\/yoast.com\/product\/yoast-seo-wordpress\/ -->\n<title>Bossa cosm\u00e8tica s\u00f2lida - n\u00fcshu<\/title>\n<meta name=\"description\" content=\"Bossa impermeable per a portar cosm\u00e8tica\u00a0s\u00f2lida\u00a0a qualsevol lloc.No\u00a0renunci\u00efs\u00a0als teus productes en pastilla.\" \/>\n<meta name=\"robots\" content=\"index, follow, max-snippet:-1, max-image-preview:large, max-video-preview:-1\" \/>\n<link rel=\"canonical\" href=\"https:\/\/www.nushu.cat\/en\/product\/bossa-cosmetica-solida\/\" \/>\n<meta property=\"og:locale\" content=\"en_US\" \/>\n<meta property=\"og:type\" content=\"article\" \/>\n<meta property=\"og:title\" content=\"Bossa cosm\u00e8tica s\u00f2lida - n\u00fcshu\" \/>\n<meta property=\"og:description\" content=\"Bossa impermeable per a portar cosm\u00e8tica\u00a0s\u00f2lida\u00a0a qualsevol lloc.No\u00a0renunci\u00efs\u00a0als teus productes en pastilla.\" \/>\n<meta property=\"og:url\" content=\"https:\/\/www.nushu.cat\/en\/product\/bossa-cosmetica-solida\/\" \/>\n<meta property=\"og:site_name\" content=\"n\u00fcshu\" \/>\n<meta property=\"article:publisher\" content=\"https:\/\/www.facebook.com\/nushu.artesania\/\" \/>\n<meta property=\"article:modified_time\" content=\"2026-01-18T09:04:17+00:00\" \/>\n<meta property=\"og:image\" content=\"https:\/\/www.nushu.cat\/wp-content\/uploads\/2024\/02\/bossa-cosmetica-solida-scaled-1.jpg\" \/>\n\t<meta property=\"og:image:width\" content=\"2560\" \/>\n\t<meta property=\"og:image:height\" content=\"2560\" \/>\n\t<meta property=\"og:image:type\" content=\"image\/jpeg\" \/>\n<meta name=\"twitter:card\" content=\"summary_large_image\" \/>\n<meta name=\"twitter:label1\" content=\"Est. reading time\" \/>\n\t<meta name=\"twitter:data1\" content=\"1 minute\" \/>\n<!-- \/ Yoast SEO plugin. -->","yoast_head_json":{"title":"Bossa cosm\u00e8tica s\u00f2lida - n\u00fcshu","description":"Bossa impermeable per a portar cosm\u00e8tica\u00a0s\u00f2lida\u00a0a qualsevol lloc.No\u00a0renunci\u00efs\u00a0als teus productes en pastilla.","robots":{"index":"index","follow":"follow","max-snippet":"max-snippet:-1","max-image-preview":"max-image-preview:large","max-video-preview":"max-video-preview:-1"},"canonical":"https:\/\/www.nushu.cat\/en\/product\/bossa-cosmetica-solida\/","og_locale":"en_US","og_type":"article","og_title":"Bossa cosm\u00e8tica s\u00f2lida - n\u00fcshu","og_description":"Bossa impermeable per a portar cosm\u00e8tica\u00a0s\u00f2lida\u00a0a qualsevol lloc.No\u00a0renunci\u00efs\u00a0als teus productes en pastilla.","og_url":"https:\/\/www.nushu.cat\/en\/product\/bossa-cosmetica-solida\/","og_site_name":"n\u00fcshu","article_publisher":"https:\/\/www.facebook.com\/nushu.artesania\/","article_modified_time":"2026-01-18T09:04:17+00:00","og_image":[{"width":2560,"height":2560,"url":"https:\/\/www.nushu.cat\/wp-content\/uploads\/2024\/02\/bossa-cosmetica-solida-scaled-1.jpg","type":"image\/jpeg"}],"twitter_card":"summary_large_image","twitter_misc":{"Est. reading time":"1 minute"},"schema":{"@context":"https:\/\/schema.org","@graph":[{"@type":"WebPage","@id":"https:\/\/www.nushu.cat\/en\/product\/bossa-cosmetica-solida\/","url":"https:\/\/www.nushu.cat\/en\/product\/bossa-cosmetica-solida\/","name":"Bossa cosm\u00e8tica s\u00f2lida - n\u00fcshu","isPartOf":{"@id":"https:\/\/www.nushu.cat\/en\/#website"},"primaryImageOfPage":{"@id":"https:\/\/www.nushu.cat\/en\/product\/bossa-cosmetica-solida\/#primaryimage"},"image":{"@id":"https:\/\/www.nushu.cat\/en\/product\/bossa-cosmetica-solida\/#primaryimage"},"thumbnailUrl":"https:\/\/www.nushu.cat\/wp-content\/uploads\/2024\/02\/bossa-cosmetica-solida-scaled-1.jpg","datePublished":"2023-09-14T13:43:30+00:00","dateModified":"2026-01-18T09:04:17+00:00","description":"Bossa impermeable per a portar cosm\u00e8tica\u00a0s\u00f2lida\u00a0a qualsevol lloc.No\u00a0renunci\u00efs\u00a0als teus productes en pastilla.","breadcrumb":{"@id":"https:\/\/www.nushu.cat\/en\/product\/bossa-cosmetica-solida\/#breadcrumb"},"inLanguage":"en-US","potentialAction":[{"@type":"ReadAction","target":["https:\/\/www.nushu.cat\/en\/product\/bossa-cosmetica-solida\/"]}]},{"@type":"ImageObject","inLanguage":"en-US","@id":"https:\/\/www.nushu.cat\/en\/product\/bossa-cosmetica-solida\/#primaryimage","url":"https:\/\/www.nushu.cat\/wp-content\/uploads\/2024\/02\/bossa-cosmetica-solida-scaled-1.jpg","contentUrl":"https:\/\/www.nushu.cat\/wp-content\/uploads\/2024\/02\/bossa-cosmetica-solida-scaled-1.jpg","width":2560,"height":2560},{"@type":"BreadcrumbList","@id":"https:\/\/www.nushu.cat\/en\/product\/bossa-cosmetica-solida\/#breadcrumb","itemListElement":[{"@type":"ListItem","position":1,"name":"Inici","item":"https:\/\/www.nushu.cat\/en\/menstrual-pads\/"},{"@type":"ListItem","position":2,"name":"Shop","item":"https:\/\/www.nushu.cat\/en\/shop\/"},{"@type":"ListItem","position":3,"name":"Bossa cosm\u00e8tica s\u00f2lida"}]},{"@type":"WebSite","@id":"https:\/\/www.nushu.cat\/en\/#website","url":"https:\/\/www.nushu.cat\/en\/","name":"n\u00fcshu","description":"natural &amp; sostenible","publisher":{"@id":"https:\/\/www.nushu.cat\/en\/#organization"},"potentialAction":[{"@type":"SearchAction","target":{"@type":"EntryPoint","urlTemplate":"https:\/\/www.nushu.cat\/en\/?s={search_term_string}"},"query-input":{"@type":"PropertyValueSpecification","valueRequired":true,"valueName":"search_term_string"}}],"inLanguage":"en-US"},{"@type":"Organization","@id":"https:\/\/www.nushu.cat\/en\/#organization","name":"n\u00fcshu","url":"https:\/\/www.nushu.cat\/en\/","logo":{"@type":"ImageObject","inLanguage":"en-US","@id":"https:\/\/www.nushu.cat\/en\/#\/schema\/logo\/image\/","url":"https:\/\/www.nushu.cat\/wp-content\/uploads\/2024\/02\/nushu-share-1-1.png","contentUrl":"https:\/\/www.nushu.cat\/wp-content\/uploads\/2024\/02\/nushu-share-1-1.png","width":1080,"height":1080,"caption":"n\u00fcshu"},"image":{"@id":"https:\/\/www.nushu.cat\/en\/#\/schema\/logo\/image\/"},"sameAs":["https:\/\/www.facebook.com\/nushu.artesania\/","https:\/\/www.instagram.com\/nushu_artesania"]}]}},"jetpack_sharing_enabled":true,"_links":{"self":[{"href":"https:\/\/www.nushu.cat\/en\/wp-json\/wp\/v2\/product\/23427","targetHints":{"allow":["GET"]}}],"collection":[{"href":"https:\/\/www.nushu.cat\/en\/wp-json\/wp\/v2\/product"}],"about":[{"href":"https:\/\/www.nushu.cat\/en\/wp-json\/wp\/v2\/types\/product"}],"version-history":[{"count":3,"href":"https:\/\/www.nushu.cat\/en\/wp-json\/wp\/v2\/product\/23427\/revisions"}],"predecessor-version":[{"id":266144,"href":"https:\/\/www.nushu.cat\/en\/wp-json\/wp\/v2\/product\/23427\/revisions\/266144"}],"wp:featuredmedia":[{"embeddable":true,"href":"https:\/\/www.nushu.cat\/en\/wp-json\/wp\/v2\/media\/23428"}],"wp:attachment":[{"href":"https:\/\/www.nushu.cat\/en\/wp-json\/wp\/v2\/media?parent=23427"}],"wp:term":[{"taxonomy":"product_brand","embeddable":true,"href":"https:\/\/www.nushu.cat\/en\/wp-json\/wp\/v2\/product_brand?post=23427"},{"taxonomy":"product_cat","embeddable":true,"href":"https:\/\/www.nushu.cat\/en\/wp-json\/wp\/v2\/product_cat?post=23427"},{"taxonomy":"product_tag","embeddable":true,"href":"https:\/\/www.nushu.cat\/en\/wp-json\/wp\/v2\/product_tag?post=23427"}],"curies":[{"name":"wp","href":"https:\/\/api.w.org\/{rel}","templated":true}]}}