{"id":23716,"date":"2023-09-25T12:37:05","date_gmt":"2023-09-25T12:37:05","guid":{"rendered":"https:\/\/www.nushu.cat\/?post_type=product&#038;p=23716"},"modified":"2026-02-12T12:44:36","modified_gmt":"2026-02-12T11:44:36","slug":"ginevitex","status":"publish","type":"product","link":"https:\/\/www.nushu.cat\/en\/product\/ginevitex\/","title":{"rendered":"Ginev\u00edtex regulador hormonal"},"content":{"rendered":"<h1>Origen dels ingredients:<\/h1>\n<p>Ginev\u00edtex\u00ae nom\u00e9s est\u00e0 compost per dos ingredients: Orujo i V\u00edtex, tots dos de m\u00e0xima qualitat, ecol\u00f2gics i procedents d&#8217;Espanya.<\/p>\n<ul>\n<li>L&#8217;orujo procedeix d&#8217;una dona emprenedora al medi rural. Ella ha recuperat les vinyes i la tradici\u00f3 de la seva \u00e0via de fer orujo. Ha estat premiada per la qualitat i el sabor de l&#8217;orujo ecol\u00f2gic.<\/li>\n<li>La<strong> planta medicinal per a desajustos hormonals<\/strong> \u00e9s recol\u00b7lectada a m\u00e0 i de temporada, en exclusivitat per a Ginev\u00edtex. Les plantes d&#8217;origen silvestre tenen una concentraci\u00f3 m\u00e9s gran d&#8217;olis essencials i principis actius, sent un bon tractament hormonal natural per a dones. Les fulles procedeixen de pagesos ecol\u00f2gics i conscients. L&#8217;ess\u00e8ncia floral que fem servir \u00e9s d&#8217;elaboraci\u00f3 pr\u00f2pia. Els fruits de V\u00edtex silvestres s\u00f3n recol\u00b7lectats a m\u00e0 per una empresa pionera a Europa, que es dedica a la recuperaci\u00f3 i la conservaci\u00f3 de la biodiversitat i de les esp\u00e8cies silvestres. Per aix\u00f2 compta amb el perm\u00eds de les autoritats competents per recol\u00b7lectar a Parcs Naturals. Han estat seleccionats per al Premi a Espanya ia Europa al Medi Ambient i Biodiversitat 2020.<\/li>\n<\/ul>\n<h1>Caracteristiques de la Vitex Agnus Castus<\/h1>\n<p>Planta asociada a la salut femenina des de l&#8217;antiguitat, que funciona com a adapt\u00f2gena i aprovada per l&#8217;Ag\u00e8ncia Europea del Medicament.<\/p>\n<ul>\n<li>La Vitex A.C.<strong> no t\u00e9 efectes secundaris<\/strong>, no genera addicci\u00f3 i es pot prendre durant un llarg per\u00edode de temps. Actua a partir de la gl\u00e0ndula pituit\u00e0ria o hip\u00f2fisi. Imita la acci\u00f3 de la dopamina, ajudant a regular la producci\u00f3 hormonal.<\/li>\n<li>La Vitex A.C. s&#8217;uneix a receptors opiacis i estrog\u00e8nics, incrementant la producci\u00f3 d&#8217;endorfines end\u00f2genes i la seva activitat fitoestrog\u00e8nica tipus Beta, incrementa la secreci\u00f3 de progesterona durant la fase l\u00fatia del cicle. Aix\u00f2 <strong>ajuda a fer que les dones recuperin l&#8217;equilibri entre estr\u00f2gens i progesterona<\/strong>, hormones sexuals femenines que regeixen el cicle menstrual.<\/li>\n<\/ul>\n<h1>Possibles aplicacions del complement alimentari Ginev\u00edtex<\/h1>\n<ul>\n<li>Dolor menstrual, migranyes.<\/li>\n<li>Menopausa i climateri.<\/li>\n<li>S\u00edndrome premenstrual.<\/li>\n<li>Estats de depressi\u00f3 i ansietat.<\/li>\n<li>Pubertat i adolesc\u00e8ncia.<\/li>\n<li>Quists mamaris, mal de mames.<\/li>\n<li>Alteracions aliment\u00e0ries, retenci\u00f3 de l\u00edquids, exc\u00e9s de prolactina.<\/li>\n<li>Infeccions recurrents, c\u00e0ndides.<\/li>\n<li>Ovaris poliqu\u00edstics, acne, p\u00e8l facial, cicle irregular.<\/li>\n<li>Abs\u00e8ncia de menstruaci\u00f3, \u00fas perllongat d&#8217;anticonceptius hormonals.<\/li>\n<li>Problemes de fertilitat.<\/li>\n<li>H\u00edper o hipotiro\u00efdisme.<\/li>\n<li>Endometriosi, miomes i hemorr\u00e0gies.<\/li>\n<\/ul>\n<p>La majoria de problemes ginecol\u00f2gics es deuen a un exc\u00e9s d&#8217;estr\u00f2gens i una manca de progesterona.<\/p>\n<h1>Formulaci\u00f3 de Ginev\u00edtex:<\/h1>\n<p>Agraint a les plantes, triturem, macerem les fulles i fruits en orujo, de lluna nova a lluna plena, amb intenci\u00f3 sanadora. A la tintura filtrada hi afegim ess\u00e8ncia floral de Vitex d&#8217;elaboraci\u00f3 pr\u00f2pia, envasem i vitalitzem manualment.<br \/>\nL&#8217;ess\u00e8ncia de Vitex transmet poder i for\u00e7a creadora autocurativa. Regula l&#8217;energia sexual induint la part m\u00e9s sagrada i l&#8217;amor. Ajuda a reconciliar-se amb la pr\u00f2pia feminitat ia equilibrar lenergia femenina i masculina en cada persona.<br \/>\nGinev\u00edtex\u00ae d\u00f3na suport a l&#8217;equilibri f\u00edsic, emocional i energ\u00e8tic de la dona.<\/p>\n<h1>\u00das de Ginevitex:<\/h1>\n<p>Prendre 1 ml repartit en 1 o 2 preses al dia dissolt en aigua o suc. Per exemple abans de l&#8217;esmorzar i el sopar.<br \/>\n<strong>IMPORTANT<\/strong>: amb medicaci\u00f3 per a tiroide prendre abans del dinar i el sopar.<br \/>\nPrendre un m\u00ednim de 6 mesos i despr\u00e9s pots prendre&#8217;l tot el temps que vulguis.<br \/>\n-Aquesta dosi es pot augmentar quan calgui per dolor menstrual, migranya, irritabilitat, etc.<\/p>\n<p>Flasc\u00f3 de 30 ml: 1 ml s\u00f3n 40 gotes. Un mes de duraci\u00f3 aproximadament.<br \/>\nFlasc\u00f3 de 100 ml: 1 ml s\u00f3n 30 gotes. Dura uns 3 mesos i mig.<br \/>\nTria la opci\u00f3 que m\u00e9s s&#8217;adapti a tu per a aquest pack.<\/p>\n<h1>Recomanacions d&#8217;\u00fas:<\/h1>\n<ul>\n<li>Sacseja amb intenci\u00f3 guaridora abans de cada \u00fas per potenciar les seves propietats. Pot ser un ritual d&#8217;autocura prendre&#8217;l en una copa bonica i brindar per tu, per la teva salut i benestar.<\/li>\n<li>Perqu\u00e8 el sabor resulti m\u00e9s agradable, dissol l&#8217;orujo en aigua o suc. El sabor ser\u00e0 m\u00e9s suau com m\u00e9s quantitat d&#8217;aigua o suc hi hagi a la dissoluci\u00f3.<\/li>\n<li>Ginev\u00edtex\u00ae est\u00e0 elaborat amb orujo tradicional ecol\u00f2gic del 40%, l&#8217;alcohol extreu els principis actius i actua de conservant. El grau alcoh\u00f2lic disminueix i fins i tot desapareix en dissoldre&#8217;s en aigua.<\/li>\n<\/ul>\n","protected":false},"excerpt":{"rendered":"<p><strong>Ginev\u00edtex<\/strong> \u00e9s un<strong> regulador hormonal<\/strong> natural que ajusta el nostre cicle menstrual de manera natural a qualsevol de les etapes de la vida de les dones:<br \/>\ndolor menstrual i premenstrual, menopausa i climateri, pubertat i adolesc\u00e8ncia, abs\u00e8ncia de menstruaci\u00f3, \u00fas perllongat d&#8217;anticonceptius hormonals, fertilitat, &#8230; I malalties o desajustos com: alteracions aliment\u00e0ries, retenci\u00f3 de l\u00edquids, exc\u00e9s de prolactina, infeccions recurrents, c\u00e0ndides, ovaris poliqu\u00edstics, acne, p\u00e8l facial, h\u00edper o hipotiro\u00efdisme, endometriosi, miomes, &#8230;<\/p>\n","protected":false},"featured_media":253055,"template":"","meta":{"_acf_changed":false},"product_brand":[],"product_cat":[55,32,40,34],"product_tag":[],"class_list":{"0":"post-23716","1":"product","2":"type-product","3":"status-publish","4":"has-post-thumbnail","6":"product_cat-dolor-menstrual","7":"product_cat-higiene-menstrual-sostenible","8":"product_cat-ofertes","9":"product_cat-sostenible","11":"first","12":"instock","13":"sale","14":"taxable","15":"shipping-taxable","16":"purchasable","17":"product-type-variable"},"acf":[],"yoast_head":"<!-- This site is optimized with the Yoast SEO plugin v27.2 - https:\/\/yoast.com\/product\/yoast-seo-wordpress\/ -->\n<title>Ginev\u00edtex regulador hormonal - n\u00fcshu<\/title>\n<meta name=\"description\" content=\"Ginevitex \u00e9s un regulador hormonal natural que ajusta el nostre cicle menstrual de manera natural a qualsevol de les etapes de la vida de les dones:dolor menstrual i premenstrual, menopausa i climateri, pubertat i adolesc\u00e8ncia, abs\u00e8ncia de menstruaci\u00f3, \u00fas perllongat d&#039;anticonceptius hormonals, fertilitat, ... I malalties o desajustos com: alteracions aliment\u00e0ries, retenci\u00f3 de l\u00edquids, exc\u00e9s de prolactina, infeccions recurrents, c\u00e0ndides, ovaris poliqu\u00edstics, acne, p\u00e8l facial, h\u00edper o hipotiro\u00efdisme, endometriosi, miomes, ...\" \/>\n<meta name=\"robots\" content=\"index, follow, max-snippet:-1, max-image-preview:large, max-video-preview:-1\" \/>\n<link rel=\"canonical\" href=\"https:\/\/www.nushu.cat\/en\/product\/ginevitex\/\" \/>\n<meta property=\"og:locale\" content=\"en_US\" \/>\n<meta property=\"og:type\" content=\"article\" \/>\n<meta property=\"og:title\" content=\"Ginev\u00edtex regulador hormonal - n\u00fcshu\" \/>\n<meta property=\"og:description\" content=\"Ginevitex \u00e9s un regulador hormonal natural que ajusta el nostre cicle menstrual de manera natural a qualsevol de les etapes de la vida de les dones:dolor menstrual i premenstrual, menopausa i climateri, pubertat i adolesc\u00e8ncia, abs\u00e8ncia de menstruaci\u00f3, \u00fas perllongat d&#039;anticonceptius hormonals, fertilitat, ... I malalties o desajustos com: alteracions aliment\u00e0ries, retenci\u00f3 de l\u00edquids, exc\u00e9s de prolactina, infeccions recurrents, c\u00e0ndides, ovaris poliqu\u00edstics, acne, p\u00e8l facial, h\u00edper o hipotiro\u00efdisme, endometriosi, miomes, ...\" \/>\n<meta property=\"og:url\" content=\"https:\/\/www.nushu.cat\/en\/product\/ginevitex\/\" \/>\n<meta property=\"og:site_name\" content=\"n\u00fcshu\" \/>\n<meta property=\"article:publisher\" content=\"https:\/\/www.facebook.com\/nushu.artesania\/\" \/>\n<meta property=\"article:modified_time\" content=\"2026-02-12T11:44:36+00:00\" \/>\n<meta property=\"og:image\" content=\"https:\/\/www.nushu.cat\/wp-content\/uploads\/2024\/02\/img_5900-scaled-1.jpeg\" \/>\n\t<meta property=\"og:image:width\" content=\"2560\" \/>\n\t<meta property=\"og:image:height\" content=\"2560\" \/>\n\t<meta property=\"og:image:type\" content=\"image\/jpeg\" \/>\n<meta name=\"twitter:card\" content=\"summary_large_image\" \/>\n<meta name=\"twitter:label1\" content=\"Est. reading time\" \/>\n\t<meta name=\"twitter:data1\" content=\"4 minutes\" \/>\n<!-- \/ Yoast SEO plugin. -->","yoast_head_json":{"title":"Ginev\u00edtex regulador hormonal - n\u00fcshu","description":"Ginevitex \u00e9s un regulador hormonal natural que ajusta el nostre cicle menstrual de manera natural a qualsevol de les etapes de la vida de les dones:dolor menstrual i premenstrual, menopausa i climateri, pubertat i adolesc\u00e8ncia, abs\u00e8ncia de menstruaci\u00f3, \u00fas perllongat d'anticonceptius hormonals, fertilitat, ... I malalties o desajustos com: alteracions aliment\u00e0ries, retenci\u00f3 de l\u00edquids, exc\u00e9s de prolactina, infeccions recurrents, c\u00e0ndides, ovaris poliqu\u00edstics, acne, p\u00e8l facial, h\u00edper o hipotiro\u00efdisme, endometriosi, miomes, ...","robots":{"index":"index","follow":"follow","max-snippet":"max-snippet:-1","max-image-preview":"max-image-preview:large","max-video-preview":"max-video-preview:-1"},"canonical":"https:\/\/www.nushu.cat\/en\/product\/ginevitex\/","og_locale":"en_US","og_type":"article","og_title":"Ginev\u00edtex regulador hormonal - n\u00fcshu","og_description":"Ginevitex \u00e9s un regulador hormonal natural que ajusta el nostre cicle menstrual de manera natural a qualsevol de les etapes de la vida de les dones:dolor menstrual i premenstrual, menopausa i climateri, pubertat i adolesc\u00e8ncia, abs\u00e8ncia de menstruaci\u00f3, \u00fas perllongat d'anticonceptius hormonals, fertilitat, ... I malalties o desajustos com: alteracions aliment\u00e0ries, retenci\u00f3 de l\u00edquids, exc\u00e9s de prolactina, infeccions recurrents, c\u00e0ndides, ovaris poliqu\u00edstics, acne, p\u00e8l facial, h\u00edper o hipotiro\u00efdisme, endometriosi, miomes, ...","og_url":"https:\/\/www.nushu.cat\/en\/product\/ginevitex\/","og_site_name":"n\u00fcshu","article_publisher":"https:\/\/www.facebook.com\/nushu.artesania\/","article_modified_time":"2026-02-12T11:44:36+00:00","og_image":[{"width":2560,"height":2560,"url":"https:\/\/www.nushu.cat\/wp-content\/uploads\/2024\/02\/img_5900-scaled-1.jpeg","type":"image\/jpeg"}],"twitter_card":"summary_large_image","twitter_misc":{"Est. reading time":"4 minutes"},"schema":{"@context":"https:\/\/schema.org","@graph":[{"@type":"WebPage","@id":"https:\/\/www.nushu.cat\/en\/product\/ginevitex\/","url":"https:\/\/www.nushu.cat\/en\/product\/ginevitex\/","name":"Ginev\u00edtex regulador hormonal - n\u00fcshu","isPartOf":{"@id":"https:\/\/www.nushu.cat\/en\/#website"},"primaryImageOfPage":{"@id":"https:\/\/www.nushu.cat\/en\/product\/ginevitex\/#primaryimage"},"image":{"@id":"https:\/\/www.nushu.cat\/en\/product\/ginevitex\/#primaryimage"},"thumbnailUrl":"https:\/\/www.nushu.cat\/wp-content\/uploads\/2024\/02\/img_5900-scaled-1.jpeg","datePublished":"2023-09-25T12:37:05+00:00","dateModified":"2026-02-12T11:44:36+00:00","description":"Ginevitex \u00e9s un regulador hormonal natural que ajusta el nostre cicle menstrual de manera natural a qualsevol de les etapes de la vida de les dones:dolor menstrual i premenstrual, menopausa i climateri, pubertat i adolesc\u00e8ncia, abs\u00e8ncia de menstruaci\u00f3, \u00fas perllongat d'anticonceptius hormonals, fertilitat, ... I malalties o desajustos com: alteracions aliment\u00e0ries, retenci\u00f3 de l\u00edquids, exc\u00e9s de prolactina, infeccions recurrents, c\u00e0ndides, ovaris poliqu\u00edstics, acne, p\u00e8l facial, h\u00edper o hipotiro\u00efdisme, endometriosi, miomes, ...","breadcrumb":{"@id":"https:\/\/www.nushu.cat\/en\/product\/ginevitex\/#breadcrumb"},"inLanguage":"en-US","potentialAction":[{"@type":"ReadAction","target":["https:\/\/www.nushu.cat\/en\/product\/ginevitex\/"]}]},{"@type":"ImageObject","inLanguage":"en-US","@id":"https:\/\/www.nushu.cat\/en\/product\/ginevitex\/#primaryimage","url":"https:\/\/www.nushu.cat\/wp-content\/uploads\/2024\/02\/img_5900-scaled-1.jpeg","contentUrl":"https:\/\/www.nushu.cat\/wp-content\/uploads\/2024\/02\/img_5900-scaled-1.jpeg","width":2560,"height":2560},{"@type":"BreadcrumbList","@id":"https:\/\/www.nushu.cat\/en\/product\/ginevitex\/#breadcrumb","itemListElement":[{"@type":"ListItem","position":1,"name":"Inici","item":"https:\/\/www.nushu.cat\/en\/menstrual-pads\/"},{"@type":"ListItem","position":2,"name":"Shop","item":"https:\/\/www.nushu.cat\/en\/shop\/"},{"@type":"ListItem","position":3,"name":"Ginev\u00edtex regulador hormonal"}]},{"@type":"WebSite","@id":"https:\/\/www.nushu.cat\/en\/#website","url":"https:\/\/www.nushu.cat\/en\/","name":"n\u00fcshu","description":"natural &amp; sostenible","publisher":{"@id":"https:\/\/www.nushu.cat\/en\/#organization"},"potentialAction":[{"@type":"SearchAction","target":{"@type":"EntryPoint","urlTemplate":"https:\/\/www.nushu.cat\/en\/?s={search_term_string}"},"query-input":{"@type":"PropertyValueSpecification","valueRequired":true,"valueName":"search_term_string"}}],"inLanguage":"en-US"},{"@type":"Organization","@id":"https:\/\/www.nushu.cat\/en\/#organization","name":"n\u00fcshu","url":"https:\/\/www.nushu.cat\/en\/","logo":{"@type":"ImageObject","inLanguage":"en-US","@id":"https:\/\/www.nushu.cat\/en\/#\/schema\/logo\/image\/","url":"https:\/\/www.nushu.cat\/wp-content\/uploads\/2024\/02\/nushu-share-1-1.png","contentUrl":"https:\/\/www.nushu.cat\/wp-content\/uploads\/2024\/02\/nushu-share-1-1.png","width":1080,"height":1080,"caption":"n\u00fcshu"},"image":{"@id":"https:\/\/www.nushu.cat\/en\/#\/schema\/logo\/image\/"},"sameAs":["https:\/\/www.facebook.com\/nushu.artesania\/","https:\/\/www.instagram.com\/nushu_artesania"]}]}},"jetpack_sharing_enabled":true,"_links":{"self":[{"href":"https:\/\/www.nushu.cat\/en\/wp-json\/wp\/v2\/product\/23716","targetHints":{"allow":["GET"]}}],"collection":[{"href":"https:\/\/www.nushu.cat\/en\/wp-json\/wp\/v2\/product"}],"about":[{"href":"https:\/\/www.nushu.cat\/en\/wp-json\/wp\/v2\/types\/product"}],"version-history":[{"count":1,"href":"https:\/\/www.nushu.cat\/en\/wp-json\/wp\/v2\/product\/23716\/revisions"}],"predecessor-version":[{"id":269139,"href":"https:\/\/www.nushu.cat\/en\/wp-json\/wp\/v2\/product\/23716\/revisions\/269139"}],"wp:featuredmedia":[{"embeddable":true,"href":"https:\/\/www.nushu.cat\/en\/wp-json\/wp\/v2\/media\/253055"}],"wp:attachment":[{"href":"https:\/\/www.nushu.cat\/en\/wp-json\/wp\/v2\/media?parent=23716"}],"wp:term":[{"taxonomy":"product_brand","embeddable":true,"href":"https:\/\/www.nushu.cat\/en\/wp-json\/wp\/v2\/product_brand?post=23716"},{"taxonomy":"product_cat","embeddable":true,"href":"https:\/\/www.nushu.cat\/en\/wp-json\/wp\/v2\/product_cat?post=23716"},{"taxonomy":"product_tag","embeddable":true,"href":"https:\/\/www.nushu.cat\/en\/wp-json\/wp\/v2\/product_tag?post=23716"}],"curies":[{"name":"wp","href":"https:\/\/api.w.org\/{rel}","templated":true}]}}