{"id":253102,"date":"2024-02-02T12:30:35","date_gmt":"2024-02-02T12:30:35","guid":{"rendered":"https:\/\/www.nushu.cat\/?post_type=product&#038;p=253102"},"modified":"2025-12-30T11:24:09","modified_gmt":"2025-12-30T10:24:09","slug":"pare","status":"publish","type":"product","link":"https:\/\/www.nushu.cat\/en\/product\/pare\/","title":{"rendered":"Pare"},"content":{"rendered":"<p>Un llibre que no deixa indiferent i que s\u2019aproxima a la figura dels pare i la paternitat des del punt de vista m\u00e9s tendre, sensible i po\u00e8tic . Quentin Greban i H\u00e9l\u00e8ne Delforge ho han tornat a fer. Despr\u00e9s dels magn\u00edfics \u00e0lbums Mare i T\u2019estimo, publiquen ara Pare amb unes il\u00b7lustracions que deixen sense al\u00e8 i uns textos amarats de sensibilitat i emotivitat.<\/p>\n<p>Un llibre de gran format bonic i especial, editat per s\u00edmboleditors, que compta amb els textos d&#8217;H\u00e9l\u00e8ne Delforge i les il\u00b7lustracions plenes d&#8217;emoci\u00f3 de Quentim Gr\u00e9ban.<\/p>\n<h2 class=\"text-h5\">Helene Delforge, la escriptora<\/h2>\n<p>H\u00e9l\u00e8ne Delforge ha treballat com a mestra i com a periodista. Va estudiar literatura i, des de petita, ha volgut ser artista. Aquesta vocaci\u00f3 s&#8217;ha tradu\u00eft en un munt d&#8217;hist\u00f2ries<\/p>\n<h2 class=\"text-h5\">Quentin Greban, la il\u00b7lustradora<\/h2>\n<p>(Brussel\u00b7les, 1977) va estudiar il\u00b7lustraci\u00f3 a l&#8217;institut Saint Luc de Brussel\u00b7les. La seva trajectoria d&#8217;inicia al 1999, i desde aleshoresn ja ha publicat m\u00e9s de 25 llibres infantils, obres que han estat tradu\u00efdes a una desena d&#8217;idiomes.<\/p>\n<p>&nbsp;<\/p>\n<h2>Fitxa t\u00e8cnica<\/h2>\n<div data-v-03ed71b5=\"\">\n<p>Nombre de p\u00e0gines:72<br \/>\nEditorial: SIMBOL<br \/>\nIdioma: CATAL\u00c0<br \/>\nEnquadernaci\u00f3: Tapa dura<br \/>\nISBN: 9788418696244<br \/>\nAny d&#8217;edici\u00f3: 2023<br \/>\nPla\u00e7a d&#8217;edici\u00f3:SANT CUGAT DEL VALL\u00c8S<br \/>\nIl\u00b7lustrador:QUENTIN GREVEN<br \/>\nData de llan\u00e7ament: 30\/08\/2023<br \/>\nAlt: 31 cm<br \/>\nAmple: 23 cm<\/p>\n<\/div>\n","protected":false},"excerpt":{"rendered":"<p>El pare i la paternitat des del punt de vista m\u00e9s tendre, sensible i po\u00e8tic.<\/p>\n","protected":false},"featured_media":253104,"template":"","meta":{"_acf_changed":false},"product_brand":[],"product_cat":[44,45,39,34],"product_tag":[],"class_list":{"0":"post-253102","1":"product","2":"type-product","3":"status-publish","4":"has-post-thumbnail","6":"product_cat-llibres","7":"product_cat-maternitat-sostenible","8":"product_cat-maternitat-i-crianca","9":"product_cat-sostenible","11":"first","12":"instock","13":"taxable","14":"shipping-taxable","15":"purchasable","16":"product-type-variable"},"acf":[],"yoast_head":"<!-- This site is optimized with the Yoast SEO plugin v27.2 - https:\/\/yoast.com\/product\/yoast-seo-wordpress\/ -->\n<title>Pare - n\u00fcshu<\/title>\n<meta name=\"description\" content=\"El pare i la paternitat des del punt de vista m\u00e9s tendre, sensible i po\u00e8tic.\" \/>\n<meta name=\"robots\" content=\"index, follow, max-snippet:-1, max-image-preview:large, max-video-preview:-1\" \/>\n<link rel=\"canonical\" href=\"https:\/\/www.nushu.cat\/en\/product\/pare\/\" \/>\n<meta property=\"og:locale\" content=\"en_US\" \/>\n<meta property=\"og:type\" content=\"article\" \/>\n<meta property=\"og:title\" content=\"Pare - n\u00fcshu\" \/>\n<meta property=\"og:description\" content=\"El pare i la paternitat des del punt de vista m\u00e9s tendre, sensible i po\u00e8tic.\" \/>\n<meta property=\"og:url\" content=\"https:\/\/www.nushu.cat\/en\/product\/pare\/\" \/>\n<meta property=\"og:site_name\" content=\"n\u00fcshu\" \/>\n<meta property=\"article:publisher\" content=\"https:\/\/www.facebook.com\/nushu.artesania\/\" \/>\n<meta property=\"article:modified_time\" content=\"2025-12-30T10:24:09+00:00\" \/>\n<meta property=\"og:image\" content=\"https:\/\/www.nushu.cat\/wp-content\/uploads\/2024\/02\/papa-libro.jpg\" \/>\n\t<meta property=\"og:image:width\" content=\"1118\" \/>\n\t<meta property=\"og:image:height\" content=\"1500\" \/>\n\t<meta property=\"og:image:type\" content=\"image\/jpeg\" \/>\n<meta name=\"twitter:card\" content=\"summary_large_image\" \/>\n<meta name=\"twitter:label1\" content=\"Est. reading time\" \/>\n\t<meta name=\"twitter:data1\" content=\"2 minutes\" \/>\n<!-- \/ Yoast SEO plugin. -->","yoast_head_json":{"title":"Pare - n\u00fcshu","description":"El pare i la paternitat des del punt de vista m\u00e9s tendre, sensible i po\u00e8tic.","robots":{"index":"index","follow":"follow","max-snippet":"max-snippet:-1","max-image-preview":"max-image-preview:large","max-video-preview":"max-video-preview:-1"},"canonical":"https:\/\/www.nushu.cat\/en\/product\/pare\/","og_locale":"en_US","og_type":"article","og_title":"Pare - n\u00fcshu","og_description":"El pare i la paternitat des del punt de vista m\u00e9s tendre, sensible i po\u00e8tic.","og_url":"https:\/\/www.nushu.cat\/en\/product\/pare\/","og_site_name":"n\u00fcshu","article_publisher":"https:\/\/www.facebook.com\/nushu.artesania\/","article_modified_time":"2025-12-30T10:24:09+00:00","og_image":[{"width":1118,"height":1500,"url":"https:\/\/www.nushu.cat\/wp-content\/uploads\/2024\/02\/papa-libro.jpg","type":"image\/jpeg"}],"twitter_card":"summary_large_image","twitter_misc":{"Est. reading time":"2 minutes"},"schema":{"@context":"https:\/\/schema.org","@graph":[{"@type":"WebPage","@id":"https:\/\/www.nushu.cat\/en\/product\/pare\/","url":"https:\/\/www.nushu.cat\/en\/product\/pare\/","name":"Pare - n\u00fcshu","isPartOf":{"@id":"https:\/\/www.nushu.cat\/en\/#website"},"primaryImageOfPage":{"@id":"https:\/\/www.nushu.cat\/en\/product\/pare\/#primaryimage"},"image":{"@id":"https:\/\/www.nushu.cat\/en\/product\/pare\/#primaryimage"},"thumbnailUrl":"https:\/\/www.nushu.cat\/wp-content\/uploads\/2024\/02\/papa-libro.jpg","datePublished":"2024-02-02T12:30:35+00:00","dateModified":"2025-12-30T10:24:09+00:00","description":"El pare i la paternitat des del punt de vista m\u00e9s tendre, sensible i po\u00e8tic.","breadcrumb":{"@id":"https:\/\/www.nushu.cat\/en\/product\/pare\/#breadcrumb"},"inLanguage":"en-US","potentialAction":[{"@type":"ReadAction","target":["https:\/\/www.nushu.cat\/en\/product\/pare\/"]}]},{"@type":"ImageObject","inLanguage":"en-US","@id":"https:\/\/www.nushu.cat\/en\/product\/pare\/#primaryimage","url":"https:\/\/www.nushu.cat\/wp-content\/uploads\/2024\/02\/papa-libro.jpg","contentUrl":"https:\/\/www.nushu.cat\/wp-content\/uploads\/2024\/02\/papa-libro.jpg","width":1118,"height":1500},{"@type":"BreadcrumbList","@id":"https:\/\/www.nushu.cat\/en\/product\/pare\/#breadcrumb","itemListElement":[{"@type":"ListItem","position":1,"name":"Inici","item":"https:\/\/www.nushu.cat\/en\/"},{"@type":"ListItem","position":2,"name":"Shop","item":"https:\/\/www.nushu.cat\/en\/shop\/"},{"@type":"ListItem","position":3,"name":"Pare"}]},{"@type":"WebSite","@id":"https:\/\/www.nushu.cat\/en\/#website","url":"https:\/\/www.nushu.cat\/en\/","name":"n\u00fcshu","description":"natural &amp; sostenible","publisher":{"@id":"https:\/\/www.nushu.cat\/en\/#organization"},"potentialAction":[{"@type":"SearchAction","target":{"@type":"EntryPoint","urlTemplate":"https:\/\/www.nushu.cat\/en\/?s={search_term_string}"},"query-input":{"@type":"PropertyValueSpecification","valueRequired":true,"valueName":"search_term_string"}}],"inLanguage":"en-US"},{"@type":"Organization","@id":"https:\/\/www.nushu.cat\/en\/#organization","name":"n\u00fcshu","url":"https:\/\/www.nushu.cat\/en\/","logo":{"@type":"ImageObject","inLanguage":"en-US","@id":"https:\/\/www.nushu.cat\/en\/#\/schema\/logo\/image\/","url":"https:\/\/www.nushu.cat\/wp-content\/uploads\/2024\/02\/nushu-share-1-1.png","contentUrl":"https:\/\/www.nushu.cat\/wp-content\/uploads\/2024\/02\/nushu-share-1-1.png","width":1080,"height":1080,"caption":"n\u00fcshu"},"image":{"@id":"https:\/\/www.nushu.cat\/en\/#\/schema\/logo\/image\/"},"sameAs":["https:\/\/www.facebook.com\/nushu.artesania\/","https:\/\/www.instagram.com\/nushu_artesania"]}]}},"jetpack_sharing_enabled":true,"_links":{"self":[{"href":"https:\/\/www.nushu.cat\/en\/wp-json\/wp\/v2\/product\/253102","targetHints":{"allow":["GET"]}}],"collection":[{"href":"https:\/\/www.nushu.cat\/en\/wp-json\/wp\/v2\/product"}],"about":[{"href":"https:\/\/www.nushu.cat\/en\/wp-json\/wp\/v2\/types\/product"}],"version-history":[{"count":1,"href":"https:\/\/www.nushu.cat\/en\/wp-json\/wp\/v2\/product\/253102\/revisions"}],"predecessor-version":[{"id":263821,"href":"https:\/\/www.nushu.cat\/en\/wp-json\/wp\/v2\/product\/253102\/revisions\/263821"}],"wp:featuredmedia":[{"embeddable":true,"href":"https:\/\/www.nushu.cat\/en\/wp-json\/wp\/v2\/media\/253104"}],"wp:attachment":[{"href":"https:\/\/www.nushu.cat\/en\/wp-json\/wp\/v2\/media?parent=253102"}],"wp:term":[{"taxonomy":"product_brand","embeddable":true,"href":"https:\/\/www.nushu.cat\/en\/wp-json\/wp\/v2\/product_brand?post=253102"},{"taxonomy":"product_cat","embeddable":true,"href":"https:\/\/www.nushu.cat\/en\/wp-json\/wp\/v2\/product_cat?post=253102"},{"taxonomy":"product_tag","embeddable":true,"href":"https:\/\/www.nushu.cat\/en\/wp-json\/wp\/v2\/product_tag?post=253102"}],"curies":[{"name":"wp","href":"https:\/\/api.w.org\/{rel}","templated":true}]}}