{"id":253110,"date":"2024-02-02T11:40:55","date_gmt":"2024-02-02T11:40:55","guid":{"rendered":"https:\/\/www.nushu.cat\/?post_type=product&#038;p=253110"},"modified":"2024-04-08T18:29:44","modified_gmt":"2024-04-08T16:29:44","slug":"una-nueva-manera-de-menstruar","status":"publish","type":"product","link":"https:\/\/www.nushu.cat\/en\/product\/una-nueva-manera-de-menstruar\/","title":{"rendered":"Una nueva manera de menstruar"},"content":{"rendered":"<p>Descobreix una nova manera de menstruar amb <strong>Anna Salvia<\/strong>, la psic\u00f2loga especialitzada en educaci\u00f3 sexual de refer\u00e8ncia.<br \/>\nMenstruar no hauria de provocar malestar ni dolor, igual que no ho fa dormir, menjar ni orinar.<br \/>\nSi vivim la regla aix\u00ed, \u00e9s perqu\u00e8 no hem rebut una bona educaci\u00f3 menstrual, ni a casa ni a l&#8217;escola. La poca cosa que ens van explicar sobre la regla sol ser erroni i ens aboca a viure-la amb malestar, vergonya i dolor.<br \/>\nPer\u00f2 la veritat \u00e9s que<strong> es pot menstruar d&#8217;una altra manera<\/strong>!<br \/>\nEn aquest llibre, la psic\u00f2loga especialitzada en educaci\u00f3 sexual Anna Salvia comparteix els coneixements i recursos acumulats durant m\u00e9s de deu anys treballant amb dones de totes les edats, investigant el cicle menstrual i fent sagnat lliure.<br \/>\nHa publicat t\u00edtols de refer\u00e8ncia sobre el cicle menstrual que han canviat la vida a milers de dones i nenes, com s\u00f3n La regla mola (si saps com funciona), Viatge al cicle menstrual i El ball de la vida a les dones.<\/p>\n<h1>Aquest llibre \u00e9s per a tu si\u2026<\/h1>\n<p>&#8230; t&#8217;agradaria dir que la regla mola per\u00f2 fa anys que odiant-la.<br \/>\n&#8230;t&#8217;hi has reconciliat i vols anar encara m\u00e9s lluny.<br \/>\n&#8230;desitges saber qu\u00e8 \u00e9s i com practicar el sagnat lliure.<br \/>\n&#8230; vols comprendre per qu\u00e8 el malestar i el dolor no s\u00f3n els teus enemics sin\u00f3 savis missatgers.<\/p>\n<h1>Fitxa t\u00e8cnica<\/h1>\n<p>Nombre de p\u00e0gines: 144<br \/>\nEditorial: BRUGUERA<br \/>\nIdioma: CASTELL\u00c0<br \/>\nEnquadernaci\u00f3: Tapa dura<br \/>\nISBN: 9788402423948<br \/>\nAny d&#8217;edici\u00f3: 2021<br \/>\nPla\u00e7a d&#8217;edici\u00f3: \u00c9S<br \/>\nIl\u00b7lustradora: Cristina Torr\u00f3n<br \/>\nData de llan\u00e7ament: 15\/04\/2021<br \/>\nMides: Alt: 24.7 cm, Ample: 18.2 cm, Gruix: 1.7 cm<br \/>\nPes: 528 gr<\/p>\n","protected":false},"excerpt":{"rendered":"<p>Anna Salvia, en aquest llibre ens mostra una nova manera de menstruar coneixent i respectant els nostres cossos i les nostres necessitats menstruals.<\/p>\n","protected":false},"featured_media":253111,"template":"","meta":{"_acf_changed":false},"product_brand":[],"product_cat":[44,34],"product_tag":[],"class_list":{"0":"post-253110","1":"product","2":"type-product","3":"status-publish","4":"has-post-thumbnail","6":"product_cat-llibres","7":"product_cat-sostenible","9":"first","10":"instock","11":"taxable","12":"shipping-taxable","13":"purchasable","14":"product-type-simple"},"acf":[],"yoast_head":"<!-- This site is optimized with the Yoast SEO plugin v27.2 - https:\/\/yoast.com\/product\/yoast-seo-wordpress\/ -->\n<title>Una nueva manera de menstruar - n\u00fcshu<\/title>\n<meta name=\"description\" content=\"Anna Salvia, en aquest llibre ens mostra una nova manera de menstruar coneixent i respectant els nostres cossos i les nostres necessitats menstruals.\" \/>\n<meta name=\"robots\" content=\"index, follow, max-snippet:-1, max-image-preview:large, max-video-preview:-1\" \/>\n<link rel=\"canonical\" href=\"https:\/\/www.nushu.cat\/en\/product\/una-nueva-manera-de-menstruar\/\" \/>\n<meta property=\"og:locale\" content=\"en_US\" \/>\n<meta property=\"og:type\" content=\"article\" \/>\n<meta property=\"og:title\" content=\"Una nueva manera de menstruar - n\u00fcshu\" \/>\n<meta property=\"og:description\" content=\"Anna Salvia, en aquest llibre ens mostra una nova manera de menstruar coneixent i respectant els nostres cossos i les nostres necessitats menstruals.\" \/>\n<meta property=\"og:url\" content=\"https:\/\/www.nushu.cat\/en\/product\/una-nueva-manera-de-menstruar\/\" \/>\n<meta property=\"og:site_name\" content=\"n\u00fcshu\" \/>\n<meta property=\"article:publisher\" content=\"https:\/\/www.facebook.com\/nushu.artesania\/\" \/>\n<meta property=\"article:modified_time\" content=\"2024-04-08T16:29:44+00:00\" \/>\n<meta property=\"og:image\" content=\"https:\/\/www.nushu.cat\/wp-content\/uploads\/2024\/02\/una-nueva-manera-de-menstruar-portada-1.png\" \/>\n\t<meta property=\"og:image:width\" content=\"283\" \/>\n\t<meta property=\"og:image:height\" content=\"283\" \/>\n\t<meta property=\"og:image:type\" content=\"image\/png\" \/>\n<meta name=\"twitter:card\" content=\"summary_large_image\" \/>\n<meta name=\"twitter:label1\" content=\"Est. reading time\" \/>\n\t<meta name=\"twitter:data1\" content=\"2 minutes\" \/>\n<!-- \/ Yoast SEO plugin. -->","yoast_head_json":{"title":"Una nueva manera de menstruar - n\u00fcshu","description":"Anna Salvia, en aquest llibre ens mostra una nova manera de menstruar coneixent i respectant els nostres cossos i les nostres necessitats menstruals.","robots":{"index":"index","follow":"follow","max-snippet":"max-snippet:-1","max-image-preview":"max-image-preview:large","max-video-preview":"max-video-preview:-1"},"canonical":"https:\/\/www.nushu.cat\/en\/product\/una-nueva-manera-de-menstruar\/","og_locale":"en_US","og_type":"article","og_title":"Una nueva manera de menstruar - n\u00fcshu","og_description":"Anna Salvia, en aquest llibre ens mostra una nova manera de menstruar coneixent i respectant els nostres cossos i les nostres necessitats menstruals.","og_url":"https:\/\/www.nushu.cat\/en\/product\/una-nueva-manera-de-menstruar\/","og_site_name":"n\u00fcshu","article_publisher":"https:\/\/www.facebook.com\/nushu.artesania\/","article_modified_time":"2024-04-08T16:29:44+00:00","og_image":[{"width":283,"height":283,"url":"https:\/\/www.nushu.cat\/wp-content\/uploads\/2024\/02\/una-nueva-manera-de-menstruar-portada-1.png","type":"image\/png"}],"twitter_card":"summary_large_image","twitter_misc":{"Est. reading time":"2 minutes"},"schema":{"@context":"https:\/\/schema.org","@graph":[{"@type":"WebPage","@id":"https:\/\/www.nushu.cat\/en\/product\/una-nueva-manera-de-menstruar\/","url":"https:\/\/www.nushu.cat\/en\/product\/una-nueva-manera-de-menstruar\/","name":"Una nueva manera de menstruar - n\u00fcshu","isPartOf":{"@id":"https:\/\/www.nushu.cat\/en\/#website"},"primaryImageOfPage":{"@id":"https:\/\/www.nushu.cat\/en\/product\/una-nueva-manera-de-menstruar\/#primaryimage"},"image":{"@id":"https:\/\/www.nushu.cat\/en\/product\/una-nueva-manera-de-menstruar\/#primaryimage"},"thumbnailUrl":"https:\/\/www.nushu.cat\/wp-content\/uploads\/2024\/02\/una-nueva-manera-de-menstruar-portada-1.png","datePublished":"2024-02-02T11:40:55+00:00","dateModified":"2024-04-08T16:29:44+00:00","description":"Anna Salvia, en aquest llibre ens mostra una nova manera de menstruar coneixent i respectant els nostres cossos i les nostres necessitats menstruals.","breadcrumb":{"@id":"https:\/\/www.nushu.cat\/en\/product\/una-nueva-manera-de-menstruar\/#breadcrumb"},"inLanguage":"en-US","potentialAction":[{"@type":"ReadAction","target":["https:\/\/www.nushu.cat\/en\/product\/una-nueva-manera-de-menstruar\/"]}]},{"@type":"ImageObject","inLanguage":"en-US","@id":"https:\/\/www.nushu.cat\/en\/product\/una-nueva-manera-de-menstruar\/#primaryimage","url":"https:\/\/www.nushu.cat\/wp-content\/uploads\/2024\/02\/una-nueva-manera-de-menstruar-portada-1.png","contentUrl":"https:\/\/www.nushu.cat\/wp-content\/uploads\/2024\/02\/una-nueva-manera-de-menstruar-portada-1.png","width":283,"height":283,"caption":"Una nueva manera de menstruar"},{"@type":"BreadcrumbList","@id":"https:\/\/www.nushu.cat\/en\/product\/una-nueva-manera-de-menstruar\/#breadcrumb","itemListElement":[{"@type":"ListItem","position":1,"name":"Inici","item":"https:\/\/www.nushu.cat\/en\/menstrual-pads\/"},{"@type":"ListItem","position":2,"name":"Shop","item":"https:\/\/www.nushu.cat\/en\/shop\/"},{"@type":"ListItem","position":3,"name":"Una nueva manera de menstruar"}]},{"@type":"WebSite","@id":"https:\/\/www.nushu.cat\/en\/#website","url":"https:\/\/www.nushu.cat\/en\/","name":"n\u00fcshu","description":"natural &amp; sostenible","publisher":{"@id":"https:\/\/www.nushu.cat\/en\/#organization"},"potentialAction":[{"@type":"SearchAction","target":{"@type":"EntryPoint","urlTemplate":"https:\/\/www.nushu.cat\/en\/?s={search_term_string}"},"query-input":{"@type":"PropertyValueSpecification","valueRequired":true,"valueName":"search_term_string"}}],"inLanguage":"en-US"},{"@type":"Organization","@id":"https:\/\/www.nushu.cat\/en\/#organization","name":"n\u00fcshu","url":"https:\/\/www.nushu.cat\/en\/","logo":{"@type":"ImageObject","inLanguage":"en-US","@id":"https:\/\/www.nushu.cat\/en\/#\/schema\/logo\/image\/","url":"https:\/\/www.nushu.cat\/wp-content\/uploads\/2024\/02\/nushu-share-1-1.png","contentUrl":"https:\/\/www.nushu.cat\/wp-content\/uploads\/2024\/02\/nushu-share-1-1.png","width":1080,"height":1080,"caption":"n\u00fcshu"},"image":{"@id":"https:\/\/www.nushu.cat\/en\/#\/schema\/logo\/image\/"},"sameAs":["https:\/\/www.facebook.com\/nushu.artesania\/","https:\/\/www.instagram.com\/nushu_artesania"]}]}},"jetpack_sharing_enabled":true,"_links":{"self":[{"href":"https:\/\/www.nushu.cat\/en\/wp-json\/wp\/v2\/product\/253110","targetHints":{"allow":["GET"]}}],"collection":[{"href":"https:\/\/www.nushu.cat\/en\/wp-json\/wp\/v2\/product"}],"about":[{"href":"https:\/\/www.nushu.cat\/en\/wp-json\/wp\/v2\/types\/product"}],"version-history":[{"count":2,"href":"https:\/\/www.nushu.cat\/en\/wp-json\/wp\/v2\/product\/253110\/revisions"}],"predecessor-version":[{"id":268714,"href":"https:\/\/www.nushu.cat\/en\/wp-json\/wp\/v2\/product\/253110\/revisions\/268714"}],"wp:featuredmedia":[{"embeddable":true,"href":"https:\/\/www.nushu.cat\/en\/wp-json\/wp\/v2\/media\/253111"}],"wp:attachment":[{"href":"https:\/\/www.nushu.cat\/en\/wp-json\/wp\/v2\/media?parent=253110"}],"wp:term":[{"taxonomy":"product_brand","embeddable":true,"href":"https:\/\/www.nushu.cat\/en\/wp-json\/wp\/v2\/product_brand?post=253110"},{"taxonomy":"product_cat","embeddable":true,"href":"https:\/\/www.nushu.cat\/en\/wp-json\/wp\/v2\/product_cat?post=253110"},{"taxonomy":"product_tag","embeddable":true,"href":"https:\/\/www.nushu.cat\/en\/wp-json\/wp\/v2\/product_tag?post=253110"}],"curies":[{"name":"wp","href":"https:\/\/api.w.org\/{rel}","templated":true}]}}