{"id":253149,"date":"2024-02-02T12:04:23","date_gmt":"2024-02-02T12:04:23","guid":{"rendered":"https:\/\/www.nushu.cat\/?post_type=product&#038;p=253149"},"modified":"2025-11-30T22:52:14","modified_gmt":"2025-11-30T21:52:14","slug":"mare","status":"publish","type":"product","link":"https:\/\/www.nushu.cat\/en\/product\/mare\/","title":{"rendered":"Mare"},"content":{"rendered":"<p>La mare \u00e9s un llibre il\u00b7lustrat espectacular, amb petits textos plens d&#8217;amor, de saviesa, d&#8217;espais compartits per dones de tot el m\u00f3n que tenen en com\u00fa l&#8217;amor immens pels seus fills.<br \/>\nMares solteres, mares de fam\u00edlia nombrosa, mares joves i no tant, mares d&#8217;ara i d&#8217;abans, d&#8217;aqu\u00ed i d&#8217;all\u00e0&#8230;<\/p>\n<p>Un llibre emocionant que \u00e9s un regal per a les mares.<\/p>\n<p>Un llibre de gran format bonic i especial, editat per s\u00edmboleditors, que compta amb els textos d&#8217;H\u00e9l\u00e8ne Delforge i les il\u00b7lustracions plenes d&#8217;emoci\u00f3 de Quentim Gr\u00e9ban.<\/p>\n<h2 class=\"text-h5\">Helene Delforge, la escriptora<\/h2>\n<p>H\u00e9l\u00e8ne Delforge ha treballat com a mestra i com a periodista. Va estudiar literatura i, des de petita, ha volgut ser artista. Aquesta vocaci\u00f3 s&#8217;ha tradu\u00eft en un munt d&#8217;hist\u00f2ries<\/p>\n<h2 class=\"text-h5\">Quentin Greban, la il\u00b7lustradora<\/h2>\n<p>(Brussel\u00b7les, 1977) va estudiar il\u00b7lustraci\u00f3 a l&#8217;institut Saint Luc de Brussel\u00b7les. La seva trajectoria d&#8217;inicia al 1999, i desde aleshoresn ja ha publicat m\u00e9s de 25 llibres infantils, obres que han estat tradu\u00efdes a una desena d&#8217;idiomes.<\/p>\n<p>&nbsp;<\/p>\n<h2>Fitxa t\u00e8cnica<\/h2>\n<div data-v-03ed71b5=\"\">\n<p>Nombre de p\u00e0gines:72<br \/>\nEditorial:SIMBOL<br \/>\nIdioma:CATAL\u00c0<br \/>\nEnquadernaci\u00f3: Tapa dura<br \/>\nISBN:9788415315506<br \/>\nAny d&#8217;edici\u00f3: Novembre 2023 (setena edici\u00f3)<br \/>\nPla\u00e7a d&#8217;edici\u00f3: CA<br \/>\nData de llan\u00e7ament:01\/04\/2018<\/p>\n<\/div>\n","protected":false},"excerpt":{"rendered":"<p>Mare. Un nom \u00fanic i divers a la vegada. Cada infant en t\u00e9 una. Una paraula per expressar l&#8217;amor, la tendresa, el vincle, la necessitat, l&#8217;espera i, a vegades, l&#8217;abs\u00e8ncia.<\/p>\n","protected":false},"featured_media":253150,"template":"","meta":{"_acf_changed":false},"product_brand":[],"product_cat":[44,45,39,34],"product_tag":[],"class_list":{"0":"post-253149","1":"product","2":"type-product","3":"status-publish","4":"has-post-thumbnail","6":"product_cat-llibres","7":"product_cat-maternitat-sostenible","8":"product_cat-maternitat-i-crianca","9":"product_cat-sostenible","11":"first","12":"instock","13":"taxable","14":"shipping-taxable","15":"purchasable","16":"product-type-variable"},"acf":[],"yoast_head":"<!-- This site is optimized with the Yoast SEO plugin v27.2 - https:\/\/yoast.com\/product\/yoast-seo-wordpress\/ -->\n<title>Mare - n\u00fcshu<\/title>\n<meta name=\"description\" content=\"Mare. Un nom \u00fanic i divers a la vegada. Cada infant en t\u00e9 una. Una paraula per expressar l&#039;amor, la tendresa, el vincle, la necessitat, l&#039;espera i, a vegades, l&#039;abs\u00e8ncia.\" \/>\n<meta name=\"robots\" content=\"index, follow, max-snippet:-1, max-image-preview:large, max-video-preview:-1\" \/>\n<link rel=\"canonical\" href=\"https:\/\/www.nushu.cat\/en\/product\/mare\/\" \/>\n<meta property=\"og:locale\" content=\"en_US\" \/>\n<meta property=\"og:type\" content=\"article\" \/>\n<meta property=\"og:title\" content=\"Mare - n\u00fcshu\" \/>\n<meta property=\"og:description\" content=\"Mare. Un nom \u00fanic i divers a la vegada. Cada infant en t\u00e9 una. Una paraula per expressar l&#039;amor, la tendresa, el vincle, la necessitat, l&#039;espera i, a vegades, l&#039;abs\u00e8ncia.\" \/>\n<meta property=\"og:url\" content=\"https:\/\/www.nushu.cat\/en\/product\/mare\/\" \/>\n<meta property=\"og:site_name\" content=\"n\u00fcshu\" \/>\n<meta property=\"article:publisher\" content=\"https:\/\/www.facebook.com\/nushu.artesania\/\" \/>\n<meta property=\"article:modified_time\" content=\"2025-11-30T21:52:14+00:00\" \/>\n<meta property=\"og:image\" content=\"https:\/\/www.nushu.cat\/wp-content\/uploads\/2024\/02\/mama-libro.jpg\" \/>\n\t<meta property=\"og:image:width\" content=\"1196\" \/>\n\t<meta property=\"og:image:height\" content=\"1500\" \/>\n\t<meta property=\"og:image:type\" content=\"image\/jpeg\" \/>\n<meta name=\"twitter:card\" content=\"summary_large_image\" \/>\n<meta name=\"twitter:label1\" content=\"Est. reading time\" \/>\n\t<meta name=\"twitter:data1\" content=\"2 minutes\" \/>\n<!-- \/ Yoast SEO plugin. -->","yoast_head_json":{"title":"Mare - n\u00fcshu","description":"Mare. Un nom \u00fanic i divers a la vegada. Cada infant en t\u00e9 una. Una paraula per expressar l'amor, la tendresa, el vincle, la necessitat, l'espera i, a vegades, l'abs\u00e8ncia.","robots":{"index":"index","follow":"follow","max-snippet":"max-snippet:-1","max-image-preview":"max-image-preview:large","max-video-preview":"max-video-preview:-1"},"canonical":"https:\/\/www.nushu.cat\/en\/product\/mare\/","og_locale":"en_US","og_type":"article","og_title":"Mare - n\u00fcshu","og_description":"Mare. Un nom \u00fanic i divers a la vegada. Cada infant en t\u00e9 una. Una paraula per expressar l'amor, la tendresa, el vincle, la necessitat, l'espera i, a vegades, l'abs\u00e8ncia.","og_url":"https:\/\/www.nushu.cat\/en\/product\/mare\/","og_site_name":"n\u00fcshu","article_publisher":"https:\/\/www.facebook.com\/nushu.artesania\/","article_modified_time":"2025-11-30T21:52:14+00:00","og_image":[{"width":1196,"height":1500,"url":"https:\/\/www.nushu.cat\/wp-content\/uploads\/2024\/02\/mama-libro.jpg","type":"image\/jpeg"}],"twitter_card":"summary_large_image","twitter_misc":{"Est. reading time":"2 minutes"},"schema":{"@context":"https:\/\/schema.org","@graph":[{"@type":"WebPage","@id":"https:\/\/www.nushu.cat\/en\/product\/mare\/","url":"https:\/\/www.nushu.cat\/en\/product\/mare\/","name":"Mare - n\u00fcshu","isPartOf":{"@id":"https:\/\/www.nushu.cat\/en\/#website"},"primaryImageOfPage":{"@id":"https:\/\/www.nushu.cat\/en\/product\/mare\/#primaryimage"},"image":{"@id":"https:\/\/www.nushu.cat\/en\/product\/mare\/#primaryimage"},"thumbnailUrl":"https:\/\/www.nushu.cat\/wp-content\/uploads\/2024\/02\/mama-libro.jpg","datePublished":"2024-02-02T12:04:23+00:00","dateModified":"2025-11-30T21:52:14+00:00","description":"Mare. Un nom \u00fanic i divers a la vegada. Cada infant en t\u00e9 una. Una paraula per expressar l'amor, la tendresa, el vincle, la necessitat, l'espera i, a vegades, l'abs\u00e8ncia.","breadcrumb":{"@id":"https:\/\/www.nushu.cat\/en\/product\/mare\/#breadcrumb"},"inLanguage":"en-US","potentialAction":[{"@type":"ReadAction","target":["https:\/\/www.nushu.cat\/en\/product\/mare\/"]}]},{"@type":"ImageObject","inLanguage":"en-US","@id":"https:\/\/www.nushu.cat\/en\/product\/mare\/#primaryimage","url":"https:\/\/www.nushu.cat\/wp-content\/uploads\/2024\/02\/mama-libro.jpg","contentUrl":"https:\/\/www.nushu.cat\/wp-content\/uploads\/2024\/02\/mama-libro.jpg","width":1196,"height":1500,"caption":"Mam\u00e1 libro"},{"@type":"BreadcrumbList","@id":"https:\/\/www.nushu.cat\/en\/product\/mare\/#breadcrumb","itemListElement":[{"@type":"ListItem","position":1,"name":"Inici","item":"https:\/\/www.nushu.cat\/en\/menstrual-pads\/"},{"@type":"ListItem","position":2,"name":"Shop","item":"https:\/\/www.nushu.cat\/en\/shop\/"},{"@type":"ListItem","position":3,"name":"Mare"}]},{"@type":"WebSite","@id":"https:\/\/www.nushu.cat\/en\/#website","url":"https:\/\/www.nushu.cat\/en\/","name":"n\u00fcshu","description":"natural &amp; sostenible","publisher":{"@id":"https:\/\/www.nushu.cat\/en\/#organization"},"potentialAction":[{"@type":"SearchAction","target":{"@type":"EntryPoint","urlTemplate":"https:\/\/www.nushu.cat\/en\/?s={search_term_string}"},"query-input":{"@type":"PropertyValueSpecification","valueRequired":true,"valueName":"search_term_string"}}],"inLanguage":"en-US"},{"@type":"Organization","@id":"https:\/\/www.nushu.cat\/en\/#organization","name":"n\u00fcshu","url":"https:\/\/www.nushu.cat\/en\/","logo":{"@type":"ImageObject","inLanguage":"en-US","@id":"https:\/\/www.nushu.cat\/en\/#\/schema\/logo\/image\/","url":"https:\/\/www.nushu.cat\/wp-content\/uploads\/2024\/02\/nushu-share-1-1.png","contentUrl":"https:\/\/www.nushu.cat\/wp-content\/uploads\/2024\/02\/nushu-share-1-1.png","width":1080,"height":1080,"caption":"n\u00fcshu"},"image":{"@id":"https:\/\/www.nushu.cat\/en\/#\/schema\/logo\/image\/"},"sameAs":["https:\/\/www.facebook.com\/nushu.artesania\/","https:\/\/www.instagram.com\/nushu_artesania"]}]}},"jetpack_sharing_enabled":true,"_links":{"self":[{"href":"https:\/\/www.nushu.cat\/en\/wp-json\/wp\/v2\/product\/253149","targetHints":{"allow":["GET"]}}],"collection":[{"href":"https:\/\/www.nushu.cat\/en\/wp-json\/wp\/v2\/product"}],"about":[{"href":"https:\/\/www.nushu.cat\/en\/wp-json\/wp\/v2\/types\/product"}],"version-history":[{"count":2,"href":"https:\/\/www.nushu.cat\/en\/wp-json\/wp\/v2\/product\/253149\/revisions"}],"predecessor-version":[{"id":263820,"href":"https:\/\/www.nushu.cat\/en\/wp-json\/wp\/v2\/product\/253149\/revisions\/263820"}],"wp:featuredmedia":[{"embeddable":true,"href":"https:\/\/www.nushu.cat\/en\/wp-json\/wp\/v2\/media\/253150"}],"wp:attachment":[{"href":"https:\/\/www.nushu.cat\/en\/wp-json\/wp\/v2\/media?parent=253149"}],"wp:term":[{"taxonomy":"product_brand","embeddable":true,"href":"https:\/\/www.nushu.cat\/en\/wp-json\/wp\/v2\/product_brand?post=253149"},{"taxonomy":"product_cat","embeddable":true,"href":"https:\/\/www.nushu.cat\/en\/wp-json\/wp\/v2\/product_cat?post=253149"},{"taxonomy":"product_tag","embeddable":true,"href":"https:\/\/www.nushu.cat\/en\/wp-json\/wp\/v2\/product_tag?post=253149"}],"curies":[{"name":"wp","href":"https:\/\/api.w.org\/{rel}","templated":true}]}}