{"id":263611,"date":"2024-04-08T18:35:14","date_gmt":"2024-04-08T16:35:14","guid":{"rendered":"https:\/\/www.nushu.cat\/?post_type=product&#038;p=263611"},"modified":"2025-11-29T22:30:36","modified_gmt":"2025-11-29T21:30:36","slug":"zero-tabus","status":"publish","type":"product","link":"https:\/\/www.nushu.cat\/en\/product\/zero-tabus\/","title":{"rendered":"zero tab\u00fas"},"content":{"rendered":"<p>Els nens i les nenes tenen moltes preguntes sobre el penis, la vulva o com es fa un nad\u00f3.<\/p>\n<p>Utilitza aquests llibres imprescindibles perqu\u00e8 els m\u00e9s petits coneguin amb les persones de confian\u00e7a totes les respostes.<\/p>\n<p>La col\u00b7lecci\u00f3 infantil Menstruita Mini, creada per la psic\u00f2loga especialitzada en educaci\u00f3 sexual Anna Salvia i per la il\u00b7lustradora i realitzadora multim\u00e8dia Cristina Torr\u00f3n, arriba despr\u00e9s del fenomen editorial\u00a0<i>La regla mola (si saps com funciona)<\/i> per ajudar-te a parlar de sexualitat d\u2019una manera directa, senzilla i divertida.<\/p>\n<p>Cada llibre inclou una guia per a fam\u00edlies i educadors!<\/p>\n<p><strong>Menstruita<\/strong> \u00e9s el pseud\u00f2nim de la il\u00b7lustradora CRISTINA TORR\u00d3N. Una gran artista, que ha enamorat les xarxes socials amb els seus dibuixos sobre l&#8217;educaci\u00f3 sexual i la menstruaci\u00f3.<\/p>\n<p><strong>ANNA SALVIA<\/strong>, psic\u00f2loga especialitzada en educaci\u00f3 i salut sexual. T\u00e9 com a prop\u00f2sit millorar l&#8217;educaci\u00f3 sexual de persones de totes les edats. Ho aconsegueix donant educaci\u00f3 sexual (a nens, nenes, adolescents i dones), ensenyant fam\u00edlies i professionals a donar educaci\u00f3 sexual (mitjan\u00e7ant tallers, xerrades i formacions) i escrivint llibres de divulgaci\u00f3 sobre sexualitat per a grans i petits.<\/p>\n","protected":false},"excerpt":{"rendered":"<p>Un pack de 3 llibres per acompanyar i educar la sexualitat dels m\u00e9s petit@s de la casa.<\/p>\n<p>Es diu vulva + Es diu penis + Aix\u00ed es fa un nad\u00f3.<\/p>\n<p>Col\u00b7lecci\u00f3 Mini Menstru\u00efta<br \/>\nP\u00e0gines: 48<br \/>\nEdat: A partir de 4 anys<br \/>\nTapa dura<br \/>\nIdioma: Espanyol, euskera i catal\u00e0<br \/>\nAutor: Anna Salvia i Cristina Torr\u00f3n (Menstru\u00efta)<br \/>\nEditorial: PENGUIN KIDS<br \/>\nDimensions: 285mm x 265mm<\/p>\n","protected":false},"featured_media":263882,"template":"","meta":{"_acf_changed":false},"product_brand":[],"product_cat":[44,45,39,34],"product_tag":[],"class_list":{"0":"post-263611","1":"product","2":"type-product","3":"status-publish","4":"has-post-thumbnail","6":"product_cat-llibres","7":"product_cat-maternitat-sostenible","8":"product_cat-maternitat-i-crianca","9":"product_cat-sostenible","11":"first","12":"instock","13":"sale","14":"taxable","15":"shipping-taxable","16":"purchasable","17":"product-type-variable"},"acf":[],"yoast_head":"<!-- This site is optimized with the Yoast SEO plugin v27.2 - https:\/\/yoast.com\/product\/yoast-seo-wordpress\/ -->\n<title>Llibre zero tab\u00fas - n\u00fcshu<\/title>\n<meta name=\"description\" content=\"Col\u00b7lecci\u00f3 de llibres escrits per Anna Salvia, psic\u00f2loga especialista en educaci\u00f3 sexual, i il\u00b7lustrats Cristina Torr\u00f3n, creadora de Menstruita.\" \/>\n<meta name=\"robots\" content=\"index, follow, max-snippet:-1, max-image-preview:large, max-video-preview:-1\" \/>\n<link rel=\"canonical\" href=\"https:\/\/www.nushu.cat\/en\/product\/zero-tabus\/\" \/>\n<meta property=\"og:locale\" content=\"en_US\" \/>\n<meta property=\"og:type\" content=\"article\" \/>\n<meta property=\"og:title\" content=\"Llibre zero tab\u00fas - n\u00fcshu\" \/>\n<meta property=\"og:description\" content=\"Col\u00b7lecci\u00f3 de llibres escrits per Anna Salvia, psic\u00f2loga especialista en educaci\u00f3 sexual, i il\u00b7lustrats Cristina Torr\u00f3n, creadora de Menstruita.\" \/>\n<meta property=\"og:url\" content=\"https:\/\/www.nushu.cat\/en\/product\/zero-tabus\/\" \/>\n<meta property=\"og:site_name\" content=\"n\u00fcshu\" \/>\n<meta property=\"article:publisher\" content=\"https:\/\/www.facebook.com\/nushu.artesania\/\" \/>\n<meta property=\"article:modified_time\" content=\"2025-11-29T21:30:36+00:00\" \/>\n<meta property=\"og:image\" content=\"https:\/\/www.nushu.cat\/wp-content\/uploads\/2024\/04\/img_4771-scaled.jpeg\" \/>\n\t<meta property=\"og:image:width\" content=\"2560\" \/>\n\t<meta property=\"og:image:height\" content=\"2560\" \/>\n\t<meta property=\"og:image:type\" content=\"image\/jpeg\" \/>\n<meta name=\"twitter:card\" content=\"summary_large_image\" \/>\n<meta name=\"twitter:label1\" content=\"Est. reading time\" \/>\n\t<meta name=\"twitter:data1\" content=\"2 minutes\" \/>\n<!-- \/ Yoast SEO plugin. -->","yoast_head_json":{"title":"Llibre zero tab\u00fas - n\u00fcshu","description":"Col\u00b7lecci\u00f3 de llibres escrits per Anna Salvia, psic\u00f2loga especialista en educaci\u00f3 sexual, i il\u00b7lustrats Cristina Torr\u00f3n, creadora de Menstruita.","robots":{"index":"index","follow":"follow","max-snippet":"max-snippet:-1","max-image-preview":"max-image-preview:large","max-video-preview":"max-video-preview:-1"},"canonical":"https:\/\/www.nushu.cat\/en\/product\/zero-tabus\/","og_locale":"en_US","og_type":"article","og_title":"Llibre zero tab\u00fas - n\u00fcshu","og_description":"Col\u00b7lecci\u00f3 de llibres escrits per Anna Salvia, psic\u00f2loga especialista en educaci\u00f3 sexual, i il\u00b7lustrats Cristina Torr\u00f3n, creadora de Menstruita.","og_url":"https:\/\/www.nushu.cat\/en\/product\/zero-tabus\/","og_site_name":"n\u00fcshu","article_publisher":"https:\/\/www.facebook.com\/nushu.artesania\/","article_modified_time":"2025-11-29T21:30:36+00:00","og_image":[{"width":2560,"height":2560,"url":"https:\/\/www.nushu.cat\/wp-content\/uploads\/2024\/04\/img_4771-scaled.jpeg","type":"image\/jpeg"}],"twitter_card":"summary_large_image","twitter_misc":{"Est. reading time":"2 minutes"},"schema":{"@context":"https:\/\/schema.org","@graph":[{"@type":"WebPage","@id":"https:\/\/www.nushu.cat\/en\/product\/zero-tabus\/","url":"https:\/\/www.nushu.cat\/en\/product\/zero-tabus\/","name":"Llibre zero tab\u00fas - n\u00fcshu","isPartOf":{"@id":"https:\/\/www.nushu.cat\/en\/#website"},"primaryImageOfPage":{"@id":"https:\/\/www.nushu.cat\/en\/product\/zero-tabus\/#primaryimage"},"image":{"@id":"https:\/\/www.nushu.cat\/en\/product\/zero-tabus\/#primaryimage"},"thumbnailUrl":"https:\/\/www.nushu.cat\/wp-content\/uploads\/2024\/04\/img_4771-scaled.jpeg","datePublished":"2024-04-08T16:35:14+00:00","dateModified":"2025-11-29T21:30:36+00:00","description":"Col\u00b7lecci\u00f3 de llibres escrits per Anna Salvia, psic\u00f2loga especialista en educaci\u00f3 sexual, i il\u00b7lustrats Cristina Torr\u00f3n, creadora de Menstruita.","breadcrumb":{"@id":"https:\/\/www.nushu.cat\/en\/product\/zero-tabus\/#breadcrumb"},"inLanguage":"en-US","potentialAction":[{"@type":"ReadAction","target":["https:\/\/www.nushu.cat\/en\/product\/zero-tabus\/"]}]},{"@type":"ImageObject","inLanguage":"en-US","@id":"https:\/\/www.nushu.cat\/en\/product\/zero-tabus\/#primaryimage","url":"https:\/\/www.nushu.cat\/wp-content\/uploads\/2024\/04\/img_4771-scaled.jpeg","contentUrl":"https:\/\/www.nushu.cat\/wp-content\/uploads\/2024\/04\/img_4771-scaled.jpeg","width":2560,"height":2560},{"@type":"BreadcrumbList","@id":"https:\/\/www.nushu.cat\/en\/product\/zero-tabus\/#breadcrumb","itemListElement":[{"@type":"ListItem","position":1,"name":"Inici","item":"https:\/\/www.nushu.cat\/en\/menstrual-pads\/"},{"@type":"ListItem","position":2,"name":"Shop","item":"https:\/\/www.nushu.cat\/en\/shop\/"},{"@type":"ListItem","position":3,"name":"zero tab\u00fas"}]},{"@type":"WebSite","@id":"https:\/\/www.nushu.cat\/en\/#website","url":"https:\/\/www.nushu.cat\/en\/","name":"n\u00fcshu","description":"natural &amp; sostenible","publisher":{"@id":"https:\/\/www.nushu.cat\/en\/#organization"},"potentialAction":[{"@type":"SearchAction","target":{"@type":"EntryPoint","urlTemplate":"https:\/\/www.nushu.cat\/en\/?s={search_term_string}"},"query-input":{"@type":"PropertyValueSpecification","valueRequired":true,"valueName":"search_term_string"}}],"inLanguage":"en-US"},{"@type":"Organization","@id":"https:\/\/www.nushu.cat\/en\/#organization","name":"n\u00fcshu","url":"https:\/\/www.nushu.cat\/en\/","logo":{"@type":"ImageObject","inLanguage":"en-US","@id":"https:\/\/www.nushu.cat\/en\/#\/schema\/logo\/image\/","url":"https:\/\/www.nushu.cat\/wp-content\/uploads\/2024\/02\/nushu-share-1-1.png","contentUrl":"https:\/\/www.nushu.cat\/wp-content\/uploads\/2024\/02\/nushu-share-1-1.png","width":1080,"height":1080,"caption":"n\u00fcshu"},"image":{"@id":"https:\/\/www.nushu.cat\/en\/#\/schema\/logo\/image\/"},"sameAs":["https:\/\/www.facebook.com\/nushu.artesania\/","https:\/\/www.instagram.com\/nushu_artesania"]}]}},"jetpack_sharing_enabled":true,"_links":{"self":[{"href":"https:\/\/www.nushu.cat\/en\/wp-json\/wp\/v2\/product\/263611","targetHints":{"allow":["GET"]}}],"collection":[{"href":"https:\/\/www.nushu.cat\/en\/wp-json\/wp\/v2\/product"}],"about":[{"href":"https:\/\/www.nushu.cat\/en\/wp-json\/wp\/v2\/types\/product"}],"version-history":[{"count":2,"href":"https:\/\/www.nushu.cat\/en\/wp-json\/wp\/v2\/product\/263611\/revisions"}],"predecessor-version":[{"id":268618,"href":"https:\/\/www.nushu.cat\/en\/wp-json\/wp\/v2\/product\/263611\/revisions\/268618"}],"wp:featuredmedia":[{"embeddable":true,"href":"https:\/\/www.nushu.cat\/en\/wp-json\/wp\/v2\/media\/263882"}],"wp:attachment":[{"href":"https:\/\/www.nushu.cat\/en\/wp-json\/wp\/v2\/media?parent=263611"}],"wp:term":[{"taxonomy":"product_brand","embeddable":true,"href":"https:\/\/www.nushu.cat\/en\/wp-json\/wp\/v2\/product_brand?post=263611"},{"taxonomy":"product_cat","embeddable":true,"href":"https:\/\/www.nushu.cat\/en\/wp-json\/wp\/v2\/product_cat?post=263611"},{"taxonomy":"product_tag","embeddable":true,"href":"https:\/\/www.nushu.cat\/en\/wp-json\/wp\/v2\/product_tag?post=263611"}],"curies":[{"name":"wp","href":"https:\/\/api.w.org\/{rel}","templated":true}]}}