{"id":5477,"date":"2020-05-28T07:43:29","date_gmt":"2020-05-28T07:43:29","guid":{"rendered":"https:\/\/www.nushu.cat\/?post_type=product&#038;p=5477"},"modified":"2025-11-12T13:57:29","modified_gmt":"2025-11-12T12:57:29","slug":"l-pad","status":"publish","type":"product","link":"https:\/\/www.nushu.cat\/en\/product\/l-pad\/","title":{"rendered":"Ecological day cloth pad L"},"content":{"rendered":"<p data-start=\"1108\" data-end=\"1317\"><strong data-start=\"1111\" data-end=\"1142\">The ecological day pad L <\/strong>made of 100% cotton by <strong data-start=\"1159\" data-end=\"1168\">n\u00fcshu<\/strong> is designed for<strong data-start=\"1201\" data-end=\"1224\"> heavier bleeding days<\/strong>, offering higher absorbency without compromising comfort or sustainability.<\/p>\n<p data-start=\"1319\" data-end=\"1453\"><strong data-start=\"1326\" data-end=\"1366\">It provides long-lasting protection throughout the day,<\/strong> with a pleasant and breathable feel thanks to <strong data-start=\"1418\" data-end=\"1451\">certified organic fabrics.<\/strong><\/p>\n<p data-start=\"1455\" data-end=\"1573\">It adjusts to your <strong data-start=\"1469\" data-end=\"1478\">underwear<\/strong> with a <strong data-start=\"1486\" data-end=\"1519\">nickel-free snap button,<\/strong> keeping the pad comfortably in place.<\/p>\n<p data-start=\"1575\" data-end=\"1793\">The <strong data-start=\"1597\" data-end=\"1606\">n\u00fcshu<\/strong> cloth pads are made in Spain. Specifically in a coastal town: <strong data-start=\"1673\" data-end=\"1690\">Canet de Mar.<\/strong> Each one has been <strong data-start=\"1711\" data-end=\"1791\">handcrafted with high-quality and locally sourced materials.<\/strong><\/p>\n<p data-start=\"1795\" data-end=\"1907\">All fabrics are <strong data-start=\"1838\" data-end=\"1855\">OEKO-TEX\u00ae 100 certified<\/strong>, ensuring the absence of harmful substances.<\/p>\n<p data-start=\"1909\" data-end=\"2027\"><strong data-start=\"1909\" data-end=\"1959\">They are vegan and cruelty-free.<\/strong> You\u2019ll be surprised by their absorbency despite how thin they are.<\/p>\n<h2 data-start=\"2034\" data-end=\"2078\">Materials of the ecological L pad<\/h2>\n<p data-start=\"2080\" data-end=\"2178\"><strong data-start=\"2105\" data-end=\"2114\">n\u00fcshu<\/strong> cloth pads are made up of several carefully selected layers:<\/p>\n<ul>\n<li data-start=\"2182\" data-end=\"2270\"><strong data-start=\"2182\" data-end=\"2227\">Inner layer (in contact with the vulva): <\/strong>100% cotton flannel, soft and pleasant.<\/li>\n<li data-start=\"2273\" data-end=\"2389\"><strong data-start=\"2273\" data-end=\"2295\">Intermediate layers:<\/strong> multiple 100% cotton layers that absorb menstrual flow evenly and effectively.<\/li>\n<li data-start=\"2392\" data-end=\"2514\"><strong data-start=\"2392\" data-end=\"2422\">Laminated waterproof layer: <\/strong>a breathable membrane that <strong data-start=\"2449\" data-end=\"2465\">prevents leaks <\/strong>and reduces the growth of fungi or bacteria.<\/li>\n<li data-start=\"2517\" data-end=\"2670\"><strong data-start=\"2517\" data-end=\"2535\">Outer layer: <\/strong>colorful and cheerful printed cotton fabric that touches your underwear and adds a touch of personality to your period.<\/li>\n<\/ul>\n<p data-start=\"2672\" data-end=\"2831\">All the fabrics mentioned above have <strong data-start=\"2724\" data-end=\"2763\">GOTS and OEKO-TEX\u00ae 100 certifications<\/strong>, ensuring eco-friendly processes and the absence of harmful substances.<\/p>\n<p data-start=\"2833\" data-end=\"2963\"><strong data-start=\"2845\" data-end=\"2882\">Remember that it is not used on both sides:<\/strong> the smooth and soft flannel side is the one that goes against the skin.<\/p>\n<h2 data-start=\"2970\" data-end=\"3025\">How to wash reusable cloth pads<\/h2>\n<p data-start=\"3027\" data-end=\"3282\">During your period, you can soak the pad in<strong data-start=\"3071\" data-end=\"3086\"> cold water<\/strong> after use to help release the blood from the fabric.<br data-start=\"3192\" data-end=\"3195\" \/>Adding a few drops of<strong data-start=\"3215\" data-end=\"3247\"> tea tree essential oil <\/strong>helps prevent bacteria and fungi.<\/p>\n<p data-start=\"3284\" data-end=\"3294\">Then:<\/p>\n<ol>\n<li data-start=\"3298\" data-end=\"3361\">Wash by hand with <strong data-start=\"3313\" data-end=\"3328\"><a href=\"https:\/\/www.nushu.cat\/en\/product\/soap-sustainable\/\">mild soap <\/a><\/strong>or in the washing machine (max. 30\u00b0C).<\/li>\n<li data-start=\"3365\" data-end=\"3404\">Do not use a tumble dryer or iron.<\/li>\n<li data-start=\"3408\" data-end=\"3468\"><strong data-start=\"3408\" data-end=\"3420\">Air dry<\/strong> and avoid storing it damp or folded.<\/li>\n<li data-start=\"3472\" data-end=\"3549\">For stubborn stains, you can use <strong data-start=\"3512\" data-end=\"3519\">sunlight<\/strong> or <strong data-start=\"3525\" data-end=\"3547\"><a href=\"https:\/\/www.nushu.cat\/producte\/precarbonat\/\">sodium percarbonate.<\/a><\/strong><\/li>\n<\/ol>\n<p data-start=\"3551\" data-end=\"3690\">With these simple care steps, your cloth pads can last for<strong data-start=\"3619\" data-end=\"3636\"> more than 3 years<\/strong>, maintaining their absorbency and softness.<\/p>\n<h3 data-start=\"3697\" data-end=\"3746\"><\/h3>\n<h2 data-start=\"3697\" data-end=\"3746\">Details of the ecological day pad L<\/h2>\n<ul>\n<li data-start=\"3750\" data-end=\"3805\"><strong data-start=\"3750\" data-end=\"3771\">Absorbency level: <\/strong>high (heavy menstrual flow)<\/li>\n<li data-start=\"3808\" data-end=\"3830\"><strong data-start=\"3808\" data-end=\"3818\">Size:<\/strong> 21 \u00d7 7 cm<\/li>\n<li data-start=\"3833\" data-end=\"3871\"><strong data-start=\"3833\" data-end=\"3848\">Certification: <\/strong>GOTS + OEKO-TEX\u00ae 100<\/li>\n<li data-start=\"3874\" data-end=\"3927\"><strong data-start=\"3874\" data-end=\"3897\">Manufacturing location:<\/strong> Handmade in Canet de Mar, Spain<\/li>\n<li data-start=\"3930\" data-end=\"3986\"><strong data-start=\"3930\" data-end=\"3941\">Models:<\/strong> available in different patterns and colors<\/li>\n<\/ul>\n<p>&nbsp;<\/p>\n<h2>Other models of reusable cloth pads<\/h2>\n<p data-start=\"3370\" data-end=\"3515\">Every moment of the menstrual cycle is different, which is why at <strong data-start=\"3426\" data-end=\"3435\">n\u00fcshu<\/strong> you\u2019ll find different models of reusable cloth pads adapted to each need:<\/p>\n<ul>\n<li data-start=\"3519\" data-end=\"3637\"><strong data-start=\"3519\" data-end=\"3541\"><a href=\"https:\/\/www.nushu.cat\/en\/productes\/menstrual-hygiene-sustainable\/menstrual_pads\/pantyliners\/\">Cloth panty liner:<\/a><\/strong> light absorbency, ideal for the first and last days of your period, daily use or small leaks.<\/li>\n<li data-start=\"3640\" data-end=\"3820\"><strong data-start=\"3640\" data-end=\"3661\"><a href=\"https:\/\/www.nushu.cat\/en\/productes\/menstrual-hygiene-sustainable\/menstrual_pads\/day\/\">Day pads:<\/a><\/strong> with medium or heavy absorbency. The <a href=\"https:\/\/www.nushu.cat\/en\/product\/m\/\"><strong data-start=\"3701\" data-end=\"3706\">M<\/strong> and <\/a><a href=\"https:\/\/www.nushu.cat\/en\/product\/l\/\">L<\/a> models adapt to light or heavy periods and also to moderate or severe urine leaks.<\/li>\n<li data-start=\"3823\" data-end=\"3984\"><strong data-start=\"3823\" data-end=\"3844\"><a href=\"https:\/\/www.nushu.cat\/en\/productes\/menstrual-hygiene-sustainable\/menstrual_pads\/night\/\">Night pads:<\/a><\/strong> with very high absorbency and a longer back design, perfect for sleeping comfortably. Available in sizes <strong data-start=\"3965\" data-end=\"3971\"><a href=\"https:\/\/www.nushu.cat\/en\/product\/xl\/\">XL<\/a><\/strong> and <strong data-start=\"3974\" data-end=\"3981\"><a href=\"https:\/\/www.nushu.cat\/en\/product\/xxl\/\">XXL<\/a><\/strong>.<\/li>\n<li data-start=\"3987\" data-end=\"4130\"><strong data-start=\"3987\" data-end=\"4014\"><a href=\"https:\/\/www.nushu.cat\/en\/productes\/menstrual-hygiene-sustainable\/menstrual_pads\/large\/\">Large cotton pads<\/a><\/strong> or <strong data-start=\"4017\" data-end=\"4047\"><a href=\"https:\/\/www.nushu.cat\/en\/productes\/menstrual-hygiene-sustainable\/menstrual_pads\/postpartum\/\">postpartum pads<\/a><\/strong>: for very heavy bleeding, offering maximum absorbency and extra coverage.<\/li>\n<\/ul>\n<p data-start=\"4132\" data-end=\"4287\">I invite you to <strong data-start=\"4147\" data-end=\"4192\"><a href=\"https:\/\/www.nushu.cat\/wp-content\/uploads\/2024\/02\/nushu-diagrama_vat-1.pdf\">download this menstrual chart<\/a><\/strong> and start using it. It\u2019s a simple tool that can be incredibly helpful once you get used to it!<\/p>\n","protected":false},"excerpt":{"rendered":"<ul>\n<li data-start=\"662\" data-end=\"858\"><strong data-start=\"674\" data-end=\"709\">Strong absorption ecological cloth pad<\/strong>, designed for the heaviest days of your period. Made from <strong data-start=\"774\" data-end=\"818\">GOTS and OEKO-TEX\u00ae certified organic cotton<\/strong>, soft and gentle on your skin.<\/li>\n<li data-start=\"861\" data-end=\"934\"><strong data-start=\"867\" data-end=\"911\">The same size as <a href=\"https:\/\/www.nushu.cat\/en\/product\/m-pad\/\">the ecological M pad<\/a><\/strong>, but more absorbent.<\/li>\n<li data-start=\"937\" data-end=\"1002\">For heavier flow days or for wearing <strong data-start=\"983\" data-end=\"999\">many hours.<\/strong><\/li>\n<li data-start=\"1005\" data-end=\"1041\"><strong data-start=\"1011\" data-end=\"1039\">For severe urinary leaks.<\/strong><\/li>\n<li data-start=\"1044\" data-end=\"1073\"><strong data-start=\"1044\" data-end=\"1054\">Size:<\/strong> approximately 21 \u00d7 7 cm.<\/li>\n<\/ul>\n","protected":false},"featured_media":268359,"template":"","meta":{"_acf_changed":false},"product_brand":[],"product_cat":[847,312,286],"product_tag":[],"class_list":{"0":"post-5477","1":"product","2":"type-product","3":"status-publish","4":"has-post-thumbnail","6":"product_cat-day","7":"product_cat-menstrual_pads","8":"product_cat-menstrual-hygiene-sustainable","10":"first","11":"instock","12":"taxable","13":"shipping-taxable","14":"purchasable","15":"product-type-variable","16":"has-default-attributes"},"acf":[],"yoast_head":"<!-- This site is optimized with the Yoast SEO plugin v27.4 - https:\/\/yoast.com\/product\/yoast-seo-wordpress\/ -->\n<title>Ecological day cloth pad L - n\u00fcshu<\/title>\n<meta name=\"description\" content=\"Reusable ecological cloth pad for heavy flow days. Made in Spain with GOTS and OEKO-TEX\u00ae certified organic cotton. Sustainable menstruation with n\u00fcshu.\" \/>\n<meta name=\"robots\" content=\"index, follow, max-snippet:-1, max-image-preview:large, max-video-preview:-1\" \/>\n<link rel=\"canonical\" href=\"https:\/\/www.nushu.cat\/en\/product\/l\/\" \/>\n<meta property=\"og:locale\" content=\"en_US\" \/>\n<meta property=\"og:type\" content=\"article\" \/>\n<meta property=\"og:title\" content=\"Ecological day cloth pad L - n\u00fcshu\" \/>\n<meta property=\"og:description\" content=\"Reusable ecological cloth pad for heavy flow days. Made in Spain with GOTS and OEKO-TEX\u00ae certified organic cotton. Sustainable menstruation with n\u00fcshu.\" \/>\n<meta property=\"og:url\" content=\"https:\/\/www.nushu.cat\/en\/product\/l\/\" \/>\n<meta property=\"og:site_name\" content=\"n\u00fcshu\" \/>\n<meta property=\"article:publisher\" content=\"https:\/\/www.facebook.com\/nushu.artesania\/\" \/>\n<meta property=\"article:modified_time\" content=\"2025-11-12T12:57:29+00:00\" \/>\n<meta property=\"og:image\" content=\"https:\/\/www.nushu.cat\/wp-content\/uploads\/2020\/05\/compresa-dia-eco-l-floral-pink.webp\" \/>\n\t<meta property=\"og:image:width\" content=\"693\" \/>\n\t<meta property=\"og:image:height\" content=\"692\" \/>\n\t<meta property=\"og:image:type\" content=\"image\/webp\" \/>\n<meta name=\"twitter:card\" content=\"summary_large_image\" \/>\n<meta name=\"twitter:label1\" content=\"Est. reading time\" \/>\n\t<meta name=\"twitter:data1\" content=\"1 minute\" \/>\n<!-- \/ Yoast SEO plugin. -->","yoast_head_json":{"title":"Ecological day cloth pad L - n\u00fcshu","description":"Reusable ecological cloth pad for heavy flow days. Made in Spain with GOTS and OEKO-TEX\u00ae certified organic cotton. Sustainable menstruation with n\u00fcshu.","robots":{"index":"index","follow":"follow","max-snippet":"max-snippet:-1","max-image-preview":"max-image-preview:large","max-video-preview":"max-video-preview:-1"},"canonical":"https:\/\/www.nushu.cat\/en\/product\/l\/","og_locale":"en_US","og_type":"article","og_title":"Ecological day cloth pad L - n\u00fcshu","og_description":"Reusable ecological cloth pad for heavy flow days. Made in Spain with GOTS and OEKO-TEX\u00ae certified organic cotton. Sustainable menstruation with n\u00fcshu.","og_url":"https:\/\/www.nushu.cat\/en\/product\/l\/","og_site_name":"n\u00fcshu","article_publisher":"https:\/\/www.facebook.com\/nushu.artesania\/","article_modified_time":"2025-11-12T12:57:29+00:00","og_image":[{"width":693,"height":692,"url":"https:\/\/www.nushu.cat\/wp-content\/uploads\/2020\/05\/compresa-dia-eco-l-floral-pink.webp","type":"image\/webp"}],"twitter_card":"summary_large_image","twitter_misc":{"Est. reading time":"1 minute"},"schema":{"@context":"https:\/\/schema.org","@graph":[{"@type":"WebPage","@id":"https:\/\/www.nushu.cat\/en\/product\/l-pad\/","url":"https:\/\/www.nushu.cat\/en\/product\/l\/","name":"Ecological day cloth pad L - n\u00fcshu","isPartOf":{"@id":"https:\/\/www.nushu.cat\/en\/#website"},"primaryImageOfPage":{"@id":"https:\/\/www.nushu.cat\/en\/product\/l\/#primaryimage"},"image":{"@id":"https:\/\/www.nushu.cat\/en\/product\/l\/#primaryimage"},"thumbnailUrl":"https:\/\/www.nushu.cat\/wp-content\/uploads\/2020\/05\/compresa-dia-eco-l-floral-pink.webp","datePublished":"2020-05-28T07:43:29+00:00","dateModified":"2025-11-12T12:57:29+00:00","description":"Reusable ecological cloth pad for heavy flow days. Made in Spain with GOTS and OEKO-TEX\u00ae certified organic cotton. Sustainable menstruation with n\u00fcshu.","breadcrumb":{"@id":"https:\/\/www.nushu.cat\/en\/product\/l\/#breadcrumb"},"inLanguage":"en-US","potentialAction":[{"@type":"ReadAction","target":["https:\/\/www.nushu.cat\/en\/product\/l\/"]}]},{"@type":"ImageObject","inLanguage":"en-US","@id":"https:\/\/www.nushu.cat\/en\/product\/l\/#primaryimage","url":"https:\/\/www.nushu.cat\/wp-content\/uploads\/2020\/05\/compresa-dia-eco-l-floral-pink.webp","contentUrl":"https:\/\/www.nushu.cat\/wp-content\/uploads\/2020\/05\/compresa-dia-eco-l-floral-pink.webp","width":693,"height":692,"caption":"Compresa de d\u00eda ecol\u00f3gica L estampado Floral Pink reutilizable n\u00fcshu"},{"@type":"BreadcrumbList","@id":"https:\/\/www.nushu.cat\/en\/product\/l\/#breadcrumb","itemListElement":[{"@type":"ListItem","position":1,"name":"Inici","item":"https:\/\/www.nushu.cat\/en\/menstrual-pads\/"},{"@type":"ListItem","position":2,"name":"Shop","item":"https:\/\/www.nushu.cat\/en\/shop\/"},{"@type":"ListItem","position":3,"name":"Ecological day cloth pad L"}]},{"@type":"WebSite","@id":"https:\/\/www.nushu.cat\/en\/#website","url":"https:\/\/www.nushu.cat\/en\/","name":"n\u00fcshu","description":"natural &amp; sostenible","publisher":{"@id":"https:\/\/www.nushu.cat\/en\/#organization"},"potentialAction":[{"@type":"SearchAction","target":{"@type":"EntryPoint","urlTemplate":"https:\/\/www.nushu.cat\/en\/?s={search_term_string}"},"query-input":{"@type":"PropertyValueSpecification","valueRequired":true,"valueName":"search_term_string"}}],"inLanguage":"en-US"},{"@type":"Organization","@id":"https:\/\/www.nushu.cat\/en\/#organization","name":"n\u00fcshu","url":"https:\/\/www.nushu.cat\/en\/","logo":{"@type":"ImageObject","inLanguage":"en-US","@id":"https:\/\/www.nushu.cat\/en\/#\/schema\/logo\/image\/","url":"https:\/\/www.nushu.cat\/wp-content\/uploads\/2024\/02\/nushu-share-1-1.png","contentUrl":"https:\/\/www.nushu.cat\/wp-content\/uploads\/2024\/02\/nushu-share-1-1.png","width":1080,"height":1080,"caption":"n\u00fcshu"},"image":{"@id":"https:\/\/www.nushu.cat\/en\/#\/schema\/logo\/image\/"},"sameAs":["https:\/\/www.facebook.com\/nushu.artesania\/","https:\/\/www.instagram.com\/nushu_artesania"]}]}},"jetpack_sharing_enabled":true,"_links":{"self":[{"href":"https:\/\/www.nushu.cat\/en\/wp-json\/wp\/v2\/product\/5477","targetHints":{"allow":["GET"]}}],"collection":[{"href":"https:\/\/www.nushu.cat\/en\/wp-json\/wp\/v2\/product"}],"about":[{"href":"https:\/\/www.nushu.cat\/en\/wp-json\/wp\/v2\/types\/product"}],"version-history":[{"count":2,"href":"https:\/\/www.nushu.cat\/en\/wp-json\/wp\/v2\/product\/5477\/revisions"}],"predecessor-version":[{"id":268381,"href":"https:\/\/www.nushu.cat\/en\/wp-json\/wp\/v2\/product\/5477\/revisions\/268381"}],"wp:featuredmedia":[{"embeddable":true,"href":"https:\/\/www.nushu.cat\/en\/wp-json\/wp\/v2\/media\/268359"}],"wp:attachment":[{"href":"https:\/\/www.nushu.cat\/en\/wp-json\/wp\/v2\/media?parent=5477"}],"wp:term":[{"taxonomy":"product_brand","embeddable":true,"href":"https:\/\/www.nushu.cat\/en\/wp-json\/wp\/v2\/product_brand?post=5477"},{"taxonomy":"product_cat","embeddable":true,"href":"https:\/\/www.nushu.cat\/en\/wp-json\/wp\/v2\/product_cat?post=5477"},{"taxonomy":"product_tag","embeddable":true,"href":"https:\/\/www.nushu.cat\/en\/wp-json\/wp\/v2\/product_tag?post=5477"}],"curies":[{"name":"wp","href":"https:\/\/api.w.org\/{rel}","templated":true}]}}