{"id":5523,"date":"2020-05-28T08:02:38","date_gmt":"2020-05-28T08:02:38","guid":{"rendered":"https:\/\/www.nushu.cat\/?post_type=product&#038;p=5523"},"modified":"2025-11-12T13:56:57","modified_gmt":"2025-11-12T12:56:57","slug":"xxl-2","status":"publish","type":"product","link":"https:\/\/www.nushu.cat\/en\/product\/xxl-2\/","title":{"rendered":"Super Eco Night Pad XXL"},"content":{"rendered":"<p data-start=\"900\" data-end=\"1191\"><strong data-start=\"903\" data-end=\"942\">The Super Eco Night Pad XXL by n\u00fcshu <\/strong>combines <strong data-start=\"946\" data-end=\"955\">maximum absorption<\/strong> and <strong data-start=\"964\" data-end=\"1000\">sustainability<\/strong> in a design ideal for a calm and comfortable night\u2019s sleep.<br data-start=\"1057\" data-end=\"1060\" \/>Its elongated and widened back shape provides<strong data-start=\"1119\" data-end=\"1152\"> total protection during the night or on days <\/strong>with very heavy bleeding.<\/p>\n<p data-start=\"1193\" data-end=\"1337\">It easily attaches to your underwear with a n<strong data-start=\"1237\" data-end=\"1280\">ickel-free metal snap button<\/strong>, ensuring a secure fit without discomfort.<\/p>\n<p data-start=\"1339\" data-end=\"1542\"><strong data-start=\"1361\" data-end=\"1370\">n\u00fcshu\u2019<\/strong>s cloth pads are made in Spain, in a coastal town called Canet de Mar. Each one is <strong data-start=\"1458\" data-end=\"1495\">handcrafted<\/strong> with high-quality,<strong data-start=\"1500\" data-end=\"1541\"> locally sourced materials.<\/strong><\/p>\n<p data-start=\"1544\" data-end=\"1843\">The fabrics used in these pads are <strong data-start=\"1586\" data-end=\"1605\">GOTS certified, <\/strong>ensuring that all production processes are <strong data-start=\"1661\" data-end=\"1685\">ecological and organic. <\/strong>They make cloth pads the perfect alternative for a healthy, safe, and sustainable menstruation that cares for your skin and the planet.<\/p>\n<p data-start=\"1845\" data-end=\"1961\"><strong data-start=\"1845\" data-end=\"1895\">They are vegan and cruelty-free.<\/strong> You\u2019ll be surprised by their absorbency despite how thin they are.<\/p>\n<h2 data-start=\"1968\" data-end=\"2022\">Materials of the Eco Night Pad XXL<\/h2>\n<p data-start=\"2024\" data-end=\"2120\"><strong data-start=\"2049\" data-end=\"2058\">n\u00fcshu<\/strong> cloth pads are made up of several carefully selected layers:<\/p>\n<ul>\n<li data-start=\"2124\" data-end=\"2241\"><strong data-start=\"2124\" data-end=\"2169\">Inner layer (in contact with the vulva): <\/strong>100% cotton flannel, very soft, preventing irritation and friction.<\/li>\n<li data-start=\"2244\" data-end=\"2387\"><strong data-start=\"2244\" data-end=\"2266\">Middle layers: <\/strong>several layers of 100% cotton that absorb menstrual flow or postpartum leaks effectively and evenly.<\/li>\n<li data-start=\"2390\" data-end=\"2551\"><strong data-start=\"2390\" data-end=\"2420\">Laminated waterproof layer:<\/strong> an innovative membrane that <strong data-start=\"2449\" data-end=\"2465\">prevents leaks<\/strong> while allowing <strong data-start=\"2487\" data-end=\"2503\">breathability<\/strong>, reducing the risk of fungus or bacteria.<\/li>\n<li data-start=\"2554\" data-end=\"2706\"><strong data-start=\"2554\" data-end=\"2572\">Outer layer:<\/strong> cheerful and colorful printed cotton fabric that stays in contact with your underwear, adding a touch of personality to your menstruation.<\/li>\n<\/ul>\n<p data-start=\"2708\" data-end=\"2819\"><strong data-start=\"2737\" data-end=\"2758\">All fabrics are GOTS certified,<\/strong> ensuring ecological processes and the absence of harmful substances.<\/p>\n<p data-start=\"2821\" data-end=\"2955\"><strong data-start=\"2833\" data-end=\"2875\">Remember that it\u2019s not reversible<\/strong>: the smooth, soft flannel side is the one that goes against your skin.<\/p>\n<h2 data-start=\"2962\" data-end=\"3017\">How to wash reusable cloth pads<\/h2>\n<p data-start=\"3019\" data-end=\"3287\">During your period, you can leave the pad soaking in <strong data-start=\"3068\" data-end=\"3083\">cold water<\/strong> to help release the blood from the fabric.<br data-start=\"3186\" data-end=\"3189\" \/>Adding a few drops of tea tree essential oil can help prevent bacteria and fungi.<\/p>\n<p data-start=\"3289\" data-end=\"3297\">Then:<\/p>\n<ol>\n<li data-start=\"3302\" data-end=\"3365\">Wash by hand with <strong data-start=\"3317\" data-end=\"3332\"><a href=\"https:\/\/www.nushu.cat\/en\/product\/soap-sustainable\/\">mild soap <\/a><\/strong>or in the washing machine (max. 30\u00b0C).<\/li>\n<li data-start=\"3369\" data-end=\"3408\">Do not use a tumble dryer or iron.<\/li>\n<li data-start=\"3412\" data-end=\"3462\"><strong data-start=\"3412\" data-end=\"3424\">Hang it<\/strong> to air dry and avoid storing it while damp.<\/li>\n<li data-start=\"3466\" data-end=\"3537\">For stubborn stains, you can use sunlight or <strong data-start=\"3515\" data-end=\"3536\"><a href=\"https:\/\/www.nushu.cat\/en\/product\/sodium_precarbonate\/\">sodium percarbonate.<\/a><\/strong><\/li>\n<\/ol>\n<p data-start=\"3539\" data-end=\"3676\">With these simple care steps, your cloth pads can last for more than<strong data-start=\"3614\" data-end=\"3624\"> 3 years<\/strong>, maintaining their absorbency and softness.<\/p>\n<h2 data-start=\"3683\" data-end=\"3727\">Eco Night Pad XXL details<\/h2>\n<ul>\n<li data-start=\"3731\" data-end=\"3779\"><strong data-start=\"3731\" data-end=\"3752\">Absorption type: <\/strong>extra strong (night use)<\/li>\n<li data-start=\"3782\" data-end=\"3804\"><strong data-start=\"3782\" data-end=\"3792\">Size:<\/strong> 27 \u00d7 7 cm<\/li>\n<li data-start=\"3807\" data-end=\"3845\"><strong data-start=\"3807\" data-end=\"3822\">Certification: <\/strong>GOTS + OEKO-TEX\u00ae 100<\/li>\n<li data-start=\"3848\" data-end=\"3901\"><strong data-start=\"3848\" data-end=\"3871\">Manufacturing location:<\/strong> Handmade in Canet de Mar, Spain<\/li>\n<li data-start=\"3904\" data-end=\"3958\"><strong data-start=\"3904\" data-end=\"3915\">Models:<\/strong> available in different patterns and colors<\/li>\n<\/ul>\n<p>&nbsp;<\/p>\n<h2 data-start=\"3965\" data-end=\"4007\">Other models of reusable cloth pads<\/h2>\n<p data-start=\"3370\" data-end=\"3515\">Every moment of the menstrual cycle is different, which is why at <strong data-start=\"3426\" data-end=\"3435\">n\u00fcshu<\/strong> you\u2019ll find different models of reusable cloth pads adapted to each need:<\/p>\n<ul>\n<li data-start=\"3519\" data-end=\"3637\"><strong data-start=\"3519\" data-end=\"3541\"><a href=\"https:\/\/www.nushu.cat\/en\/productes\/menstrual-hygiene-sustainable\/menstrual_pads\/pantyliners\/\">Cloth panty liner:<\/a><\/strong> light absorbency, ideal for the first and last days of your period, daily use or small leaks.<\/li>\n<li data-start=\"3640\" data-end=\"3820\"><strong data-start=\"3640\" data-end=\"3661\"><a href=\"https:\/\/www.nushu.cat\/en\/productes\/menstrual-hygiene-sustainable\/menstrual_pads\/day\/\">Day pads:<\/a><\/strong> with medium or heavy absorbency. The <a href=\"https:\/\/www.nushu.cat\/en\/product\/m\/\"><strong data-start=\"3701\" data-end=\"3706\">M<\/strong> and <\/a><a href=\"https:\/\/www.nushu.cat\/en\/product\/l\/\">L<\/a> models adapt to light or heavy periods and also to moderate or severe urine leaks.<\/li>\n<li data-start=\"3823\" data-end=\"3984\"><strong data-start=\"3823\" data-end=\"3844\"><a href=\"https:\/\/www.nushu.cat\/en\/productes\/menstrual-hygiene-sustainable\/menstrual_pads\/night\/\">Night pads:<\/a><\/strong> with very high absorbency and a longer back design, perfect for sleeping comfortably. Available in sizes <strong data-start=\"3965\" data-end=\"3971\"><a href=\"https:\/\/www.nushu.cat\/en\/product\/xl\/\">XL<\/a><\/strong> and <strong data-start=\"3974\" data-end=\"3981\"><a href=\"https:\/\/www.nushu.cat\/en\/product\/xxl\/\">XXL<\/a><\/strong>.<\/li>\n<li data-start=\"3987\" data-end=\"4130\"><strong data-start=\"3987\" data-end=\"4014\"><a href=\"https:\/\/www.nushu.cat\/en\/productes\/menstrual-hygiene-sustainable\/menstrual_pads\/large\/\">Large cotton pads<\/a><\/strong> or <strong data-start=\"4017\" data-end=\"4047\"><a href=\"https:\/\/www.nushu.cat\/en\/productes\/menstrual-hygiene-sustainable\/menstrual_pads\/postpartum\/\">postpartum pads<\/a><\/strong>: for very heavy bleeding, offering maximum absorbency and extra coverage.<\/li>\n<\/ul>\n<p data-start=\"4132\" data-end=\"4287\">I invite you to <strong data-start=\"4147\" data-end=\"4192\"><a href=\"https:\/\/www.nushu.cat\/wp-content\/uploads\/2024\/02\/nushu-diagrama_vat-1.pdf\">download this menstrual chart<\/a><\/strong> and start using it. It\u2019s a simple tool that can be incredibly helpful once you get used to it!<\/p>\n","protected":false},"excerpt":{"rendered":"<ul>\n<li data-start=\"525\" data-end=\"628\"><strong data-start=\"542\" data-end=\"555\">Eco-friendly <\/strong>and reusable cloth pad, designed <strong data-start=\"590\" data-end=\"597\">for night <\/strong>use and heavy flow days.<\/li>\n<li data-start=\"631\" data-end=\"658\"><strong data-start=\"631\" data-end=\"656\">Extra strong absorption.<\/strong><\/li>\n<li data-start=\"661\" data-end=\"741\"><strong data-start=\"661\" data-end=\"707\">XXL design, longer and wider at the back <\/strong>to prevent leaks while you sleep.<\/li>\n<li data-start=\"744\" data-end=\"835\">Made from <strong data-start=\"753\" data-end=\"795\">100% OEKO-TEX\u00ae certified organic cotton,<\/strong> free from plastics and chemicals.<\/li>\n<li data-start=\"838\" data-end=\"865\"><strong data-start=\"838\" data-end=\"848\">Size: <\/strong>approx. 27 \u00d7 7 cm.<\/li>\n<\/ul>\n","protected":false},"featured_media":268195,"template":"","meta":{"_acf_changed":false},"product_brand":[],"product_cat":[844,839,312,841,286],"product_tag":[],"class_list":{"0":"post-5523","1":"product","2":"type-product","3":"status-publish","4":"has-post-thumbnail","6":"product_cat-night","7":"product_cat-postpartum","8":"product_cat-menstrual_pads","9":"product_cat-large","10":"product_cat-menstrual-hygiene-sustainable","12":"first","13":"instock","14":"taxable","15":"shipping-taxable","16":"purchasable","17":"product-type-variable","18":"has-default-attributes"},"acf":[],"yoast_head":"<!-- This site is optimized with the Yoast SEO plugin v27.4 - https:\/\/yoast.com\/product\/yoast-seo-wordpress\/ -->\n<title>Super Eco Night Pad XXL - n\u00fcshu<\/title>\n<meta name=\"description\" content=\"Eco-friendly reusable night pad made in Spain with OEKO-TEX\u00ae certified organic cotton. Extra absorption and natural comfort with n\u00fcshu.\" \/>\n<meta name=\"robots\" content=\"index, follow, max-snippet:-1, max-image-preview:large, max-video-preview:-1\" \/>\n<link rel=\"canonical\" href=\"https:\/\/www.nushu.cat\/en\/product\/xxl-2\/\" \/>\n<meta property=\"og:locale\" content=\"en_US\" \/>\n<meta property=\"og:type\" content=\"article\" \/>\n<meta property=\"og:title\" content=\"Super Eco Night Pad XXL - n\u00fcshu\" \/>\n<meta property=\"og:description\" content=\"Eco-friendly reusable night pad made in Spain with OEKO-TEX\u00ae certified organic cotton. Extra absorption and natural comfort with n\u00fcshu.\" \/>\n<meta property=\"og:url\" content=\"https:\/\/www.nushu.cat\/en\/product\/xxl-2\/\" \/>\n<meta property=\"og:site_name\" content=\"n\u00fcshu\" \/>\n<meta property=\"article:publisher\" content=\"https:\/\/www.facebook.com\/nushu.artesania\/\" \/>\n<meta property=\"article:modified_time\" content=\"2025-11-12T12:56:57+00:00\" \/>\n<meta property=\"og:image\" content=\"https:\/\/www.nushu.cat\/wp-content\/uploads\/2020\/05\/compresa-noche-super-eco-xxl.webp\" \/>\n\t<meta property=\"og:image:width\" content=\"2052\" \/>\n\t<meta property=\"og:image:height\" content=\"2052\" \/>\n\t<meta property=\"og:image:type\" content=\"image\/webp\" \/>\n<meta name=\"twitter:card\" content=\"summary_large_image\" \/>\n<meta name=\"twitter:label1\" content=\"Est. reading time\" \/>\n\t<meta name=\"twitter:data1\" content=\"3 minutes\" \/>\n<!-- \/ Yoast SEO plugin. -->","yoast_head_json":{"title":"Super Eco Night Pad XXL - n\u00fcshu","description":"Eco-friendly reusable night pad made in Spain with OEKO-TEX\u00ae certified organic cotton. Extra absorption and natural comfort with n\u00fcshu.","robots":{"index":"index","follow":"follow","max-snippet":"max-snippet:-1","max-image-preview":"max-image-preview:large","max-video-preview":"max-video-preview:-1"},"canonical":"https:\/\/www.nushu.cat\/en\/product\/xxl-2\/","og_locale":"en_US","og_type":"article","og_title":"Super Eco Night Pad XXL - n\u00fcshu","og_description":"Eco-friendly reusable night pad made in Spain with OEKO-TEX\u00ae certified organic cotton. Extra absorption and natural comfort with n\u00fcshu.","og_url":"https:\/\/www.nushu.cat\/en\/product\/xxl-2\/","og_site_name":"n\u00fcshu","article_publisher":"https:\/\/www.facebook.com\/nushu.artesania\/","article_modified_time":"2025-11-12T12:56:57+00:00","og_image":[{"width":2052,"height":2052,"url":"https:\/\/www.nushu.cat\/wp-content\/uploads\/2020\/05\/compresa-noche-super-eco-xxl.webp","type":"image\/webp"}],"twitter_card":"summary_large_image","twitter_misc":{"Est. reading time":"3 minutes"},"schema":{"@context":"https:\/\/schema.org","@graph":[{"@type":"WebPage","@id":"https:\/\/www.nushu.cat\/en\/product\/xxl-2\/","url":"https:\/\/www.nushu.cat\/en\/product\/xxl-2\/","name":"Super Eco Night Pad XXL - n\u00fcshu","isPartOf":{"@id":"https:\/\/www.nushu.cat\/en\/#website"},"primaryImageOfPage":{"@id":"https:\/\/www.nushu.cat\/en\/product\/xxl-2\/#primaryimage"},"image":{"@id":"https:\/\/www.nushu.cat\/en\/product\/xxl-2\/#primaryimage"},"thumbnailUrl":"https:\/\/www.nushu.cat\/wp-content\/uploads\/2020\/05\/compresa-noche-super-eco-xxl.webp","datePublished":"2020-05-28T08:02:38+00:00","dateModified":"2025-11-12T12:56:57+00:00","description":"Eco-friendly reusable night pad made in Spain with OEKO-TEX\u00ae certified organic cotton. Extra absorption and natural comfort with n\u00fcshu.","breadcrumb":{"@id":"https:\/\/www.nushu.cat\/en\/product\/xxl-2\/#breadcrumb"},"inLanguage":"en-US","potentialAction":[{"@type":"ReadAction","target":["https:\/\/www.nushu.cat\/en\/product\/xxl-2\/"]}]},{"@type":"ImageObject","inLanguage":"en-US","@id":"https:\/\/www.nushu.cat\/en\/product\/xxl-2\/#primaryimage","url":"https:\/\/www.nushu.cat\/wp-content\/uploads\/2020\/05\/compresa-noche-super-eco-xxl.webp","contentUrl":"https:\/\/www.nushu.cat\/wp-content\/uploads\/2020\/05\/compresa-noche-super-eco-xxl.webp","width":2052,"height":2052,"caption":"Compresa de noche s\u00faper ecol\u00f3gica XXL de algod\u00f3n org\u00e1nico n\u00fcshu"},{"@type":"BreadcrumbList","@id":"https:\/\/www.nushu.cat\/en\/product\/xxl-2\/#breadcrumb","itemListElement":[{"@type":"ListItem","position":1,"name":"Inici","item":"https:\/\/www.nushu.cat\/en\/menstrual-pads\/"},{"@type":"ListItem","position":2,"name":"Shop","item":"https:\/\/www.nushu.cat\/en\/shop\/"},{"@type":"ListItem","position":3,"name":"Super Eco Night Pad XXL"}]},{"@type":"WebSite","@id":"https:\/\/www.nushu.cat\/en\/#website","url":"https:\/\/www.nushu.cat\/en\/","name":"n\u00fcshu","description":"natural &amp; sostenible","publisher":{"@id":"https:\/\/www.nushu.cat\/en\/#organization"},"potentialAction":[{"@type":"SearchAction","target":{"@type":"EntryPoint","urlTemplate":"https:\/\/www.nushu.cat\/en\/?s={search_term_string}"},"query-input":{"@type":"PropertyValueSpecification","valueRequired":true,"valueName":"search_term_string"}}],"inLanguage":"en-US"},{"@type":"Organization","@id":"https:\/\/www.nushu.cat\/en\/#organization","name":"n\u00fcshu","url":"https:\/\/www.nushu.cat\/en\/","logo":{"@type":"ImageObject","inLanguage":"en-US","@id":"https:\/\/www.nushu.cat\/en\/#\/schema\/logo\/image\/","url":"https:\/\/www.nushu.cat\/wp-content\/uploads\/2024\/02\/nushu-share-1-1.png","contentUrl":"https:\/\/www.nushu.cat\/wp-content\/uploads\/2024\/02\/nushu-share-1-1.png","width":1080,"height":1080,"caption":"n\u00fcshu"},"image":{"@id":"https:\/\/www.nushu.cat\/en\/#\/schema\/logo\/image\/"},"sameAs":["https:\/\/www.facebook.com\/nushu.artesania\/","https:\/\/www.instagram.com\/nushu_artesania"]}]}},"jetpack_sharing_enabled":true,"_links":{"self":[{"href":"https:\/\/www.nushu.cat\/en\/wp-json\/wp\/v2\/product\/5523","targetHints":{"allow":["GET"]}}],"collection":[{"href":"https:\/\/www.nushu.cat\/en\/wp-json\/wp\/v2\/product"}],"about":[{"href":"https:\/\/www.nushu.cat\/en\/wp-json\/wp\/v2\/types\/product"}],"version-history":[{"count":3,"href":"https:\/\/www.nushu.cat\/en\/wp-json\/wp\/v2\/product\/5523\/revisions"}],"predecessor-version":[{"id":268395,"href":"https:\/\/www.nushu.cat\/en\/wp-json\/wp\/v2\/product\/5523\/revisions\/268395"}],"wp:featuredmedia":[{"embeddable":true,"href":"https:\/\/www.nushu.cat\/en\/wp-json\/wp\/v2\/media\/268195"}],"wp:attachment":[{"href":"https:\/\/www.nushu.cat\/en\/wp-json\/wp\/v2\/media?parent=5523"}],"wp:term":[{"taxonomy":"product_brand","embeddable":true,"href":"https:\/\/www.nushu.cat\/en\/wp-json\/wp\/v2\/product_brand?post=5523"},{"taxonomy":"product_cat","embeddable":true,"href":"https:\/\/www.nushu.cat\/en\/wp-json\/wp\/v2\/product_cat?post=5523"},{"taxonomy":"product_tag","embeddable":true,"href":"https:\/\/www.nushu.cat\/en\/wp-json\/wp\/v2\/product_tag?post=5523"}],"curies":[{"name":"wp","href":"https:\/\/api.w.org\/{rel}","templated":true}]}}