{"id":11417,"date":"2021-10-26T11:04:24","date_gmt":"2021-10-26T09:04:24","guid":{"rendered":"https:\/\/www.nushu.cat\/?post_type=product&#038;p=11417"},"modified":"2024-02-02T12:45:17","modified_gmt":"2024-02-02T12:45:17","slug":"pac_-recien_nacido","status":"publish","type":"product","link":"https:\/\/www.nushu.cat\/es\/producto\/pac_-recien_nacido\/","title":{"rendered":"Pack reci\u00e9n nacido"},"content":{"rendered":"<p>Un precioso y completo conjunto de productos para una familia que se ampl\u00eda. Para un beb\u00e9 que llega al mundo. Para una vida que llega en armon\u00eda con la naturaleza y con la esperanza de encontrar un mundo mejor.<\/p>\n<h2>Este pack est\u00e1 formado por:<\/h2>\n<ul>\n<li>2 muselinas de algod\u00f3n 100% org\u00e1nico<\/li>\n<li>2 empapadores reutilizables de diferentes medidas<\/li>\n<li>1 varita Montessori<\/li>\n<\/ul>\n<h2>2 muselinas de algod\u00f3n 100% org\u00e1nico.<\/h2>\n<p>Las muselinas tienen un tacto que roza lo celestial. Y como m\u00e1s lavados se les hace, m\u00e1s suaves son. Adem\u00e1s, estas son pura delicia con certificado GOTS. 70x70cm. La muselina es una de las piezas m\u00e1s vers\u00e1tiles e imprescindibles en la crianza de un beb\u00e9. Envu\u00e9lvelo para que no pase fr\u00edo. Usa la muselina para protegerlo del sol o el viento. D\u00e9jale cerca como objeto de apego: con el olor familiar le ayuda a conciliar el sue\u00f1o. \u00datil para hacerle una almohada o protecci\u00f3n para la cabeza. Como alfombra en el exterior. Para limpiar los restos de leche de la toma del pecho.<\/p>\n<h2>2 empapadores reutilizables<\/h2>\n<p>Uno de ellos es grande (1m X 65cm) \u00a0y el otro peque\u00f1o (50cm X 65cm). Deja al beb\u00e9 sin pa\u00f1al y sin preocuparte por si se moja la superficie donde est\u00e1 acostado. \u00datil para ni\u00f1os con alergias, hongos y pieles at\u00f3picas que hacen irritaciones menudo. Tambi\u00e9n es muy \u00fatil como cambiador o para salidas al exterior.<\/p>\n<h2>1 varita Montessori.<\/h2>\n<p>Juguete inspirado en la pedagog\u00eda Montessori. Esta varilla es un objeto no estructurado \u00fatil y duradero que acompa\u00f1ar\u00e1 el desarrollo del ni\u00f1o de manera simple. Tambi\u00e9n ayuda a ganar destreza ojo-mano. Sin instrucciones ni objetivos podr\u00e1n desarrollar observaci\u00f3n y potenciar la imaginaci\u00f3n sin condicionantes ni limitaciones. La madera es natural y sin tratar.<\/p>\n","protected":false},"excerpt":{"rendered":"<p>Pack para dar la bienvenida al mundo de un reci\u00e9n nacido de manera sostenible y respetuosa con el beb\u00e9 y con la madre tierra.<\/p>\n","protected":false},"featured_media":251564,"template":"","meta":{"_acf_changed":false},"product_brand":[],"product_cat":[197,244,268],"product_tag":[235],"class_list":{"0":"post-11417","1":"product","2":"type-product","3":"status-publish","4":"has-post-thumbnail","6":"product_cat-maternidad-y-crianza","7":"product_cat-packs-maternidad-bebe","8":"product_cat-sostenible","9":"product_tag-pack-ahorro","11":"first","12":"instock","13":"sale","14":"featured","15":"taxable","16":"shipping-taxable","17":"purchasable","18":"product-type-variable","19":"has-default-attributes"},"acf":[],"yoast_head":"<!-- This site is optimized with the Yoast SEO plugin v27.4 - https:\/\/yoast.com\/product\/yoast-seo-wordpress\/ -->\n<title>Pack reci\u00e9n nacido regalo sostenible - n\u00fcshu<\/title>\n<meta name=\"description\" content=\"Regalo sostenible para una madre consciente: pack reci\u00e9n nacido con 2 muselinas de algod\u00f3n, 2 empapadores reutilizables y 1 varita Montessori\" \/>\n<meta name=\"robots\" content=\"index, follow, max-snippet:-1, max-image-preview:large, max-video-preview:-1\" \/>\n<link rel=\"canonical\" href=\"https:\/\/www.nushu.cat\/es\/producto\/pac_-recien_nacido\/\" \/>\n<meta property=\"og:locale\" content=\"es_ES\" \/>\n<meta property=\"og:type\" content=\"article\" \/>\n<meta property=\"og:title\" content=\"Pack reci\u00e9n nacido regalo sostenible - n\u00fcshu\" \/>\n<meta property=\"og:description\" content=\"Regalo sostenible para una madre consciente: pack reci\u00e9n nacido con 2 muselinas de algod\u00f3n, 2 empapadores reutilizables y 1 varita Montessori\" \/>\n<meta property=\"og:url\" content=\"https:\/\/www.nushu.cat\/es\/producto\/pac_-recien_nacido\/\" \/>\n<meta property=\"og:site_name\" content=\"n\u00fcshu\" \/>\n<meta property=\"article:publisher\" content=\"https:\/\/www.facebook.com\/nushu.artesania\/\" \/>\n<meta property=\"article:modified_time\" content=\"2024-02-02T12:45:17+00:00\" \/>\n<meta property=\"og:image\" content=\"https:\/\/www.nushu.cat\/wp-content\/uploads\/2024\/02\/photoroom_20230428_153854.jpg\" \/>\n\t<meta property=\"og:image:width\" content=\"1990\" \/>\n\t<meta property=\"og:image:height\" content=\"1990\" \/>\n\t<meta property=\"og:image:type\" content=\"image\/jpeg\" \/>\n<meta name=\"twitter:card\" content=\"summary_large_image\" \/>\n<meta name=\"twitter:label1\" content=\"Tiempo de lectura\" \/>\n\t<meta name=\"twitter:data1\" content=\"2 minutos\" \/>\n<!-- \/ Yoast SEO plugin. -->","yoast_head_json":{"title":"Pack reci\u00e9n nacido regalo sostenible - n\u00fcshu","description":"Regalo sostenible para una madre consciente: pack reci\u00e9n nacido con 2 muselinas de algod\u00f3n, 2 empapadores reutilizables y 1 varita Montessori","robots":{"index":"index","follow":"follow","max-snippet":"max-snippet:-1","max-image-preview":"max-image-preview:large","max-video-preview":"max-video-preview:-1"},"canonical":"https:\/\/www.nushu.cat\/es\/producto\/pac_-recien_nacido\/","og_locale":"es_ES","og_type":"article","og_title":"Pack reci\u00e9n nacido regalo sostenible - n\u00fcshu","og_description":"Regalo sostenible para una madre consciente: pack reci\u00e9n nacido con 2 muselinas de algod\u00f3n, 2 empapadores reutilizables y 1 varita Montessori","og_url":"https:\/\/www.nushu.cat\/es\/producto\/pac_-recien_nacido\/","og_site_name":"n\u00fcshu","article_publisher":"https:\/\/www.facebook.com\/nushu.artesania\/","article_modified_time":"2024-02-02T12:45:17+00:00","og_image":[{"width":1990,"height":1990,"url":"https:\/\/www.nushu.cat\/wp-content\/uploads\/2024\/02\/photoroom_20230428_153854.jpg","type":"image\/jpeg"}],"twitter_card":"summary_large_image","twitter_misc":{"Tiempo de lectura":"2 minutos"},"schema":{"@context":"https:\/\/schema.org","@graph":[{"@type":"WebPage","@id":"https:\/\/www.nushu.cat\/es\/producto\/pac_-recien_nacido\/","url":"https:\/\/www.nushu.cat\/es\/producto\/pac_-recien_nacido\/","name":"Pack reci\u00e9n nacido regalo sostenible - n\u00fcshu","isPartOf":{"@id":"https:\/\/www.nushu.cat\/es\/#website"},"primaryImageOfPage":{"@id":"https:\/\/www.nushu.cat\/es\/producto\/pac_-recien_nacido\/#primaryimage"},"image":{"@id":"https:\/\/www.nushu.cat\/es\/producto\/pac_-recien_nacido\/#primaryimage"},"thumbnailUrl":"https:\/\/www.nushu.cat\/wp-content\/uploads\/2024\/02\/photoroom_20230428_153854.jpg","datePublished":"2021-10-26T09:04:24+00:00","dateModified":"2024-02-02T12:45:17+00:00","description":"Regalo sostenible para una madre consciente: pack reci\u00e9n nacido con 2 muselinas de algod\u00f3n, 2 empapadores reutilizables y 1 varita Montessori","breadcrumb":{"@id":"https:\/\/www.nushu.cat\/es\/producto\/pac_-recien_nacido\/#breadcrumb"},"inLanguage":"es","potentialAction":[{"@type":"ReadAction","target":["https:\/\/www.nushu.cat\/es\/producto\/pac_-recien_nacido\/"]}]},{"@type":"ImageObject","inLanguage":"es","@id":"https:\/\/www.nushu.cat\/es\/producto\/pac_-recien_nacido\/#primaryimage","url":"https:\/\/www.nushu.cat\/wp-content\/uploads\/2024\/02\/photoroom_20230428_153854.jpg","contentUrl":"https:\/\/www.nushu.cat\/wp-content\/uploads\/2024\/02\/photoroom_20230428_153854.jpg","width":1990,"height":1990},{"@type":"BreadcrumbList","@id":"https:\/\/www.nushu.cat\/es\/producto\/pac_-recien_nacido\/#breadcrumb","itemListElement":[{"@type":"ListItem","position":1,"name":"Inici","item":"https:\/\/www.nushu.cat\/es\/compreses-de-tela\/"},{"@type":"ListItem","position":2,"name":"Tienda","item":"https:\/\/www.nushu.cat\/es\/tienda\/"},{"@type":"ListItem","position":3,"name":"Pack reci\u00e9n nacido"}]},{"@type":"WebSite","@id":"https:\/\/www.nushu.cat\/es\/#website","url":"https:\/\/www.nushu.cat\/es\/","name":"n\u00fcshu","description":"natural &amp; sostenible","publisher":{"@id":"https:\/\/www.nushu.cat\/es\/#organization"},"potentialAction":[{"@type":"SearchAction","target":{"@type":"EntryPoint","urlTemplate":"https:\/\/www.nushu.cat\/es\/?s={search_term_string}"},"query-input":{"@type":"PropertyValueSpecification","valueRequired":true,"valueName":"search_term_string"}}],"inLanguage":"es"},{"@type":"Organization","@id":"https:\/\/www.nushu.cat\/es\/#organization","name":"n\u00fcshu","url":"https:\/\/www.nushu.cat\/es\/","logo":{"@type":"ImageObject","inLanguage":"es","@id":"https:\/\/www.nushu.cat\/es\/#\/schema\/logo\/image\/","url":"https:\/\/www.nushu.cat\/wp-content\/uploads\/2024\/02\/nushu-share-1-1.png","contentUrl":"https:\/\/www.nushu.cat\/wp-content\/uploads\/2024\/02\/nushu-share-1-1.png","width":1080,"height":1080,"caption":"n\u00fcshu"},"image":{"@id":"https:\/\/www.nushu.cat\/es\/#\/schema\/logo\/image\/"},"sameAs":["https:\/\/www.facebook.com\/nushu.artesania\/","https:\/\/www.instagram.com\/nushu_artesania"]}]}},"jetpack_sharing_enabled":true,"_links":{"self":[{"href":"https:\/\/www.nushu.cat\/es\/wp-json\/wp\/v2\/product\/11417","targetHints":{"allow":["GET"]}}],"collection":[{"href":"https:\/\/www.nushu.cat\/es\/wp-json\/wp\/v2\/product"}],"about":[{"href":"https:\/\/www.nushu.cat\/es\/wp-json\/wp\/v2\/types\/product"}],"version-history":[{"count":0,"href":"https:\/\/www.nushu.cat\/es\/wp-json\/wp\/v2\/product\/11417\/revisions"}],"wp:featuredmedia":[{"embeddable":true,"href":"https:\/\/www.nushu.cat\/es\/wp-json\/wp\/v2\/media\/251564"}],"wp:attachment":[{"href":"https:\/\/www.nushu.cat\/es\/wp-json\/wp\/v2\/media?parent=11417"}],"wp:term":[{"taxonomy":"product_brand","embeddable":true,"href":"https:\/\/www.nushu.cat\/es\/wp-json\/wp\/v2\/product_brand?post=11417"},{"taxonomy":"product_cat","embeddable":true,"href":"https:\/\/www.nushu.cat\/es\/wp-json\/wp\/v2\/product_cat?post=11417"},{"taxonomy":"product_tag","embeddable":true,"href":"https:\/\/www.nushu.cat\/es\/wp-json\/wp\/v2\/product_tag?post=11417"}],"curies":[{"name":"wp","href":"https:\/\/api.w.org\/{rel}","templated":true}]}}