{"id":12404,"date":"2022-01-15T15:46:41","date_gmt":"2022-01-15T15:46:41","guid":{"rendered":"https:\/\/www.nushu.cat\/?post_type=product&#038;p=12404"},"modified":"2026-03-31T08:00:56","modified_gmt":"2026-03-31T06:00:56","slug":"salvaslip-algodon","status":"publish","type":"product","link":"https:\/\/www.nushu.cat\/es\/producto\/salvaslip-algodon\/","title":{"rendered":"Salvaslip reutilizable de algod\u00f3n talla S \u2013 cobertura est\u00e0ndard"},"content":{"rendered":"<p data-start=\"1010\" data-end=\"1179\">Este <strong data-start=\"1017\" data-end=\"1060\">salvaslip reutilizable de algod\u00f3n talla S<\/strong> est\u00e1 dise\u00f1ado para ofrecer <strong data-start=\"1091\" data-end=\"1122\">protecci\u00f3n ligera y c\u00f3moda<\/strong> con un poco m\u00e1s de cobertura que el <strong data-start=\"1161\" data-end=\"1178\"><a class=\"decorated-link\" href=\"https:\/\/www.nushu.cat\/es\/producto\/xs\/\" rel=\"noopener\" data-start=\"1163\" data-end=\"1176\">modelo XS.<\/a><\/strong><\/p>\n<p data-start=\"1181\" data-end=\"1395\">Es el<strong data-start=\"1187\" data-end=\"1214\"> modelo de tama\u00f1o est\u00e1ndar <\/strong>de la colecci\u00f3n <strong data-start=\"1232\" data-end=\"1241\">n\u00fcshu<\/strong>, ideal para <strong data-start=\"1255\" data-end=\"1273\">bragas normales<\/strong> o para quienes buscan una<strong data-start=\"1296\" data-end=\"1336\"> protecci\u00f3n diaria m\u00e1s amplia y segura <\/strong>sin renunciar a la suavidad y transpirabilidad del algod\u00f3n.<\/p>\n<p data-start=\"1397\" data-end=\"1541\">Se coloca en la ropa interior mediante un <strong data-start=\"1452\" data-end=\"1491\">peque\u00f1o bot\u00f3n de clic libre de n\u00edquel,<\/strong> que asegura una buena sujeci\u00f3n sin causar molestias.<\/p>\n<p data-start=\"1543\" data-end=\"1676\">Su gran calidad y dedicaci\u00f3n en la producci\u00f3n las hace <strong data-start=\"1601\" data-end=\"1627\">duraderas y resistentes<\/strong>, pudiendo acompa\u00f1arte durante m\u00e1s de <strong data-start=\"1665\" data-end=\"1675\">3 a\u00f1os.<\/strong><\/p>\n<p data-start=\"1678\" data-end=\"1855\">Son <strong data-start=\"1682\" data-end=\"1726\">veganos y libres de maltrato animal<\/strong> A pesar de su ligereza, ofrecen una <strong data-start=\"1770\" data-end=\"1805\">excelente capacidad de absorci\u00f3n<\/strong> y una sensaci\u00f3n agradable al contacto con la piel.<\/p>\n<h2 data-start=\"1862\" data-end=\"1915\">Materiales del salvaslip reutilizable talla S<\/h2>\n<p data-start=\"1917\" data-end=\"1987\">Las compresas de tela de <strong data-start=\"1942\" data-end=\"1951\">n\u00fcshu<\/strong> est\u00e1n formadas por diferentes capas:<\/p>\n<ul>\n<li data-start=\"1991\" data-end=\"2136\">La <strong data-start=\"1994\" data-end=\"2027\">capa en contacto con la vulva<\/strong> es de <strong data-start=\"2034\" data-end=\"2061\">franela de algod\u00f3n 100 %<\/strong>, un tejido muy suave y agradable que no provoca rozaduras ni irritaciones.<\/li>\n<li data-start=\"2139\" data-end=\"2263\">En el interior, seg\u00fan la absorci\u00f3n, hay <strong data-start=\"2178\" data-end=\"2211\">distintas capas de algod\u00f3n 100 %<\/strong> que recogen el flujo de forma eficaz y uniforme.<\/li>\n<li data-start=\"2266\" data-end=\"2435\">Una <strong data-start=\"2270\" data-end=\"2305\">capa de PUL (poliuretano laminado)<\/strong> aporta impermeabilidad para evitar fugas y manchas, manteniendo la transpirabilidad y reduciendo la proliferaci\u00f3n de hongos o bacterias.<\/li>\n<li data-start=\"2438\" data-end=\"2573\">Finalmente, la<strong data-start=\"2452\" data-end=\"2469\"> parte exterior<\/strong>, tambi\u00e9n de algod\u00f3n 100 %, lleva un<strong data-start=\"2501\" data-end=\"2537\"> tejido estampado alegre y colorido<\/strong> que queda en contacto con la braga.<\/li>\n<\/ul>\n<p data-start=\"2575\" data-end=\"2695\">Recuerda que no puedes utilizarlas por ambos lados. La parte que est\u00e1 en contacto con la vulva es la capa de franela. <\/p>\n<p data-start=\"2697\" data-end=\"2826\">Est\u00e1 confeccionado con<strong data-start=\"2719\" data-end=\"2756\"> tejidos certificados OEKO-TEX\u00ae 100<\/strong>, que verifican que no existen sustancias nocivas para la salud.<\/p>\n<h2 data-start=\"2833\" data-end=\"2894\">C\u00f3mo lavar tus salvaslip reutilizables talla S<\/h2>\n<p data-start=\"2896\" data-end=\"3156\">Despu\u00e9s de cada uso, deja reposar el salvaslip en un<strong data-start=\"2949\" data-end=\"2976\"> barre\u00f1o con agua fr\u00eda<\/strong> durante unos minutos para que el flujo se desprenda poco a poco del tejido.<br data-start=\"3045\" data-end=\"3048\">Puedes a\u00f1adir unas<strong data-start=\"3076\" data-end=\"3108\"> gotas de aceite esencial de \u00e1rbol del t\u00e9<\/strong> para evitar la proliferaci\u00f3n de bacterias y hongos.<\/p>\n<p data-start=\"3158\" data-end=\"3358\">Luego, <strong data-start=\"3167\" data-end=\"3199\"><a href=\"https:\/\/www.nushu.cat\/es\/producto\/jabon-sostenible\/\">l\u00e1valo a mano con jab\u00f3n neutro,<\/a><\/strong> quita el exceso de agua y s\u00e9calo al aire.<br data-start=\"3246\" data-end=\"3249\">Tambi\u00e9n puedes<strong data-start=\"3275\" data-end=\"3317\"> lavarlo en la lavadora con agua fr\u00eda (m\u00e1x. 30 \u00b0C),<\/strong> sin suavizante, secadora ni plancha.<\/p>\n<p data-start=\"3360\" data-end=\"3504\">Para <strong data-start=\"3366\" data-end=\"3387\">manchas rebeldes<\/strong>, utiliza m\u00e9todos naturales como el <strong data-start=\"3422\" data-end=\"3429\">sol<\/strong> o el <strong data-start=\"3435\" data-end=\"3449\"><a href=\"https:\/\/www.nushu.cat\/es\/producto\/precarbonato\/\">percarbonato<\/a><\/strong>, que limpian en profundidad sin da\u00f1ar el tejido.<\/p>\n<h2 data-start=\"3511\" data-end=\"3548\">Detalles del salvaslip talla S<\/h2>\n<ul>\n<li data-start=\"3552\" data-end=\"3584\"><strong data-start=\"3552\" data-end=\"3573\">Tipo de absorci\u00f3n:<\/strong> ligera<\/li>\n<li data-start=\"3587\" data-end=\"3613\"><strong data-start=\"3587\" data-end=\"3597\">Medidas:<\/strong> 17,5 \u00d7 5,5 cm<\/li>\n<li data-start=\"3616\" data-end=\"3643\"><strong data-start=\"3616\" data-end=\"3631\">Certificado:<\/strong> OEKO-TEX\u00ae<\/li>\n<li data-start=\"3646\" data-end=\"3699\"><strong data-start=\"3646\" data-end=\"3669\">Lugar de fabricaci\u00f3n:<\/strong> Hecho en Canet de Mar, Espa\u00f1a<\/li>\n<li data-start=\"3702\" data-end=\"3758\"><strong data-start=\"3702\" data-end=\"3713\">Modelos:<\/strong> disponible en diferentes estampados y colores<\/li>\n<\/ul>\n<p>&nbsp;<\/p>\n<h2 data-start=\"3765\" data-end=\"3807\">Otros modelos de compresas de tela<\/h2>\n<p data-start=\"3809\" data-end=\"3949\">Cada momento del ciclo menstrual es distinto, por eso en <strong data-start=\"3865\" data-end=\"3874\">n\u00fcshu<\/strong> encontrar\u00e1s diferentes modelos de compresas de tela adaptados a cada necesidad:<\/p>\n<ul>\n<li data-start=\"3953\" data-end=\"4164\"><strong data-start=\"3953\" data-end=\"3980\"><a class=\"decorated-link\" href=\"https:\/\/www.nushu.cat\/es\/productes\/higiene-menstrual-sostenible\/compresas_de_tela\/salvaslip\/\" rel=\"noopener\" data-start=\"3955\" data-end=\"3977\">Salvaslip de tela:<\/a><\/strong> de absorci\u00f3n ligera, ideal para los primeros y \u00faltimos d\u00edas, uso diario o peque\u00f1as p\u00e9rdidas de orina. Disponible en versi\u00f3n <strong data-start=\"4096\" data-end=\"4119\"> <a class=\"decorated-link\" href=\"https:\/\/www.nushu.cat\/es\/producto\/salvaslip-algodon-tanga\/\" rel=\"noopener\" data-start=\"4098\" data-end=\"4117\">tangaslips (T)<\/a> <\/strong>, <strong data-start=\"4121\" data-end=\"4139\"> <a class=\"decorated-link\" href=\"https:\/\/www.nushu.cat\/es\/producto\/xs\/\" rel=\"noopener\" data-start=\"4123\" data-end=\"4137\">mini (XS)<\/a> y<\/strong> <strong data-start=\"4142\" data-end=\"4161\">est\u00e0ndard (S)<\/strong>.<\/li>\n<li data-start=\"4167\" data-end=\"4350\"><strong data-start=\"4167\" data-end=\"4193\"><a class=\"decorated-link\" href=\"https:\/\/www.nushu.cat\/es\/productes\/higiene-menstrual-sostenible\/compresas_de_tela\/dia\/\" rel=\"noopener\" data-start=\"4169\" data-end=\"4190\">Compresas de dia:<\/a><\/strong> de absorci\u00f3n mediana o fuerte. Los modelos <strong data-start=\"4233\" data-end=\"4238\"><a href=\"https:\/\/www.nushu.cat\/es\/producto\/m\/\">M<\/a><\/strong> y <strong data-start=\"4241\" data-end=\"4246\"><a href=\"https:\/\/www.nushu.cat\/es\/producto\/l\/\">L<\/a><\/strong> se adaptan a reglas poco abundantes o sangrados m\u00e1s intensos, y tambi\u00e9n a p\u00e9rdidas de orina moderadas o severas.<\/li>\n<li data-start=\"4353\" data-end=\"4519\"><strong data-start=\"4353\" data-end=\"4379\"><a class=\"decorated-link\" href=\"https:\/\/www.nushu.cat\/es\/productes\/higiene-menstrual-sostenible\/compresas_de_tela\/noche\/\" rel=\"noopener\" data-start=\"4355\" data-end=\"4376\">Compresas de noche:<\/a><\/strong> con absorci\u00f3n muy fuerte y dise\u00f1o m\u00e1s largo por detr\u00e1s, perfectas para dormir con tranquilidad. Disponibles en tallas <a href=\"https:\/\/www.nushu.cat\/es\/producto\/xl\/\"> <strong data-start=\"4500\" data-end=\"4506\">XL<\/strong> y<\/a> <a href=\"https:\/\/www.nushu.cat\/es\/producto\/xxl\/\"><strong data-start=\"4509\" data-end=\"4516\">XXL<\/strong> <\/a>.<\/li>\n<li data-start=\"4522\" data-end=\"4664\"><strong data-start=\"4522\" data-end=\"4583\"><a href=\"https:\/\/www.nushu.cat\/es\/productes\/higiene-menstrual-sostenible\/compresas_de_tela\/grandes\/\">Compresas grandes algod\u00f3n<\/a> o <a href=\"https:\/\/www.nushu.cat\/es\/productes\/higiene-menstrual-sostenible\/compresas_de_tela\/postparto\/\">compresas para el postparto<\/a>:<\/strong> para sangrados muy abundantes, con m\u00e1xima capacidad de absorci\u00f3n y cobertura extra.<\/li>\n<\/ul>\n<p data-start=\"4666\" data-end=\"4813\">\u00a1Te invito a que te<strong><a href=\"https:\/\/www.nushu.cat\/wp-content\/uploads\/2020\/12\/nushu-diagrama_vat.pdf\"> descargues este diagrama menstrual <\/a><\/strong>y empieces a ponerlo en pr\u00e1ctica! Es una herramienta que si la sabes utilizar te ser\u00e1 muy valiosa!<\/p>\n","protected":false},"excerpt":{"rendered":"<ul>\n<li data-start=\"588\" data-end=\"664\"><strong data-start=\"588\" data-end=\"623\">Salvaslip de tela reutilizable<\/strong> de absorci\u00f3n ligera, tama\u00f1o <strong data-start=\"650\" data-end=\"661\">talla S.<\/strong><\/li>\n<li data-start=\"667\" data-end=\"805\">Es el <strong data-start=\"673\" data-end=\"705\">modelo de cobertura est\u00e1ndar de <strong data-start=\"709\" data-end=\"718\">n\u00fcshu<\/strong><\/strong>, ideal para bragas normales y para quienes prefieren una protecci\u00f3n algo m\u00e1s amplia.<\/li>\n<li data-start=\"808\" data-end=\"949\">Perfecto para los primeros y \u00faltimos d\u00edas del ciclo, como complemento a la <strong data-start=\"880\" data-end=\"898\"><a href=\"https:\/\/www.nushu.cat\/es\/productes\/higiene-menstrual-sostenible\/copas-menstruales-y-esponjas\/\">copa menstrual<\/a><\/strong> o para uso diario si hay mucho flujo cervical.<\/li>\n<li data-start=\"952\" data-end=\"975\"><strong data-start=\"952\" data-end=\"962\">Medidas:<\/strong> 17,5 \u00d7 5 cm.<\/li>\n<\/ul>\n","protected":false},"featured_media":267470,"template":"","meta":{"_acf_changed":false},"product_brand":[],"product_cat":[224,207,830,268],"product_tag":[],"class_list":{"0":"post-12404","1":"product","2":"type-product","3":"status-publish","4":"has-post-thumbnail","6":"product_cat-compresas_de_tela","7":"product_cat-higiene-menstrual-sostenible","8":"product_cat-salvaslip","9":"product_cat-sostenible","11":"first","12":"instock","13":"featured","14":"taxable","15":"shipping-taxable","16":"purchasable","17":"product-type-variable","18":"has-default-attributes"},"acf":[],"yoast_head":"<!-- This site is optimized with the Yoast SEO plugin v27.2 - https:\/\/yoast.com\/product\/yoast-seo-wordpress\/ -->\n<title>Salvaslip reutilizable de algod\u00f3n talla S - n\u00fcshu<\/title>\n<meta name=\"description\" content=\"Salvaslip de tela reutilizable de talla S, hecho en Barcelona con tejido certificado OEKO-TEX\u00ae. Ideal para bragas normales y flujo ligero con m\u00e1s cobertura.\" \/>\n<meta name=\"robots\" content=\"index, follow, max-snippet:-1, max-image-preview:large, max-video-preview:-1\" \/>\n<link rel=\"canonical\" href=\"https:\/\/www.nushu.cat\/es\/producto\/salvaslip-algodon\/\" \/>\n<meta property=\"og:locale\" content=\"es_ES\" \/>\n<meta property=\"og:type\" content=\"article\" \/>\n<meta property=\"og:title\" content=\"Salvaslip reutilizable de algod\u00f3n talla S - n\u00fcshu\" \/>\n<meta property=\"og:description\" content=\"Salvaslip de tela reutilizable de talla S, hecho en Barcelona con tejido certificado OEKO-TEX\u00ae. Ideal para bragas normales y flujo ligero con m\u00e1s cobertura.\" \/>\n<meta property=\"og:url\" content=\"https:\/\/www.nushu.cat\/es\/producto\/salvaslip-algodon\/\" \/>\n<meta property=\"og:site_name\" content=\"n\u00fcshu\" \/>\n<meta property=\"article:publisher\" content=\"https:\/\/www.facebook.com\/nushu.artesania\/\" \/>\n<meta property=\"article:modified_time\" content=\"2026-03-31T06:00:56+00:00\" \/>\n<meta property=\"og:image\" content=\"https:\/\/www.nushu.cat\/wp-content\/uploads\/2022\/01\/salvaslip-algodon-cobertura-estandar.webp\" \/>\n\t<meta property=\"og:image:width\" content=\"1280\" \/>\n\t<meta property=\"og:image:height\" content=\"1280\" \/>\n\t<meta property=\"og:image:type\" content=\"image\/webp\" \/>\n<meta name=\"twitter:card\" content=\"summary_large_image\" \/>\n<meta name=\"twitter:label1\" content=\"Tiempo de lectura\" \/>\n\t<meta name=\"twitter:data1\" content=\"3 minutos\" \/>\n<!-- \/ Yoast SEO plugin. -->","yoast_head_json":{"title":"Salvaslip reutilizable de algod\u00f3n talla S - n\u00fcshu","description":"Salvaslip de tela reutilizable de talla S, hecho en Barcelona con tejido certificado OEKO-TEX\u00ae. Ideal para bragas normales y flujo ligero con m\u00e1s cobertura.","robots":{"index":"index","follow":"follow","max-snippet":"max-snippet:-1","max-image-preview":"max-image-preview:large","max-video-preview":"max-video-preview:-1"},"canonical":"https:\/\/www.nushu.cat\/es\/producto\/salvaslip-algodon\/","og_locale":"es_ES","og_type":"article","og_title":"Salvaslip reutilizable de algod\u00f3n talla S - n\u00fcshu","og_description":"Salvaslip de tela reutilizable de talla S, hecho en Barcelona con tejido certificado OEKO-TEX\u00ae. Ideal para bragas normales y flujo ligero con m\u00e1s cobertura.","og_url":"https:\/\/www.nushu.cat\/es\/producto\/salvaslip-algodon\/","og_site_name":"n\u00fcshu","article_publisher":"https:\/\/www.facebook.com\/nushu.artesania\/","article_modified_time":"2026-03-31T06:00:56+00:00","og_image":[{"width":1280,"height":1280,"url":"https:\/\/www.nushu.cat\/wp-content\/uploads\/2022\/01\/salvaslip-algodon-cobertura-estandar.webp","type":"image\/webp"}],"twitter_card":"summary_large_image","twitter_misc":{"Tiempo de lectura":"3 minutos"},"schema":{"@context":"https:\/\/schema.org","@graph":[{"@type":"WebPage","@id":"https:\/\/www.nushu.cat\/es\/producto\/salvaslip-algodon\/","url":"https:\/\/www.nushu.cat\/es\/producto\/salvaslip-algodon\/","name":"Salvaslip reutilizable de algod\u00f3n talla S - n\u00fcshu","isPartOf":{"@id":"https:\/\/www.nushu.cat\/es\/#website"},"primaryImageOfPage":{"@id":"https:\/\/www.nushu.cat\/es\/producto\/salvaslip-algodon\/#primaryimage"},"image":{"@id":"https:\/\/www.nushu.cat\/es\/producto\/salvaslip-algodon\/#primaryimage"},"thumbnailUrl":"https:\/\/www.nushu.cat\/wp-content\/uploads\/2022\/01\/1-salvaslip-algodon-estandar-cebra.webp","datePublished":"2022-01-15T15:46:41+00:00","dateModified":"2026-03-31T06:00:56+00:00","description":"Salvaslip de tela reutilizable de talla S, hecho en Barcelona con tejido certificado OEKO-TEX\u00ae. Ideal para bragas normales y flujo ligero con m\u00e1s cobertura.","breadcrumb":{"@id":"https:\/\/www.nushu.cat\/es\/producto\/salvaslip-algodon\/#breadcrumb"},"inLanguage":"es","potentialAction":[{"@type":"ReadAction","target":["https:\/\/www.nushu.cat\/es\/producto\/salvaslip-algodon\/"]}]},{"@type":"ImageObject","inLanguage":"es","@id":"https:\/\/www.nushu.cat\/es\/producto\/salvaslip-algodon\/#primaryimage","url":"https:\/\/www.nushu.cat\/wp-content\/uploads\/2022\/01\/1-salvaslip-algodon-estandar-cebra.webp","contentUrl":"https:\/\/www.nushu.cat\/wp-content\/uploads\/2022\/01\/1-salvaslip-algodon-estandar-cebra.webp","width":657,"height":657,"caption":"Salvaslip reutilizable de algod\u00f3n talla S \u2013 cobertura est\u00e1ndar cebra n\u00fcshu"},{"@type":"BreadcrumbList","@id":"https:\/\/www.nushu.cat\/es\/producto\/salvaslip-algodon\/#breadcrumb","itemListElement":[{"@type":"ListItem","position":1,"name":"Inici","item":"https:\/\/www.nushu.cat\/es\/"},{"@type":"ListItem","position":2,"name":"Tienda","item":"https:\/\/www.nushu.cat\/es\/tienda\/"},{"@type":"ListItem","position":3,"name":"Salvaslip reutilizable de algod\u00f3n talla S \u2013 cobertura est\u00e0ndard"}]},{"@type":"WebSite","@id":"https:\/\/www.nushu.cat\/es\/#website","url":"https:\/\/www.nushu.cat\/es\/","name":"n\u00fcshu","description":"natural &amp; sostenible","publisher":{"@id":"https:\/\/www.nushu.cat\/es\/#organization"},"potentialAction":[{"@type":"SearchAction","target":{"@type":"EntryPoint","urlTemplate":"https:\/\/www.nushu.cat\/es\/?s={search_term_string}"},"query-input":{"@type":"PropertyValueSpecification","valueRequired":true,"valueName":"search_term_string"}}],"inLanguage":"es"},{"@type":"Organization","@id":"https:\/\/www.nushu.cat\/es\/#organization","name":"n\u00fcshu","url":"https:\/\/www.nushu.cat\/es\/","logo":{"@type":"ImageObject","inLanguage":"es","@id":"https:\/\/www.nushu.cat\/es\/#\/schema\/logo\/image\/","url":"https:\/\/www.nushu.cat\/wp-content\/uploads\/2024\/02\/nushu-share-1-1.png","contentUrl":"https:\/\/www.nushu.cat\/wp-content\/uploads\/2024\/02\/nushu-share-1-1.png","width":1080,"height":1080,"caption":"n\u00fcshu"},"image":{"@id":"https:\/\/www.nushu.cat\/es\/#\/schema\/logo\/image\/"},"sameAs":["https:\/\/www.facebook.com\/nushu.artesania\/","https:\/\/www.instagram.com\/nushu_artesania"]}]}},"jetpack_sharing_enabled":true,"_links":{"self":[{"href":"https:\/\/www.nushu.cat\/es\/wp-json\/wp\/v2\/product\/12404","targetHints":{"allow":["GET"]}}],"collection":[{"href":"https:\/\/www.nushu.cat\/es\/wp-json\/wp\/v2\/product"}],"about":[{"href":"https:\/\/www.nushu.cat\/es\/wp-json\/wp\/v2\/types\/product"}],"version-history":[{"count":4,"href":"https:\/\/www.nushu.cat\/es\/wp-json\/wp\/v2\/product\/12404\/revisions"}],"predecessor-version":[{"id":267717,"href":"https:\/\/www.nushu.cat\/es\/wp-json\/wp\/v2\/product\/12404\/revisions\/267717"}],"wp:featuredmedia":[{"embeddable":true,"href":"https:\/\/www.nushu.cat\/es\/wp-json\/wp\/v2\/media\/267470"}],"wp:attachment":[{"href":"https:\/\/www.nushu.cat\/es\/wp-json\/wp\/v2\/media?parent=12404"}],"wp:term":[{"taxonomy":"product_brand","embeddable":true,"href":"https:\/\/www.nushu.cat\/es\/wp-json\/wp\/v2\/product_brand?post=12404"},{"taxonomy":"product_cat","embeddable":true,"href":"https:\/\/www.nushu.cat\/es\/wp-json\/wp\/v2\/product_cat?post=12404"},{"taxonomy":"product_tag","embeddable":true,"href":"https:\/\/www.nushu.cat\/es\/wp-json\/wp\/v2\/product_tag?post=12404"}],"curies":[{"name":"wp","href":"https:\/\/api.w.org\/{rel}","templated":true}]}}