{"id":12686,"date":"2022-01-22T08:06:09","date_gmt":"2022-01-22T08:06:09","guid":{"rendered":"https:\/\/www.nushu.cat\/?post_type=product&#038;p=12686"},"modified":"2026-04-11T21:58:49","modified_gmt":"2026-04-11T19:58:49","slug":"salvaslip-algodon-tanga","status":"publish","type":"product","link":"https:\/\/www.nushu.cat\/es\/producto\/salvaslip-algodon-tanga\/","title":{"rendered":"Salvaslip tanga reutilizable de algod\u00f3n"},"content":{"rendered":"<p data-start=\"124\" data-end=\"393\"><strong data-start=\"124\" data-end=\"176\">Este salvaslip tangaslip de tela reutilizable<\/strong> est\u00e1 dise\u00f1ado para ofrecer protecci\u00f3n ligera de forma c\u00f3moda y discreta. <strong data-start=\"255\" data-end=\"283\">Se coloca en la braguita<\/strong> mediante<strong data-start=\"295\" data-end=\"337\"> un peque\u00f1o bot\u00f3n de clic libre de n\u00edquel,<\/strong> que asegura una <strong data-start=\"356\" data-end=\"391\">buena sujeci\u00f3n sin molestias.<\/strong><\/p>\n<p data-start=\"395\" data-end=\"522\">Su gran calidad y dedicaci\u00f3n en la producci\u00f3n las hace duraderas y resistentes, as\u00ed que te <strong data-start=\"490\" data-end=\"520\">pueden durar m\u00e1s de 3 a\u00f1os. <\/strong><\/p>\n<p data-start=\"524\" data-end=\"642\"><strong data-start=\"524\" data-end=\"574\">Son veganas y libres de maltrato animal.<\/strong> Te sorprender\u00e1 su capacidad de absorci\u00f3n a pesar de lo finas que son.<\/p>\n<h2 data-start=\"644\" data-end=\"699\">Materiales del salvaslip reutilizable para tanga<\/h2>\n<p data-start=\"701\" data-end=\"773\">Las compresas de tela de <strong data-start=\"726\" data-end=\"735\">n\u00fcshu<\/strong> est\u00e1n formadas por diferentes capas:<\/p>\n<ul>\n<li data-start=\"776\" data-end=\"919\">La <strong data-start=\"776\" data-end=\"812\">capa en contacto<\/strong> con la vulva es de <strong data-start=\"819\" data-end=\"846\">franela de algod\u00f3n 100 %,<\/strong> un tejido muy suave y agradable que no provoca rozaduras ni molestias.<\/li>\n<li data-start=\"922\" data-end=\"1046\">En el interior, seg\u00fan la absorci\u00f3n, hay <strong data-start=\"961\" data-end=\"1015\">distintas capas de algod\u00f3n 100% que recogen el flujo<\/strong> de forma eficaz y uniforme.<\/li>\n<li data-start=\"1049\" data-end=\"1215\"><strong data-start=\"1049\" data-end=\"1070\">Una capa laminada<\/strong> innovadora aporta impermeabilidad para <strong data-start=\"1109\" data-end=\"1135\">evitar fugas y manchas,<\/strong> manteniendo la transpirabilidad y reduciendo la proliferaci\u00f3n de hongos o bacterias.<\/li>\n<li data-start=\"1219\" data-end=\"1357\">Finalmente, <strong data-start=\"1230\" data-end=\"1250\">la parte exterior<\/strong>, tambi\u00e9n de algod\u00f3n 100%, lleva<strong data-start=\"1279\" data-end=\"1301\"> un tejido estampado<\/strong> alegre y colorido que queda en contacto con el tanga.<\/li>\n<\/ul>\n<p data-start=\"1359\" data-end=\"1482\">Recuerda que no puedes utilizarlas por ambos lados. La parte que est\u00e1 en contacto con la vulva es la capa de franela.<\/p>\n<p data-start=\"1484\" data-end=\"1610\">Est\u00e1 confeccionado con <strong data-start=\"1506\" data-end=\"1543\">tejidos certificados OEKO-TEX\u00ae 100 <\/strong>que verifica que no existen sustancias nocivas para la salud.<\/p>\n<h2 data-start=\"1617\" data-end=\"1680\">C\u00f3mo lavar tus salvaslip reutilizables para tanga<\/h2>\n<p data-start=\"1682\" data-end=\"1956\">Durante la regla, puedes dejar <strong data-start=\"1711\" data-end=\"1742\">un barre\u00f1o con agua fr\u00eda <\/strong>en el ba\u00f1o y dejar reposar el salvaslip tras su uso para que la sangre se desprenda poco a poco del tejido. Puedes a\u00f1adir unas gotas de <strong data-start=\"1870\" data-end=\"1902\">aceite esencial de \u00e1rbol del t\u00e9 <\/strong>en el agua, ya que te ayudar\u00e1 a evitar bacterias y hongos.<\/p>\n<p data-start=\"1958\" data-end=\"2173\">Despu\u00e9s, l\u00e1valo a mano con <a href=\"https:\/\/www.nushu.cat\/es\/producto\/jabon-sostenible\/\"><strong data-start=\"1984\" data-end=\"1999\">jab\u00f3n neutro<\/strong><\/a>, quita el exceso de agua y s\u00e9calo al aire. Al final del sangrado, puedes lavarlas en la <strong data-start=\"2088\" data-end=\"2130\">lavadora con agua fr\u00eda (m\u00e1x. 30 \u00b0C)<\/strong>, sin suavizante, secadora ni plancha.<\/p>\n<p data-start=\"2175\" data-end=\"2321\">Para <strong data-start=\"2181\" data-end=\"2198\">manchas rebeldes<\/strong>, puedes usar m\u00e9todos naturales como el sol o el <strong data-start=\"2237\" data-end=\"2264\"><a href=\"https:\/\/www.nushu.cat\/es\/producto\/precarbonato\/\">percarbonato<\/a><\/strong>, que limpian en profundidad sin da\u00f1ar el tejido.<\/p>\n<h2 data-start=\"2328\" data-end=\"2367\">Detalles del salvaslip para tanga<\/h2>\n<ul>\n<li data-start=\"2370\" data-end=\"2402\"><strong data-start=\"2370\" data-end=\"2391\">Tipo de absorci\u00f3n:<\/strong> ligera<\/li>\n<li data-start=\"2405\" data-end=\"2429\"><strong data-start=\"2405\" data-end=\"2415\">Medidas:<\/strong> 17,5 \u00d7 4 cm<\/li>\n<li data-start=\"2432\" data-end=\"2459\"><strong data-start=\"2432\" data-end=\"2447\">Certificado:<\/strong> OEKO-TEX\u00ae<\/li>\n<li data-start=\"2462\" data-end=\"2515\"><strong data-start=\"2462\" data-end=\"2485\">Lugar de fabricaci\u00f3n:<\/strong> Hecho en Canet de Mar, Espa\u00f1a<\/li>\n<li data-start=\"2518\" data-end=\"2574\"><strong data-start=\"2518\" data-end=\"2529\">Modelos:<\/strong> disponible en diferentes estampados y colores<\/li>\n<\/ul>\n<p>&nbsp;<\/p>\n<h2 data-start=\"2581\" data-end=\"2621\">Otros modelos de compresas de tela<\/h2>\n<p data-start=\"2623\" data-end=\"2768\">Cada momento del ciclo menstrual es distinto, por eso en <strong data-start=\"2679\" data-end=\"2688\">n\u00fcshu<\/strong> encontrar\u00e1s diferentes modelos de compresas de tela adaptados a cada necesidad:<\/p>\n<ul>\n<li data-start=\"2772\" data-end=\"2958\"><strong data-start=\"2772\" data-end=\"2794\"><a href=\"https:\/\/www.nushu.cat\/es\/productes\/higiene-menstrual-sostenible\/compresas_de_tela\/salvaslip\/\">Salvaslip de tela:<\/a><\/strong> de absorci\u00f3n ligera, ideal para los primeros y \u00faltimos d\u00edas, uso diario o peque\u00f1as p\u00e9rdidas de orina. Disponible en versi\u00f3n tangaslip (T), <a href=\"https:\/\/www.nushu.cat\/es\/producto\/xs\/\"><strong data-start=\"2910\" data-end=\"2938\">mini (XS)<\/strong><\/a> y <a href=\"https:\/\/www.nushu.cat\/es\/producto\/salvaslip-tela-talla-s\/\"><strong data-start=\"2941\" data-end=\"2956\">normal (S)<\/strong><\/a>.<\/li>\n<li data-start=\"2961\" data-end=\"3137\"><strong data-start=\"2961\" data-end=\"2982\"><a href=\"https:\/\/www.nushu.cat\/es\/productes\/higiene-menstrual-sostenible\/compresas_de_tela\/dia\/\">Compresas de d\u00eda:<\/a><\/strong> de absorci\u00f3n media o fuerte. Los modelos<strong data-start=\"3022\" data-end=\"3031\"> <a href=\"https:\/\/www.nushu.cat\/es\/producto\/m\/\">M<\/a> y <a href=\"https:\/\/www.nushu.cat\/es\/producto\/l\/\">L<\/a> <\/strong>se adaptan a reglas poco abundantes o sangrados m\u00e1s intensos, y tambi\u00e9n a p\u00e9rdidas de orina moderadas o severas.<\/li>\n<li data-start=\"3140\" data-end=\"3301\"><strong data-start=\"3140\" data-end=\"3161\"><a href=\"https:\/\/www.nushu.cat\/es\/productes\/higiene-menstrual-sostenible\/compresas_de_tela\/noche\/\">Compresas de noche:<\/a><\/strong> con absorci\u00f3n muy fuerte y dise\u00f1o m\u00e1s largo por detr\u00e1s, perfectas para dormir con tranquilidad. Disponibles en tallas<strong data-start=\"3282\" data-end=\"3288\"><a href=\"https:\/\/www.nushu.cat\/es\/producto\/xl\/\"> XL <\/a><\/strong>y <strong data-start=\"3291\" data-end=\"3299\"><a href=\"https:\/\/www.nushu.cat\/es\/producto\/xxl\/\">XXL.<\/a><\/strong><\/li>\n<li data-start=\"3304\" data-end=\"3447\"><strong data-start=\"3304\" data-end=\"3331\"><a href=\"https:\/\/www.nushu.cat\/es\/productes\/higiene-menstrual-sostenible\/compresas_de_tela\/grandes\/\">Compresas grandes algod\u00f3n<\/a><\/strong> o <strong data-start=\"3334\" data-end=\"3364\"><a href=\"https:\/\/www.nushu.cat\/es\/productes\/higiene-menstrual-sostenible\/compresas_de_tela\/postparto\/\">compresas para el postparto:<\/a><\/strong> para sangrados muy abundantes, con m\u00e1xima capacidad de absorci\u00f3n y cobertura extra.<\/li>\n<\/ul>\n<p data-start=\"3449\" data-end=\"3607\">\u00a1Te invito a que te <strong data-start=\"3464\" data-end=\"3509\"><a href=\"https:\/\/www.nushu.cat\/wp-content\/uploads\/2020\/12\/nushu-diagrama_vat.pdf\">descargues este diagrama menstrual<\/a><\/strong> y empieces a ponerlo en pr\u00e1ctica! \u00a1Es una herramienta que si la sabes utilizar te ser\u00e1 muy valiosa!<\/p>\n","protected":false},"excerpt":{"rendered":"<ul>\n<li><strong>Salvaslip de tela reutilizable<\/strong> de absorci\u00f3n ligera, especial para <strong>tanga. <\/strong><\/li>\n<li>Ideal para los primeros y \u00faltimos d\u00edas de la regla, como complemento a<strong><a href=\"https:\/\/www.nushu.cat\/es\/productes\/higiene-menstrual-sostenible\/copas-menstruales-y-esponjas\/\"> la copa menstrual o a los discos menstruales<\/a><\/strong>, para uso diario si hay mucho flujo cervical y para peque\u00f1as p\u00e9rdidas de orina.<\/li>\n<li><strong>Medidas:<\/strong> 17,5 \u00d7 4 cm.<\/li>\n<\/ul>\n","protected":false},"featured_media":267331,"template":"","meta":{"_acf_changed":false},"product_brand":[],"product_cat":[955,224,207,830,268],"product_tag":[],"class_list":{"0":"post-12686","1":"product","2":"type-product","3":"status-publish","4":"has-post-thumbnail","6":"product_cat-tanga-de-algodon","7":"product_cat-compresas_de_tela","8":"product_cat-higiene-menstrual-sostenible","9":"product_cat-salvaslip","10":"product_cat-sostenible","12":"first","13":"instock","14":"taxable","15":"shipping-taxable","16":"purchasable","17":"product-type-variable","18":"has-default-attributes"},"acf":[],"yoast_head":"<!-- This site is optimized with the Yoast SEO plugin v27.4 - https:\/\/yoast.com\/product\/yoast-seo-wordpress\/ -->\n<title>Salvaslip reutilizable para tanga - n\u00fcshu<\/title>\n<meta name=\"description\" content=\"Salvaslip de tela reutilizable para tanga, hecho en Barcelona con tejido certificado OEKO-TEX\u00ae. Vive tu menstruaci\u00f3n sostenible con n\u00fcshu.\" \/>\n<meta name=\"robots\" content=\"index, follow, max-snippet:-1, max-image-preview:large, max-video-preview:-1\" \/>\n<link rel=\"canonical\" href=\"https:\/\/www.nushu.cat\/es\/producto\/salvaslip-algodon-tanga\/\" \/>\n<meta property=\"og:locale\" content=\"es_ES\" \/>\n<meta property=\"og:type\" content=\"article\" \/>\n<meta property=\"og:title\" content=\"Salvaslip reutilizable para tanga - n\u00fcshu\" \/>\n<meta property=\"og:description\" content=\"Salvaslip de tela reutilizable para tanga, hecho en Barcelona con tejido certificado OEKO-TEX\u00ae. Vive tu menstruaci\u00f3n sostenible con n\u00fcshu.\" \/>\n<meta property=\"og:url\" content=\"https:\/\/www.nushu.cat\/es\/producto\/salvaslip-algodon-tanga\/\" \/>\n<meta property=\"og:site_name\" content=\"n\u00fcshu\" \/>\n<meta property=\"article:publisher\" content=\"https:\/\/www.facebook.com\/nushu.artesania\/\" \/>\n<meta property=\"article:modified_time\" content=\"2026-04-11T19:58:49+00:00\" \/>\n<meta property=\"og:image\" content=\"https:\/\/www.nushu.cat\/wp-content\/uploads\/2022\/01\/1-salvaslip-tanga-algodon-reutilizable.webp\" \/>\n\t<meta property=\"og:image:width\" content=\"622\" \/>\n\t<meta property=\"og:image:height\" content=\"622\" \/>\n\t<meta property=\"og:image:type\" content=\"image\/webp\" \/>\n<meta name=\"twitter:card\" content=\"summary_large_image\" \/>\n<meta name=\"twitter:label1\" content=\"Tiempo de lectura\" \/>\n\t<meta name=\"twitter:data1\" content=\"3 minutos\" \/>\n<!-- \/ Yoast SEO plugin. -->","yoast_head_json":{"title":"Salvaslip reutilizable para tanga - n\u00fcshu","description":"Salvaslip de tela reutilizable para tanga, hecho en Barcelona con tejido certificado OEKO-TEX\u00ae. Vive tu menstruaci\u00f3n sostenible con n\u00fcshu.","robots":{"index":"index","follow":"follow","max-snippet":"max-snippet:-1","max-image-preview":"max-image-preview:large","max-video-preview":"max-video-preview:-1"},"canonical":"https:\/\/www.nushu.cat\/es\/producto\/salvaslip-algodon-tanga\/","og_locale":"es_ES","og_type":"article","og_title":"Salvaslip reutilizable para tanga - n\u00fcshu","og_description":"Salvaslip de tela reutilizable para tanga, hecho en Barcelona con tejido certificado OEKO-TEX\u00ae. Vive tu menstruaci\u00f3n sostenible con n\u00fcshu.","og_url":"https:\/\/www.nushu.cat\/es\/producto\/salvaslip-algodon-tanga\/","og_site_name":"n\u00fcshu","article_publisher":"https:\/\/www.facebook.com\/nushu.artesania\/","article_modified_time":"2026-04-11T19:58:49+00:00","og_image":[{"width":622,"height":622,"url":"https:\/\/www.nushu.cat\/wp-content\/uploads\/2022\/01\/1-salvaslip-tanga-algodon-reutilizable.webp","type":"image\/webp"}],"twitter_card":"summary_large_image","twitter_misc":{"Tiempo de lectura":"3 minutos"},"schema":{"@context":"https:\/\/schema.org","@graph":[{"@type":"WebPage","@id":"https:\/\/www.nushu.cat\/es\/producto\/salvaslip-algodon-tanga\/","url":"https:\/\/www.nushu.cat\/es\/producto\/salvaslip-algodon-tanga\/","name":"Salvaslip reutilizable para tanga - n\u00fcshu","isPartOf":{"@id":"https:\/\/www.nushu.cat\/es\/#website"},"primaryImageOfPage":{"@id":"https:\/\/www.nushu.cat\/es\/producto\/salvaslip-algodon-tanga\/#primaryimage"},"image":{"@id":"https:\/\/www.nushu.cat\/es\/producto\/salvaslip-algodon-tanga\/#primaryimage"},"thumbnailUrl":"https:\/\/www.nushu.cat\/wp-content\/uploads\/2022\/01\/1-salvaslip-tanga-algodon-reutilizable.webp","datePublished":"2022-01-22T08:06:09+00:00","dateModified":"2026-04-11T19:58:49+00:00","description":"Salvaslip de tela reutilizable para tanga, hecho en Barcelona con tejido certificado OEKO-TEX\u00ae. Vive tu menstruaci\u00f3n sostenible con n\u00fcshu.","breadcrumb":{"@id":"https:\/\/www.nushu.cat\/es\/producto\/salvaslip-algodon-tanga\/#breadcrumb"},"inLanguage":"es","potentialAction":[{"@type":"ReadAction","target":["https:\/\/www.nushu.cat\/es\/producto\/salvaslip-algodon-tanga\/"]}]},{"@type":"ImageObject","inLanguage":"es","@id":"https:\/\/www.nushu.cat\/es\/producto\/salvaslip-algodon-tanga\/#primaryimage","url":"https:\/\/www.nushu.cat\/wp-content\/uploads\/2022\/01\/1-salvaslip-tanga-algodon-reutilizable.webp","contentUrl":"https:\/\/www.nushu.cat\/wp-content\/uploads\/2022\/01\/1-salvaslip-tanga-algodon-reutilizable.webp","width":622,"height":622,"caption":"Salvaslip tanga de algod\u00f3n reutilizable n\u00fcshu"},{"@type":"BreadcrumbList","@id":"https:\/\/www.nushu.cat\/es\/producto\/salvaslip-algodon-tanga\/#breadcrumb","itemListElement":[{"@type":"ListItem","position":1,"name":"Inici","item":"https:\/\/www.nushu.cat\/es\/compreses-de-tela\/"},{"@type":"ListItem","position":2,"name":"Tienda","item":"https:\/\/www.nushu.cat\/es\/tienda\/"},{"@type":"ListItem","position":3,"name":"Salvaslip tanga reutilizable de algod\u00f3n"}]},{"@type":"WebSite","@id":"https:\/\/www.nushu.cat\/es\/#website","url":"https:\/\/www.nushu.cat\/es\/","name":"n\u00fcshu","description":"natural &amp; sostenible","publisher":{"@id":"https:\/\/www.nushu.cat\/es\/#organization"},"potentialAction":[{"@type":"SearchAction","target":{"@type":"EntryPoint","urlTemplate":"https:\/\/www.nushu.cat\/es\/?s={search_term_string}"},"query-input":{"@type":"PropertyValueSpecification","valueRequired":true,"valueName":"search_term_string"}}],"inLanguage":"es"},{"@type":"Organization","@id":"https:\/\/www.nushu.cat\/es\/#organization","name":"n\u00fcshu","url":"https:\/\/www.nushu.cat\/es\/","logo":{"@type":"ImageObject","inLanguage":"es","@id":"https:\/\/www.nushu.cat\/es\/#\/schema\/logo\/image\/","url":"https:\/\/www.nushu.cat\/wp-content\/uploads\/2024\/02\/nushu-share-1-1.png","contentUrl":"https:\/\/www.nushu.cat\/wp-content\/uploads\/2024\/02\/nushu-share-1-1.png","width":1080,"height":1080,"caption":"n\u00fcshu"},"image":{"@id":"https:\/\/www.nushu.cat\/es\/#\/schema\/logo\/image\/"},"sameAs":["https:\/\/www.facebook.com\/nushu.artesania\/","https:\/\/www.instagram.com\/nushu_artesania"]}]}},"jetpack_sharing_enabled":true,"_links":{"self":[{"href":"https:\/\/www.nushu.cat\/es\/wp-json\/wp\/v2\/product\/12686","targetHints":{"allow":["GET"]}}],"collection":[{"href":"https:\/\/www.nushu.cat\/es\/wp-json\/wp\/v2\/product"}],"about":[{"href":"https:\/\/www.nushu.cat\/es\/wp-json\/wp\/v2\/types\/product"}],"version-history":[{"count":3,"href":"https:\/\/www.nushu.cat\/es\/wp-json\/wp\/v2\/product\/12686\/revisions"}],"predecessor-version":[{"id":267708,"href":"https:\/\/www.nushu.cat\/es\/wp-json\/wp\/v2\/product\/12686\/revisions\/267708"}],"wp:featuredmedia":[{"embeddable":true,"href":"https:\/\/www.nushu.cat\/es\/wp-json\/wp\/v2\/media\/267331"}],"wp:attachment":[{"href":"https:\/\/www.nushu.cat\/es\/wp-json\/wp\/v2\/media?parent=12686"}],"wp:term":[{"taxonomy":"product_brand","embeddable":true,"href":"https:\/\/www.nushu.cat\/es\/wp-json\/wp\/v2\/product_brand?post=12686"},{"taxonomy":"product_cat","embeddable":true,"href":"https:\/\/www.nushu.cat\/es\/wp-json\/wp\/v2\/product_cat?post=12686"},{"taxonomy":"product_tag","embeddable":true,"href":"https:\/\/www.nushu.cat\/es\/wp-json\/wp\/v2\/product_tag?post=12686"}],"curies":[{"name":"wp","href":"https:\/\/api.w.org\/{rel}","templated":true}]}}