{"id":12821,"date":"2022-01-22T18:13:56","date_gmt":"2022-01-22T18:13:56","guid":{"rendered":"https:\/\/www.nushu.cat\/?post_type=product&#038;p=12821"},"modified":"2026-04-30T23:46:49","modified_gmt":"2026-04-30T21:46:49","slug":"salvaslip-algodon-mini-xs","status":"publish","type":"product","link":"https:\/\/www.nushu.cat\/es\/producto\/salvaslip-algodon-mini-xs\/","title":{"rendered":"Salvaslip reutilizable de algod\u00f3n mini XS"},"content":{"rendered":"<p data-start=\"1088\" data-end=\"1344\">Este <strong data-start=\"1095\" data-end=\"1138\">salvaslip reutilizable de algod\u00f3n mini XS<\/strong> est\u00e1 dise\u00f1ado para ofrecer <strong data-start=\"1169\" data-end=\"1198\">protecci\u00f3n diaria ligera <\/strong>de forma c\u00f3moda y discreta. <br data-start=\"1227\" data-end=\"1230\">Es el modelo <strong data-start=\"1242\" data-end=\"1260\">m\u00e1s peque\u00f1o y fino<\/strong> de la colecci\u00f3n, pensado para quienes utilizan<strong data-start=\"1305\" data-end=\"1341\"> bragas m\u00e1s peque\u00f1as o chicas peque\u00f1as.<\/strong><\/p>\n<p data-start=\"1346\" data-end=\"1502\">Se coloca f\u00e1cilmente en la ropa interior mediante un <strong data-start=\"1401\" data-end=\"1450\">peque\u00f1o bot\u00f3n de clic met\u00e1lico libre de n\u00edque<\/strong>l, que asegura una buena sujeci\u00f3n sin molestias.<\/p>\n<p data-start=\"1504\" data-end=\"1637\">Su gran calidad y dedicaci\u00f3n en la producci\u00f3n las hace <strong data-start=\"1561\" data-end=\"1587\">duraderas y resistentes<\/strong>, pudiendo acompa\u00f1arte durante m\u00e1s de<strong data-start=\"1624\" data-end=\"1634\"> 3 a\u00f1os.<\/strong><\/p>\n<p data-start=\"1639\" data-end=\"1785\">Son <strong data-start=\"1643\" data-end=\"1688\">veganas y libres de maltrato animal.<\/strong> Te sorprender\u00e1 su capacidad de absorci\u00f3n a pesar de su tama\u00f1o y del grosor tan fino del tejido.<\/p>\n<h2 data-start=\"1792\" data-end=\"1868\">Materiales del salvaslip mini XS reutilizable para bragas peque\u00f1as<\/h2>\n<p data-start=\"1870\" data-end=\"1942\">Las compresas de tela de <strong data-start=\"1895\" data-end=\"1904\">n\u00fcshu<\/strong> est\u00e1n formadas por diferentes capas:<\/p>\n<ul>\n<li data-start=\"1945\" data-end=\"2088\">La <strong data-start=\"1948\" data-end=\"1981\">capa en contacto con la vulva<\/strong> es de <strong data-start=\"1988\" data-end=\"2015\">franela de algod\u00f3n 100 %<\/strong>, un tejido muy suave y agradable que no provoca rozaduras ni molestias.<\/li>\n<li data-start=\"2091\" data-end=\"2215\">En el interior, seg\u00fan la absorci\u00f3n, hay <strong data-start=\"2130\" data-end=\"2163\">distintas capas de algod\u00f3n 100 %<\/strong> que recogen el flujo de forma eficaz y uniforme.<\/li>\n<li data-start=\"2218\" data-end=\"2380\">Una<strong data-start=\"2222\" data-end=\"2250\"> capa laminada innovadora <\/strong>aporta impermeabilidad para evitar fugas y manchas, manteniendo la transpirabilidad y reduciendo la proliferaci\u00f3n de hongos o bacterias.<\/li>\n<li data-start=\"2383\" data-end=\"2521\">Finalmente, la <strong data-start=\"2397\" data-end=\"2414\">parte exterior<\/strong>, tambi\u00e9n de algod\u00f3n 100 %, lleva un <strong data-start=\"2446\" data-end=\"2483\">tejido estampado alegre y colorido<\/strong> que queda en contacto con la braga.<\/li>\n<\/ul>\n<p data-start=\"2523\" data-end=\"2648\">\n<p data-start=\"2523\" data-end=\"2648\">Recuerda que no puedes utilizarlas por ambos lados. La parte que est\u00e1 en contacto con la vulva es la capa de franela.<\/p>\n<p data-start=\"2650\" data-end=\"2781\">Est\u00e1 confeccionado con<strong data-start=\"2672\" data-end=\"2709\"> tejidos certificados OEKO-TEX\u00ae 100<\/strong>, que verifican que no existen sustancias nocivas para la salud.<\/p>\n<h2 data-start=\"2788\" data-end=\"2851\">C\u00f3mo lavar tus salvaslip reutilizables mini XS<\/h2>\n<p data-start=\"2853\" data-end=\"3025\">Despu\u00e9s de cada uso, puedes dejar un <strong data-start=\"2888\" data-end=\"2914\">barre\u00f1o con agua fr\u00eda en el ba\u00f1o<\/strong> y dejar reposar el salvaslip durante unos minutos para que la sangre se desprenda poco a poco del tejido.<\/p>\n<p data-start=\"3027\" data-end=\"3137\">Puedes a\u00f1adir unas gotas de<strong data-start=\"3052\" data-end=\"3084\"> aceite esencial de \u00e1rbol del t\u00e9 en el agua<\/strong>, ya que ayuda a evitar bacterias y hongos.<\/p>\n<p data-start=\"3139\" data-end=\"3364\">Despu\u00e9s, <strong data-start=\"3148\" data-end=\"3180\">l\u00e1valo a mano con <a href=\"https:\/\/www.nushu.cat\/es\/producto\/jabon-sostenible\/\">jab\u00f3n neutro<\/a><\/strong>, quita el exceso de agua y s\u00e9calo al aire.<br data-start=\"3223\" data-end=\"3226\">Tambi\u00e9n puedes lavarlo junto con otras prendas en la <strong data-start=\"3279\" data-end=\"3321\">lavadora con agua fr\u00eda (m\u00e1x. 30 \u00b0C)<\/strong>, sin suavizante, secadora ni plancha.<\/p>\n<p data-start=\"3366\" data-end=\"3510\">Para <strong data-start=\"3372\" data-end=\"3393\">manchas rebeldes<\/strong>, utiliza m\u00e9todos naturales como el <strong data-start=\"3441\" data-end=\"3456\">sol<\/strong> o el <strong data-start=\"3428\" data-end=\"3435\"><a href=\"https:\/\/www.nushu.cat\/es\/producto\/precarbonato\/\">percarbonato<\/a><\/strong>, que limpian en profundidad sin da\u00f1ar el tejido.<\/p>\n<h2 data-start=\"3517\" data-end=\"3557\">Detalles del salvaslip talla XS<\/h2>\n<ul>\n<li data-start=\"3560\" data-end=\"3592\"><strong data-start=\"3560\" data-end=\"3581\">Tipo de absorci\u00f3n:<\/strong> ligera<\/li>\n<li data-start=\"3595\" data-end=\"3619\"><strong data-start=\"3595\" data-end=\"3605\">Medidas:<\/strong> 15,5 \u00d7 4 cm<\/li>\n<li data-start=\"3622\" data-end=\"3649\"><strong data-start=\"3622\" data-end=\"3637\">Certificado:<\/strong> OEKO-TEX\u00ae<\/li>\n<li data-start=\"3652\" data-end=\"3705\"><strong data-start=\"3652\" data-end=\"3675\">Lugar de fabricaci\u00f3n:<\/strong> Hecho en Canet de Mar, Espa\u00f1a<\/li>\n<li data-start=\"3708\" data-end=\"3764\"><strong data-start=\"3708\" data-end=\"3719\">Modelos:<\/strong> disponible en diferentes estampados y colores<\/li>\n<\/ul>\n<p>&nbsp;<\/p>\n<h2 data-start=\"3771\" data-end=\"3815\">Otros modelos de compresas de tela<\/h2>\n<p data-start=\"3817\" data-end=\"3959\">Cada momento del ciclo menstrual es distinto, por eso en <strong data-start=\"3873\" data-end=\"3882\">n\u00fcshu<\/strong> encontrar\u00e1s diferentes modelos de compresas de tela adaptados a cada necesidad:<\/p>\n<ul>\n<li data-start=\"2772\" data-end=\"2958\"><strong data-start=\"2772\" data-end=\"2794\"><a href=\"https:\/\/www.nushu.cat\/es\/productes\/higiene-menstrual-sostenible\/compresas_de_tela\/salvaslip\/\">Salvaslip de tela: <\/a><\/strong>de absorci\u00f3n ligera, ideal para los primeros y \u00faltimos d\u00edas, uso diario o peque\u00f1as p\u00e9rdidas de orina. Disponible en versi\u00f3n <strong data-start=\"2910\" data-end=\"2938\"><a href=\"https:\/\/www.nushu.cat\/es\/producto\/salvaslip-algodon-tanga\/\">tangaslip (T)<\/a>, mini (XS)<\/strong> y <strong data-start=\"2941\" data-end=\"2956\"><a href=\"https:\/\/www.nushu.cat\/es\/producto\/salvaslip-tela-talla-s\/\">normal (S)<\/a>.<\/strong><\/li>\n<li data-start=\"2961\" data-end=\"3137\"><strong data-start=\"2961\" data-end=\"2982\"><a href=\"https:\/\/www.nushu.cat\/es\/productes\/higiene-menstrual-sostenible\/compresas_de_tela\/dia\/\">Compresas de dia:<\/a><\/strong> de absorci\u00f3n mediana o fuerte. Los modelos <strong data-start=\"3022\" data-end=\"3031\"><a href=\"https:\/\/www.nushu.cat\/es\/producto\/m\/\">M<\/a> y <a href=\"https:\/\/www.nushu.cat\/es\/producto\/l\/\">L<\/a><\/strong> se adaptan a reglas poco abundantes o sangrados m\u00e1s intensos, y tambi\u00e9n a p\u00e9rdidas de orina moderadas o severas.<\/li>\n<li data-start=\"3140\" data-end=\"3301\"><strong data-start=\"3140\" data-end=\"3161\"><a href=\"https:\/\/www.nushu.cat\/es\/productes\/higiene-menstrual-sostenible\/compresas_de_tela\/noche\/\">Compresas de noche: <\/a><\/strong>con absorci\u00f3n muy fuerte y dise\u00f1o m\u00e1s largo por detr\u00e1s, perfectas para dormir con tranquilidad. Disponibles en tallas <a href=\"https:\/\/www.nushu.cat\/es\/producto\/xl\/\"><strong data-start=\"3282\" data-end=\"3288\">XL<\/strong> y<\/a> <strong data-start=\"3291\" data-end=\"3299\"><a href=\"https:\/\/www.nushu.cat\/es\/producto\/xxl\/\">XXL<\/a>.<\/strong><\/li>\n<li data-start=\"3304\" data-end=\"3447\"><strong data-start=\"3304\" data-end=\"3331\"><a href=\"https:\/\/www.nushu.cat\/es\/productes\/higiene-menstrual-sostenible\/compresas_de_tela\/grandes\/\">Compresas grandes algod\u00f3n<\/a><\/strong> o <strong data-start=\"3334\" data-end=\"3364\"><a href=\"https:\/\/www.nushu.cat\/es\/productes\/higiene-menstrual-sostenible\/compresas_de_tela\/postparto\/\">compresas para el postparto:<\/a><\/strong> para sangrados muy abundantes, con m\u00e1xima capacidad de absorci\u00f3n y cobertura extra.<\/li>\n<\/ul>\n<p data-start=\"4644\" data-end=\"4801\">\n<p data-start=\"4644\" data-end=\"4801\">\u00a1Te invito a que te <strong data-start=\"4662\" data-end=\"4704\"><a href=\"https:\/\/www.nushu.cat\/wp-content\/uploads\/2020\/12\/nushu-diagrama_vat.pdf\">descargues este diagrama menstrual<\/a><\/strong> y empieces a ponerlo en pr\u00e1ctica! \u00a1Es una herramienta que si la sabes utilizar te ser\u00e1 muy valiosa!<\/p>\n","protected":false},"excerpt":{"rendered":"<ul>\n<li data-start=\"662\" data-end=\"738\"><strong data-start=\"662\" data-end=\"697\">Salvaslip de tela reutilizable<\/strong> de absorci\u00f3n ligera, tama\u00f1o <strong data-start=\"724\" data-end=\"735\">mini XS.<\/strong><\/li>\n<li data-start=\"741\" data-end=\"837\">Es el <strong data-start=\"747\" data-end=\"766\">modelo m\u00e1s peque\u00f1o<\/strong> de todos los salvaslips de <strong data-start=\"793\" data-end=\"802\">n\u00fcshu<\/strong>, ideal para bragas m\u00e1s peque\u00f1as.<\/li>\n<li data-start=\"840\" data-end=\"1024\">Perfecto para los primeros y \u00faltimos d\u00edas del ciclo, como complemento a la <strong data-start=\"912\" data-end=\"930\"><a href=\"https:\/\/www.nushu.cat\/es\/productes\/higiene-menstrual-sostenible\/copas-menstruales-y-esponjas\/\">copa menstrual<\/a><\/strong>, <a href=\"https:\/\/www.nushu.cat\/es\/productes\/higiene-menstrual-sostenible\/copas-menstruales-y-esponjas\/esponjas-menstruales\/\"><strong data-start=\"932\" data-end=\"953\">esponja menstrual<\/strong><\/a>, <strong data-start=\"955\" data-end=\"973\"><a href=\"https:\/\/www.nushu.cat\/es\/producto\/disco-menstrual\/\">disco menstrual<\/a><\/strong> o para uso diario si hay mucho flujo cervical.<\/li>\n<li data-start=\"1027\" data-end=\"1052\"><strong data-start=\"1027\" data-end=\"1037\">Medidas:<\/strong> 15,5 \u00d7 4 cm.<\/li>\n<\/ul>\n","protected":false},"featured_media":267422,"template":"","meta":{"_acf_changed":false},"product_brand":[],"product_cat":[224,207,830,268],"product_tag":[],"class_list":{"0":"post-12821","1":"product","2":"type-product","3":"status-publish","4":"has-post-thumbnail","6":"product_cat-compresas_de_tela","7":"product_cat-higiene-menstrual-sostenible","8":"product_cat-salvaslip","9":"product_cat-sostenible","11":"first","12":"instock","13":"taxable","14":"shipping-taxable","15":"purchasable","16":"product-type-variable","17":"has-default-attributes"},"acf":[],"yoast_head":"<!-- This site is optimized with the Yoast SEO plugin v27.4 - https:\/\/yoast.com\/product\/yoast-seo-wordpress\/ -->\n<title>Salvaslip reutilizable de algod\u00f3n mini XS - n\u00fcshu<\/title>\n<meta name=\"description\" content=\"Salvaslip de tela reutilizable m\u00e1s peque\u00f1o de n\u00fcshu, hecho en Barcelona con tejido certificado OEKO-TEX\u00ae. Ideal para bragas peque\u00f1as, cuerpos peque\u00f1os y flujo ligero.\" \/>\n<meta name=\"robots\" content=\"index, follow, max-snippet:-1, max-image-preview:large, max-video-preview:-1\" \/>\n<link rel=\"canonical\" href=\"https:\/\/www.nushu.cat\/es\/producto\/salvaslip-algodon-mini-xs\/\" \/>\n<meta property=\"og:locale\" content=\"es_ES\" \/>\n<meta property=\"og:type\" content=\"article\" \/>\n<meta property=\"og:title\" content=\"Salvaslip reutilizable de algod\u00f3n mini XS - n\u00fcshu\" \/>\n<meta property=\"og:description\" content=\"Salvaslip de tela reutilizable m\u00e1s peque\u00f1o de n\u00fcshu, hecho en Barcelona con tejido certificado OEKO-TEX\u00ae. Ideal para bragas peque\u00f1as, cuerpos peque\u00f1os y flujo ligero.\" \/>\n<meta property=\"og:url\" content=\"https:\/\/www.nushu.cat\/es\/producto\/salvaslip-algodon-mini-xs\/\" \/>\n<meta property=\"og:site_name\" content=\"n\u00fcshu\" \/>\n<meta property=\"article:publisher\" content=\"https:\/\/www.facebook.com\/nushu.artesania\/\" \/>\n<meta property=\"article:modified_time\" content=\"2026-04-30T21:46:49+00:00\" \/>\n<meta property=\"og:image\" content=\"https:\/\/www.nushu.cat\/wp-content\/uploads\/2022\/01\/5-salvaslip-algodon-mini-xs-sangre.webp\" \/>\n\t<meta property=\"og:image:width\" content=\"650\" \/>\n\t<meta property=\"og:image:height\" content=\"650\" \/>\n\t<meta property=\"og:image:type\" content=\"image\/webp\" \/>\n<meta name=\"twitter:card\" content=\"summary_large_image\" \/>\n<meta name=\"twitter:label1\" content=\"Tiempo de lectura\" \/>\n\t<meta name=\"twitter:data1\" content=\"3 minutos\" \/>\n<!-- \/ Yoast SEO plugin. -->","yoast_head_json":{"title":"Salvaslip reutilizable de algod\u00f3n mini XS - n\u00fcshu","description":"Salvaslip de tela reutilizable m\u00e1s peque\u00f1o de n\u00fcshu, hecho en Barcelona con tejido certificado OEKO-TEX\u00ae. Ideal para bragas peque\u00f1as, cuerpos peque\u00f1os y flujo ligero.","robots":{"index":"index","follow":"follow","max-snippet":"max-snippet:-1","max-image-preview":"max-image-preview:large","max-video-preview":"max-video-preview:-1"},"canonical":"https:\/\/www.nushu.cat\/es\/producto\/salvaslip-algodon-mini-xs\/","og_locale":"es_ES","og_type":"article","og_title":"Salvaslip reutilizable de algod\u00f3n mini XS - n\u00fcshu","og_description":"Salvaslip de tela reutilizable m\u00e1s peque\u00f1o de n\u00fcshu, hecho en Barcelona con tejido certificado OEKO-TEX\u00ae. Ideal para bragas peque\u00f1as, cuerpos peque\u00f1os y flujo ligero.","og_url":"https:\/\/www.nushu.cat\/es\/producto\/salvaslip-algodon-mini-xs\/","og_site_name":"n\u00fcshu","article_publisher":"https:\/\/www.facebook.com\/nushu.artesania\/","article_modified_time":"2026-04-30T21:46:49+00:00","og_image":[{"width":650,"height":650,"url":"https:\/\/www.nushu.cat\/wp-content\/uploads\/2022\/01\/5-salvaslip-algodon-mini-xs-sangre.webp","type":"image\/webp"}],"twitter_card":"summary_large_image","twitter_misc":{"Tiempo de lectura":"3 minutos"},"schema":{"@context":"https:\/\/schema.org","@graph":[{"@type":"WebPage","@id":"https:\/\/www.nushu.cat\/es\/producto\/salvaslip-algodon-mini-xs\/","url":"https:\/\/www.nushu.cat\/es\/producto\/salvaslip-algodon-mini-xs\/","name":"Salvaslip reutilizable de algod\u00f3n mini XS - n\u00fcshu","isPartOf":{"@id":"https:\/\/www.nushu.cat\/es\/#website"},"primaryImageOfPage":{"@id":"https:\/\/www.nushu.cat\/es\/producto\/salvaslip-algodon-mini-xs\/#primaryimage"},"image":{"@id":"https:\/\/www.nushu.cat\/es\/producto\/salvaslip-algodon-mini-xs\/#primaryimage"},"thumbnailUrl":"https:\/\/www.nushu.cat\/wp-content\/uploads\/2022\/01\/5-salvaslip-algodon-mini-xs-sangre.webp","datePublished":"2022-01-22T18:13:56+00:00","dateModified":"2026-04-30T21:46:49+00:00","description":"Salvaslip de tela reutilizable m\u00e1s peque\u00f1o de n\u00fcshu, hecho en Barcelona con tejido certificado OEKO-TEX\u00ae. Ideal para bragas peque\u00f1as, cuerpos peque\u00f1os y flujo ligero.","breadcrumb":{"@id":"https:\/\/www.nushu.cat\/es\/producto\/salvaslip-algodon-mini-xs\/#breadcrumb"},"inLanguage":"es","potentialAction":[{"@type":"ReadAction","target":["https:\/\/www.nushu.cat\/es\/producto\/salvaslip-algodon-mini-xs\/"]}]},{"@type":"ImageObject","inLanguage":"es","@id":"https:\/\/www.nushu.cat\/es\/producto\/salvaslip-algodon-mini-xs\/#primaryimage","url":"https:\/\/www.nushu.cat\/wp-content\/uploads\/2022\/01\/5-salvaslip-algodon-mini-xs-sangre.webp","contentUrl":"https:\/\/www.nushu.cat\/wp-content\/uploads\/2022\/01\/5-salvaslip-algodon-mini-xs-sangre.webp","width":650,"height":650,"caption":"Salvaslip reutilizable de algod\u00f3n mini XS modelo Sangre"},{"@type":"BreadcrumbList","@id":"https:\/\/www.nushu.cat\/es\/producto\/salvaslip-algodon-mini-xs\/#breadcrumb","itemListElement":[{"@type":"ListItem","position":1,"name":"Inici","item":"https:\/\/www.nushu.cat\/es\/compreses-de-tela\/"},{"@type":"ListItem","position":2,"name":"Tienda","item":"https:\/\/www.nushu.cat\/es\/tienda\/"},{"@type":"ListItem","position":3,"name":"Salvaslip reutilizable de algod\u00f3n mini XS"}]},{"@type":"WebSite","@id":"https:\/\/www.nushu.cat\/es\/#website","url":"https:\/\/www.nushu.cat\/es\/","name":"n\u00fcshu","description":"natural &amp; sostenible","publisher":{"@id":"https:\/\/www.nushu.cat\/es\/#organization"},"potentialAction":[{"@type":"SearchAction","target":{"@type":"EntryPoint","urlTemplate":"https:\/\/www.nushu.cat\/es\/?s={search_term_string}"},"query-input":{"@type":"PropertyValueSpecification","valueRequired":true,"valueName":"search_term_string"}}],"inLanguage":"es"},{"@type":"Organization","@id":"https:\/\/www.nushu.cat\/es\/#organization","name":"n\u00fcshu","url":"https:\/\/www.nushu.cat\/es\/","logo":{"@type":"ImageObject","inLanguage":"es","@id":"https:\/\/www.nushu.cat\/es\/#\/schema\/logo\/image\/","url":"https:\/\/www.nushu.cat\/wp-content\/uploads\/2024\/02\/nushu-share-1-1.png","contentUrl":"https:\/\/www.nushu.cat\/wp-content\/uploads\/2024\/02\/nushu-share-1-1.png","width":1080,"height":1080,"caption":"n\u00fcshu"},"image":{"@id":"https:\/\/www.nushu.cat\/es\/#\/schema\/logo\/image\/"},"sameAs":["https:\/\/www.facebook.com\/nushu.artesania\/","https:\/\/www.instagram.com\/nushu_artesania"]}]}},"jetpack_sharing_enabled":true,"_links":{"self":[{"href":"https:\/\/www.nushu.cat\/es\/wp-json\/wp\/v2\/product\/12821","targetHints":{"allow":["GET"]}}],"collection":[{"href":"https:\/\/www.nushu.cat\/es\/wp-json\/wp\/v2\/product"}],"about":[{"href":"https:\/\/www.nushu.cat\/es\/wp-json\/wp\/v2\/types\/product"}],"version-history":[{"count":5,"href":"https:\/\/www.nushu.cat\/es\/wp-json\/wp\/v2\/product\/12821\/revisions"}],"predecessor-version":[{"id":267716,"href":"https:\/\/www.nushu.cat\/es\/wp-json\/wp\/v2\/product\/12821\/revisions\/267716"}],"wp:featuredmedia":[{"embeddable":true,"href":"https:\/\/www.nushu.cat\/es\/wp-json\/wp\/v2\/media\/267422"}],"wp:attachment":[{"href":"https:\/\/www.nushu.cat\/es\/wp-json\/wp\/v2\/media?parent=12821"}],"wp:term":[{"taxonomy":"product_brand","embeddable":true,"href":"https:\/\/www.nushu.cat\/es\/wp-json\/wp\/v2\/product_brand?post=12821"},{"taxonomy":"product_cat","embeddable":true,"href":"https:\/\/www.nushu.cat\/es\/wp-json\/wp\/v2\/product_cat?post=12821"},{"taxonomy":"product_tag","embeddable":true,"href":"https:\/\/www.nushu.cat\/es\/wp-json\/wp\/v2\/product_tag?post=12821"}],"curies":[{"name":"wp","href":"https:\/\/api.w.org\/{rel}","templated":true}]}}