{"id":12920,"date":"2022-01-23T08:27:07","date_gmt":"2022-01-23T08:27:07","guid":{"rendered":"https:\/\/www.nushu.cat\/?post_type=product&#038;p=12920"},"modified":"2026-04-27T10:16:09","modified_gmt":"2026-04-27T08:16:09","slug":"compresa-de-tela-de-noche-xl","status":"publish","type":"product","link":"https:\/\/www.nushu.cat\/es\/producto\/compresa-de-tela-de-noche-xl\/","title":{"rendered":"Compresa de tela de noche XL"},"content":{"rendered":"<p data-start=\"174\" data-end=\"475\">Esta compresa de tela reutilizable de noche XL est\u00e1 dise\u00f1ada para ofrecer <strong data-start=\"254\" data-end=\"277\">m\u00e1xima protecci\u00f3n<\/strong> y comodidad durante las noches o los d\u00edas de flujo abundante. <br data-start=\"334\" data-end=\"337\" \/>Su forma alargada por detr\u00e1s<strong data-start=\"373\" data-end=\"424\"> evita filtraciones mientras duermes o est\u00e1s tumbada<\/strong>, aport\u00e1ndote seguridad y bienestar en todo momento.<\/p>\n<p data-start=\"477\" data-end=\"636\">Se ajusta a la <strong data-start=\"491\" data-end=\"502\">braga<\/strong> mediante un peque\u00f1o<strong data-start=\"523\" data-end=\"566\"> bot\u00f3n met\u00e1lico de clic libre de n\u00edquel,<\/strong> que asegura una buena sujeci\u00f3n sin moverse ni causar molestias.<\/p>\n<p data-start=\"638\" data-end=\"859\">Las<strong data-start=\"642\" data-end=\"669\"> compresas de tela n\u00fcshu<\/strong> est\u00e1n fabricadas en Espa\u00f1a. Concretamente en un pueblo de la costa, en <strong data-start=\"738\" data-end=\"754\">Canet de Mar.<\/strong> Una a una han sido <strong data-start=\"776\" data-end=\"856\">confeccionadas de forma artesanal con materiales de calidad y de proximidad.<\/strong><\/p>\n<p data-start=\"861\" data-end=\"1063\">Es muy importante para mi la huella que se deja en el proceso de producci\u00f3n y es por eso que las <strong data-start=\"959\" data-end=\"980\">materias primas<\/strong> (hilo, tejidos, botones,\u2026) las <strong data-start=\"1016\" data-end=\"1042\">herramientas y los packagings<\/strong> son de proximidad.<\/p>\n<p data-start=\"1065\" data-end=\"1186\"><strong data-start=\"1065\" data-end=\"1115\">Son veganas y libres de maltrato animal.<\/strong> Te sorprender\u00e1 su capacidad de absorci\u00f3n a pesar de lo finas que son.<\/p>\n<h2 data-start=\"1189\" data-end=\"1243\">Materiales de la compresa reutilizable de noche XL<\/h2>\n<p data-start=\"1245\" data-end=\"1342\">Las <strong data-start=\"1249\" data-end=\"1279\">compresas de tela de n\u00fcshu<\/strong> est\u00e1n formadas por diferentes capas cuidadosamente seleccionadas:<\/p>\n<ul>\n<li data-start=\"1346\" data-end=\"1477\"><strong data-start=\"1346\" data-end=\"1391\">Capa interior (en contacto con la vulva):<\/strong> franela de algod\u00f3n 100 %, un tejido suave y agradable que evita rozaduras e irritaciones.<\/li>\n<li data-start=\"1346\" data-end=\"1477\"><strong data-start=\"1480\" data-end=\"1502\">Capas intermedias:<\/strong> varias capas de algod\u00f3n 100 % que absorben la sangre menstrual de forma uniforme y eficaz, adapt\u00e1ndose a las necesidades de flujo abundante.<\/li>\n<li data-start=\"1647\" data-end=\"1813\"><strong data-start=\"1647\" data-end=\"1677\">Capa impermeable laminada:<\/strong> una membrana innovadora que evita fugas y, al mismo tiempo, permite la <strong data-start=\"1749\" data-end=\"1765\">transpiraci\u00f3n<\/strong>, reduciendo la proliferaci\u00f3n de hongos o bacterias.<\/li>\n<li data-start=\"1816\" data-end=\"2060\"><strong data-start=\"1816\" data-end=\"1834\">Capa exterior:<\/strong> tejido de algod\u00f3n estampado, alegre y colorido, que queda en contacto con la braga y aporta un toque de personalidad a tu menstruaci\u00f3n. Elige la que m\u00e1s te represente y alegra los d\u00edas de sangrado con personalidad y color.<\/li>\n<\/ul>\n<p data-start=\"2062\" data-end=\"2188\">Todas las capas cuentan con el <strong data-start=\"2093\" data-end=\"2121\">certificado OEKO-TEX\u00ae 100, <\/strong>que garantiza la ausencia de sustancias nocivas para la salud.<\/p>\n<p data-start=\"2190\" data-end=\"2312\">Recuerda que no puedes utilizarlas por ambos lados: la parte en contacto con la vulva es la capa lisa y suave de franela.<\/p>\n<h2 data-start=\"2315\" data-end=\"2376\">C\u00f3mo lavar las compresas de tela reutilizables de algod\u00f3n<\/h2>\n<p data-start=\"2378\" data-end=\"2655\">Durante tu regla, puedes dejar un barre\u00f1o con agua fr\u00eda en el ba\u00f1o y dejar reposar la compresa tras su uso para facilitar que la sangre se desprenda del tejido.<br data-start=\"2558\" data-end=\"2561\" \/>A\u00f1adir unas gotas de <strong data-start=\"2581\" data-end=\"2613\">aceite esencial de \u00e1rbol del t\u00e9 <\/strong>puede ayudar a prevenir bacterias y hongos.<\/p>\n<p data-start=\"2657\" data-end=\"2667\">Despu\u00e9s:<\/p>\n<ol>\n<li data-start=\"2671\" data-end=\"2734\">Lava a mano con <a href=\"https:\/\/www.nushu.cat\/es\/producto\/jabon-sostenible\/\"><strong data-start=\"2686\" data-end=\"2701\">jab\u00f3n neutro<\/strong><\/a> o en lavadora (m\u00e1x. 30 \u00b0C).<\/li>\n<li data-start=\"2738\" data-end=\"2777\">No uses secadora ni plancha.<\/li>\n<li data-start=\"2781\" data-end=\"2831\"><strong data-start=\"2781\" data-end=\"2793\">Ti\u00e9ndela<\/strong> al aire y evita guardarla h\u00fameda.<\/li>\n<li data-start=\"2835\" data-end=\"2908\">Para manchas dif\u00edciles, puedes recurrir al sol o al <strong data-start=\"2884\" data-end=\"2905\"><a href=\"https:\/\/www.nushu.cat\/es\/producto\/precarbonato\/\">percarbonato s\u00f3dico.<\/a><\/strong><\/li>\n<\/ol>\n<p data-start=\"2910\" data-end=\"3049\">Con estos cuidados, tus compresas de tela pueden acompa\u00f1arte <strong data-start=\"2978\" data-end=\"2995\">m\u00e1s de 3 a\u00f1os,<\/strong> manteniendo su capacidad de absorci\u00f3n y suavidad.<\/p>\n<h2 data-start=\"3052\" data-end=\"3090\">Detalles de la compresa de noche XL<\/h2>\n<ul>\n<li data-start=\"3094\" data-end=\"3151\"><strong data-start=\"3094\" data-end=\"3115\">Tipo de absorci\u00f3n:<\/strong> alta (flujo abundante o uso nocturno)<\/li>\n<li data-start=\"3154\" data-end=\"3176\"><strong data-start=\"3154\" data-end=\"3164\">Medidas:<\/strong> 27 \u00d7 7 cm<\/li>\n<li data-start=\"3179\" data-end=\"3210\"><strong data-start=\"3179\" data-end=\"3194\">Certificado:<\/strong> OEKO-TEX\u00ae 100<\/li>\n<li data-start=\"3213\" data-end=\"3266\"><strong data-start=\"3213\" data-end=\"3236\">Lugar de fabricaci\u00f3n:<\/strong> Hecho en Canet de Mar, Espa\u00f1a<\/li>\n<li data-start=\"3269\" data-end=\"3325\"><strong data-start=\"3269\" data-end=\"3280\">Modelos:<\/strong> disponible en diferentes estampados y colores<\/li>\n<\/ul>\n<h2 data-start=\"3328\" data-end=\"3368\">Otros modelos de compresas de tela<\/h2>\n<p data-start=\"3370\" data-end=\"3515\">Cada momento del ciclo menstrual es distinto, por eso en <strong data-start=\"3426\" data-end=\"3435\">n\u00fcshu<\/strong> encontrar\u00e1s diferentes modelos de compresas de tela adaptados a cada necesidad:<\/p>\n<ul>\n<li data-start=\"3519\" data-end=\"3637\"><strong data-start=\"3519\" data-end=\"3541\"><a href=\"https:\/\/www.nushu.cat\/es\/productes\/higiene-menstrual-sostenible\/compresas_de_tela\/salvaslip\/\">Salvaslip de tela:<\/a><\/strong> de absorci\u00f3n ligera, ideal para los primeros y \u00faltimos d\u00edas, uso diario o peque\u00f1as p\u00e9rdidas de orina.<\/li>\n<li data-start=\"3640\" data-end=\"3820\"><strong data-start=\"3640\" data-end=\"3661\"><a href=\"https:\/\/www.nushu.cat\/es\/productes\/higiene-menstrual-sostenible\/compresas_de_tela\/dia\/\">Compresas de dia:<\/a><\/strong> de absorci\u00f3n mediana o fuerte. Los modelos<strong data-start=\"3701\" data-end=\"3706\"><a href=\"https:\/\/www.nushu.cat\/es\/producto\/m\/\"> M<\/a><\/strong> y <strong data-start=\"3709\" data-end=\"3714\"><a href=\"https:\/\/www.nushu.cat\/es\/producto\/l\/\">L <\/a><\/strong>se adaptan a reglas poco abundantes o sangrados m\u00e1s intensos, y tambi\u00e9n a p\u00e9rdidas de orina moderadas o severas.<\/li>\n<li data-start=\"3823\" data-end=\"3984\"><a href=\"https:\/\/www.nushu.cat\/es\/productes\/higiene-menstrual-sostenible\/compresas_de_tela\/noche\/\"><strong data-start=\"3823\" data-end=\"3844\">Compresas de noche: <\/strong><\/a>con absorci\u00f3n muy fuerte y dise\u00f1o m\u00e1s largo por detr\u00e1s, perfectas para dormir con tranquilidad. Disponibles en tallas <a href=\"https:\/\/www.nushu.cat\/es\/producto\/xl\/\"> <strong data-start=\"3965\" data-end=\"3971\">XL<\/strong> y<\/a> <a href=\"https:\/\/www.nushu.cat\/es\/producto\/xxl\/\"><strong data-start=\"3974\" data-end=\"3981\">XXL<\/strong> <\/a>.<\/li>\n<li data-start=\"3987\" data-end=\"4130\"><strong data-start=\"3987\" data-end=\"4014\"><a href=\"https:\/\/www.nushu.cat\/es\/productes\/higiene-menstrual-sostenible\/compresas_de_tela\/grandes\/\">Compresas grandes algod\u00f3n<\/a><\/strong> o <strong data-start=\"4017\" data-end=\"4047\"><a href=\"https:\/\/www.nushu.cat\/es\/productes\/higiene-menstrual-sostenible\/compresas_de_tela\/postparto\/\">compresas para el postparto:<\/a><\/strong> para sangrados muy abundantes, con m\u00e1xima capacidad de absorci\u00f3n y cobertura extra.<\/li>\n<\/ul>\n<p data-start=\"4132\" data-end=\"4287\">\u00a1Te invito a que te <strong data-start=\"4147\" data-end=\"4192\"><a href=\"https:\/\/www.nushu.cat\/wp-content\/uploads\/2024\/02\/nushu-diagrama_vat-1.pdf\">descargues este diagrama menstrual<\/a><\/strong> y empieces a ponerlo en pr\u00e1ctica! \u00a1Es una herramienta que si la sabes utilizar te ser\u00e1 muy valiosa!<\/p>\n","protected":false},"excerpt":{"rendered":"<ul>\n<li>Compresa de tela reutilizable <strong>de noche XL<\/strong>, pensada para flujo abundante o uso nocturno.<\/li>\n<li>Ofrece protecci\u00f3n amplia y c\u00f3moda gracias a su<strong> tama\u00f1o XL<\/strong> y tejidos suaves de algod\u00f3n 100%.<\/li>\n<li>Ideal si buscas una opci\u00f3n natural,<strong> sin pl\u00e1sticos ni qu\u00edmicos,<\/strong> que se mantenga en su sitio y te acompa\u00f1e durante a\u00f1os.<\/li>\n<li><strong>Medidas:<\/strong> 27 \u00d7 7 cm.<\/li>\n<\/ul>\n","protected":false},"featured_media":268035,"template":"","meta":{"_acf_changed":false},"product_brand":[],"product_cat":[843,224,840,207,268],"product_tag":[],"class_list":{"0":"post-12920","1":"product","2":"type-product","3":"status-publish","4":"has-post-thumbnail","6":"product_cat-noche","7":"product_cat-compresas_de_tela","8":"product_cat-grandes","9":"product_cat-higiene-menstrual-sostenible","10":"product_cat-sostenible","12":"first","13":"instock","14":"taxable","15":"shipping-taxable","16":"purchasable","17":"product-type-variable","18":"has-default-attributes"},"acf":[],"yoast_head":"<!-- This site is optimized with the Yoast SEO plugin v27.4 - https:\/\/yoast.com\/product\/yoast-seo-wordpress\/ -->\n<title>Compresa de tela de noche XL reutilizable - n\u00fcshu<\/title>\n<meta name=\"description\" content=\"Compresa de tela reutilizable para la noche, hecha en Espa\u00f1a con algod\u00f3n certificado OEKO-TEX\u00ae. Ideal para flujos abundantes. Vive tu menstruaci\u00f3n sostenible con n\u00fcshu.\" \/>\n<meta name=\"robots\" content=\"index, follow, max-snippet:-1, max-image-preview:large, max-video-preview:-1\" \/>\n<link rel=\"canonical\" href=\"https:\/\/www.nushu.cat\/es\/producto\/compresa-de-tela-de-noche-xl\/\" \/>\n<meta property=\"og:locale\" content=\"es_ES\" \/>\n<meta property=\"og:type\" content=\"article\" \/>\n<meta property=\"og:title\" content=\"Compresa de tela de noche XL reutilizable - n\u00fcshu\" \/>\n<meta property=\"og:description\" content=\"Compresa de tela reutilizable para la noche, hecha en Espa\u00f1a con algod\u00f3n certificado OEKO-TEX\u00ae. Ideal para flujos abundantes. Vive tu menstruaci\u00f3n sostenible con n\u00fcshu.\" \/>\n<meta property=\"og:url\" content=\"https:\/\/www.nushu.cat\/es\/producto\/compresa-de-tela-de-noche-xl\/\" \/>\n<meta property=\"og:site_name\" content=\"n\u00fcshu\" \/>\n<meta property=\"article:publisher\" content=\"https:\/\/www.facebook.com\/nushu.artesania\/\" \/>\n<meta property=\"article:modified_time\" content=\"2026-04-27T08:16:09+00:00\" \/>\n<meta property=\"og:image\" content=\"https:\/\/www.nushu.cat\/wp-content\/uploads\/2022\/01\/compresa-tela-noche-xl-prado-2.webp\" \/>\n\t<meta property=\"og:image:width\" content=\"895\" \/>\n\t<meta property=\"og:image:height\" content=\"895\" \/>\n\t<meta property=\"og:image:type\" content=\"image\/webp\" \/>\n<meta name=\"twitter:card\" content=\"summary_large_image\" \/>\n<meta name=\"twitter:label1\" content=\"Tiempo de lectura\" \/>\n\t<meta name=\"twitter:data1\" content=\"4 minutos\" \/>\n<!-- \/ Yoast SEO plugin. -->","yoast_head_json":{"title":"Compresa de tela de noche XL reutilizable - n\u00fcshu","description":"Compresa de tela reutilizable para la noche, hecha en Espa\u00f1a con algod\u00f3n certificado OEKO-TEX\u00ae. Ideal para flujos abundantes. Vive tu menstruaci\u00f3n sostenible con n\u00fcshu.","robots":{"index":"index","follow":"follow","max-snippet":"max-snippet:-1","max-image-preview":"max-image-preview:large","max-video-preview":"max-video-preview:-1"},"canonical":"https:\/\/www.nushu.cat\/es\/producto\/compresa-de-tela-de-noche-xl\/","og_locale":"es_ES","og_type":"article","og_title":"Compresa de tela de noche XL reutilizable - n\u00fcshu","og_description":"Compresa de tela reutilizable para la noche, hecha en Espa\u00f1a con algod\u00f3n certificado OEKO-TEX\u00ae. Ideal para flujos abundantes. Vive tu menstruaci\u00f3n sostenible con n\u00fcshu.","og_url":"https:\/\/www.nushu.cat\/es\/producto\/compresa-de-tela-de-noche-xl\/","og_site_name":"n\u00fcshu","article_publisher":"https:\/\/www.facebook.com\/nushu.artesania\/","article_modified_time":"2026-04-27T08:16:09+00:00","og_image":[{"width":895,"height":895,"url":"https:\/\/www.nushu.cat\/wp-content\/uploads\/2022\/01\/compresa-tela-noche-xl-prado-2.webp","type":"image\/webp"}],"twitter_card":"summary_large_image","twitter_misc":{"Tiempo de lectura":"4 minutos"},"schema":{"@context":"https:\/\/schema.org","@graph":[{"@type":"WebPage","@id":"https:\/\/www.nushu.cat\/es\/producto\/compresa-de-tela-de-noche-xl\/","url":"https:\/\/www.nushu.cat\/es\/producto\/compresa-de-tela-de-noche-xl\/","name":"Compresa de tela de noche XL reutilizable - n\u00fcshu","isPartOf":{"@id":"https:\/\/www.nushu.cat\/es\/#website"},"primaryImageOfPage":{"@id":"https:\/\/www.nushu.cat\/es\/producto\/compresa-de-tela-de-noche-xl\/#primaryimage"},"image":{"@id":"https:\/\/www.nushu.cat\/es\/producto\/compresa-de-tela-de-noche-xl\/#primaryimage"},"thumbnailUrl":"https:\/\/www.nushu.cat\/wp-content\/uploads\/2022\/01\/compresa-tela-noche-xl-prado-2.webp","datePublished":"2022-01-23T08:27:07+00:00","dateModified":"2026-04-27T08:16:09+00:00","description":"Compresa de tela reutilizable para la noche, hecha en Espa\u00f1a con algod\u00f3n certificado OEKO-TEX\u00ae. Ideal para flujos abundantes. Vive tu menstruaci\u00f3n sostenible con n\u00fcshu.","breadcrumb":{"@id":"https:\/\/www.nushu.cat\/es\/producto\/compresa-de-tela-de-noche-xl\/#breadcrumb"},"inLanguage":"es","potentialAction":[{"@type":"ReadAction","target":["https:\/\/www.nushu.cat\/es\/producto\/compresa-de-tela-de-noche-xl\/"]}]},{"@type":"ImageObject","inLanguage":"es","@id":"https:\/\/www.nushu.cat\/es\/producto\/compresa-de-tela-de-noche-xl\/#primaryimage","url":"https:\/\/www.nushu.cat\/wp-content\/uploads\/2022\/01\/compresa-tela-noche-xl-prado-2.webp","contentUrl":"https:\/\/www.nushu.cat\/wp-content\/uploads\/2022\/01\/compresa-tela-noche-xl-prado-2.webp","width":895,"height":895,"caption":"Compresa reutilitzable de cot\u00f3 talla XL \u2013 cobertura nit prado n\u00fcshu"},{"@type":"BreadcrumbList","@id":"https:\/\/www.nushu.cat\/es\/producto\/compresa-de-tela-de-noche-xl\/#breadcrumb","itemListElement":[{"@type":"ListItem","position":1,"name":"Inici","item":"https:\/\/www.nushu.cat\/es\/compreses-de-tela\/"},{"@type":"ListItem","position":2,"name":"Tienda","item":"https:\/\/www.nushu.cat\/es\/tienda\/"},{"@type":"ListItem","position":3,"name":"Compresa de tela de noche XL"}]},{"@type":"WebSite","@id":"https:\/\/www.nushu.cat\/es\/#website","url":"https:\/\/www.nushu.cat\/es\/","name":"n\u00fcshu","description":"natural &amp; sostenible","publisher":{"@id":"https:\/\/www.nushu.cat\/es\/#organization"},"potentialAction":[{"@type":"SearchAction","target":{"@type":"EntryPoint","urlTemplate":"https:\/\/www.nushu.cat\/es\/?s={search_term_string}"},"query-input":{"@type":"PropertyValueSpecification","valueRequired":true,"valueName":"search_term_string"}}],"inLanguage":"es"},{"@type":"Organization","@id":"https:\/\/www.nushu.cat\/es\/#organization","name":"n\u00fcshu","url":"https:\/\/www.nushu.cat\/es\/","logo":{"@type":"ImageObject","inLanguage":"es","@id":"https:\/\/www.nushu.cat\/es\/#\/schema\/logo\/image\/","url":"https:\/\/www.nushu.cat\/wp-content\/uploads\/2024\/02\/nushu-share-1-1.png","contentUrl":"https:\/\/www.nushu.cat\/wp-content\/uploads\/2024\/02\/nushu-share-1-1.png","width":1080,"height":1080,"caption":"n\u00fcshu"},"image":{"@id":"https:\/\/www.nushu.cat\/es\/#\/schema\/logo\/image\/"},"sameAs":["https:\/\/www.facebook.com\/nushu.artesania\/","https:\/\/www.instagram.com\/nushu_artesania"]}]}},"jetpack_sharing_enabled":true,"_links":{"self":[{"href":"https:\/\/www.nushu.cat\/es\/wp-json\/wp\/v2\/product\/12920","targetHints":{"allow":["GET"]}}],"collection":[{"href":"https:\/\/www.nushu.cat\/es\/wp-json\/wp\/v2\/product"}],"about":[{"href":"https:\/\/www.nushu.cat\/es\/wp-json\/wp\/v2\/types\/product"}],"version-history":[{"count":4,"href":"https:\/\/www.nushu.cat\/es\/wp-json\/wp\/v2\/product\/12920\/revisions"}],"predecessor-version":[{"id":268389,"href":"https:\/\/www.nushu.cat\/es\/wp-json\/wp\/v2\/product\/12920\/revisions\/268389"}],"wp:featuredmedia":[{"embeddable":true,"href":"https:\/\/www.nushu.cat\/es\/wp-json\/wp\/v2\/media\/268035"}],"wp:attachment":[{"href":"https:\/\/www.nushu.cat\/es\/wp-json\/wp\/v2\/media?parent=12920"}],"wp:term":[{"taxonomy":"product_brand","embeddable":true,"href":"https:\/\/www.nushu.cat\/es\/wp-json\/wp\/v2\/product_brand?post=12920"},{"taxonomy":"product_cat","embeddable":true,"href":"https:\/\/www.nushu.cat\/es\/wp-json\/wp\/v2\/product_cat?post=12920"},{"taxonomy":"product_tag","embeddable":true,"href":"https:\/\/www.nushu.cat\/es\/wp-json\/wp\/v2\/product_tag?post=12920"}],"curies":[{"name":"wp","href":"https:\/\/api.w.org\/{rel}","templated":true}]}}