{"id":12994,"date":"2022-01-23T09:01:31","date_gmt":"2022-01-23T09:01:31","guid":{"rendered":"https:\/\/www.nushu.cat\/?post_type=product&#038;p=12994"},"modified":"2026-04-27T10:16:10","modified_gmt":"2026-04-27T08:16:10","slug":"compresa-de-tela-de-noche-super-xxl","status":"publish","type":"product","link":"https:\/\/www.nushu.cat\/es\/producto\/compresa-de-tela-de-noche-super-xxl\/","title":{"rendered":"Compresa de tela de noche s\u00faper y post parto XXL"},"content":{"rendered":"<p data-start=\"1014\" data-end=\"1377\">Esta <strong data-start=\"1022\" data-end=\"1066\">compresa de tela reutilizable s\u00faper XXL<\/strong> est\u00e1 pensada para ofrecer <strong data-start=\"1091\" data-end=\"1126\">absorci\u00f3n m\u00e1xima y confort total <\/strong>en las noches m\u00e1s intensas o durante el postparto.<br data-start=\"1181\" data-end=\"1184\" \/>Su dise\u00f1o es m\u00e1s largo y ancho por detr\u00e1s, con forma envolvente que garantiza protecci\u00f3n incluso en posici\u00f3n horizontal, evitando fugas y aportando sensaci\u00f3n de seguridad y bienesta<\/p>\n<p data-start=\"1379\" data-end=\"1537\">Se ajusta a la braga mediante <strong data-start=\"1415\" data-end=\"1458\">un bot\u00f3n met\u00e1lico de clic libre de n\u00edquel<\/strong>, c\u00f3modo y resistente, que asegura una buena sujeci\u00f3n sin causar molestias.<\/p>\n<p data-start=\"1539\" data-end=\"1739\">Las <strong data-start=\"1543\" data-end=\"1570\">compresas de tela n\u00fcshu<\/strong> est\u00e1n fabricadas en Espa\u00f1a, en <strong data-start=\"1614\" data-end=\"1630\">Canet de Mar. <\/strong>Una a una han sido <strong data-start=\"1652\" data-end=\"1690\">confeccionadas de forma artesanal<\/strong> con <strong data-start=\"1695\" data-end=\"1736\">materiales de calidad y de proximidad.<\/strong><\/p>\n<p data-start=\"1741\" data-end=\"2040\">Su alta calidad y dedicaci\u00f3n en el proceso hacen que sean<strong data-start=\"1806\" data-end=\"1835\"> duraderas (m\u00e1s de 3 a\u00f1os)<\/strong> y mantengan una <strong data-start=\"1857\" data-end=\"1886\">gran capacidad de absorci\u00f3n<\/strong> sin perder suavidad ni absorci\u00f3n.<br data-start=\"1921\" data-end=\"1924\" \/><strong data-start=\"1924\" data-end=\"1974\">Son veganas y libres de maltrato animal. <\/strong>Te sorprender\u00e1 su capacidad de absorci\u00f3n a pesar de lo finas que son.<\/p>\n<h2 data-start=\"2047\" data-end=\"2101\">Materiales de la compresa reutilizable s\u00faper XXL<\/h2>\n<p data-start=\"2103\" data-end=\"2200\">Las <strong data-start=\"2107\" data-end=\"2137\">compresas de tela de n\u00fcshu<\/strong> est\u00e1n formadas por diferentes capas cuidadosamente seleccionadas:<\/p>\n<ul>\n<li data-start=\"2204\" data-end=\"2318\"><strong data-start=\"2204\" data-end=\"2249\">Capa interior (en contacte amb la vulva):<\/strong> franel\u00b7la de cot\u00f3 100 %, molt suau, que evita irritacions i frecs.<\/li>\n<li data-start=\"2321\" data-end=\"2464\"><strong data-start=\"2321\" data-end=\"2343\">Capas intermedias:<\/strong> varias capas de algod\u00f3n 100 % que absorben el flujo menstrual o las p\u00e9rdidas del postparto de manera eficaz y uniforme.<\/li>\n<li data-start=\"2467\" data-end=\"2629\"><strong data-start=\"2467\" data-end=\"2497\">Capa impermeable laminada:<\/strong> una membrana innovadora que evita fugas y, al mismo tiempo, permite la transpiraci\u00f3n, reduciendo la proliferaci\u00f3n de hongos o bacterias.<\/li>\n<li data-start=\"2632\" data-end=\"2788\"><strong data-start=\"2632\" data-end=\"2650\">Capa exterior: <\/strong>tejido de algod\u00f3n estampado, alegre y colorido, que queda en contacto con la braga y aporta un toque de personalidad a tu menstruaci\u00f3n.<\/li>\n<\/ul>\n<p data-start=\"2790\" data-end=\"3045\">Todas las capas cuentan con el<strong data-start=\"2821\" data-end=\"2849\"> certificado OEKO-TEX\u00ae 100<\/strong>, que garantiza la ausencia de sustancias nocivas para la salud.<br data-start=\"2914\" data-end=\"2917\" \/>Recuerda que <strong data-start=\"2929\" data-end=\"2971\">no puede usarse por ambos lados<\/strong>: la cara lisa y suave de franela es la que se coloca sobre la piel.<\/p>\n<h2 data-start=\"3052\" data-end=\"3113\">C\u00f3mo lavar las compresas de tela reutilizables de algod\u00f3n<\/h2>\n<p data-start=\"3115\" data-end=\"3381\">Durante tu regla o el postparto, puedes dejar un barre\u00f1o con <strong data-start=\"3173\" data-end=\"3188\">agua fr\u00eda <\/strong>para dejar reposar la compresa tras su uso y facilitar que la sangre se desprenda.<br data-start=\"3286\" data-end=\"3289\" \/>A\u00f1adir unas gotas de<strong data-start=\"3309\" data-end=\"3341\"> aceite esencial de \u00e1rbol del t\u00e9<\/strong>, te puede ayudar a evitar bacterias y hongos.<\/p>\n<p data-start=\"3383\" data-end=\"3393\">Despu\u00e9s:<\/p>\n<ol>\n<li data-start=\"3397\" data-end=\"3463\">Lava a mano con <strong data-start=\"3415\" data-end=\"3430\"><a href=\"https:\/\/www.nushu.cat\/es\/producto\/jabon-sostenible\/\">jab\u00f3n neutro<\/a><\/strong> o en lavadora (m\u00e1x. 30 \u00b0C).<\/li>\n<li data-start=\"3467\" data-end=\"3510\">No uses secadora ni plancha.<\/li>\n<li data-start=\"3514\" data-end=\"3564\"><strong data-start=\"3514\" data-end=\"3535\">Ti\u00e9ndela<\/strong> al aire y evita guardarla h\u00fameda.<\/li>\n<li data-start=\"3568\" data-end=\"3641\">Para manchas dif\u00edciles, puedes recurrir al sol o al <strong data-start=\"3608\" data-end=\"3638\"><a href=\"https:\/\/www.nushu.cat\/es\/producto\/precarbonato\/\">percarbonato s\u00f3dico.<\/a><\/strong><\/li>\n<\/ol>\n<p data-start=\"3643\" data-end=\"3782\">Con estos cuidados, tus compresas de tela pueden acompa\u00f1arte <strong data-start=\"3711\" data-end=\"3728\">m\u00e1s de 3 a\u00f1os,<\/strong> manteniendo su capacidad de absorci\u00f3n y suavidad.<\/p>\n<h2 data-start=\"3789\" data-end=\"3834\">Detalles de la compresa de noche s\u00faper XXL<\/h2>\n<ul>\n<li data-start=\"3838\" data-end=\"3905\"><strong data-start=\"3838\" data-end=\"3859\">Tipo de absorci\u00f3n:<\/strong> extra fuerte (flujo muy abundante o postparto)<\/li>\n<li data-start=\"3908\" data-end=\"3930\"><strong data-start=\"3908\" data-end=\"3918\">Medidas:<\/strong> 27 \u00d7 7 cm<\/li>\n<li data-start=\"3933\" data-end=\"3964\"><strong data-start=\"3933\" data-end=\"3948\">Certificado:<\/strong> OEKO-TEX\u00ae 100<\/li>\n<li data-start=\"3967\" data-end=\"4020\"><strong data-start=\"3967\" data-end=\"3990\">Lugar de fabricaci\u00f3n:<\/strong> Hecho en Canet de Mar, Espa\u00f1a<\/li>\n<li data-start=\"4023\" data-end=\"4079\"><strong data-start=\"4023\" data-end=\"4034\">Modelos:<\/strong> disponible en diferentes estampados y colores<\/li>\n<\/ul>\n<p>&nbsp;<\/p>\n<h2 data-start=\"4086\" data-end=\"4126\">Otros modelos de compresas de tela<\/h2>\n<p data-start=\"3370\" data-end=\"3515\">Cada momento del ciclo menstrual es distinto, por eso en <strong data-start=\"3426\" data-end=\"3435\">n\u00fcshu<\/strong> encontrar\u00e1s diferentes modelos de compresas de tela adaptados a cada necesidad:<\/p>\n<ul>\n<li data-start=\"3519\" data-end=\"3637\"><strong data-start=\"3519\" data-end=\"3541\"><a href=\"https:\/\/www.nushu.cat\/es\/productes\/higiene-menstrual-sostenible\/compresas_de_tela\/salvaslip\/\">Salvaslip de tela:<\/a><\/strong> de absorci\u00f3n ligera, ideal para los primeros y \u00faltimos d\u00edas, uso diario o peque\u00f1as p\u00e9rdidas de orina.<\/li>\n<li data-start=\"3640\" data-end=\"3820\"><strong data-start=\"3640\" data-end=\"3661\"><a href=\"https:\/\/www.nushu.cat\/es\/productes\/higiene-menstrual-sostenible\/compresas_de_tela\/dia\/\">Compresas de dia:<\/a><\/strong> de absorci\u00f3n mediana o fuerte. Los modelos<strong data-start=\"3701\" data-end=\"3706\"><a href=\"https:\/\/www.nushu.cat\/es\/producto\/m\/\"> M<\/a><\/strong> y <strong data-start=\"3709\" data-end=\"3714\"><a href=\"https:\/\/www.nushu.cat\/es\/producto\/l\/\">L <\/a><\/strong>se adaptan a reglas poco abundantes o sangrados m\u00e1s intensos, y tambi\u00e9n a p\u00e9rdidas de orina moderadas o severas.<\/li>\n<li data-start=\"3823\" data-end=\"3984\"><a href=\"https:\/\/www.nushu.cat\/es\/productes\/higiene-menstrual-sostenible\/compresas_de_tela\/noche\/\"><strong data-start=\"3823\" data-end=\"3844\">Compresas de noche: <\/strong><\/a>con absorci\u00f3n muy fuerte y dise\u00f1o m\u00e1s largo por detr\u00e1s, perfectas para dormir con tranquilidad. Disponibles en tallas <a href=\"https:\/\/www.nushu.cat\/es\/producto\/xl\/\"> <strong data-start=\"3965\" data-end=\"3971\">XL<\/strong> y<\/a> <a href=\"https:\/\/www.nushu.cat\/es\/producto\/xxl\/\"><strong data-start=\"3974\" data-end=\"3981\">XXL<\/strong> <\/a>.<\/li>\n<li data-start=\"3987\" data-end=\"4130\"><strong data-start=\"3987\" data-end=\"4014\"><a href=\"https:\/\/www.nushu.cat\/es\/productes\/higiene-menstrual-sostenible\/compresas_de_tela\/grandes\/\">Compresas grandes algod\u00f3n<\/a><\/strong> o <strong data-start=\"4017\" data-end=\"4047\"><a href=\"https:\/\/www.nushu.cat\/es\/productes\/higiene-menstrual-sostenible\/compresas_de_tela\/postparto\/\">compresas para el postparto:<\/a><\/strong> para sangrados muy abundantes, con m\u00e1xima capacidad de absorci\u00f3n y cobertura extra.<\/li>\n<\/ul>\n<p data-start=\"4132\" data-end=\"4287\">\u00a1Te invito a que te <strong data-start=\"4147\" data-end=\"4192\"><a href=\"https:\/\/www.nushu.cat\/wp-content\/uploads\/2024\/02\/nushu-diagrama_vat-1.pdf\">descargues este diagrama menstrual<\/a><\/strong> y empieces a ponerlo en pr\u00e1ctica! \u00a1Es una herramienta que si la sabes utilizar te ser\u00e1 muy valiosa!<\/p>\n","protected":false},"excerpt":{"rendered":"<ul>\n<li data-start=\"716\" data-end=\"873\">Compresa de tela de noche de <strong data-start=\"742\" data-end=\"766\">absorci\u00f3n extra fuerte,<\/strong> ideal para el <strong data-start=\"781\" data-end=\"793\">postparto<\/strong> o las<strong data-start=\"806\" data-end=\"827\"> noches m\u00e1s intensas<\/strong> o para estar en <strong data-start=\"847\" data-end=\"870\">posici\u00f3n horizontal.<\/strong><\/li>\n<li data-start=\"876\" data-end=\"950\">Hecha a mano en Espa\u00f1a con algod\u00f3n ecol\u00f3gico y materiales certificados OEKO-TEX\u00ae.<\/li>\n<li data-start=\"953\" data-end=\"982\"><strong data-start=\"953\" data-end=\"963\">Medidas:<\/strong> 27 \u00d7 7 cm aprox.<\/li>\n<\/ul>\n","protected":false},"featured_media":268104,"template":"","meta":{"_acf_changed":false},"product_brand":[],"product_cat":[843,224,840,837,207,268],"product_tag":[],"class_list":{"0":"post-12994","1":"product","2":"type-product","3":"status-publish","4":"has-post-thumbnail","6":"product_cat-noche","7":"product_cat-compresas_de_tela","8":"product_cat-grandes","9":"product_cat-postparto","10":"product_cat-higiene-menstrual-sostenible","11":"product_cat-sostenible","13":"first","14":"instock","15":"taxable","16":"shipping-taxable","17":"purchasable","18":"product-type-variable","19":"has-default-attributes"},"acf":[],"yoast_head":"<!-- This site is optimized with the Yoast SEO plugin v27.4 - https:\/\/yoast.com\/product\/yoast-seo-wordpress\/ -->\n<title>Compresa de tela de noche s\u00faper y postparto XXL - n\u00fcshu<\/title>\n<meta name=\"description\" content=\"Compresa de tela reutilizable de absorci\u00f3n extra, hecha en Espa\u00f1a con algod\u00f3n certificado OEKO-TEX\u00ae. Ideal para la noche o el postparto. Confort y protecci\u00f3n natural con n\u00fcshu.\" \/>\n<meta name=\"robots\" content=\"index, follow, max-snippet:-1, max-image-preview:large, max-video-preview:-1\" \/>\n<link rel=\"canonical\" href=\"https:\/\/www.nushu.cat\/es\/producto\/compresa-de-tela-de-noche-super-xxl\/\" \/>\n<meta property=\"og:locale\" content=\"es_ES\" \/>\n<meta property=\"og:type\" content=\"article\" \/>\n<meta property=\"og:title\" content=\"Compresa de tela de noche s\u00faper y postparto XXL - n\u00fcshu\" \/>\n<meta property=\"og:description\" content=\"Compresa de tela reutilizable de absorci\u00f3n extra, hecha en Espa\u00f1a con algod\u00f3n certificado OEKO-TEX\u00ae. Ideal para la noche o el postparto. Confort y protecci\u00f3n natural con n\u00fcshu.\" \/>\n<meta property=\"og:url\" content=\"https:\/\/www.nushu.cat\/es\/producto\/compresa-de-tela-de-noche-super-xxl\/\" \/>\n<meta property=\"og:site_name\" content=\"n\u00fcshu\" \/>\n<meta property=\"article:publisher\" content=\"https:\/\/www.facebook.com\/nushu.artesania\/\" \/>\n<meta property=\"article:modified_time\" content=\"2026-04-27T08:16:10+00:00\" \/>\n<meta property=\"og:image\" content=\"https:\/\/www.nushu.cat\/wp-content\/uploads\/2022\/01\/compresa-tela-noche-superpostparto-cebra.webp\" \/>\n\t<meta property=\"og:image:width\" content=\"835\" \/>\n\t<meta property=\"og:image:height\" content=\"836\" \/>\n\t<meta property=\"og:image:type\" content=\"image\/webp\" \/>\n<meta name=\"twitter:card\" content=\"summary_large_image\" \/>\n<meta name=\"twitter:label1\" content=\"Tiempo de lectura\" \/>\n\t<meta name=\"twitter:data1\" content=\"3 minutos\" \/>\n<!-- \/ Yoast SEO plugin. -->","yoast_head_json":{"title":"Compresa de tela de noche s\u00faper y postparto XXL - n\u00fcshu","description":"Compresa de tela reutilizable de absorci\u00f3n extra, hecha en Espa\u00f1a con algod\u00f3n certificado OEKO-TEX\u00ae. Ideal para la noche o el postparto. Confort y protecci\u00f3n natural con n\u00fcshu.","robots":{"index":"index","follow":"follow","max-snippet":"max-snippet:-1","max-image-preview":"max-image-preview:large","max-video-preview":"max-video-preview:-1"},"canonical":"https:\/\/www.nushu.cat\/es\/producto\/compresa-de-tela-de-noche-super-xxl\/","og_locale":"es_ES","og_type":"article","og_title":"Compresa de tela de noche s\u00faper y postparto XXL - n\u00fcshu","og_description":"Compresa de tela reutilizable de absorci\u00f3n extra, hecha en Espa\u00f1a con algod\u00f3n certificado OEKO-TEX\u00ae. Ideal para la noche o el postparto. Confort y protecci\u00f3n natural con n\u00fcshu.","og_url":"https:\/\/www.nushu.cat\/es\/producto\/compresa-de-tela-de-noche-super-xxl\/","og_site_name":"n\u00fcshu","article_publisher":"https:\/\/www.facebook.com\/nushu.artesania\/","article_modified_time":"2026-04-27T08:16:10+00:00","og_image":[{"width":835,"height":836,"url":"https:\/\/www.nushu.cat\/wp-content\/uploads\/2022\/01\/compresa-tela-noche-superpostparto-cebra.webp","type":"image\/webp"}],"twitter_card":"summary_large_image","twitter_misc":{"Tiempo de lectura":"3 minutos"},"schema":{"@context":"https:\/\/schema.org","@graph":[{"@type":"WebPage","@id":"https:\/\/www.nushu.cat\/es\/producto\/compresa-de-tela-de-noche-super-xxl\/","url":"https:\/\/www.nushu.cat\/es\/producto\/compresa-de-tela-de-noche-super-xxl\/","name":"Compresa de tela de noche s\u00faper y postparto XXL - n\u00fcshu","isPartOf":{"@id":"https:\/\/www.nushu.cat\/es\/#website"},"primaryImageOfPage":{"@id":"https:\/\/www.nushu.cat\/es\/producto\/compresa-de-tela-de-noche-super-xxl\/#primaryimage"},"image":{"@id":"https:\/\/www.nushu.cat\/es\/producto\/compresa-de-tela-de-noche-super-xxl\/#primaryimage"},"thumbnailUrl":"https:\/\/www.nushu.cat\/wp-content\/uploads\/2022\/01\/compresa-tela-noche-superpostparto-cebra.webp","datePublished":"2022-01-23T09:01:31+00:00","dateModified":"2026-04-27T08:16:10+00:00","description":"Compresa de tela reutilizable de absorci\u00f3n extra, hecha en Espa\u00f1a con algod\u00f3n certificado OEKO-TEX\u00ae. Ideal para la noche o el postparto. Confort y protecci\u00f3n natural con n\u00fcshu.","breadcrumb":{"@id":"https:\/\/www.nushu.cat\/es\/producto\/compresa-de-tela-de-noche-super-xxl\/#breadcrumb"},"inLanguage":"es","potentialAction":[{"@type":"ReadAction","target":["https:\/\/www.nushu.cat\/es\/producto\/compresa-de-tela-de-noche-super-xxl\/"]}]},{"@type":"ImageObject","inLanguage":"es","@id":"https:\/\/www.nushu.cat\/es\/producto\/compresa-de-tela-de-noche-super-xxl\/#primaryimage","url":"https:\/\/www.nushu.cat\/wp-content\/uploads\/2022\/01\/compresa-tela-noche-superpostparto-cebra.webp","contentUrl":"https:\/\/www.nushu.cat\/wp-content\/uploads\/2022\/01\/compresa-tela-noche-superpostparto-cebra.webp","width":835,"height":836,"caption":"Compresa reutilizable de algod\u00f3n talla XXL \u2013 cobertura noche y postparto cebra n\u00fcshu"},{"@type":"BreadcrumbList","@id":"https:\/\/www.nushu.cat\/es\/producto\/compresa-de-tela-de-noche-super-xxl\/#breadcrumb","itemListElement":[{"@type":"ListItem","position":1,"name":"Inici","item":"https:\/\/www.nushu.cat\/es\/compreses-de-tela\/"},{"@type":"ListItem","position":2,"name":"Tienda","item":"https:\/\/www.nushu.cat\/es\/tienda\/"},{"@type":"ListItem","position":3,"name":"Compresa de tela de noche s\u00faper y post parto XXL"}]},{"@type":"WebSite","@id":"https:\/\/www.nushu.cat\/es\/#website","url":"https:\/\/www.nushu.cat\/es\/","name":"n\u00fcshu","description":"natural &amp; sostenible","publisher":{"@id":"https:\/\/www.nushu.cat\/es\/#organization"},"potentialAction":[{"@type":"SearchAction","target":{"@type":"EntryPoint","urlTemplate":"https:\/\/www.nushu.cat\/es\/?s={search_term_string}"},"query-input":{"@type":"PropertyValueSpecification","valueRequired":true,"valueName":"search_term_string"}}],"inLanguage":"es"},{"@type":"Organization","@id":"https:\/\/www.nushu.cat\/es\/#organization","name":"n\u00fcshu","url":"https:\/\/www.nushu.cat\/es\/","logo":{"@type":"ImageObject","inLanguage":"es","@id":"https:\/\/www.nushu.cat\/es\/#\/schema\/logo\/image\/","url":"https:\/\/www.nushu.cat\/wp-content\/uploads\/2024\/02\/nushu-share-1-1.png","contentUrl":"https:\/\/www.nushu.cat\/wp-content\/uploads\/2024\/02\/nushu-share-1-1.png","width":1080,"height":1080,"caption":"n\u00fcshu"},"image":{"@id":"https:\/\/www.nushu.cat\/es\/#\/schema\/logo\/image\/"},"sameAs":["https:\/\/www.facebook.com\/nushu.artesania\/","https:\/\/www.instagram.com\/nushu_artesania"]}]}},"jetpack_sharing_enabled":true,"_links":{"self":[{"href":"https:\/\/www.nushu.cat\/es\/wp-json\/wp\/v2\/product\/12994","targetHints":{"allow":["GET"]}}],"collection":[{"href":"https:\/\/www.nushu.cat\/es\/wp-json\/wp\/v2\/product"}],"about":[{"href":"https:\/\/www.nushu.cat\/es\/wp-json\/wp\/v2\/types\/product"}],"version-history":[{"count":4,"href":"https:\/\/www.nushu.cat\/es\/wp-json\/wp\/v2\/product\/12994\/revisions"}],"predecessor-version":[{"id":268388,"href":"https:\/\/www.nushu.cat\/es\/wp-json\/wp\/v2\/product\/12994\/revisions\/268388"}],"wp:featuredmedia":[{"embeddable":true,"href":"https:\/\/www.nushu.cat\/es\/wp-json\/wp\/v2\/media\/268104"}],"wp:attachment":[{"href":"https:\/\/www.nushu.cat\/es\/wp-json\/wp\/v2\/media?parent=12994"}],"wp:term":[{"taxonomy":"product_brand","embeddable":true,"href":"https:\/\/www.nushu.cat\/es\/wp-json\/wp\/v2\/product_brand?post=12994"},{"taxonomy":"product_cat","embeddable":true,"href":"https:\/\/www.nushu.cat\/es\/wp-json\/wp\/v2\/product_cat?post=12994"},{"taxonomy":"product_tag","embeddable":true,"href":"https:\/\/www.nushu.cat\/es\/wp-json\/wp\/v2\/product_tag?post=12994"}],"curies":[{"name":"wp","href":"https:\/\/api.w.org\/{rel}","templated":true}]}}