{"id":13052,"date":"2022-01-23T14:06:48","date_gmt":"2022-01-23T13:06:48","guid":{"rendered":"https:\/\/www.nushu.cat\/?post_type=product&#038;p=13052"},"modified":"2026-05-10T13:16:03","modified_gmt":"2026-05-10T11:16:03","slug":"desmaquillantes","status":"publish","type":"product","link":"https:\/\/www.nushu.cat\/es\/producto\/desmaquillantes\/","title":{"rendered":"Desmaquillantes de tela reutilizables"},"content":{"rendered":"<p>Una alternativa a los algodones desechables es posible. La vida \u00fatil de un disco desmaquillante de un solo uso es de 30 segundos, y si se utiliza de manera diaria significa que se generan 366 discos al a\u00f1o que se tiran directamente generando un residuo evitable.<br \/>\nLas toallitas de tela son la mejor opci\u00f3n para contribuir a un mundo m\u00e1s sostenible.<br \/>\nSon cuadrados de 10&#215;10 cm y en pareja:<br \/>\nUna de las toallitas es de tela de franela (algod\u00f3n 100%), que ayuda a quitar el maquillaje con agua micelar, agua y jab\u00f3n, aceite de coco, &#8230; o para esparcir un t\u00f3nico o aceite nutritivo.<br \/>\nEl otro es de tela de toalla (tambi\u00e9n de algod\u00f3n 100%), y retira el maquillaje o la suciedad con m\u00e1s fuerza. Es genial para hacer movimientos circulares con un buen jab\u00f3n y limpiar con profundidad.<br \/>\nLlevan una cinta para secarlos m\u00e1s f\u00e1cilmente. Una vez utilizados, l\u00e1valos y cu\u00e9lgalos para utilizar al d\u00eda siguiente.<br \/>\nLos tejidos de este producto llevan certificado OEKO TEX \u00ae 100 que verifica que no hay sustancias nocivas ni en textiles, ni en las fases de la fabricaci\u00f3n del producto.<br \/>\nSon veganas y libres de maltrato animal.<br \/>\nAl ser totalmente artesanal y \u00fanico, el producto que recibas puede tener peque\u00f1as variaciones respecto al de la imagen.<\/p>\n","protected":false},"excerpt":{"rendered":"<p>Pareja de toallitas desmaquillantes de tela reutilizables de algod\u00f3n 100% para la higiene facial.<\/p>\n","protected":false},"featured_media":252258,"template":"","meta":{"_acf_changed":false},"product_brand":[],"product_cat":[214,192,268],"product_tag":[],"class_list":{"0":"post-13052","1":"product","2":"type-product","3":"status-publish","4":"has-post-thumbnail","6":"product_cat-desmaquillantes","7":"product_cat-higiene-facial-sostenible","8":"product_cat-sostenible","10":"first","11":"instock","12":"taxable","13":"shipping-taxable","14":"purchasable","15":"product-type-variable","16":"has-default-attributes"},"acf":[],"yoast_head":"<!-- This site is optimized with the Yoast SEO plugin v27.4 - https:\/\/yoast.com\/product\/yoast-seo-wordpress\/ -->\n<title>Desmaquillantes de tela reutilizables - n\u00fcshu<\/title>\n<meta name=\"description\" content=\"Pareja de toallitas desmaquillantes de tela reutilizables de algod\u00f3n 100% para la higiene facial.\" \/>\n<meta name=\"robots\" content=\"index, follow, max-snippet:-1, max-image-preview:large, max-video-preview:-1\" \/>\n<link rel=\"canonical\" href=\"https:\/\/www.nushu.cat\/es\/producto\/desmaquillantes\/\" \/>\n<meta property=\"og:locale\" content=\"es_ES\" \/>\n<meta property=\"og:type\" content=\"article\" \/>\n<meta property=\"og:title\" content=\"Desmaquillantes de tela reutilizables - n\u00fcshu\" \/>\n<meta property=\"og:description\" content=\"Pareja de toallitas desmaquillantes de tela reutilizables de algod\u00f3n 100% para la higiene facial.\" \/>\n<meta property=\"og:url\" content=\"https:\/\/www.nushu.cat\/es\/producto\/desmaquillantes\/\" \/>\n<meta property=\"og:site_name\" content=\"n\u00fcshu\" \/>\n<meta property=\"article:publisher\" content=\"https:\/\/www.facebook.com\/nushu.artesania\/\" \/>\n<meta property=\"article:modified_time\" content=\"2026-05-10T11:16:03+00:00\" \/>\n<meta property=\"og:image\" content=\"https:\/\/www.nushu.cat\/wp-content\/uploads\/2024\/02\/EB9A327C-FB03-485A-904C-EBB6F73FCA96-scaled-1.jpeg\" \/>\n\t<meta property=\"og:image:width\" content=\"1920\" \/>\n\t<meta property=\"og:image:height\" content=\"1920\" \/>\n\t<meta property=\"og:image:type\" content=\"image\/jpeg\" \/>\n<meta name=\"twitter:card\" content=\"summary_large_image\" \/>\n<meta name=\"twitter:label1\" content=\"Tiempo de lectura\" \/>\n\t<meta name=\"twitter:data1\" content=\"2 minutos\" \/>\n<!-- \/ Yoast SEO plugin. -->","yoast_head_json":{"title":"Desmaquillantes de tela reutilizables - n\u00fcshu","description":"Pareja de toallitas desmaquillantes de tela reutilizables de algod\u00f3n 100% para la higiene facial.","robots":{"index":"index","follow":"follow","max-snippet":"max-snippet:-1","max-image-preview":"max-image-preview:large","max-video-preview":"max-video-preview:-1"},"canonical":"https:\/\/www.nushu.cat\/es\/producto\/desmaquillantes\/","og_locale":"es_ES","og_type":"article","og_title":"Desmaquillantes de tela reutilizables - n\u00fcshu","og_description":"Pareja de toallitas desmaquillantes de tela reutilizables de algod\u00f3n 100% para la higiene facial.","og_url":"https:\/\/www.nushu.cat\/es\/producto\/desmaquillantes\/","og_site_name":"n\u00fcshu","article_publisher":"https:\/\/www.facebook.com\/nushu.artesania\/","article_modified_time":"2026-05-10T11:16:03+00:00","og_image":[{"width":1920,"height":1920,"url":"https:\/\/www.nushu.cat\/wp-content\/uploads\/2024\/02\/EB9A327C-FB03-485A-904C-EBB6F73FCA96-scaled-1.jpeg","type":"image\/jpeg"}],"twitter_card":"summary_large_image","twitter_misc":{"Tiempo de lectura":"2 minutos"},"schema":{"@context":"https:\/\/schema.org","@graph":[{"@type":"WebPage","@id":"https:\/\/www.nushu.cat\/es\/producto\/desmaquillantes\/","url":"https:\/\/www.nushu.cat\/es\/producto\/desmaquillantes\/","name":"Desmaquillantes de tela reutilizables - n\u00fcshu","isPartOf":{"@id":"https:\/\/www.nushu.cat\/es\/#website"},"primaryImageOfPage":{"@id":"https:\/\/www.nushu.cat\/es\/producto\/desmaquillantes\/#primaryimage"},"image":{"@id":"https:\/\/www.nushu.cat\/es\/producto\/desmaquillantes\/#primaryimage"},"thumbnailUrl":"https:\/\/www.nushu.cat\/wp-content\/uploads\/2024\/02\/EB9A327C-FB03-485A-904C-EBB6F73FCA96-scaled-1.jpeg","datePublished":"2022-01-23T13:06:48+00:00","dateModified":"2026-05-10T11:16:03+00:00","description":"Pareja de toallitas desmaquillantes de tela reutilizables de algod\u00f3n 100% para la higiene facial.","breadcrumb":{"@id":"https:\/\/www.nushu.cat\/es\/producto\/desmaquillantes\/#breadcrumb"},"inLanguage":"es","potentialAction":[{"@type":"ReadAction","target":["https:\/\/www.nushu.cat\/es\/producto\/desmaquillantes\/"]}]},{"@type":"ImageObject","inLanguage":"es","@id":"https:\/\/www.nushu.cat\/es\/producto\/desmaquillantes\/#primaryimage","url":"https:\/\/www.nushu.cat\/wp-content\/uploads\/2024\/02\/EB9A327C-FB03-485A-904C-EBB6F73FCA96-scaled-1.jpeg","contentUrl":"https:\/\/www.nushu.cat\/wp-content\/uploads\/2024\/02\/EB9A327C-FB03-485A-904C-EBB6F73FCA96-scaled-1.jpeg","width":1920,"height":1920},{"@type":"BreadcrumbList","@id":"https:\/\/www.nushu.cat\/es\/producto\/desmaquillantes\/#breadcrumb","itemListElement":[{"@type":"ListItem","position":1,"name":"Inici","item":"https:\/\/www.nushu.cat\/es\/compreses-de-tela\/"},{"@type":"ListItem","position":2,"name":"Tienda","item":"https:\/\/www.nushu.cat\/es\/tienda\/"},{"@type":"ListItem","position":3,"name":"Desmaquillantes de tela reutilizables"}]},{"@type":"WebSite","@id":"https:\/\/www.nushu.cat\/es\/#website","url":"https:\/\/www.nushu.cat\/es\/","name":"n\u00fcshu","description":"natural &amp; sostenible","publisher":{"@id":"https:\/\/www.nushu.cat\/es\/#organization"},"potentialAction":[{"@type":"SearchAction","target":{"@type":"EntryPoint","urlTemplate":"https:\/\/www.nushu.cat\/es\/?s={search_term_string}"},"query-input":{"@type":"PropertyValueSpecification","valueRequired":true,"valueName":"search_term_string"}}],"inLanguage":"es"},{"@type":"Organization","@id":"https:\/\/www.nushu.cat\/es\/#organization","name":"n\u00fcshu","url":"https:\/\/www.nushu.cat\/es\/","logo":{"@type":"ImageObject","inLanguage":"es","@id":"https:\/\/www.nushu.cat\/es\/#\/schema\/logo\/image\/","url":"https:\/\/www.nushu.cat\/wp-content\/uploads\/2024\/02\/nushu-share-1-1.png","contentUrl":"https:\/\/www.nushu.cat\/wp-content\/uploads\/2024\/02\/nushu-share-1-1.png","width":1080,"height":1080,"caption":"n\u00fcshu"},"image":{"@id":"https:\/\/www.nushu.cat\/es\/#\/schema\/logo\/image\/"},"sameAs":["https:\/\/www.facebook.com\/nushu.artesania\/","https:\/\/www.instagram.com\/nushu_artesania"]}]}},"jetpack_sharing_enabled":true,"_links":{"self":[{"href":"https:\/\/www.nushu.cat\/es\/wp-json\/wp\/v2\/product\/13052","targetHints":{"allow":["GET"]}}],"collection":[{"href":"https:\/\/www.nushu.cat\/es\/wp-json\/wp\/v2\/product"}],"about":[{"href":"https:\/\/www.nushu.cat\/es\/wp-json\/wp\/v2\/types\/product"}],"version-history":[{"count":0,"href":"https:\/\/www.nushu.cat\/es\/wp-json\/wp\/v2\/product\/13052\/revisions"}],"wp:featuredmedia":[{"embeddable":true,"href":"https:\/\/www.nushu.cat\/es\/wp-json\/wp\/v2\/media\/252258"}],"wp:attachment":[{"href":"https:\/\/www.nushu.cat\/es\/wp-json\/wp\/v2\/media?parent=13052"}],"wp:term":[{"taxonomy":"product_brand","embeddable":true,"href":"https:\/\/www.nushu.cat\/es\/wp-json\/wp\/v2\/product_brand?post=13052"},{"taxonomy":"product_cat","embeddable":true,"href":"https:\/\/www.nushu.cat\/es\/wp-json\/wp\/v2\/product_cat?post=13052"},{"taxonomy":"product_tag","embeddable":true,"href":"https:\/\/www.nushu.cat\/es\/wp-json\/wp\/v2\/product_tag?post=13052"}],"curies":[{"name":"wp","href":"https:\/\/api.w.org\/{rel}","templated":true}]}}