{"id":14281,"date":"2022-03-15T18:00:43","date_gmt":"2022-03-15T17:00:43","guid":{"rendered":"https:\/\/www.nushu.cat\/?post_type=product&#038;p=14281"},"modified":"2026-03-30T10:47:38","modified_gmt":"2026-03-30T08:47:38","slug":"rollo-de-cocina-6","status":"publish","type":"product","link":"https:\/\/www.nushu.cat\/es\/producto\/rollo-de-cocina-6\/","title":{"rendered":"Rollo de NO papel de cocina de 6 pa\u00f1os"},"content":{"rendered":"<p>El rollo de NO papel de cocina combina <strong>elegancia, originalidad y sostenibilidad.<\/strong><br \/>\nComo su nombre indica, NO es de papel, por lo que no debes tirarlo despu\u00e9s de su uso, eliminando as\u00ed los rollos de celulosa desechables de tu casa.<br \/>\nUna alternativa que ayuda a <strong>reducir a\u00fan m\u00e1s los residuos <\/strong>generados en casa.<\/p>\n<p>El formato es similar al rollo de cocina convencional: son 6 trapos cuadrados de 25cm x 25cm, y cada pieza tiene botones met\u00e1licos libres de n\u00edquel en los extremos para poder unirlos entre s\u00ed y formar el rollo.<br \/>\nAmbos tejidos son 100% algod\u00f3n con certificado OEKO TEX \u00ae 100 que verifica que <strong>no existen sustancias nocivas<\/strong> en ninguna de las fases de la fabricaci\u00f3n del tejido.<br \/>\nUno de los lados lleva tejido de rizo (toalla) suave y absorbente. El otro es algod\u00f3n estampado con colores hermosos y alegres. <\/p>\n<p>\u00a1Util\u00edzalos, l\u00e1valos y \u00fanelos para utilizarlos de nuevo! Y as\u00ed, infinitas veces. <\/p>\n<h2>\u00bfD\u00f3nde est\u00e1n hechos los rollos de no papel de cocina?<\/h2>\n<p>El rollo de NO papel de cocina reutilizable est\u00e1 <strong>fabricado en Espa\u00f1a.<\/strong> En un pueblo de la costa catalana situado en el Maresme: Canet de mar.ente del resto.<br \/>\nLos materiales s\u00f3n de calidad y de proximidad, y las piezas se confeccionan <strong>de manera artesanal una a una.<\/strong> Para n\u00fcshu es mtuy importante la huella que dejamos al planeta durante el proceso de creaci\u00f3n y fabricaci\u00f3n. Es por eso que las materias primas (el hilo, las telas, los botones, \u2026), las herramientas i los packagings son de proximidad. Como es un proceso artesanal, cada pieza es \u00fanica y diferente del resto. <\/p>\n<h2>Usos de los pa\u00f1os de Rollo de NO Papel de Cocina<\/h2>\n<p>Al tratarse de un sustituto de los rollos de celulosa convencional, se puede utilizar para los mismos fines:<\/p>\n<ul>\n<li>Mientras cocinas para cualquier salpicadura o mancha en el mostrador<\/li>\n<li>Para secar los platos despu\u00e9s de fregarlos<\/li>\n<li>Com tovall\u00f3 durant el menjar<\/li>\n<\/ul>\n<h2>\u00bfC\u00f3mo lavar los pa\u00f1os de cocina reutilizables del Rollo de NO papel de cocina?<\/h2>\n<p>Facilidad ante todo, estos trapos pueden meterse en la lavadora con el resto de la colada.<br \/>\nSi te encuentras frente a una mancha algo m\u00e1s complicada, el percarbonato es tu mejor aliado. Pon un poco encima de la mancha h\u00fameda antes de a\u00f1adirlo al tambor de la lavadora y su poder quitamanchas har\u00e1 todo el trabajo. <\/p>\n","protected":false},"excerpt":{"rendered":"<p><span style=\"font-weight: 400;\">El rollo de NO papel de cocina<strong> reutilizable<\/strong> 100% de algod\u00f3n.<\/span><\/p>\n<p><span style=\"font-weight: 400;\">Dale a tu cocina, el rollo sostenible que necesita.<\/span><\/p>\n","protected":false},"featured_media":265631,"template":"","meta":{"_acf_changed":false},"product_brand":[],"product_cat":[221,268],"product_tag":[],"class_list":{"0":"post-14281","1":"product","2":"type-product","3":"status-publish","4":"has-post-thumbnail","6":"product_cat-hogar-sostenible","7":"product_cat-sostenible","9":"first","10":"instock","11":"taxable","12":"shipping-taxable","13":"purchasable","14":"product-type-variable"},"acf":[],"yoast_head":"<!-- This site is optimized with the Yoast SEO plugin v27.2 - https:\/\/yoast.com\/product\/yoast-seo-wordpress\/ -->\n<title>Rollo de NO papel de cocina de 6 pa\u00f1os - n\u00fcshu<\/title>\n<meta name=\"description\" content=\"El rollo de NO papel de cocina combina elegancia, originalidad y sostenibilidad. Como su nombre indica, NO es de papel, por lo que no debes tirarlo despu\u00e9s de su uso, eliminando as\u00ed los rollos de celulosa desechables de tu casa. Una alternativa que ayuda a reducir a\u00fan m\u00e1s los residuos generados en casa.\" \/>\n<meta name=\"robots\" content=\"index, follow, max-snippet:-1, max-image-preview:large, max-video-preview:-1\" \/>\n<link rel=\"canonical\" href=\"https:\/\/www.nushu.cat\/es\/producto\/rollo-de-cocina-6\/\" \/>\n<meta property=\"og:locale\" content=\"es_ES\" \/>\n<meta property=\"og:type\" content=\"article\" \/>\n<meta property=\"og:title\" content=\"Rollo de NO papel de cocina de 6 pa\u00f1os - n\u00fcshu\" \/>\n<meta property=\"og:description\" content=\"El rollo de NO papel de cocina combina elegancia, originalidad y sostenibilidad. Como su nombre indica, NO es de papel, por lo que no debes tirarlo despu\u00e9s de su uso, eliminando as\u00ed los rollos de celulosa desechables de tu casa. Una alternativa que ayuda a reducir a\u00fan m\u00e1s los residuos generados en casa.\" \/>\n<meta property=\"og:url\" content=\"https:\/\/www.nushu.cat\/es\/producto\/rollo-de-cocina-6\/\" \/>\n<meta property=\"og:site_name\" content=\"n\u00fcshu\" \/>\n<meta property=\"article:publisher\" content=\"https:\/\/www.facebook.com\/nushu.artesania\/\" \/>\n<meta property=\"article:modified_time\" content=\"2026-03-30T08:47:38+00:00\" \/>\n<meta property=\"og:image\" content=\"https:\/\/www.nushu.cat\/wp-content\/uploads\/2022\/03\/img_3838-scaled.jpeg\" \/>\n\t<meta property=\"og:image:width\" content=\"2560\" \/>\n\t<meta property=\"og:image:height\" content=\"2560\" \/>\n\t<meta property=\"og:image:type\" content=\"image\/jpeg\" \/>\n<meta name=\"twitter:card\" content=\"summary_large_image\" \/>\n<meta name=\"twitter:label1\" content=\"Tiempo de lectura\" \/>\n\t<meta name=\"twitter:data1\" content=\"2 minutos\" \/>\n<!-- \/ Yoast SEO plugin. -->","yoast_head_json":{"title":"Rollo de NO papel de cocina de 6 pa\u00f1os - n\u00fcshu","description":"El rollo de NO papel de cocina combina elegancia, originalidad y sostenibilidad. Como su nombre indica, NO es de papel, por lo que no debes tirarlo despu\u00e9s de su uso, eliminando as\u00ed los rollos de celulosa desechables de tu casa. Una alternativa que ayuda a reducir a\u00fan m\u00e1s los residuos generados en casa.","robots":{"index":"index","follow":"follow","max-snippet":"max-snippet:-1","max-image-preview":"max-image-preview:large","max-video-preview":"max-video-preview:-1"},"canonical":"https:\/\/www.nushu.cat\/es\/producto\/rollo-de-cocina-6\/","og_locale":"es_ES","og_type":"article","og_title":"Rollo de NO papel de cocina de 6 pa\u00f1os - n\u00fcshu","og_description":"El rollo de NO papel de cocina combina elegancia, originalidad y sostenibilidad. Como su nombre indica, NO es de papel, por lo que no debes tirarlo despu\u00e9s de su uso, eliminando as\u00ed los rollos de celulosa desechables de tu casa. Una alternativa que ayuda a reducir a\u00fan m\u00e1s los residuos generados en casa.","og_url":"https:\/\/www.nushu.cat\/es\/producto\/rollo-de-cocina-6\/","og_site_name":"n\u00fcshu","article_publisher":"https:\/\/www.facebook.com\/nushu.artesania\/","article_modified_time":"2026-03-30T08:47:38+00:00","og_image":[{"width":2560,"height":2560,"url":"https:\/\/www.nushu.cat\/wp-content\/uploads\/2022\/03\/img_3838-scaled.jpeg","type":"image\/jpeg"}],"twitter_card":"summary_large_image","twitter_misc":{"Tiempo de lectura":"2 minutos"},"schema":{"@context":"https:\/\/schema.org","@graph":[{"@type":"WebPage","@id":"https:\/\/www.nushu.cat\/es\/producto\/rollo-de-cocina-6\/","url":"https:\/\/www.nushu.cat\/es\/producto\/rollo-de-cocina-6\/","name":"Rollo de NO papel de cocina de 6 pa\u00f1os - n\u00fcshu","isPartOf":{"@id":"https:\/\/www.nushu.cat\/es\/#website"},"primaryImageOfPage":{"@id":"https:\/\/www.nushu.cat\/es\/producto\/rollo-de-cocina-6\/#primaryimage"},"image":{"@id":"https:\/\/www.nushu.cat\/es\/producto\/rollo-de-cocina-6\/#primaryimage"},"thumbnailUrl":"https:\/\/www.nushu.cat\/wp-content\/uploads\/2022\/03\/img_3838-scaled.jpeg","datePublished":"2022-03-15T17:00:43+00:00","dateModified":"2026-03-30T08:47:38+00:00","description":"El rollo de NO papel de cocina combina elegancia, originalidad y sostenibilidad. Como su nombre indica, NO es de papel, por lo que no debes tirarlo despu\u00e9s de su uso, eliminando as\u00ed los rollos de celulosa desechables de tu casa. Una alternativa que ayuda a reducir a\u00fan m\u00e1s los residuos generados en casa.","breadcrumb":{"@id":"https:\/\/www.nushu.cat\/es\/producto\/rollo-de-cocina-6\/#breadcrumb"},"inLanguage":"es","potentialAction":[{"@type":"ReadAction","target":["https:\/\/www.nushu.cat\/es\/producto\/rollo-de-cocina-6\/"]}]},{"@type":"ImageObject","inLanguage":"es","@id":"https:\/\/www.nushu.cat\/es\/producto\/rollo-de-cocina-6\/#primaryimage","url":"https:\/\/www.nushu.cat\/wp-content\/uploads\/2022\/03\/img_3838-scaled.jpeg","contentUrl":"https:\/\/www.nushu.cat\/wp-content\/uploads\/2022\/03\/img_3838-scaled.jpeg","width":2560,"height":2560},{"@type":"BreadcrumbList","@id":"https:\/\/www.nushu.cat\/es\/producto\/rollo-de-cocina-6\/#breadcrumb","itemListElement":[{"@type":"ListItem","position":1,"name":"Inici","item":"https:\/\/www.nushu.cat\/es\/compreses-de-tela\/"},{"@type":"ListItem","position":2,"name":"Tienda","item":"https:\/\/www.nushu.cat\/es\/tienda\/"},{"@type":"ListItem","position":3,"name":"Rollo de NO papel de cocina de 6 pa\u00f1os"}]},{"@type":"WebSite","@id":"https:\/\/www.nushu.cat\/es\/#website","url":"https:\/\/www.nushu.cat\/es\/","name":"n\u00fcshu","description":"natural &amp; sostenible","publisher":{"@id":"https:\/\/www.nushu.cat\/es\/#organization"},"potentialAction":[{"@type":"SearchAction","target":{"@type":"EntryPoint","urlTemplate":"https:\/\/www.nushu.cat\/es\/?s={search_term_string}"},"query-input":{"@type":"PropertyValueSpecification","valueRequired":true,"valueName":"search_term_string"}}],"inLanguage":"es"},{"@type":"Organization","@id":"https:\/\/www.nushu.cat\/es\/#organization","name":"n\u00fcshu","url":"https:\/\/www.nushu.cat\/es\/","logo":{"@type":"ImageObject","inLanguage":"es","@id":"https:\/\/www.nushu.cat\/es\/#\/schema\/logo\/image\/","url":"https:\/\/www.nushu.cat\/wp-content\/uploads\/2024\/02\/nushu-share-1-1.png","contentUrl":"https:\/\/www.nushu.cat\/wp-content\/uploads\/2024\/02\/nushu-share-1-1.png","width":1080,"height":1080,"caption":"n\u00fcshu"},"image":{"@id":"https:\/\/www.nushu.cat\/es\/#\/schema\/logo\/image\/"},"sameAs":["https:\/\/www.facebook.com\/nushu.artesania\/","https:\/\/www.instagram.com\/nushu_artesania"]}]}},"jetpack_sharing_enabled":true,"_links":{"self":[{"href":"https:\/\/www.nushu.cat\/es\/wp-json\/wp\/v2\/product\/14281","targetHints":{"allow":["GET"]}}],"collection":[{"href":"https:\/\/www.nushu.cat\/es\/wp-json\/wp\/v2\/product"}],"about":[{"href":"https:\/\/www.nushu.cat\/es\/wp-json\/wp\/v2\/types\/product"}],"version-history":[{"count":5,"href":"https:\/\/www.nushu.cat\/es\/wp-json\/wp\/v2\/product\/14281\/revisions"}],"predecessor-version":[{"id":267758,"href":"https:\/\/www.nushu.cat\/es\/wp-json\/wp\/v2\/product\/14281\/revisions\/267758"}],"wp:featuredmedia":[{"embeddable":true,"href":"https:\/\/www.nushu.cat\/es\/wp-json\/wp\/v2\/media\/265631"}],"wp:attachment":[{"href":"https:\/\/www.nushu.cat\/es\/wp-json\/wp\/v2\/media?parent=14281"}],"wp:term":[{"taxonomy":"product_brand","embeddable":true,"href":"https:\/\/www.nushu.cat\/es\/wp-json\/wp\/v2\/product_brand?post=14281"},{"taxonomy":"product_cat","embeddable":true,"href":"https:\/\/www.nushu.cat\/es\/wp-json\/wp\/v2\/product_cat?post=14281"},{"taxonomy":"product_tag","embeddable":true,"href":"https:\/\/www.nushu.cat\/es\/wp-json\/wp\/v2\/product_tag?post=14281"}],"curies":[{"name":"wp","href":"https:\/\/api.w.org\/{rel}","templated":true}]}}