{"id":14692,"date":"2022-03-23T11:57:18","date_gmt":"2022-03-23T11:57:18","guid":{"rendered":"https:\/\/www.nushu.cat\/?post_type=product&#038;p=14692"},"modified":"2026-03-06T10:12:49","modified_gmt":"2026-03-06T09:12:49","slug":"rollo-de-no-papel-de-cocina-de-10-panos","status":"publish","type":"product","link":"https:\/\/www.nushu.cat\/es\/producto\/rollo-de-no-papel-de-cocina-de-10-panos\/","title":{"rendered":"Rollo de NO papel de cocina de 10 pa\u00f1os"},"content":{"rendered":"<p>El rollo de NO papel de cocina combina <strong>elegancia, originalidad y sostenibilidad.<br \/><\/strong>Como su nombre indica, <strong>NO<\/strong> es de papel, por lo que no tienes que tirarlo tras su uso, eliminando as\u00ed los rollos de celulosa desechables de tu hogar.<br \/>Una alternativa que te ayuda a reducir todav\u00eda m\u00e1s los residuos generados en casa.<\/p>\n<p>El formato es similar al rollo de cocina convencional: son 6 pa\u00f1os cuadrados de 25cm x 25cm, y cada pieza tiene botones met\u00e1licos libres de n\u00edquel en los extremos para poder unirlos entre s\u00ed y formar el rollo.<br \/>Los dos tejidos son 100% algod\u00f3n con <strong>certificado OEKO TEX \u00ae 100<\/strong> que verifica que <strong>no hay sustancias nocivas<\/strong> para la salud en ninguna de las fases de la fabricaci\u00f3n del tejido. Uno de los lados lleva tejido de rizo (toalla) suave y absorbente.<br \/>El otro es algod\u00f3n estampado con colores bonitos y alegres.<\/p>\n<p>\u00a1\u00dasalos, l\u00e1valos y \u00fanelos para utilizarlos de nuevo! Y as\u00ed, infinitas veces.<\/p>\n<h2>\u00bfD\u00f3nde est\u00e1n hechos los rollos de no papel de cocina?<\/h2>\n<p>El rollo de NO papel de cocina reutilizable est\u00e1 <strong>fabricado en Espa\u00f1a<\/strong>. En un pueblecito de la costa catalana situado en el Maresme, en Canet de mar.<br \/>Los materiales son de calidad y de proximidad, y las piezas se confeccionan de forma artesanal una a una.<br \/>En n\u00fcshu es muy importante para la huella que dejamos en el planeta durante el proceso de creaci\u00f3n y fabricaci\u00f3n. Por eso las materias primas (el hilo, las telas, los botones, \u2026), las herramientas y los packagings son de proximidad.<br \/>Al ser un <strong>proceso artesanal<\/strong>, cada pieza es \u00fanica y diferente del resto.<\/p>\n<h2>Usos de los pa\u00f1os de Rollo de NO Papel de Cocina<\/h2>\n<p>Al tratarse de un sustituto de los rollos de celulosa convencional, puede utilizarse para los mismos fines:<\/p>\n<ul>\n<li>Mientras cocinas para cualquier salpic\u00f3n o mancha en la encimera<\/li>\n<li>Para secar los platos despu\u00e9s de fregarlos<\/li>\n<li>Como servilleta durante la comida<\/li>\n<\/ul>\n<h2>\u00bfC\u00f3mo lavar los pa\u00f1os de cocina reutilizables del Rollo de NO papel de cocina?<\/h2>\n<p>Facilidad ante todo, estos pa\u00f1os pueden meterse en la lavadora con el resto de la colada.<br \/>Si te encuentras ante una mancha un poco m\u00e1s complicada, el percarbonato es tu mejor aliado. Pon un poco encima de la mancha h\u00fameda antes de a\u00f1adirlo a la lavadora y su poder quitamanchas har\u00e1 el trabajo.<\/p>\n","protected":false},"excerpt":{"rendered":"<p>El rollo de NO papel de cocina de algod\u00f3n reutilizable.<br \/>Dale a tu cocina, el rollo sostenible que necesita.<\/p>\n","protected":false},"featured_media":252330,"template":"","meta":{"_acf_changed":false},"product_brand":[],"product_cat":[221],"product_tag":[],"class_list":{"0":"post-14692","1":"product","2":"type-product","3":"status-publish","4":"has-post-thumbnail","6":"product_cat-hogar-sostenible","8":"first","9":"instock","10":"taxable","11":"shipping-taxable","12":"purchasable","13":"product-type-variable"},"acf":[],"yoast_head":"<!-- This site is optimized with the Yoast SEO plugin v27.4 - https:\/\/yoast.com\/product\/yoast-seo-wordpress\/ -->\n<title>Rollo de NO papel de cocina de 10 pa\u00f1os - n\u00fcshu<\/title>\n<meta name=\"description\" content=\"El rollo de NO papel de cocina combina elegancia, originalidad y sostenibilidad. Como su nombre indica, NO es de papel, por lo que no tienes que tirarlo tras su uso, eliminando as\u00ed los rollos de celulosa desechables de tu hogar. Una alternativa que te ayuda a reducir todav\u00eda m\u00e1s los residuos generados en casa.\" \/>\n<meta name=\"robots\" content=\"index, follow, max-snippet:-1, max-image-preview:large, max-video-preview:-1\" \/>\n<link rel=\"canonical\" href=\"https:\/\/www.nushu.cat\/es\/producto\/rollo-de-no-papel-de-cocina-de-10-panos\/\" \/>\n<meta property=\"og:locale\" content=\"es_ES\" \/>\n<meta property=\"og:type\" content=\"article\" \/>\n<meta property=\"og:title\" content=\"Rollo de NO papel de cocina de 10 pa\u00f1os - n\u00fcshu\" \/>\n<meta property=\"og:description\" content=\"El rollo de NO papel de cocina combina elegancia, originalidad y sostenibilidad. Como su nombre indica, NO es de papel, por lo que no tienes que tirarlo tras su uso, eliminando as\u00ed los rollos de celulosa desechables de tu hogar. Una alternativa que te ayuda a reducir todav\u00eda m\u00e1s los residuos generados en casa.\" \/>\n<meta property=\"og:url\" content=\"https:\/\/www.nushu.cat\/es\/producto\/rollo-de-no-papel-de-cocina-de-10-panos\/\" \/>\n<meta property=\"og:site_name\" content=\"n\u00fcshu\" \/>\n<meta property=\"article:publisher\" content=\"https:\/\/www.facebook.com\/nushu.artesania\/\" \/>\n<meta property=\"article:modified_time\" content=\"2026-03-06T09:12:49+00:00\" \/>\n<meta property=\"og:image\" content=\"https:\/\/www.nushu.cat\/wp-content\/uploads\/2024\/02\/rollo-banner.png\" \/>\n\t<meta property=\"og:image:width\" content=\"1920\" \/>\n\t<meta property=\"og:image:height\" content=\"960\" \/>\n\t<meta property=\"og:image:type\" content=\"image\/png\" \/>\n<meta name=\"twitter:card\" content=\"summary_large_image\" \/>\n<meta name=\"twitter:label1\" content=\"Tiempo de lectura\" \/>\n\t<meta name=\"twitter:data1\" content=\"2 minutos\" \/>\n<!-- \/ Yoast SEO plugin. -->","yoast_head_json":{"title":"Rollo de NO papel de cocina de 10 pa\u00f1os - n\u00fcshu","description":"El rollo de NO papel de cocina combina elegancia, originalidad y sostenibilidad. Como su nombre indica, NO es de papel, por lo que no tienes que tirarlo tras su uso, eliminando as\u00ed los rollos de celulosa desechables de tu hogar. Una alternativa que te ayuda a reducir todav\u00eda m\u00e1s los residuos generados en casa.","robots":{"index":"index","follow":"follow","max-snippet":"max-snippet:-1","max-image-preview":"max-image-preview:large","max-video-preview":"max-video-preview:-1"},"canonical":"https:\/\/www.nushu.cat\/es\/producto\/rollo-de-no-papel-de-cocina-de-10-panos\/","og_locale":"es_ES","og_type":"article","og_title":"Rollo de NO papel de cocina de 10 pa\u00f1os - n\u00fcshu","og_description":"El rollo de NO papel de cocina combina elegancia, originalidad y sostenibilidad. Como su nombre indica, NO es de papel, por lo que no tienes que tirarlo tras su uso, eliminando as\u00ed los rollos de celulosa desechables de tu hogar. Una alternativa que te ayuda a reducir todav\u00eda m\u00e1s los residuos generados en casa.","og_url":"https:\/\/www.nushu.cat\/es\/producto\/rollo-de-no-papel-de-cocina-de-10-panos\/","og_site_name":"n\u00fcshu","article_publisher":"https:\/\/www.facebook.com\/nushu.artesania\/","article_modified_time":"2026-03-06T09:12:49+00:00","og_image":[{"width":1920,"height":960,"url":"https:\/\/www.nushu.cat\/wp-content\/uploads\/2024\/02\/rollo-banner.png","type":"image\/png"}],"twitter_card":"summary_large_image","twitter_misc":{"Tiempo de lectura":"2 minutos"},"schema":{"@context":"https:\/\/schema.org","@graph":[{"@type":"WebPage","@id":"https:\/\/www.nushu.cat\/es\/producto\/rollo-de-no-papel-de-cocina-de-10-panos\/","url":"https:\/\/www.nushu.cat\/es\/producto\/rollo-de-no-papel-de-cocina-de-10-panos\/","name":"Rollo de NO papel de cocina de 10 pa\u00f1os - n\u00fcshu","isPartOf":{"@id":"https:\/\/www.nushu.cat\/es\/#website"},"primaryImageOfPage":{"@id":"https:\/\/www.nushu.cat\/es\/producto\/rollo-de-no-papel-de-cocina-de-10-panos\/#primaryimage"},"image":{"@id":"https:\/\/www.nushu.cat\/es\/producto\/rollo-de-no-papel-de-cocina-de-10-panos\/#primaryimage"},"thumbnailUrl":"https:\/\/www.nushu.cat\/wp-content\/uploads\/2024\/02\/rollo-banner.png","datePublished":"2022-03-23T11:57:18+00:00","dateModified":"2026-03-06T09:12:49+00:00","description":"El rollo de NO papel de cocina combina elegancia, originalidad y sostenibilidad. Como su nombre indica, NO es de papel, por lo que no tienes que tirarlo tras su uso, eliminando as\u00ed los rollos de celulosa desechables de tu hogar. Una alternativa que te ayuda a reducir todav\u00eda m\u00e1s los residuos generados en casa.","breadcrumb":{"@id":"https:\/\/www.nushu.cat\/es\/producto\/rollo-de-no-papel-de-cocina-de-10-panos\/#breadcrumb"},"inLanguage":"es","potentialAction":[{"@type":"ReadAction","target":["https:\/\/www.nushu.cat\/es\/producto\/rollo-de-no-papel-de-cocina-de-10-panos\/"]}]},{"@type":"ImageObject","inLanguage":"es","@id":"https:\/\/www.nushu.cat\/es\/producto\/rollo-de-no-papel-de-cocina-de-10-panos\/#primaryimage","url":"https:\/\/www.nushu.cat\/wp-content\/uploads\/2024\/02\/rollo-banner.png","contentUrl":"https:\/\/www.nushu.cat\/wp-content\/uploads\/2024\/02\/rollo-banner.png","width":1920,"height":960},{"@type":"BreadcrumbList","@id":"https:\/\/www.nushu.cat\/es\/producto\/rollo-de-no-papel-de-cocina-de-10-panos\/#breadcrumb","itemListElement":[{"@type":"ListItem","position":1,"name":"Inici","item":"https:\/\/www.nushu.cat\/es\/compreses-de-tela\/"},{"@type":"ListItem","position":2,"name":"Tienda","item":"https:\/\/www.nushu.cat\/es\/tienda\/"},{"@type":"ListItem","position":3,"name":"Rollo de NO papel de cocina de 10 pa\u00f1os"}]},{"@type":"WebSite","@id":"https:\/\/www.nushu.cat\/es\/#website","url":"https:\/\/www.nushu.cat\/es\/","name":"n\u00fcshu","description":"natural &amp; sostenible","publisher":{"@id":"https:\/\/www.nushu.cat\/es\/#organization"},"potentialAction":[{"@type":"SearchAction","target":{"@type":"EntryPoint","urlTemplate":"https:\/\/www.nushu.cat\/es\/?s={search_term_string}"},"query-input":{"@type":"PropertyValueSpecification","valueRequired":true,"valueName":"search_term_string"}}],"inLanguage":"es"},{"@type":"Organization","@id":"https:\/\/www.nushu.cat\/es\/#organization","name":"n\u00fcshu","url":"https:\/\/www.nushu.cat\/es\/","logo":{"@type":"ImageObject","inLanguage":"es","@id":"https:\/\/www.nushu.cat\/es\/#\/schema\/logo\/image\/","url":"https:\/\/www.nushu.cat\/wp-content\/uploads\/2024\/02\/nushu-share-1-1.png","contentUrl":"https:\/\/www.nushu.cat\/wp-content\/uploads\/2024\/02\/nushu-share-1-1.png","width":1080,"height":1080,"caption":"n\u00fcshu"},"image":{"@id":"https:\/\/www.nushu.cat\/es\/#\/schema\/logo\/image\/"},"sameAs":["https:\/\/www.facebook.com\/nushu.artesania\/","https:\/\/www.instagram.com\/nushu_artesania"]}]}},"jetpack_sharing_enabled":true,"_links":{"self":[{"href":"https:\/\/www.nushu.cat\/es\/wp-json\/wp\/v2\/product\/14692","targetHints":{"allow":["GET"]}}],"collection":[{"href":"https:\/\/www.nushu.cat\/es\/wp-json\/wp\/v2\/product"}],"about":[{"href":"https:\/\/www.nushu.cat\/es\/wp-json\/wp\/v2\/types\/product"}],"version-history":[{"count":0,"href":"https:\/\/www.nushu.cat\/es\/wp-json\/wp\/v2\/product\/14692\/revisions"}],"wp:featuredmedia":[{"embeddable":true,"href":"https:\/\/www.nushu.cat\/es\/wp-json\/wp\/v2\/media\/252330"}],"wp:attachment":[{"href":"https:\/\/www.nushu.cat\/es\/wp-json\/wp\/v2\/media?parent=14692"}],"wp:term":[{"taxonomy":"product_brand","embeddable":true,"href":"https:\/\/www.nushu.cat\/es\/wp-json\/wp\/v2\/product_brand?post=14692"},{"taxonomy":"product_cat","embeddable":true,"href":"https:\/\/www.nushu.cat\/es\/wp-json\/wp\/v2\/product_cat?post=14692"},{"taxonomy":"product_tag","embeddable":true,"href":"https:\/\/www.nushu.cat\/es\/wp-json\/wp\/v2\/product_tag?post=14692"}],"curies":[{"name":"wp","href":"https:\/\/api.w.org\/{rel}","templated":true}]}}