{"id":16574,"date":"2022-07-31T14:11:04","date_gmt":"2022-07-31T14:11:04","guid":{"rendered":"https:\/\/www.nushu.cat\/?post_type=product&#038;p=16574"},"modified":"2026-04-23T16:13:58","modified_gmt":"2026-04-23T14:13:58","slug":"kit-lactancia","status":"publish","type":"product","link":"https:\/\/www.nushu.cat\/es\/producto\/kit-lactancia\/","title":{"rendered":"Kit lactancia"},"content":{"rendered":"<p>La leche materna no s\u00f3lo sirve de alimento. La leche materna tambi\u00e9n va genial por la piel: para curar heridas, el cord\u00f3n umbilical, granitos, conjuntivitis, estr\u00edas del embarazo&#8230;<br \/>\nAdem\u00e1s, \u00a1es el m\u00e9todo de alimentaci\u00f3n para reci\u00e9n nacidos m\u00e1s sostenible!e!<\/p>\n<p>Aqu\u00ed tienes<strong> todo lo que necesitas para poder hacer jabones de leche materna<\/strong>. Bien, todo menos la leche, este ingrediente lo pones t\u00fa.<br \/>\nSalen 4 unidades, y tienes la base del jab\u00f3n, los moldes y las instrucciones. <\/p>\n<p>Aparte del pack tambi\u00e9n viene complementado con<strong> dos pares de pezoneras<\/strong> que miden 7\u00d715 cm, y se colocan en el pecho por dentro del sujetador o de la camiseta para evitar manchar la ropa de leche materna.<br \/>\nLa capa que est\u00e1 en contacto con el seno es tejido de toalla de algod\u00f3n 100%.<br \/>\nGracias al tejido laminado del interior le da impermeabilidad pero tambi\u00e9n transpirabilidad, lo que nos ayuda a que no proliferen hongos, c\u00e1ndidas y otras bacterias.<br \/>\n<strong>Vive la lactancia con total comodidad y de forma sostenible.<\/strong><br \/>\nL\u00e1valos a mano o en la lavadora a menos de 30\u00baC para no da\u00f1ar la capa impermeable del interior.<br \/>\nTodos tejidos de este producto llevan certificado OEKO TEX \u00ae 100 que verifica que no existen sustancias nocivas ni en los textiles, ni en las fases de la fabricaci\u00f3n del producto.<br \/>\nSon veganas y libres de maltrato animal.<br \/>\nAl ser totalmente artesanal y \u00fanico, el producto que recibas puede tener peque\u00f1as variaciones respecto al de la imagen.<\/p>\n","protected":false},"excerpt":{"rendered":"<p>Pack formado por:<br \/>\n-2 pares de discos absorbentes, impermeables y transpirables para recoger el exceso de leche durante la lactancia.<br \/>\n-Kit con todo lo que necesitas para realizar tu propio jab\u00f3n de leche materna.<\/p>\n","protected":false},"featured_media":270496,"template":"","meta":{"_acf_changed":false},"product_brand":[],"product_cat":[197,244,268],"product_tag":[],"class_list":{"0":"post-16574","1":"product","2":"type-product","3":"status-publish","4":"has-post-thumbnail","6":"product_cat-maternidad-y-crianza","7":"product_cat-packs-maternidad-bebe","8":"product_cat-sostenible","10":"first","11":"instock","12":"taxable","13":"shipping-taxable","14":"purchasable","15":"product-type-variable","16":"has-default-attributes"},"acf":[],"yoast_head":"<!-- This site is optimized with the Yoast SEO plugin v27.4 - https:\/\/yoast.com\/product\/yoast-seo-wordpress\/ -->\n<title>Kit lactancia - n\u00fcshu<\/title>\n<meta name=\"robots\" content=\"index, follow, max-snippet:-1, max-image-preview:large, max-video-preview:-1\" \/>\n<link rel=\"canonical\" href=\"https:\/\/www.nushu.cat\/es\/producto\/kit-lactancia\/\" \/>\n<meta property=\"og:locale\" content=\"es_ES\" \/>\n<meta property=\"og:type\" content=\"article\" \/>\n<meta property=\"og:title\" content=\"Kit lactancia - n\u00fcshu\" \/>\n<meta property=\"og:description\" content=\"Pack formado por: -2 pares de discos absorbentes, impermeables y transpirables para recoger el exceso de leche durante la lactancia. -Kit con todo lo que necesitas para realizar tu propio jab\u00f3n de leche materna.\" \/>\n<meta property=\"og:url\" content=\"https:\/\/www.nushu.cat\/es\/producto\/kit-lactancia\/\" \/>\n<meta property=\"og:site_name\" content=\"n\u00fcshu\" \/>\n<meta property=\"article:publisher\" content=\"https:\/\/www.facebook.com\/nushu.artesania\/\" \/>\n<meta property=\"article:modified_time\" content=\"2026-04-23T14:13:58+00:00\" \/>\n<meta property=\"og:image\" content=\"https:\/\/www.nushu.cat\/wp-content\/uploads\/2026\/04\/discos-de-lactancia-y-jabon.png\" \/>\n\t<meta property=\"og:image:width\" content=\"1000\" \/>\n\t<meta property=\"og:image:height\" content=\"1000\" \/>\n\t<meta property=\"og:image:type\" content=\"image\/png\" \/>\n<meta name=\"twitter:card\" content=\"summary_large_image\" \/>\n<meta name=\"twitter:label1\" content=\"Tiempo de lectura\" \/>\n\t<meta name=\"twitter:data1\" content=\"1 minuto\" \/>\n<!-- \/ Yoast SEO plugin. -->","yoast_head_json":{"title":"Kit lactancia - n\u00fcshu","robots":{"index":"index","follow":"follow","max-snippet":"max-snippet:-1","max-image-preview":"max-image-preview:large","max-video-preview":"max-video-preview:-1"},"canonical":"https:\/\/www.nushu.cat\/es\/producto\/kit-lactancia\/","og_locale":"es_ES","og_type":"article","og_title":"Kit lactancia - n\u00fcshu","og_description":"Pack formado por: -2 pares de discos absorbentes, impermeables y transpirables para recoger el exceso de leche durante la lactancia. -Kit con todo lo que necesitas para realizar tu propio jab\u00f3n de leche materna.","og_url":"https:\/\/www.nushu.cat\/es\/producto\/kit-lactancia\/","og_site_name":"n\u00fcshu","article_publisher":"https:\/\/www.facebook.com\/nushu.artesania\/","article_modified_time":"2026-04-23T14:13:58+00:00","og_image":[{"width":1000,"height":1000,"url":"https:\/\/www.nushu.cat\/wp-content\/uploads\/2026\/04\/discos-de-lactancia-y-jabon.png","type":"image\/png"}],"twitter_card":"summary_large_image","twitter_misc":{"Tiempo de lectura":"1 minuto"},"schema":{"@context":"https:\/\/schema.org","@graph":[{"@type":"WebPage","@id":"https:\/\/www.nushu.cat\/es\/producto\/kit-lactancia\/","url":"https:\/\/www.nushu.cat\/es\/producto\/kit-lactancia\/","name":"Kit lactancia - n\u00fcshu","isPartOf":{"@id":"https:\/\/www.nushu.cat\/es\/#website"},"primaryImageOfPage":{"@id":"https:\/\/www.nushu.cat\/es\/producto\/kit-lactancia\/#primaryimage"},"image":{"@id":"https:\/\/www.nushu.cat\/es\/producto\/kit-lactancia\/#primaryimage"},"thumbnailUrl":"https:\/\/www.nushu.cat\/wp-content\/uploads\/2026\/04\/discos-de-lactancia-y-jabon.png","datePublished":"2022-07-31T14:11:04+00:00","dateModified":"2026-04-23T14:13:58+00:00","breadcrumb":{"@id":"https:\/\/www.nushu.cat\/es\/producto\/kit-lactancia\/#breadcrumb"},"inLanguage":"es","potentialAction":[{"@type":"ReadAction","target":["https:\/\/www.nushu.cat\/es\/producto\/kit-lactancia\/"]}]},{"@type":"ImageObject","inLanguage":"es","@id":"https:\/\/www.nushu.cat\/es\/producto\/kit-lactancia\/#primaryimage","url":"https:\/\/www.nushu.cat\/wp-content\/uploads\/2026\/04\/discos-de-lactancia-y-jabon.png","contentUrl":"https:\/\/www.nushu.cat\/wp-content\/uploads\/2026\/04\/discos-de-lactancia-y-jabon.png","width":1000,"height":1000},{"@type":"BreadcrumbList","@id":"https:\/\/www.nushu.cat\/es\/producto\/kit-lactancia\/#breadcrumb","itemListElement":[{"@type":"ListItem","position":1,"name":"Inici","item":"https:\/\/www.nushu.cat\/es\/compreses-de-tela\/"},{"@type":"ListItem","position":2,"name":"Tienda","item":"https:\/\/www.nushu.cat\/es\/tienda\/"},{"@type":"ListItem","position":3,"name":"Kit lactancia"}]},{"@type":"WebSite","@id":"https:\/\/www.nushu.cat\/es\/#website","url":"https:\/\/www.nushu.cat\/es\/","name":"n\u00fcshu","description":"natural &amp; sostenible","publisher":{"@id":"https:\/\/www.nushu.cat\/es\/#organization"},"potentialAction":[{"@type":"SearchAction","target":{"@type":"EntryPoint","urlTemplate":"https:\/\/www.nushu.cat\/es\/?s={search_term_string}"},"query-input":{"@type":"PropertyValueSpecification","valueRequired":true,"valueName":"search_term_string"}}],"inLanguage":"es"},{"@type":"Organization","@id":"https:\/\/www.nushu.cat\/es\/#organization","name":"n\u00fcshu","url":"https:\/\/www.nushu.cat\/es\/","logo":{"@type":"ImageObject","inLanguage":"es","@id":"https:\/\/www.nushu.cat\/es\/#\/schema\/logo\/image\/","url":"https:\/\/www.nushu.cat\/wp-content\/uploads\/2024\/02\/nushu-share-1-1.png","contentUrl":"https:\/\/www.nushu.cat\/wp-content\/uploads\/2024\/02\/nushu-share-1-1.png","width":1080,"height":1080,"caption":"n\u00fcshu"},"image":{"@id":"https:\/\/www.nushu.cat\/es\/#\/schema\/logo\/image\/"},"sameAs":["https:\/\/www.facebook.com\/nushu.artesania\/","https:\/\/www.instagram.com\/nushu_artesania"]}]}},"jetpack_sharing_enabled":true,"_links":{"self":[{"href":"https:\/\/www.nushu.cat\/es\/wp-json\/wp\/v2\/product\/16574","targetHints":{"allow":["GET"]}}],"collection":[{"href":"https:\/\/www.nushu.cat\/es\/wp-json\/wp\/v2\/product"}],"about":[{"href":"https:\/\/www.nushu.cat\/es\/wp-json\/wp\/v2\/types\/product"}],"version-history":[{"count":1,"href":"https:\/\/www.nushu.cat\/es\/wp-json\/wp\/v2\/product\/16574\/revisions"}],"predecessor-version":[{"id":270709,"href":"https:\/\/www.nushu.cat\/es\/wp-json\/wp\/v2\/product\/16574\/revisions\/270709"}],"wp:featuredmedia":[{"embeddable":true,"href":"https:\/\/www.nushu.cat\/es\/wp-json\/wp\/v2\/media\/270496"}],"wp:attachment":[{"href":"https:\/\/www.nushu.cat\/es\/wp-json\/wp\/v2\/media?parent=16574"}],"wp:term":[{"taxonomy":"product_brand","embeddable":true,"href":"https:\/\/www.nushu.cat\/es\/wp-json\/wp\/v2\/product_brand?post=16574"},{"taxonomy":"product_cat","embeddable":true,"href":"https:\/\/www.nushu.cat\/es\/wp-json\/wp\/v2\/product_cat?post=16574"},{"taxonomy":"product_tag","embeddable":true,"href":"https:\/\/www.nushu.cat\/es\/wp-json\/wp\/v2\/product_tag?post=16574"}],"curies":[{"name":"wp","href":"https:\/\/api.w.org\/{rel}","templated":true}]}}