{"id":17158,"date":"2022-08-13T16:39:25","date_gmt":"2022-08-13T16:39:25","guid":{"rendered":"https:\/\/www.nushu.cat\/?post_type=product&#038;p=17158"},"modified":"2024-02-02T12:46:44","modified_gmt":"2024-02-02T12:46:44","slug":"percarbonato","status":"publish","type":"product","link":"https:\/\/www.nushu.cat\/es\/producto\/percarbonato\/","title":{"rendered":"Percarbonato s\u00f3dico"},"content":{"rendered":"<p>El percarbonato de sodio a granel es el <strong>blanqueador<\/strong> que necesitas para tu ropa ya que <strong>elimina eficazmente manchas<\/strong> de todo tipo, incluso las mas rebeldes como las de sangre, heces, maquillaje e incuso caf\u00e9, chocolate, vino,\u2026 Ayuda a blanquear la ropa, a desinfectarla y a quitar manchas dif\u00edciles. Gracias a sus muchas propiedades, el percarbonato de sodio a granel es imbatible para lavar<strong> compresas menstruales, desmaqullantes de tela o empapadores reutilizables y pa\u00f1ales.<\/strong><\/p>\n<h1>\u00bfC\u00f3mo uso el percarbonato de s\u00f3dico a granel?<\/h1>\n<p>Para esas manchas rebeldes, con la ropa mojada, esparce un poco de percarbonato en la mancha y d\u00e9jalo reposar antes de ponerlo en la lavadora. Otra opci\u00f3n no tan potente es poner en la lavadora 1 cucharada sopera para 1\/2 carga de la lavadora y si hay manchas persistentes poner 2 cucharadas soperas.<\/p>\n","protected":false},"excerpt":{"rendered":"<p><strong>Percarbonato de sodio<\/strong> a granel. Potente <strong>quitamanchas natural y ecol\u00f3gico<\/strong>. Ideal para compresas, desmaquillantes o empapadores.<\/p>\n","protected":false},"featured_media":252458,"template":"","meta":{"_acf_changed":false},"product_brand":[],"product_cat":[208,192,241,221,197,207],"product_tag":[],"class_list":{"0":"post-17158","1":"product","2":"type-product","3":"status-publish","4":"has-post-thumbnail","6":"product_cat-complementos-menstruales","7":"product_cat-higiene-facial-sostenible","8":"product_cat-higiene-bebe","9":"product_cat-hogar-sostenible","10":"product_cat-maternidad-y-crianza","11":"product_cat-higiene-menstrual-sostenible","13":"first","14":"instock","15":"taxable","16":"shipping-taxable","17":"purchasable","18":"product-type-variable","19":"has-default-attributes"},"acf":[],"yoast_head":"<!-- This site is optimized with the Yoast SEO plugin v27.2 - https:\/\/yoast.com\/product\/yoast-seo-wordpress\/ -->\n<title>Percarbonato s\u00f3dico - n\u00fcshu<\/title>\n<meta name=\"robots\" content=\"index, follow, max-snippet:-1, max-image-preview:large, max-video-preview:-1\" \/>\n<link rel=\"canonical\" href=\"https:\/\/www.nushu.cat\/es\/producto\/percarbonato\/\" \/>\n<meta property=\"og:locale\" content=\"es_ES\" \/>\n<meta property=\"og:type\" content=\"article\" \/>\n<meta property=\"og:title\" content=\"Percarbonato s\u00f3dico - n\u00fcshu\" \/>\n<meta property=\"og:description\" content=\"Percarbonato de sodio a granel. Potente quitamanchas natural y ecol\u00f3gico. Ideal para compresas, desmaquillantes o empapadores.\" \/>\n<meta property=\"og:url\" content=\"https:\/\/www.nushu.cat\/es\/producto\/percarbonato\/\" \/>\n<meta property=\"og:site_name\" content=\"n\u00fcshu\" \/>\n<meta property=\"article:publisher\" content=\"https:\/\/www.facebook.com\/nushu.artesania\/\" \/>\n<meta property=\"article:modified_time\" content=\"2024-02-02T12:46:44+00:00\" \/>\n<meta property=\"og:image\" content=\"https:\/\/www.nushu.cat\/wp-content\/uploads\/2024\/02\/precarbonato.jpg\" \/>\n\t<meta property=\"og:image:width\" content=\"533\" \/>\n\t<meta property=\"og:image:height\" content=\"533\" \/>\n\t<meta property=\"og:image:type\" content=\"image\/jpeg\" \/>\n<meta name=\"twitter:card\" content=\"summary_large_image\" \/>\n<meta name=\"twitter:label1\" content=\"Tiempo de lectura\" \/>\n\t<meta name=\"twitter:data1\" content=\"1 minuto\" \/>\n<!-- \/ Yoast SEO plugin. -->","yoast_head_json":{"title":"Percarbonato s\u00f3dico - n\u00fcshu","robots":{"index":"index","follow":"follow","max-snippet":"max-snippet:-1","max-image-preview":"max-image-preview:large","max-video-preview":"max-video-preview:-1"},"canonical":"https:\/\/www.nushu.cat\/es\/producto\/percarbonato\/","og_locale":"es_ES","og_type":"article","og_title":"Percarbonato s\u00f3dico - n\u00fcshu","og_description":"Percarbonato de sodio a granel. Potente quitamanchas natural y ecol\u00f3gico. Ideal para compresas, desmaquillantes o empapadores.","og_url":"https:\/\/www.nushu.cat\/es\/producto\/percarbonato\/","og_site_name":"n\u00fcshu","article_publisher":"https:\/\/www.facebook.com\/nushu.artesania\/","article_modified_time":"2024-02-02T12:46:44+00:00","og_image":[{"width":533,"height":533,"url":"https:\/\/www.nushu.cat\/wp-content\/uploads\/2024\/02\/precarbonato.jpg","type":"image\/jpeg"}],"twitter_card":"summary_large_image","twitter_misc":{"Tiempo de lectura":"1 minuto"},"schema":{"@context":"https:\/\/schema.org","@graph":[{"@type":"WebPage","@id":"https:\/\/www.nushu.cat\/es\/producto\/percarbonato\/","url":"https:\/\/www.nushu.cat\/es\/producto\/percarbonato\/","name":"Percarbonato s\u00f3dico - n\u00fcshu","isPartOf":{"@id":"https:\/\/www.nushu.cat\/es\/#website"},"primaryImageOfPage":{"@id":"https:\/\/www.nushu.cat\/es\/producto\/percarbonato\/#primaryimage"},"image":{"@id":"https:\/\/www.nushu.cat\/es\/producto\/percarbonato\/#primaryimage"},"thumbnailUrl":"https:\/\/www.nushu.cat\/wp-content\/uploads\/2024\/02\/precarbonato.jpg","datePublished":"2022-08-13T16:39:25+00:00","dateModified":"2024-02-02T12:46:44+00:00","breadcrumb":{"@id":"https:\/\/www.nushu.cat\/es\/producto\/percarbonato\/#breadcrumb"},"inLanguage":"es","potentialAction":[{"@type":"ReadAction","target":["https:\/\/www.nushu.cat\/es\/producto\/percarbonato\/"]}]},{"@type":"ImageObject","inLanguage":"es","@id":"https:\/\/www.nushu.cat\/es\/producto\/percarbonato\/#primaryimage","url":"https:\/\/www.nushu.cat\/wp-content\/uploads\/2024\/02\/precarbonato.jpg","contentUrl":"https:\/\/www.nushu.cat\/wp-content\/uploads\/2024\/02\/precarbonato.jpg","width":533,"height":533},{"@type":"BreadcrumbList","@id":"https:\/\/www.nushu.cat\/es\/producto\/percarbonato\/#breadcrumb","itemListElement":[{"@type":"ListItem","position":1,"name":"Inici","item":"https:\/\/www.nushu.cat\/es\/"},{"@type":"ListItem","position":2,"name":"Tienda","item":"https:\/\/www.nushu.cat\/es\/tienda\/"},{"@type":"ListItem","position":3,"name":"Percarbonato s\u00f3dico"}]},{"@type":"WebSite","@id":"https:\/\/www.nushu.cat\/es\/#website","url":"https:\/\/www.nushu.cat\/es\/","name":"n\u00fcshu","description":"natural &amp; sostenible","publisher":{"@id":"https:\/\/www.nushu.cat\/es\/#organization"},"potentialAction":[{"@type":"SearchAction","target":{"@type":"EntryPoint","urlTemplate":"https:\/\/www.nushu.cat\/es\/?s={search_term_string}"},"query-input":{"@type":"PropertyValueSpecification","valueRequired":true,"valueName":"search_term_string"}}],"inLanguage":"es"},{"@type":"Organization","@id":"https:\/\/www.nushu.cat\/es\/#organization","name":"n\u00fcshu","url":"https:\/\/www.nushu.cat\/es\/","logo":{"@type":"ImageObject","inLanguage":"es","@id":"https:\/\/www.nushu.cat\/es\/#\/schema\/logo\/image\/","url":"https:\/\/www.nushu.cat\/wp-content\/uploads\/2024\/02\/nushu-share-1-1.png","contentUrl":"https:\/\/www.nushu.cat\/wp-content\/uploads\/2024\/02\/nushu-share-1-1.png","width":1080,"height":1080,"caption":"n\u00fcshu"},"image":{"@id":"https:\/\/www.nushu.cat\/es\/#\/schema\/logo\/image\/"},"sameAs":["https:\/\/www.facebook.com\/nushu.artesania\/","https:\/\/www.instagram.com\/nushu_artesania"]}]}},"jetpack_sharing_enabled":true,"_links":{"self":[{"href":"https:\/\/www.nushu.cat\/es\/wp-json\/wp\/v2\/product\/17158","targetHints":{"allow":["GET"]}}],"collection":[{"href":"https:\/\/www.nushu.cat\/es\/wp-json\/wp\/v2\/product"}],"about":[{"href":"https:\/\/www.nushu.cat\/es\/wp-json\/wp\/v2\/types\/product"}],"version-history":[{"count":0,"href":"https:\/\/www.nushu.cat\/es\/wp-json\/wp\/v2\/product\/17158\/revisions"}],"wp:featuredmedia":[{"embeddable":true,"href":"https:\/\/www.nushu.cat\/es\/wp-json\/wp\/v2\/media\/252458"}],"wp:attachment":[{"href":"https:\/\/www.nushu.cat\/es\/wp-json\/wp\/v2\/media?parent=17158"}],"wp:term":[{"taxonomy":"product_brand","embeddable":true,"href":"https:\/\/www.nushu.cat\/es\/wp-json\/wp\/v2\/product_brand?post=17158"},{"taxonomy":"product_cat","embeddable":true,"href":"https:\/\/www.nushu.cat\/es\/wp-json\/wp\/v2\/product_cat?post=17158"},{"taxonomy":"product_tag","embeddable":true,"href":"https:\/\/www.nushu.cat\/es\/wp-json\/wp\/v2\/product_tag?post=17158"}],"curies":[{"name":"wp","href":"https:\/\/api.w.org\/{rel}","templated":true}]}}