{"id":17541,"date":"2022-10-13T13:03:19","date_gmt":"2022-10-13T13:03:19","guid":{"rendered":"https:\/\/www.nushu.cat\/?post_type=product&#038;p=17541"},"modified":"2025-08-25T13:30:38","modified_gmt":"2025-08-25T11:30:38","slug":"empapador-reutilizable-menstrual","status":"publish","type":"product","link":"https:\/\/www.nushu.cat\/es\/producto\/empapador-reutilizable-menstrual\/","title":{"rendered":"Empapador reutilizable menstrual"},"content":{"rendered":"<h2 data-start=\"937\" data-end=\"956\">Ficha t\u00e9cnica del producto<\/h2>\n<ul>\n<li data-start=\"960\" data-end=\"1011\"><strong>Tama\u00f1o:<\/strong>\n<ul>\n<li data-start=\"960\" data-end=\"1011\">Peque\u00f1o: 50 \u00d7 65 cm<\/li>\n<li data-start=\"960\" data-end=\"1011\">Grande: 100 \u00d7 65 cm<\/li>\n<\/ul>\n<\/li>\n<li data-start=\"1014\" data-end=\"1031\">100% poli\u00e9ster.<\/li>\n<li data-start=\"1034\" data-end=\"1048\">Impermeable.<\/li>\n<li data-start=\"1051\" data-end=\"1063\">Absorbente.<\/li>\n<li data-start=\"1066\" data-end=\"1081\">Transpirable.<\/li>\n<li data-start=\"1084\" data-end=\"1133\">Barrera contra chinches, \u00e1caros, bacterias y hongos.<\/li>\n<li data-start=\"1136\" data-end=\"1158\">No necesita plancha.<\/li>\n<li data-start=\"1161\" data-end=\"1213\"><strong>Lavado:<\/strong> A mano o en lavadora (m\u00e1x. 60\u202f\u00b0C o menos)<\/li>\n<li data-start=\"1216\" data-end=\"1243\"><strong>Secadora<\/strong> m\u00e1ximo a 70\u00ba C.<\/li>\n<li data-start=\"1246\" data-end=\"1274\"><strong>Hecho a mano<\/strong> en talleres locales<\/li>\n<li data-start=\"1277\" data-end=\"1326\"><strong>Certificaci\u00f3n: <\/strong>Tejidos con sello OEKO TEX\u00ae 100.<\/li>\n<li data-start=\"1329\" data-end=\"1372\">Veganos y libres de maltrato animal.<\/li>\n<li data-start=\"1375\" data-end=\"1416\"><strong>Usos recomendados:<\/strong> <a href=\"https:\/\/www.nushu.cat\/es\/productes\/higiene-menstrual-sostenible\/\">Menstruaci\u00f3n<\/a> y <a href=\"https:\/\/www.nushu.cat\/es\/productes\/higiene-menstrual-sostenible\/compresas_de_tela\/postparto\/\">postparto<\/a><\/li>\n<li data-start=\"1419\" data-end=\"1464\"><strong>Colocaci\u00f3n:<\/strong> Directamente sobre las s\u00e1banas<\/li>\n<li data-start=\"1467\" data-end=\"1515\"><strong>Durabilidad:<\/strong> Hasta 5 a\u00f1os con buen mantenimiento<\/li>\n<\/ul>\n<p>&nbsp;<\/p>\n<h2 data-start=\"1517\" data-end=\"1631\">Empapador menstrual de cama para adultos: usos m\u00e1s comunes<\/h2>\n<p data-start=\"1517\" data-end=\"1631\">Este empapador est\u00e1 pensado especialmente para:<\/p>\n<ul>\n<li data-start=\"1634\" data-end=\"1669\"><strong>D\u00edas de <a href=\"https:\/\/www.nushu.cat\/es\/productes\/higiene-menstrual-sostenible\/compresas_de_tela\/grandes\/\">sangrado menstrual abundante<\/a><\/strong><\/li>\n<li data-start=\"1672\" data-end=\"1721\"><a href=\"https:\/\/www.nushu.cat\/es\/productes\/higiene-menstrual-sostenible\/compresas_de_tela\/postparto\/\"><strong>Postparto: <\/strong><\/a>para proteger la cama tras dar a luz<\/li>\n<li data-start=\"1724\" data-end=\"1758\"><strong><a href=\"https:\/\/www.nushu.cat\/es\/productes\/higiene-menstrual-sostenible\/compresas_de_tela\/salvaslip\/\">P\u00e9rdidas leves<\/a> o puntuales de orina<\/strong><\/li>\n<li data-start=\"1761\" data-end=\"1838\"><strong>Si usas <a href=\"\/?product_cat=compresas_de_tela\">compresas de tela <\/a>y quieres una capa extra de seguridad por la noche<\/strong><\/li>\n<\/ul>\n<p>&nbsp;<\/p>\n<h2 data-start=\"1845\" data-end=\"1916\">C\u00f3mo se lava y cuida el empapador menstrual reutilizable de n\u00fcshu<\/h2>\n<p data-start=\"1918\" data-end=\"2175\">Las <strong>manchas de sangre<\/strong> acostumbran a ser dif\u00edciles de limpiar.<br data-start=\"1973\" data-end=\"1976\" \/>Una vez el empapador est\u00e1 sucio de sangre , d\u00e9jalo reposar en <strong>remojo<\/strong> un rato en <strong>agua fr\u00eda <\/strong>(nunca caliente, que fija el color de la sangre en el tejido). La sangre poco a poco, se va desprendiendo del tejido.<\/p>\n<p data-start=\"2177\" data-end=\"2375\">Cuando ya hace un rato que el empapador reutilizable reposa en el agua, puedes <strong>limpiarlo a mano<\/strong> con <a href=\"https:\/\/www.nushu.cat\/es\/producto\/jabon-sostenible\/\">jab\u00f3n neutro<\/a> y extenderlo para que se seque al d\u00eda siguiente o <strong>ponerlo en la lavadora<\/strong> con el resto de la ropa.<\/p>\n<p data-start=\"2377\" data-end=\"2606\">Eso s\u00ed, si eliges la opci\u00f3n de la lavadora, f\u00edjate con la ficha t\u00e9cnica del producto descrita en el apartado anterior, y no lo pongas <strong>nunca a m\u00e1s de 60\u00baC <\/strong>ni despu\u00e9s lo pongas en la secadora. <strong>Esto estropear\u00eda el tejido y acortar\u00eda su vida \u00fatil.<\/strong><\/p>\n<p data-start=\"2608\" data-end=\"3040\">Para sacar las <strong>manchas m\u00e1s rebeldes<\/strong>, hay bastantes remedios, desde los m\u00e1s tradicionales como el <strong>agua oxigenada<\/strong> o los <strong>rayos de sol<\/strong> (que adem\u00e1s es antibacteriano) hasta los m\u00e1s modernos como el <a href=\"https:\/\/www.nushu.cat\/es\/producto\/percarbonato\/\">percarbonato<\/a> u otros quitamanchas del mercado, pero el m\u00e1s efectivo de todos es aprender a amar las manchas, ya que son tuyas, de la sangre menstrual que sale de dentro de ti, y al fin y al cabo, es posible que vuelvas a manchar el empapador menstrual en unos d\u00edas.<\/p>\n<h2 data-start=\"3047\" data-end=\"3114\">\u00bfCu\u00e1ntos empapadores menstruales necesitas y c\u00f3mo usarlos?<\/h2>\n<p data-start=\"3116\" data-end=\"3358\">Con <strong>1 o 2 empapadores reutilizables<\/strong> puedes hacer rotaci\u00f3n si los usas cada noche. Col\u00f3calo directamente sobre la s\u00e1bana bajera y t\u00fa te estiras encima del empapador.<\/p>\n<h2 data-start=\"3365\" data-end=\"3432\"><\/h2>\n<h2 data-start=\"3365\" data-end=\"3432\">Productos complementarios para un descanso sin preocupaciones<\/h2>\n<p data-start=\"3434\" data-end=\"3538\">Para facilitarte el uso diario del empapador, te propongo otros productos que tambi\u00e9n puedes encontrar en n\u00fcshu:<\/p>\n<ul>\n<li data-start=\"3541\" data-end=\"3607\"><a href=\"https:\/\/www.nushu.cat\/es\/productes\/higiene-menstrual-sostenible\/compresas_de_tela\/noche\/\"><strong>Compresas de noche reutilizables:<\/strong><\/a> ideales si tienes sangrados nocturnos<\/li>\n<li data-start=\"3610\" data-end=\"3690\"><a href=\"https:\/\/www.nushu.cat\/es\/productes\/higiene-menstrual-sostenible\/compresas_de_tela\/postparto\/\"><strong>Compresas postparto reutilizables:<\/strong><\/a> absorci\u00f3n m\u00e1xima para las primeras semanas<\/li>\n<li data-start=\"3693\" data-end=\"3754\"><a href=\"\/?product_cat=bragas_menstruales\"><strong>Bragas menstruales:<\/strong><\/a> para m\u00e1s comodidad y absorci\u00f3n integrada<\/li>\n<li data-start=\"3757\" data-end=\"3818\"><a href=\"https:\/\/www.nushu.cat\/es\/productes\/higiene-menstrual-sostenible\/compresas_de_tela\/salvaslip\/\"><strong>Salvaslips reutilizables:<\/strong><\/a> para p\u00e9rdidas muy leves<\/li>\n<li data-start=\"3821\" data-end=\"3878\"><a href=\"https:\/\/www.nushu.cat\/es\/producto\/jabon-sostenible\/\"><strong>Jab\u00f3n sostenible:<\/strong><\/a> para lavar sin da\u00f1ar los tejidos<\/li>\n<li data-start=\"3881\" data-end=\"3939\"><a href=\"https:\/\/www.nushu.cat\/es\/producto\/percarbonato\/\"><strong>Percarbonato s\u00f3dico:<\/strong><\/a> para eliminar manchas de forma natural<\/li>\n<\/ul>\n<h3 data-start=\"3946\" data-end=\"4013\"><\/h3>\n<h2 data-start=\"3946\" data-end=\"4013\">\u00bfBuscas otro tipo de empapador reutilizable para la cama?<\/h2>\n<ul>\n<li data-start=\"4015\" data-end=\"4259\">Si necesitas <strong>m\u00e1s capacidad de absorci\u00f3n<\/strong> para p\u00e9rdidas abundantes o mayor seguridad, puedes ver el <strong><a href=\"https:\/\/www.nushu.cat\/es\/producto\/empapador-reutilizable-super-absorbente\/\">empapador s\u00faper absorbente reutilizable.<\/a><\/strong><\/li>\n<li data-start=\"4015\" data-end=\"4259\">Si lo necesitas para proteger el colch\u00f3n de tu peque, tambi\u00e9n tienes el<a href=\"https:\/\/www.nushu.cat\/es\/producto\/empapador-reutilizable-nado\/\"><strong> empapador reutilizable para beb\u00e9s.<\/strong><\/a><\/li>\n<\/ul>\n<p>&nbsp;<\/p>\n<h2 data-start=\"4266\" data-end=\"4333\">Preguntas frecuentes sobre el empapador menstrual reutilizable<\/h2>\n<h3 data-start=\"4335\" data-end=\"4522\">\u00bfSirve solo para menstruaci\u00f3n?<\/h3>\n<p data-start=\"4335\" data-end=\"4522\">No. Puedes usarlo en el postparto, para p\u00e9rdidas de orina, para tener relaciones sexuales o cualquier situaci\u00f3n donde quieras proteger la cama.<\/p>\n<h3 data-start=\"4524\" data-end=\"4781\">\u00bfSe mueve mientras duermo?<\/h3>\n<p data-start=\"4524\" data-end=\"4781\">No tiene porque moverse. El tejido exterior ayuda a que se mantenga en su sitio. Si te mueves mucho por la noche puede desplazarse. Es por eso que hay la opci\u00f3n de personalizar el tama\u00f1o e incluso poner gomas para fijarlo al colch\u00f3n.<\/p>\n<h3 data-start=\"4783\" data-end=\"4928\">\u00bfCu\u00e1nto absorbe?<\/h3>\n<p data-start=\"4783\" data-end=\"4928\">Tiene una capacidad media-alta, pensada para sangrado o p\u00e9rdidas leves, pero sin llegar a la absorci\u00f3n del <a href=\"https:\/\/www.nushu.cat\/es\/producto\/empapador-reutilizable-super-absorbente\/\">modelo s\u00faper.<\/a><\/p>\n<h3 data-start=\"4930\" data-end=\"4996\">\u00bfCu\u00e1nto tiempo dura?<\/h3>\n<p data-start=\"4930\" data-end=\"4996\">Hasta 5 a\u00f1os con un buen cuidado.<\/p>\n<h3 data-start=\"4998\" data-end=\"5205\">\u00bfLo puedo usar directamente sobre la piel?<\/h3>\n<p data-start=\"4998\" data-end=\"5205\">S\u00ed. El tejido es agradable al tacto, no hace ruido ni provoca sudoraci\u00f3n. Adem\u00e1s tiene certificado oeko tex, que avala que no tiene sustancias toxicas ni nocivas..<\/p>\n<h3 data-start=\"5207\" data-end=\"5389\">\u00bfPuedo usarlo en beb\u00e9s o personas mayores?<\/h3>\n<p data-start=\"5207\" data-end=\"5389\">Te recomiendo en esos casos el <a href=\"https:\/\/www.nushu.cat\/es\/producto\/empapador-reutilizable-nado\/\">empapador para beb\u00e9s<\/a> o el <a href=\"https:\/\/www.nushu.cat\/es\/producto\/empapador-reutilizable-super-absorbente\/\">modelo s\u00faper absorbente<\/a>, que est\u00e1n dise\u00f1ados para otras necesidades.<\/p>\n","protected":false},"excerpt":{"rendered":"<p data-start=\"364\" data-end=\"411\"><strong data-start=\"364\" data-end=\"409\">Protege la cama sin generar residuos<\/strong> con un empapador reutilizable menstrual<strong data-start=\"364\" data-end=\"409\">. <\/strong>Es ideal para usar durante <strong>la menstruaci\u00f3n, el postparto o las p\u00e9rdidas de orina.<\/strong><\/p>\n<p data-start=\"364\" data-end=\"411\">Lo puedes colocar sobre las s\u00e1banas, dormir sin preocuparte y lavarlo al d\u00eda siguiente para volver a usarlo. Es una alternativa ecol\u00f3gica a los empapadores desechables, m\u00e1s respetuosa con tu cuerpo, tu cama y el planeta. Tambi\u00e9n lo puedes combinar con <strong><a href=\"https:\/\/www.nushu.cat\/es\/productes\/higiene-menstrual-sostenible\/compresas_de_tela\/postparto\/\">compresas postparto reutilizables <\/a><\/strong>o <a href=\"\/?product_cat=compresas_de_tela\"><strong>compresas de noche<\/strong><\/a> si buscas una protecci\u00f3n adicional mientras duermes.<\/p>\n","protected":false},"featured_media":252462,"template":"","meta":{"_acf_changed":false},"product_brand":[],"product_cat":[208,207,268],"product_tag":[],"class_list":{"0":"post-17541","1":"product","2":"type-product","3":"status-publish","4":"has-post-thumbnail","6":"product_cat-complementos-menstruales","7":"product_cat-higiene-menstrual-sostenible","8":"product_cat-sostenible","10":"first","11":"instock","12":"taxable","13":"shipping-taxable","14":"purchasable","15":"product-type-variable","16":"has-default-attributes"},"acf":[],"yoast_head":"<!-- This site is optimized with the Yoast SEO plugin v27.4 - https:\/\/yoast.com\/product\/yoast-seo-wordpress\/ -->\n<title>Empapador reutilizable menstrual - n\u00fcshu<\/title>\n<meta name=\"description\" content=\"Protege tu cama con el empapador reutilizable menstrual de n\u00fcshu. Ideal para postparto, regla o p\u00e9rdidas de orina. Suave, impermeable y lavable.\" \/>\n<meta name=\"robots\" content=\"index, follow, max-snippet:-1, max-image-preview:large, max-video-preview:-1\" \/>\n<link rel=\"canonical\" href=\"https:\/\/www.nushu.cat\/es\/producto\/empapador-reutilizable-menstrual\/\" \/>\n<meta property=\"og:locale\" content=\"es_ES\" \/>\n<meta property=\"og:type\" content=\"article\" \/>\n<meta property=\"og:title\" content=\"Empapador reutilizable menstrual - n\u00fcshu\" \/>\n<meta property=\"og:description\" content=\"Protege tu cama con el empapador reutilizable menstrual de n\u00fcshu. Ideal para postparto, regla o p\u00e9rdidas de orina. Suave, impermeable y lavable.\" \/>\n<meta property=\"og:url\" content=\"https:\/\/www.nushu.cat\/es\/producto\/empapador-reutilizable-menstrual\/\" \/>\n<meta property=\"og:site_name\" content=\"n\u00fcshu\" \/>\n<meta property=\"article:publisher\" content=\"https:\/\/www.facebook.com\/nushu.artesania\/\" \/>\n<meta property=\"article:modified_time\" content=\"2025-08-25T11:30:38+00:00\" \/>\n<meta property=\"og:image\" content=\"https:\/\/www.nushu.cat\/wp-content\/uploads\/2024\/02\/empapador-reutilizable-grande-manchas-menstruacion-scaled-1.jpg\" \/>\n\t<meta property=\"og:image:width\" content=\"1920\" \/>\n\t<meta property=\"og:image:height\" content=\"1920\" \/>\n\t<meta property=\"og:image:type\" content=\"image\/jpeg\" \/>\n<meta name=\"twitter:card\" content=\"summary_large_image\" \/>\n<meta name=\"twitter:label1\" content=\"Tiempo de lectura\" \/>\n\t<meta name=\"twitter:data1\" content=\"4 minutos\" \/>\n<!-- \/ Yoast SEO plugin. -->","yoast_head_json":{"title":"Empapador reutilizable menstrual - n\u00fcshu","description":"Protege tu cama con el empapador reutilizable menstrual de n\u00fcshu. Ideal para postparto, regla o p\u00e9rdidas de orina. Suave, impermeable y lavable.","robots":{"index":"index","follow":"follow","max-snippet":"max-snippet:-1","max-image-preview":"max-image-preview:large","max-video-preview":"max-video-preview:-1"},"canonical":"https:\/\/www.nushu.cat\/es\/producto\/empapador-reutilizable-menstrual\/","og_locale":"es_ES","og_type":"article","og_title":"Empapador reutilizable menstrual - n\u00fcshu","og_description":"Protege tu cama con el empapador reutilizable menstrual de n\u00fcshu. Ideal para postparto, regla o p\u00e9rdidas de orina. Suave, impermeable y lavable.","og_url":"https:\/\/www.nushu.cat\/es\/producto\/empapador-reutilizable-menstrual\/","og_site_name":"n\u00fcshu","article_publisher":"https:\/\/www.facebook.com\/nushu.artesania\/","article_modified_time":"2025-08-25T11:30:38+00:00","og_image":[{"width":1920,"height":1920,"url":"https:\/\/www.nushu.cat\/wp-content\/uploads\/2024\/02\/empapador-reutilizable-grande-manchas-menstruacion-scaled-1.jpg","type":"image\/jpeg"}],"twitter_card":"summary_large_image","twitter_misc":{"Tiempo de lectura":"4 minutos"},"schema":{"@context":"https:\/\/schema.org","@graph":[{"@type":"WebPage","@id":"https:\/\/www.nushu.cat\/es\/producto\/empapador-reutilizable-menstrual\/","url":"https:\/\/www.nushu.cat\/es\/producto\/empapador-reutilizable-menstrual\/","name":"Empapador reutilizable menstrual - n\u00fcshu","isPartOf":{"@id":"https:\/\/www.nushu.cat\/es\/#website"},"primaryImageOfPage":{"@id":"https:\/\/www.nushu.cat\/es\/producto\/empapador-reutilizable-menstrual\/#primaryimage"},"image":{"@id":"https:\/\/www.nushu.cat\/es\/producto\/empapador-reutilizable-menstrual\/#primaryimage"},"thumbnailUrl":"https:\/\/www.nushu.cat\/wp-content\/uploads\/2024\/02\/empapador-reutilizable-grande-manchas-menstruacion-scaled-1.jpg","datePublished":"2022-10-13T13:03:19+00:00","dateModified":"2025-08-25T11:30:38+00:00","description":"Protege tu cama con el empapador reutilizable menstrual de n\u00fcshu. Ideal para postparto, regla o p\u00e9rdidas de orina. Suave, impermeable y lavable.","breadcrumb":{"@id":"https:\/\/www.nushu.cat\/es\/producto\/empapador-reutilizable-menstrual\/#breadcrumb"},"inLanguage":"es","potentialAction":[{"@type":"ReadAction","target":["https:\/\/www.nushu.cat\/es\/producto\/empapador-reutilizable-menstrual\/"]}]},{"@type":"ImageObject","inLanguage":"es","@id":"https:\/\/www.nushu.cat\/es\/producto\/empapador-reutilizable-menstrual\/#primaryimage","url":"https:\/\/www.nushu.cat\/wp-content\/uploads\/2024\/02\/empapador-reutilizable-grande-manchas-menstruacion-scaled-1.jpg","contentUrl":"https:\/\/www.nushu.cat\/wp-content\/uploads\/2024\/02\/empapador-reutilizable-grande-manchas-menstruacion-scaled-1.jpg","width":1920,"height":1920},{"@type":"BreadcrumbList","@id":"https:\/\/www.nushu.cat\/es\/producto\/empapador-reutilizable-menstrual\/#breadcrumb","itemListElement":[{"@type":"ListItem","position":1,"name":"Inici","item":"https:\/\/www.nushu.cat\/es\/compreses-de-tela\/"},{"@type":"ListItem","position":2,"name":"Tienda","item":"https:\/\/www.nushu.cat\/es\/tienda\/"},{"@type":"ListItem","position":3,"name":"Empapador reutilizable menstrual"}]},{"@type":"WebSite","@id":"https:\/\/www.nushu.cat\/es\/#website","url":"https:\/\/www.nushu.cat\/es\/","name":"n\u00fcshu","description":"natural &amp; sostenible","publisher":{"@id":"https:\/\/www.nushu.cat\/es\/#organization"},"potentialAction":[{"@type":"SearchAction","target":{"@type":"EntryPoint","urlTemplate":"https:\/\/www.nushu.cat\/es\/?s={search_term_string}"},"query-input":{"@type":"PropertyValueSpecification","valueRequired":true,"valueName":"search_term_string"}}],"inLanguage":"es"},{"@type":"Organization","@id":"https:\/\/www.nushu.cat\/es\/#organization","name":"n\u00fcshu","url":"https:\/\/www.nushu.cat\/es\/","logo":{"@type":"ImageObject","inLanguage":"es","@id":"https:\/\/www.nushu.cat\/es\/#\/schema\/logo\/image\/","url":"https:\/\/www.nushu.cat\/wp-content\/uploads\/2024\/02\/nushu-share-1-1.png","contentUrl":"https:\/\/www.nushu.cat\/wp-content\/uploads\/2024\/02\/nushu-share-1-1.png","width":1080,"height":1080,"caption":"n\u00fcshu"},"image":{"@id":"https:\/\/www.nushu.cat\/es\/#\/schema\/logo\/image\/"},"sameAs":["https:\/\/www.facebook.com\/nushu.artesania\/","https:\/\/www.instagram.com\/nushu_artesania"]}]}},"jetpack_sharing_enabled":true,"_links":{"self":[{"href":"https:\/\/www.nushu.cat\/es\/wp-json\/wp\/v2\/product\/17541","targetHints":{"allow":["GET"]}}],"collection":[{"href":"https:\/\/www.nushu.cat\/es\/wp-json\/wp\/v2\/product"}],"about":[{"href":"https:\/\/www.nushu.cat\/es\/wp-json\/wp\/v2\/types\/product"}],"version-history":[{"count":3,"href":"https:\/\/www.nushu.cat\/es\/wp-json\/wp\/v2\/product\/17541\/revisions"}],"predecessor-version":[{"id":267030,"href":"https:\/\/www.nushu.cat\/es\/wp-json\/wp\/v2\/product\/17541\/revisions\/267030"}],"wp:featuredmedia":[{"embeddable":true,"href":"https:\/\/www.nushu.cat\/es\/wp-json\/wp\/v2\/media\/252462"}],"wp:attachment":[{"href":"https:\/\/www.nushu.cat\/es\/wp-json\/wp\/v2\/media?parent=17541"}],"wp:term":[{"taxonomy":"product_brand","embeddable":true,"href":"https:\/\/www.nushu.cat\/es\/wp-json\/wp\/v2\/product_brand?post=17541"},{"taxonomy":"product_cat","embeddable":true,"href":"https:\/\/www.nushu.cat\/es\/wp-json\/wp\/v2\/product_cat?post=17541"},{"taxonomy":"product_tag","embeddable":true,"href":"https:\/\/www.nushu.cat\/es\/wp-json\/wp\/v2\/product_tag?post=17541"}],"curies":[{"name":"wp","href":"https:\/\/api.w.org\/{rel}","templated":true}]}}