{"id":17744,"date":"2022-10-15T17:10:30","date_gmt":"2022-10-15T17:10:30","guid":{"rendered":"https:\/\/www.nushu.cat\/?post_type=product&#038;p=17744"},"modified":"2024-02-02T12:46:49","modified_gmt":"2024-02-02T12:46:49","slug":"muselina-de-algodon-organico","status":"publish","type":"product","link":"https:\/\/www.nushu.cat\/es\/producto\/muselina-de-algodon-organico\/","title":{"rendered":"Muselina de algod\u00f3n org\u00e1nico para beb\u00e9s"},"content":{"rendered":"<p>Muselina de <strong>algod\u00f3n org\u00e1nico<\/strong> para beb\u00e9s, confeccionada con algod\u00f3n org\u00e1nico 100% con certificado GOTS.<br \/>Medidas 70x70cm.<br \/>Sin estampados: lisa y minimalista. Una de las piezas m\u00e1s vers\u00e1tiles e imprescindibles en la crianza de un beb\u00e9.<br \/>La muselina de algod\u00f3n org\u00e1nico para beb\u00e9s estar\u00e1 siempre suave y esponjosa, de hecho, la suavidad aumenta con cada lavado. Gracias a su buena transpirabilidad y a su tacto agradable en contacto con la piel de tu beb\u00e9 es ideal para envolverlo y que no pase fr\u00edo o protegerlo del viento y el sol.<\/p>\n<h2>Principales usos de las muselinas para beb\u00e9<\/h2>\n<p>La muselina de algod\u00f3n org\u00e1nico tiene diversos usos que acompa\u00f1ar\u00e1n a tu beb\u00e9 aport\u00e1ndole bienestar y comodidad. Por ejemplo:<\/p>\n<ul>\n<li>Puedes envolver a tu beb\u00e9 con la muselina para que no pase fr\u00edo.<\/li>\n<li>Puedes cubrir la cabeza de tu beb\u00e9 para que protegerle del sol o del viento.<\/li>\n<li>Tambi\u00e9n puedes cubrirle mientras le das el pecho para que no le distraigan los est\u00edmulos externos y se relaje durante la toma.<\/li>\n<li>Utiliza tu muselina como objeto de apego ya que el olor familiar ayudar\u00e1 a tu beb\u00e9 a conciliar y alargar el sue\u00f1o.<\/li>\n<li>Haz una almohada con tu muselina, para protegerle la cabeza o evitar que se voltee<\/li>\n<li>Tambi\u00e9n puedes utilizarla como alfombra para tumbar a tu beb\u00e9 en el exterior<\/li>\n<li>O incluso para limpiarle los restos de leche de la toma<\/li>\n<\/ul>\n<p>Como ves, hay un mont\u00f3n de usos para las muselinas y seguro que se te ocurren un mont\u00f3n m\u00e1s cuando tengas la tuya. Adem\u00e1s, las muselinas son ligeras e ideales para llevar en el bolso, ya que dobladas no ocupan ni pesan. Se convertir\u00e1n en un MUST en el bolso de tu beb\u00e9. Las muselinas de algod\u00f3n org\u00e1nico n\u00fcshu son transpirables y de secado r\u00e1pido, lo que las hace muy c\u00f3modas y \u00fatiles.<\/p>\n<h2>\u00bfC\u00f3mo lavo las muselinas de algod\u00f3n org\u00e1nico?<\/h2>\n<p>Las muselinas son muy f\u00e1ciles de lavar. Puedes lavarlas en la lavadora con otra ropa a la temperatura que quieras, ya que es algod\u00f3n 100% org\u00e1nico. Se trata de un tejido que aumenta su suavidad con cada lavado y al ser tan vaporosas y transpirables se secan muy r\u00e1pido. Usa un jab\u00f3n respetuoso para la delicada piel del beb\u00e9 y prescinde de suavizante. Puedes reemplazarlo por vinagre. Si tienes alguna mancha rebelde, utiliza percarbonato para deshacerte de ella. Si tienes dudas sobre el mantenimiento de tu muselina, estamos a tu disposici\u00f3n.<\/p>\n","protected":false},"excerpt":{"rendered":"<p>Muselina de algod\u00f3n 100% org\u00e1nico con certificado GOTS. 70x70cm.<br \/>Sin estampados: completamente lisa y minimalista.<br \/><strong>Una de las piezas m\u00e1s vers\u00e1tiles e imprescindibles en la crianza de un beb\u00e9.<\/strong><\/p>\n","protected":false},"featured_media":254948,"template":"","meta":{"_acf_changed":false},"product_brand":[],"product_cat":[203,197,268],"product_tag":[],"class_list":{"0":"post-17744","1":"product","2":"type-product","3":"status-publish","4":"has-post-thumbnail","6":"product_cat-crianza-sostenible","7":"product_cat-maternidad-y-crianza","8":"product_cat-sostenible","10":"first","11":"instock","12":"taxable","13":"shipping-taxable","14":"purchasable","15":"product-type-variable","16":"has-default-attributes"},"acf":[],"yoast_head":"<!-- This site is optimized with the Yoast SEO plugin v27.2 - https:\/\/yoast.com\/product\/yoast-seo-wordpress\/ -->\n<title>Muselina de algod\u00f3n org\u00e1nico para beb\u00e9s - n\u00fcshu<\/title>\n<meta name=\"description\" content=\"Muselina de algod\u00f3n org\u00e1nico para beb\u00e9s, con algod\u00f3n org\u00e1nico 100% con certificado GOTS. Regalo sostenible para madres conscientes.\" \/>\n<meta name=\"robots\" content=\"index, follow, max-snippet:-1, max-image-preview:large, max-video-preview:-1\" \/>\n<link rel=\"canonical\" href=\"https:\/\/www.nushu.cat\/es\/producto\/muselina-de-algodon-organico\/\" \/>\n<meta property=\"og:locale\" content=\"es_ES\" \/>\n<meta property=\"og:type\" content=\"article\" \/>\n<meta property=\"og:title\" content=\"Muselina de algod\u00f3n org\u00e1nico para beb\u00e9s - n\u00fcshu\" \/>\n<meta property=\"og:description\" content=\"Muselina de algod\u00f3n org\u00e1nico para beb\u00e9s, con algod\u00f3n org\u00e1nico 100% con certificado GOTS. Regalo sostenible para madres conscientes.\" \/>\n<meta property=\"og:url\" content=\"https:\/\/www.nushu.cat\/es\/producto\/muselina-de-algodon-organico\/\" \/>\n<meta property=\"og:site_name\" content=\"n\u00fcshu\" \/>\n<meta property=\"article:publisher\" content=\"https:\/\/www.facebook.com\/nushu.artesania\/\" \/>\n<meta property=\"article:modified_time\" content=\"2024-02-02T12:46:49+00:00\" \/>\n<meta property=\"og:image\" content=\"https:\/\/www.nushu.cat\/wp-content\/uploads\/2024\/02\/muselina-coto-organic-1-scaled-2.jpg\" \/>\n\t<meta property=\"og:image:width\" content=\"1920\" \/>\n\t<meta property=\"og:image:height\" content=\"1920\" \/>\n\t<meta property=\"og:image:type\" content=\"image\/jpeg\" \/>\n<meta name=\"twitter:card\" content=\"summary_large_image\" \/>\n<meta name=\"twitter:label1\" content=\"Tiempo de lectura\" \/>\n\t<meta name=\"twitter:data1\" content=\"2 minutos\" \/>\n<!-- \/ Yoast SEO plugin. -->","yoast_head_json":{"title":"Muselina de algod\u00f3n org\u00e1nico para beb\u00e9s - n\u00fcshu","description":"Muselina de algod\u00f3n org\u00e1nico para beb\u00e9s, con algod\u00f3n org\u00e1nico 100% con certificado GOTS. Regalo sostenible para madres conscientes.","robots":{"index":"index","follow":"follow","max-snippet":"max-snippet:-1","max-image-preview":"max-image-preview:large","max-video-preview":"max-video-preview:-1"},"canonical":"https:\/\/www.nushu.cat\/es\/producto\/muselina-de-algodon-organico\/","og_locale":"es_ES","og_type":"article","og_title":"Muselina de algod\u00f3n org\u00e1nico para beb\u00e9s - n\u00fcshu","og_description":"Muselina de algod\u00f3n org\u00e1nico para beb\u00e9s, con algod\u00f3n org\u00e1nico 100% con certificado GOTS. Regalo sostenible para madres conscientes.","og_url":"https:\/\/www.nushu.cat\/es\/producto\/muselina-de-algodon-organico\/","og_site_name":"n\u00fcshu","article_publisher":"https:\/\/www.facebook.com\/nushu.artesania\/","article_modified_time":"2024-02-02T12:46:49+00:00","og_image":[{"width":1920,"height":1920,"url":"https:\/\/www.nushu.cat\/wp-content\/uploads\/2024\/02\/muselina-coto-organic-1-scaled-2.jpg","type":"image\/jpeg"}],"twitter_card":"summary_large_image","twitter_misc":{"Tiempo de lectura":"2 minutos"},"schema":{"@context":"https:\/\/schema.org","@graph":[{"@type":"WebPage","@id":"https:\/\/www.nushu.cat\/es\/producto\/muselina-de-algodon-organico\/","url":"https:\/\/www.nushu.cat\/es\/producto\/muselina-de-algodon-organico\/","name":"Muselina de algod\u00f3n org\u00e1nico para beb\u00e9s - n\u00fcshu","isPartOf":{"@id":"https:\/\/www.nushu.cat\/es\/#website"},"primaryImageOfPage":{"@id":"https:\/\/www.nushu.cat\/es\/producto\/muselina-de-algodon-organico\/#primaryimage"},"image":{"@id":"https:\/\/www.nushu.cat\/es\/producto\/muselina-de-algodon-organico\/#primaryimage"},"thumbnailUrl":"https:\/\/www.nushu.cat\/wp-content\/uploads\/2024\/02\/muselina-coto-organic-1-scaled-2.jpg","datePublished":"2022-10-15T17:10:30+00:00","dateModified":"2024-02-02T12:46:49+00:00","description":"Muselina de algod\u00f3n org\u00e1nico para beb\u00e9s, con algod\u00f3n org\u00e1nico 100% con certificado GOTS. Regalo sostenible para madres conscientes.","breadcrumb":{"@id":"https:\/\/www.nushu.cat\/es\/producto\/muselina-de-algodon-organico\/#breadcrumb"},"inLanguage":"es","potentialAction":[{"@type":"ReadAction","target":["https:\/\/www.nushu.cat\/es\/producto\/muselina-de-algodon-organico\/"]}]},{"@type":"ImageObject","inLanguage":"es","@id":"https:\/\/www.nushu.cat\/es\/producto\/muselina-de-algodon-organico\/#primaryimage","url":"https:\/\/www.nushu.cat\/wp-content\/uploads\/2024\/02\/muselina-coto-organic-1-scaled-2.jpg","contentUrl":"https:\/\/www.nushu.cat\/wp-content\/uploads\/2024\/02\/muselina-coto-organic-1-scaled-2.jpg","width":1920,"height":1920,"caption":"muselina de algod\u00f3n org\u00e1nico regalo para reci\u00e9n nacido. Crianza respetuosa y apego seguro."},{"@type":"BreadcrumbList","@id":"https:\/\/www.nushu.cat\/es\/producto\/muselina-de-algodon-organico\/#breadcrumb","itemListElement":[{"@type":"ListItem","position":1,"name":"Inici","item":"https:\/\/www.nushu.cat\/es\/compreses-de-tela\/"},{"@type":"ListItem","position":2,"name":"Tienda","item":"https:\/\/www.nushu.cat\/es\/tienda\/"},{"@type":"ListItem","position":3,"name":"Muselina de algod\u00f3n org\u00e1nico para beb\u00e9s"}]},{"@type":"WebSite","@id":"https:\/\/www.nushu.cat\/es\/#website","url":"https:\/\/www.nushu.cat\/es\/","name":"n\u00fcshu","description":"natural &amp; sostenible","publisher":{"@id":"https:\/\/www.nushu.cat\/es\/#organization"},"potentialAction":[{"@type":"SearchAction","target":{"@type":"EntryPoint","urlTemplate":"https:\/\/www.nushu.cat\/es\/?s={search_term_string}"},"query-input":{"@type":"PropertyValueSpecification","valueRequired":true,"valueName":"search_term_string"}}],"inLanguage":"es"},{"@type":"Organization","@id":"https:\/\/www.nushu.cat\/es\/#organization","name":"n\u00fcshu","url":"https:\/\/www.nushu.cat\/es\/","logo":{"@type":"ImageObject","inLanguage":"es","@id":"https:\/\/www.nushu.cat\/es\/#\/schema\/logo\/image\/","url":"https:\/\/www.nushu.cat\/wp-content\/uploads\/2024\/02\/nushu-share-1-1.png","contentUrl":"https:\/\/www.nushu.cat\/wp-content\/uploads\/2024\/02\/nushu-share-1-1.png","width":1080,"height":1080,"caption":"n\u00fcshu"},"image":{"@id":"https:\/\/www.nushu.cat\/es\/#\/schema\/logo\/image\/"},"sameAs":["https:\/\/www.facebook.com\/nushu.artesania\/","https:\/\/www.instagram.com\/nushu_artesania"]}]}},"jetpack_sharing_enabled":true,"_links":{"self":[{"href":"https:\/\/www.nushu.cat\/es\/wp-json\/wp\/v2\/product\/17744","targetHints":{"allow":["GET"]}}],"collection":[{"href":"https:\/\/www.nushu.cat\/es\/wp-json\/wp\/v2\/product"}],"about":[{"href":"https:\/\/www.nushu.cat\/es\/wp-json\/wp\/v2\/types\/product"}],"version-history":[{"count":0,"href":"https:\/\/www.nushu.cat\/es\/wp-json\/wp\/v2\/product\/17744\/revisions"}],"wp:featuredmedia":[{"embeddable":true,"href":"https:\/\/www.nushu.cat\/es\/wp-json\/wp\/v2\/media\/254948"}],"wp:attachment":[{"href":"https:\/\/www.nushu.cat\/es\/wp-json\/wp\/v2\/media?parent=17744"}],"wp:term":[{"taxonomy":"product_brand","embeddable":true,"href":"https:\/\/www.nushu.cat\/es\/wp-json\/wp\/v2\/product_brand?post=17744"},{"taxonomy":"product_cat","embeddable":true,"href":"https:\/\/www.nushu.cat\/es\/wp-json\/wp\/v2\/product_cat?post=17744"},{"taxonomy":"product_tag","embeddable":true,"href":"https:\/\/www.nushu.cat\/es\/wp-json\/wp\/v2\/product_tag?post=17744"}],"curies":[{"name":"wp","href":"https:\/\/api.w.org\/{rel}","templated":true}]}}