{"id":18320,"date":"2022-11-03T13:10:57","date_gmt":"2022-11-03T13:10:57","guid":{"rendered":"https:\/\/www.nushu.cat\/?post_type=product&#038;p=18320"},"modified":"2025-12-03T23:55:13","modified_gmt":"2025-12-03T22:55:13","slug":"la-regla-mola-si-sabes-como-funciona","status":"publish","type":"product","link":"https:\/\/www.nushu.cat\/es\/producto\/la-regla-mola-si-sabes-como-funciona\/","title":{"rendered":"La regla mola (si sabes c\u00f3mo funciona)."},"content":{"rendered":"<p>Tener la regla mola&#8230; Pero hay que saber c\u00f3mo funciona.<x id=\"gid_0\"><\/x>\u00bfQu\u00e9 es la menstruaci\u00f3n?, \u00bfc\u00f3mo te transforma el ciclo menstrual?, \u00bfla regla duele?, \u00bfqu\u00e9 opciones tienes para no mancharte?, \u00bfla primera regla llega de repente?<x id=\"gid_1\"><\/x>Todo lo que siempre has querido saber sobre la menstruaci\u00f3n (y nunca te has atrevido a preguntar) explicado de forma directa y divertida para vivir estos cambios con confianza y bienestar. Porque tener la regla mola, pero hay que saber c\u00f3mo funciona  <\/p>\n<p>Un libro totalmente excepcional e imprescindible para preadolescentes, adolescentes, hijas, madres y padres -s\u00ed tambi\u00e9n para hombres-. Un libro para regalar, gozar, reflexionar y compartir. Un libro para cualquier mujer lo suficientemente abierta de mente como para pensar que quiz\u00e1s hay algo que se perdi\u00f3. Pues alguna encuentras y este descubrimiento te ayuda a crecer como persona ya comprender tu propia evoluci\u00f3n, y la del adolescente a quien regalas el libro.<br \/>\nEscrito e ilustrado de forma aparentemente sencilla, demuestra un trabajo de fondo espectacular, fruto de muchos a\u00f1os de experiencia did\u00e1ctica. El resultado es un libro totalmente excepcional y, sobre todo, un libro necesario. Entendedor, motivador, comprensivo, respetuoso con las diferencias, esclarecedor de riesgos y responsabilidad, honesto, valiente&#8230;     <\/p>\n","protected":false},"excerpt":{"rendered":"<p>Un libro escrito por Anna Salvia, psic\u00f3loga especialista en educaci\u00f3n sexual, e ilustrado Cristina Torr\u00f3n, creadora de Menstruita.<br \/>\nImprescindible para todas las chicas que est\u00e1n empezando a hacer el cambio, que acaban de tener su primera regla o que llevan tiempo menstruando.<br \/>\nDisponible en espa\u00f1ol en euskera y en catal\u00e1n.<\/p>\n","protected":false},"featured_media":252542,"template":"","meta":{"_acf_changed":false},"product_brand":[],"product_cat":[259,268],"product_tag":[],"class_list":{"0":"post-18320","1":"product","2":"type-product","3":"status-publish","4":"has-post-thumbnail","6":"product_cat-libros","7":"product_cat-sostenible","9":"first","10":"instock","11":"taxable","12":"shipping-taxable","13":"purchasable","14":"product-type-variable"},"acf":[],"yoast_head":"<!-- This site is optimized with the Yoast SEO plugin v27.4 - https:\/\/yoast.com\/product\/yoast-seo-wordpress\/ -->\n<title>La regla mola (si sabes c\u00f3mo funciona). regalo sostenible - n\u00fcshu<\/title>\n<meta name=\"description\" content=\"La regla muela (si sabes c\u00f3mo funciona). libro escrito por Anna Salvia, psic\u00f3loga especialista en educaci\u00f3n sexual, e ilustrado Cristina Torr\u00f3n, creadora de Menstruita.\" \/>\n<meta name=\"robots\" content=\"index, follow, max-snippet:-1, max-image-preview:large, max-video-preview:-1\" \/>\n<link rel=\"canonical\" href=\"https:\/\/www.nushu.cat\/es\/producto\/la-regla-mola-si-sabes-como-funciona\/\" \/>\n<meta property=\"og:locale\" content=\"es_ES\" \/>\n<meta property=\"og:type\" content=\"article\" \/>\n<meta property=\"og:title\" content=\"La regla mola (si sabes c\u00f3mo funciona). regalo sostenible - n\u00fcshu\" \/>\n<meta property=\"og:description\" content=\"La regla muela (si sabes c\u00f3mo funciona). libro escrito por Anna Salvia, psic\u00f3loga especialista en educaci\u00f3n sexual, e ilustrado Cristina Torr\u00f3n, creadora de Menstruita.\" \/>\n<meta property=\"og:url\" content=\"https:\/\/www.nushu.cat\/es\/producto\/la-regla-mola-si-sabes-como-funciona\/\" \/>\n<meta property=\"og:site_name\" content=\"n\u00fcshu\" \/>\n<meta property=\"article:publisher\" content=\"https:\/\/www.facebook.com\/nushu.artesania\/\" \/>\n<meta property=\"article:modified_time\" content=\"2025-12-03T22:55:13+00:00\" \/>\n<meta property=\"og:image\" content=\"https:\/\/www.nushu.cat\/wp-content\/uploads\/2024\/02\/la-regla-mola-tapa-castellano.jpg\" \/>\n\t<meta property=\"og:image:width\" content=\"385\" \/>\n\t<meta property=\"og:image:height\" content=\"500\" \/>\n\t<meta property=\"og:image:type\" content=\"image\/jpeg\" \/>\n<meta name=\"twitter:card\" content=\"summary_large_image\" \/>\n<meta name=\"twitter:label1\" content=\"Tiempo de lectura\" \/>\n\t<meta name=\"twitter:data1\" content=\"1 minuto\" \/>\n<!-- \/ Yoast SEO plugin. -->","yoast_head_json":{"title":"La regla mola (si sabes c\u00f3mo funciona). regalo sostenible - n\u00fcshu","description":"La regla muela (si sabes c\u00f3mo funciona). libro escrito por Anna Salvia, psic\u00f3loga especialista en educaci\u00f3n sexual, e ilustrado Cristina Torr\u00f3n, creadora de Menstruita.","robots":{"index":"index","follow":"follow","max-snippet":"max-snippet:-1","max-image-preview":"max-image-preview:large","max-video-preview":"max-video-preview:-1"},"canonical":"https:\/\/www.nushu.cat\/es\/producto\/la-regla-mola-si-sabes-como-funciona\/","og_locale":"es_ES","og_type":"article","og_title":"La regla mola (si sabes c\u00f3mo funciona). regalo sostenible - n\u00fcshu","og_description":"La regla muela (si sabes c\u00f3mo funciona). libro escrito por Anna Salvia, psic\u00f3loga especialista en educaci\u00f3n sexual, e ilustrado Cristina Torr\u00f3n, creadora de Menstruita.","og_url":"https:\/\/www.nushu.cat\/es\/producto\/la-regla-mola-si-sabes-como-funciona\/","og_site_name":"n\u00fcshu","article_publisher":"https:\/\/www.facebook.com\/nushu.artesania\/","article_modified_time":"2025-12-03T22:55:13+00:00","og_image":[{"width":385,"height":500,"url":"https:\/\/www.nushu.cat\/wp-content\/uploads\/2024\/02\/la-regla-mola-tapa-castellano.jpg","type":"image\/jpeg"}],"twitter_card":"summary_large_image","twitter_misc":{"Tiempo de lectura":"1 minuto"},"schema":{"@context":"https:\/\/schema.org","@graph":[{"@type":"WebPage","@id":"https:\/\/www.nushu.cat\/es\/producto\/la-regla-mola-si-sabes-como-funciona\/","url":"https:\/\/www.nushu.cat\/es\/producto\/la-regla-mola-si-sabes-como-funciona\/","name":"La regla mola (si sabes c\u00f3mo funciona). regalo sostenible - n\u00fcshu","isPartOf":{"@id":"https:\/\/www.nushu.cat\/es\/#website"},"primaryImageOfPage":{"@id":"https:\/\/www.nushu.cat\/es\/producto\/la-regla-mola-si-sabes-como-funciona\/#primaryimage"},"image":{"@id":"https:\/\/www.nushu.cat\/es\/producto\/la-regla-mola-si-sabes-como-funciona\/#primaryimage"},"thumbnailUrl":"https:\/\/www.nushu.cat\/wp-content\/uploads\/2024\/02\/la-regla-mola-tapa-castellano.jpg","datePublished":"2022-11-03T13:10:57+00:00","dateModified":"2025-12-03T22:55:13+00:00","description":"La regla muela (si sabes c\u00f3mo funciona). libro escrito por Anna Salvia, psic\u00f3loga especialista en educaci\u00f3n sexual, e ilustrado Cristina Torr\u00f3n, creadora de Menstruita.","breadcrumb":{"@id":"https:\/\/www.nushu.cat\/es\/producto\/la-regla-mola-si-sabes-como-funciona\/#breadcrumb"},"inLanguage":"es","potentialAction":[{"@type":"ReadAction","target":["https:\/\/www.nushu.cat\/es\/producto\/la-regla-mola-si-sabes-como-funciona\/"]}]},{"@type":"ImageObject","inLanguage":"es","@id":"https:\/\/www.nushu.cat\/es\/producto\/la-regla-mola-si-sabes-como-funciona\/#primaryimage","url":"https:\/\/www.nushu.cat\/wp-content\/uploads\/2024\/02\/la-regla-mola-tapa-castellano.jpg","contentUrl":"https:\/\/www.nushu.cat\/wp-content\/uploads\/2024\/02\/la-regla-mola-tapa-castellano.jpg","width":385,"height":500},{"@type":"BreadcrumbList","@id":"https:\/\/www.nushu.cat\/es\/producto\/la-regla-mola-si-sabes-como-funciona\/#breadcrumb","itemListElement":[{"@type":"ListItem","position":1,"name":"Inici","item":"https:\/\/www.nushu.cat\/es\/compreses-de-tela\/"},{"@type":"ListItem","position":2,"name":"Tienda","item":"https:\/\/www.nushu.cat\/es\/tienda\/"},{"@type":"ListItem","position":3,"name":"La regla mola (si sabes c\u00f3mo funciona)."}]},{"@type":"WebSite","@id":"https:\/\/www.nushu.cat\/es\/#website","url":"https:\/\/www.nushu.cat\/es\/","name":"n\u00fcshu","description":"natural &amp; sostenible","publisher":{"@id":"https:\/\/www.nushu.cat\/es\/#organization"},"potentialAction":[{"@type":"SearchAction","target":{"@type":"EntryPoint","urlTemplate":"https:\/\/www.nushu.cat\/es\/?s={search_term_string}"},"query-input":{"@type":"PropertyValueSpecification","valueRequired":true,"valueName":"search_term_string"}}],"inLanguage":"es"},{"@type":"Organization","@id":"https:\/\/www.nushu.cat\/es\/#organization","name":"n\u00fcshu","url":"https:\/\/www.nushu.cat\/es\/","logo":{"@type":"ImageObject","inLanguage":"es","@id":"https:\/\/www.nushu.cat\/es\/#\/schema\/logo\/image\/","url":"https:\/\/www.nushu.cat\/wp-content\/uploads\/2024\/02\/nushu-share-1-1.png","contentUrl":"https:\/\/www.nushu.cat\/wp-content\/uploads\/2024\/02\/nushu-share-1-1.png","width":1080,"height":1080,"caption":"n\u00fcshu"},"image":{"@id":"https:\/\/www.nushu.cat\/es\/#\/schema\/logo\/image\/"},"sameAs":["https:\/\/www.facebook.com\/nushu.artesania\/","https:\/\/www.instagram.com\/nushu_artesania"]}]}},"jetpack_sharing_enabled":true,"_links":{"self":[{"href":"https:\/\/www.nushu.cat\/es\/wp-json\/wp\/v2\/product\/18320","targetHints":{"allow":["GET"]}}],"collection":[{"href":"https:\/\/www.nushu.cat\/es\/wp-json\/wp\/v2\/product"}],"about":[{"href":"https:\/\/www.nushu.cat\/es\/wp-json\/wp\/v2\/types\/product"}],"version-history":[{"count":1,"href":"https:\/\/www.nushu.cat\/es\/wp-json\/wp\/v2\/product\/18320\/revisions"}],"predecessor-version":[{"id":268767,"href":"https:\/\/www.nushu.cat\/es\/wp-json\/wp\/v2\/product\/18320\/revisions\/268767"}],"wp:featuredmedia":[{"embeddable":true,"href":"https:\/\/www.nushu.cat\/es\/wp-json\/wp\/v2\/media\/252542"}],"wp:attachment":[{"href":"https:\/\/www.nushu.cat\/es\/wp-json\/wp\/v2\/media?parent=18320"}],"wp:term":[{"taxonomy":"product_brand","embeddable":true,"href":"https:\/\/www.nushu.cat\/es\/wp-json\/wp\/v2\/product_brand?post=18320"},{"taxonomy":"product_cat","embeddable":true,"href":"https:\/\/www.nushu.cat\/es\/wp-json\/wp\/v2\/product_cat?post=18320"},{"taxonomy":"product_tag","embeddable":true,"href":"https:\/\/www.nushu.cat\/es\/wp-json\/wp\/v2\/product_tag?post=18320"}],"curies":[{"name":"wp","href":"https:\/\/api.w.org\/{rel}","templated":true}]}}