{"id":18507,"date":"2022-11-13T15:36:34","date_gmt":"2022-11-13T15:36:34","guid":{"rendered":"https:\/\/www.nushu.cat\/?post_type=product&#038;p=18507"},"modified":"2024-02-02T12:47:00","modified_gmt":"2024-02-02T12:47:00","slug":"pack-4-empapadores-reutilizables","status":"publish","type":"product","link":"https:\/\/www.nushu.cat\/es\/producto\/pack-4-empapadores-reutilizables\/","title":{"rendered":"Pack 4 Empapadores reutilizables"},"content":{"rendered":"<p><strong>Empapador reutilizable de tejido impermeable y transpirable<\/strong> con un ligero acolchado que absorbe el l\u00edquido de forma r\u00e1pida, distribuy\u00e9ndolo por la superficie del empapador.<br \/>\nSin celulosa ni polietileno.<br \/>\nGracias al tejido laminado le da<strong> impermeabilidad<\/strong>, pero tambi\u00e9n<strong> transpirabilidad<\/strong>, lo que nos ayuda tanto a aislar las superficies como a quien lo est\u00e1 utilizando.<\/p>\n<h2><u>Ficha t\u00e9cnica del producto:<\/u><\/h2>\n<ul>\n<li>100% poli\u00e9ster.<\/li>\n<li>Lavable a m\u00e1quina hasta 60\u00baC<\/li>\n<li>Secadora m\u00e1ximo a 70\u00baC<\/li>\n<li>Impermeable<\/li>\n<li>Absorbente<\/li>\n<li>Transpirable<\/li>\n<li>Barrera contra chinches, \u00e1caros, bacterias y hongos<\/li>\n<li>No necesita planchado<\/li>\n<li>No lavar en seco<\/li>\n<li>No usar lej\u00eda<\/li>\n<\/ul>\n<h2><u>Usos:<\/u><\/h2>\n<p>Muy \u00fatil para reemplazar los ya conocidos empapadores de un solo uso como:<\/p>\n<ul>\n<li><strong>Beb\u00e9s:<\/strong> Dejar al beb\u00e9 sin pa\u00f1al y sin preocuparte por si se moja la superficie. \u00datil para ni\u00f1os con alergias, hongos y pieles at\u00f3picas que hacen irritaciones a menudo<br \/>\nTambi\u00e9n como cambiador o para salidas al exterior.<\/li>\n<li><strong>Mascotas<\/strong>: Para mascotas, con sangrado del celo, con pedidas de orina, con heridas que supuran, u otras enfermedades. Tambi\u00e9n como empapadores de entreno para cachorros, que est\u00e1n aprendiendo donde hacer sus necesidades. Para el trasport\u00edn, coche, colch\u00f3n, \u2026<\/li>\n<li><strong>Adultos:<\/strong> Para gente convaleciente, encamada o imposibilitada. Para p\u00e9rdidas de orina o falta de control de esf\u00ednteres.<\/li>\n<\/ul>\n<p>Su uso alarga la vida \u00fatil tanto de ropa, como colchones y superficie de sillones, evitando que se ensucien, manchen o adquieran malos olores.<br \/>\nLos tejidos de este producto llevan certificado OEKO TEX \u00ae 100.<br \/>\nSon veganos y libres de maltrato animal.<br \/>\nAl ser totalmente artesanal y \u00fanico, el producto que recibas puede tener peque\u00f1as variaciones respecto al de la imagen.<\/p>\n<h2><u>Variaciones del producto:<\/u><\/h2>\n<p>-Hay 3 opciones de pack:<\/p>\n<ul>\n<li>4 peque\u00f1os (50x65cm)<\/li>\n<li>4 grandes (65x100cm)<\/li>\n<li>2 peque\u00f1os y 2 grandes.<\/li>\n<\/ul>\n<p>-Hay 5 combinaciones de colores distintas.<\/p>\n<p>Selecciona la medida y el color en la pesta\u00f1a para poder hacer la compra.<\/p>\n","protected":false},"excerpt":{"rendered":"<p>Aprovecha el descuento cogiendo 4 empapadores. Elige entre las siguientes 3 opciones: 4 peque\u00f1os, 4 grandes o 2 grandes y 2 peque\u00f1os.<\/p>\n<p>Empapador reutilizable. Desp\u00eddete de generar residuos con los empapadores de un solo uso.<\/p>\n","protected":false},"featured_media":252562,"template":"","meta":{"_acf_changed":false},"product_brand":[],"product_cat":[221,244,268],"product_tag":[235],"class_list":{"0":"post-18507","1":"product","2":"type-product","3":"status-publish","4":"has-post-thumbnail","6":"product_cat-hogar-sostenible","7":"product_cat-packs-maternidad-bebe","8":"product_cat-sostenible","9":"product_tag-pack-ahorro","11":"first","12":"instock","13":"sale","14":"featured","15":"taxable","16":"shipping-taxable","17":"purchasable","18":"product-type-variable","19":"has-default-attributes"},"acf":[],"yoast_head":"<!-- This site is optimized with the Yoast SEO plugin v27.4 - https:\/\/yoast.com\/product\/yoast-seo-wordpress\/ -->\n<title>Pack 4 Empapadores reutilizables reutilizables - n\u00fcshu<\/title>\n<meta name=\"description\" content=\"Empapador reutilizable de tejido impermeable y transpirable con un ligero acolchado que absorbe el l\u00edquido de manera r\u00e1pida\" \/>\n<meta name=\"robots\" content=\"index, follow, max-snippet:-1, max-image-preview:large, max-video-preview:-1\" \/>\n<link rel=\"canonical\" href=\"https:\/\/www.nushu.cat\/es\/producto\/pack-4-empapadores-reutilizables\/\" \/>\n<meta property=\"og:locale\" content=\"es_ES\" \/>\n<meta property=\"og:type\" content=\"article\" \/>\n<meta property=\"og:title\" content=\"Pack 4 Empapadores reutilizables reutilizables - n\u00fcshu\" \/>\n<meta property=\"og:description\" content=\"Empapador reutilizable de tejido impermeable y transpirable con un ligero acolchado que absorbe el l\u00edquido de manera r\u00e1pida\" \/>\n<meta property=\"og:url\" content=\"https:\/\/www.nushu.cat\/es\/producto\/pack-4-empapadores-reutilizables\/\" \/>\n<meta property=\"og:site_name\" content=\"n\u00fcshu\" \/>\n<meta property=\"article:publisher\" content=\"https:\/\/www.facebook.com\/nushu.artesania\/\" \/>\n<meta property=\"article:modified_time\" content=\"2024-02-02T12:47:00+00:00\" \/>\n<meta property=\"og:image\" content=\"https:\/\/www.nushu.cat\/wp-content\/uploads\/2024\/02\/9F61A5FD-1B87-4075-8619-C03D2C9180CD.jpeg\" \/>\n\t<meta property=\"og:image:width\" content=\"1912\" \/>\n\t<meta property=\"og:image:height\" content=\"1912\" \/>\n\t<meta property=\"og:image:type\" content=\"image\/jpeg\" \/>\n<meta name=\"twitter:card\" content=\"summary_large_image\" \/>\n<meta name=\"twitter:label1\" content=\"Tiempo de lectura\" \/>\n\t<meta name=\"twitter:data1\" content=\"2 minutos\" \/>\n<!-- \/ Yoast SEO plugin. -->","yoast_head_json":{"title":"Pack 4 Empapadores reutilizables reutilizables - n\u00fcshu","description":"Empapador reutilizable de tejido impermeable y transpirable con un ligero acolchado que absorbe el l\u00edquido de manera r\u00e1pida","robots":{"index":"index","follow":"follow","max-snippet":"max-snippet:-1","max-image-preview":"max-image-preview:large","max-video-preview":"max-video-preview:-1"},"canonical":"https:\/\/www.nushu.cat\/es\/producto\/pack-4-empapadores-reutilizables\/","og_locale":"es_ES","og_type":"article","og_title":"Pack 4 Empapadores reutilizables reutilizables - n\u00fcshu","og_description":"Empapador reutilizable de tejido impermeable y transpirable con un ligero acolchado que absorbe el l\u00edquido de manera r\u00e1pida","og_url":"https:\/\/www.nushu.cat\/es\/producto\/pack-4-empapadores-reutilizables\/","og_site_name":"n\u00fcshu","article_publisher":"https:\/\/www.facebook.com\/nushu.artesania\/","article_modified_time":"2024-02-02T12:47:00+00:00","og_image":[{"width":1912,"height":1912,"url":"https:\/\/www.nushu.cat\/wp-content\/uploads\/2024\/02\/9F61A5FD-1B87-4075-8619-C03D2C9180CD.jpeg","type":"image\/jpeg"}],"twitter_card":"summary_large_image","twitter_misc":{"Tiempo de lectura":"2 minutos"},"schema":{"@context":"https:\/\/schema.org","@graph":[{"@type":"WebPage","@id":"https:\/\/www.nushu.cat\/es\/producto\/pack-4-empapadores-reutilizables\/","url":"https:\/\/www.nushu.cat\/es\/producto\/pack-4-empapadores-reutilizables\/","name":"Pack 4 Empapadores reutilizables reutilizables - n\u00fcshu","isPartOf":{"@id":"https:\/\/www.nushu.cat\/es\/#website"},"primaryImageOfPage":{"@id":"https:\/\/www.nushu.cat\/es\/producto\/pack-4-empapadores-reutilizables\/#primaryimage"},"image":{"@id":"https:\/\/www.nushu.cat\/es\/producto\/pack-4-empapadores-reutilizables\/#primaryimage"},"thumbnailUrl":"https:\/\/www.nushu.cat\/wp-content\/uploads\/2024\/02\/9F61A5FD-1B87-4075-8619-C03D2C9180CD.jpeg","datePublished":"2022-11-13T15:36:34+00:00","dateModified":"2024-02-02T12:47:00+00:00","description":"Empapador reutilizable de tejido impermeable y transpirable con un ligero acolchado que absorbe el l\u00edquido de manera r\u00e1pida","breadcrumb":{"@id":"https:\/\/www.nushu.cat\/es\/producto\/pack-4-empapadores-reutilizables\/#breadcrumb"},"inLanguage":"es","potentialAction":[{"@type":"ReadAction","target":["https:\/\/www.nushu.cat\/es\/producto\/pack-4-empapadores-reutilizables\/"]}]},{"@type":"ImageObject","inLanguage":"es","@id":"https:\/\/www.nushu.cat\/es\/producto\/pack-4-empapadores-reutilizables\/#primaryimage","url":"https:\/\/www.nushu.cat\/wp-content\/uploads\/2024\/02\/9F61A5FD-1B87-4075-8619-C03D2C9180CD.jpeg","contentUrl":"https:\/\/www.nushu.cat\/wp-content\/uploads\/2024\/02\/9F61A5FD-1B87-4075-8619-C03D2C9180CD.jpeg","width":1912,"height":1912},{"@type":"BreadcrumbList","@id":"https:\/\/www.nushu.cat\/es\/producto\/pack-4-empapadores-reutilizables\/#breadcrumb","itemListElement":[{"@type":"ListItem","position":1,"name":"Inici","item":"https:\/\/www.nushu.cat\/es\/compreses-de-tela\/"},{"@type":"ListItem","position":2,"name":"Tienda","item":"https:\/\/www.nushu.cat\/es\/tienda\/"},{"@type":"ListItem","position":3,"name":"Pack 4 Empapadores reutilizables"}]},{"@type":"WebSite","@id":"https:\/\/www.nushu.cat\/es\/#website","url":"https:\/\/www.nushu.cat\/es\/","name":"n\u00fcshu","description":"natural &amp; sostenible","publisher":{"@id":"https:\/\/www.nushu.cat\/es\/#organization"},"potentialAction":[{"@type":"SearchAction","target":{"@type":"EntryPoint","urlTemplate":"https:\/\/www.nushu.cat\/es\/?s={search_term_string}"},"query-input":{"@type":"PropertyValueSpecification","valueRequired":true,"valueName":"search_term_string"}}],"inLanguage":"es"},{"@type":"Organization","@id":"https:\/\/www.nushu.cat\/es\/#organization","name":"n\u00fcshu","url":"https:\/\/www.nushu.cat\/es\/","logo":{"@type":"ImageObject","inLanguage":"es","@id":"https:\/\/www.nushu.cat\/es\/#\/schema\/logo\/image\/","url":"https:\/\/www.nushu.cat\/wp-content\/uploads\/2024\/02\/nushu-share-1-1.png","contentUrl":"https:\/\/www.nushu.cat\/wp-content\/uploads\/2024\/02\/nushu-share-1-1.png","width":1080,"height":1080,"caption":"n\u00fcshu"},"image":{"@id":"https:\/\/www.nushu.cat\/es\/#\/schema\/logo\/image\/"},"sameAs":["https:\/\/www.facebook.com\/nushu.artesania\/","https:\/\/www.instagram.com\/nushu_artesania"]}]}},"jetpack_sharing_enabled":true,"_links":{"self":[{"href":"https:\/\/www.nushu.cat\/es\/wp-json\/wp\/v2\/product\/18507","targetHints":{"allow":["GET"]}}],"collection":[{"href":"https:\/\/www.nushu.cat\/es\/wp-json\/wp\/v2\/product"}],"about":[{"href":"https:\/\/www.nushu.cat\/es\/wp-json\/wp\/v2\/types\/product"}],"version-history":[{"count":0,"href":"https:\/\/www.nushu.cat\/es\/wp-json\/wp\/v2\/product\/18507\/revisions"}],"wp:featuredmedia":[{"embeddable":true,"href":"https:\/\/www.nushu.cat\/es\/wp-json\/wp\/v2\/media\/252562"}],"wp:attachment":[{"href":"https:\/\/www.nushu.cat\/es\/wp-json\/wp\/v2\/media?parent=18507"}],"wp:term":[{"taxonomy":"product_brand","embeddable":true,"href":"https:\/\/www.nushu.cat\/es\/wp-json\/wp\/v2\/product_brand?post=18507"},{"taxonomy":"product_cat","embeddable":true,"href":"https:\/\/www.nushu.cat\/es\/wp-json\/wp\/v2\/product_cat?post=18507"},{"taxonomy":"product_tag","embeddable":true,"href":"https:\/\/www.nushu.cat\/es\/wp-json\/wp\/v2\/product_tag?post=18507"}],"curies":[{"name":"wp","href":"https:\/\/api.w.org\/{rel}","templated":true}]}}