{"id":20698,"date":"2023-02-13T10:31:11","date_gmt":"2023-02-13T10:31:11","guid":{"rendered":"https:\/\/www.nushu.cat\/?post_type=product&#038;p=20698"},"modified":"2024-02-02T12:47:30","modified_gmt":"2024-02-02T12:47:30","slug":"esponja-marina-desmaquillante","status":"publish","type":"product","link":"https:\/\/www.nushu.cat\/es\/producto\/esponja-marina-desmaquillante\/","title":{"rendered":"Esponja marina desmaquillante"},"content":{"rendered":"<p>Estas esponjas marinas naturales provienen del mar Mediterr\u00e1neo, y son <strong>recolectadas de forma respetuosa con el m\u00e9todo tradicional.<\/strong><\/p>\n<p>La esponja marina es un producto reutilizable, pr\u00e1ctico y <strong>100% ecol\u00f3gico.<\/strong><br \/>Su gran <strong>suavidad y resistencia<\/strong> las hace perfectas para el cuidado de la piel de la cara.<br \/>Gracias a sus irregularidades y al ser tan<strong> blanda y placentera,<\/strong> las hace indispensables para adaptarse y acceder a todos los rincones de la cara.<\/p>\n<p><strong>No han sido tratadas con productos qu\u00edmicos<\/strong>, por eso conservan su color natural. Tambi\u00e9n, gracias a que no se han utilizado blanqueantes, no se deshar\u00e1n ni romper\u00e1n, y tendr\u00e1n una vida \u00fatil mucho m\u00e1s larga.<br \/>De hecho, una vez finalizada su vida \u00fatil, son restos org\u00e1nicos y no un residuo.<\/p>\n<h1>Limpieza<\/h1>\n<p><strong>Enju\u00e1guelas<\/strong> bajo el agua <strong>despu\u00e9s de casa uso<\/strong>.<br \/>De vez en cuando puedes realizar una<strong> limpieza profunda<\/strong> siguiendo una de estas 3 opciones:<br \/>-Un vaso de agua tibia con una cucharada de bicarbonato s\u00f3dico.<br \/>-Un vaso de agua tibia con una cucharada de vinagre de manzana.<br \/>Enjuagar, escurrirla y dejar secar en contacto con el aire.<\/p>\n<p>Tienes la opci\u00f3n de comprar tan s\u00f3lo 1 unidad, 2 unidades o 6 unidades. Elige la opci\u00f3n en el desplegable.<\/p>\n","protected":false},"excerpt":{"rendered":"<p><strong>Esponjas marinas naturales<\/strong> para una higiene facial pr\u00e1ctica y ecol\u00f3gica.<br \/>Son <strong>hipoalergenas,<\/strong> libres de toxinas y poseen propiedades<strong> antibacterianas naturales.<\/strong><\/p>\n","protected":false},"featured_media":251172,"template":"","meta":{"_acf_changed":false},"product_brand":[],"product_cat":[214,192,268],"product_tag":[],"class_list":{"0":"post-20698","1":"product","2":"type-product","3":"status-publish","4":"has-post-thumbnail","6":"product_cat-desmaquillantes","7":"product_cat-higiene-facial-sostenible","8":"product_cat-sostenible","10":"first","11":"instock","12":"sale","13":"taxable","14":"shipping-taxable","15":"purchasable","16":"product-type-variable"},"acf":[],"yoast_head":"<!-- This site is optimized with the Yoast SEO plugin v27.2 - https:\/\/yoast.com\/product\/yoast-seo-wordpress\/ -->\n<title>Esponja marina desmaquillante - n\u00fcshu<\/title>\n<meta name=\"description\" content=\"Pack de una, dos o seis esponjas marinas naturales desmaquillantes para una higiene facial pr\u00e1ctica y ecol\u00f3gica. Al ser tan blanda y placentera, las hace indispensables para adaptarse y acceder a todos los rincones de la cara.\" \/>\n<meta name=\"robots\" content=\"index, follow, max-snippet:-1, max-image-preview:large, max-video-preview:-1\" \/>\n<link rel=\"canonical\" href=\"https:\/\/www.nushu.cat\/es\/producto\/esponja-marina-desmaquillante\/\" \/>\n<meta property=\"og:locale\" content=\"es_ES\" \/>\n<meta property=\"og:type\" content=\"article\" \/>\n<meta property=\"og:title\" content=\"Esponja marina desmaquillante - n\u00fcshu\" \/>\n<meta property=\"og:description\" content=\"Pack de una, dos o seis esponjas marinas naturales desmaquillantes para una higiene facial pr\u00e1ctica y ecol\u00f3gica. Al ser tan blanda y placentera, las hace indispensables para adaptarse y acceder a todos los rincones de la cara.\" \/>\n<meta property=\"og:url\" content=\"https:\/\/www.nushu.cat\/es\/producto\/esponja-marina-desmaquillante\/\" \/>\n<meta property=\"og:site_name\" content=\"n\u00fcshu\" \/>\n<meta property=\"article:publisher\" content=\"https:\/\/www.facebook.com\/nushu.artesania\/\" \/>\n<meta property=\"article:modified_time\" content=\"2024-02-02T12:47:30+00:00\" \/>\n<meta property=\"og:image\" content=\"https:\/\/www.nushu.cat\/wp-content\/uploads\/2024\/02\/8.png\" \/>\n\t<meta property=\"og:image:width\" content=\"1000\" \/>\n\t<meta property=\"og:image:height\" content=\"1000\" \/>\n\t<meta property=\"og:image:type\" content=\"image\/png\" \/>\n<meta name=\"twitter:card\" content=\"summary_large_image\" \/>\n<meta name=\"twitter:label1\" content=\"Tiempo de lectura\" \/>\n\t<meta name=\"twitter:data1\" content=\"2 minutos\" \/>\n<!-- \/ Yoast SEO plugin. -->","yoast_head_json":{"title":"Esponja marina desmaquillante - n\u00fcshu","description":"Pack de una, dos o seis esponjas marinas naturales desmaquillantes para una higiene facial pr\u00e1ctica y ecol\u00f3gica. Al ser tan blanda y placentera, las hace indispensables para adaptarse y acceder a todos los rincones de la cara.","robots":{"index":"index","follow":"follow","max-snippet":"max-snippet:-1","max-image-preview":"max-image-preview:large","max-video-preview":"max-video-preview:-1"},"canonical":"https:\/\/www.nushu.cat\/es\/producto\/esponja-marina-desmaquillante\/","og_locale":"es_ES","og_type":"article","og_title":"Esponja marina desmaquillante - n\u00fcshu","og_description":"Pack de una, dos o seis esponjas marinas naturales desmaquillantes para una higiene facial pr\u00e1ctica y ecol\u00f3gica. Al ser tan blanda y placentera, las hace indispensables para adaptarse y acceder a todos los rincones de la cara.","og_url":"https:\/\/www.nushu.cat\/es\/producto\/esponja-marina-desmaquillante\/","og_site_name":"n\u00fcshu","article_publisher":"https:\/\/www.facebook.com\/nushu.artesania\/","article_modified_time":"2024-02-02T12:47:30+00:00","og_image":[{"width":1000,"height":1000,"url":"https:\/\/www.nushu.cat\/wp-content\/uploads\/2024\/02\/8.png","type":"image\/png"}],"twitter_card":"summary_large_image","twitter_misc":{"Tiempo de lectura":"2 minutos"},"schema":{"@context":"https:\/\/schema.org","@graph":[{"@type":"WebPage","@id":"https:\/\/www.nushu.cat\/es\/producto\/esponja-marina-desmaquillante\/","url":"https:\/\/www.nushu.cat\/es\/producto\/esponja-marina-desmaquillante\/","name":"Esponja marina desmaquillante - n\u00fcshu","isPartOf":{"@id":"https:\/\/www.nushu.cat\/es\/#website"},"primaryImageOfPage":{"@id":"https:\/\/www.nushu.cat\/es\/producto\/esponja-marina-desmaquillante\/#primaryimage"},"image":{"@id":"https:\/\/www.nushu.cat\/es\/producto\/esponja-marina-desmaquillante\/#primaryimage"},"thumbnailUrl":"https:\/\/www.nushu.cat\/wp-content\/uploads\/2024\/02\/8.png","datePublished":"2023-02-13T10:31:11+00:00","dateModified":"2024-02-02T12:47:30+00:00","description":"Pack de una, dos o seis esponjas marinas naturales desmaquillantes para una higiene facial pr\u00e1ctica y ecol\u00f3gica. Al ser tan blanda y placentera, las hace indispensables para adaptarse y acceder a todos los rincones de la cara.","breadcrumb":{"@id":"https:\/\/www.nushu.cat\/es\/producto\/esponja-marina-desmaquillante\/#breadcrumb"},"inLanguage":"es","potentialAction":[{"@type":"ReadAction","target":["https:\/\/www.nushu.cat\/es\/producto\/esponja-marina-desmaquillante\/"]}]},{"@type":"ImageObject","inLanguage":"es","@id":"https:\/\/www.nushu.cat\/es\/producto\/esponja-marina-desmaquillante\/#primaryimage","url":"https:\/\/www.nushu.cat\/wp-content\/uploads\/2024\/02\/8.png","contentUrl":"https:\/\/www.nushu.cat\/wp-content\/uploads\/2024\/02\/8.png","width":1000,"height":1000},{"@type":"BreadcrumbList","@id":"https:\/\/www.nushu.cat\/es\/producto\/esponja-marina-desmaquillante\/#breadcrumb","itemListElement":[{"@type":"ListItem","position":1,"name":"Inici","item":"https:\/\/www.nushu.cat\/es\/"},{"@type":"ListItem","position":2,"name":"Tienda","item":"https:\/\/www.nushu.cat\/es\/tienda\/"},{"@type":"ListItem","position":3,"name":"Esponja marina desmaquillante"}]},{"@type":"WebSite","@id":"https:\/\/www.nushu.cat\/es\/#website","url":"https:\/\/www.nushu.cat\/es\/","name":"n\u00fcshu","description":"natural &amp; sostenible","publisher":{"@id":"https:\/\/www.nushu.cat\/es\/#organization"},"potentialAction":[{"@type":"SearchAction","target":{"@type":"EntryPoint","urlTemplate":"https:\/\/www.nushu.cat\/es\/?s={search_term_string}"},"query-input":{"@type":"PropertyValueSpecification","valueRequired":true,"valueName":"search_term_string"}}],"inLanguage":"es"},{"@type":"Organization","@id":"https:\/\/www.nushu.cat\/es\/#organization","name":"n\u00fcshu","url":"https:\/\/www.nushu.cat\/es\/","logo":{"@type":"ImageObject","inLanguage":"es","@id":"https:\/\/www.nushu.cat\/es\/#\/schema\/logo\/image\/","url":"https:\/\/www.nushu.cat\/wp-content\/uploads\/2024\/02\/nushu-share-1-1.png","contentUrl":"https:\/\/www.nushu.cat\/wp-content\/uploads\/2024\/02\/nushu-share-1-1.png","width":1080,"height":1080,"caption":"n\u00fcshu"},"image":{"@id":"https:\/\/www.nushu.cat\/es\/#\/schema\/logo\/image\/"},"sameAs":["https:\/\/www.facebook.com\/nushu.artesania\/","https:\/\/www.instagram.com\/nushu_artesania"]}]}},"jetpack_sharing_enabled":true,"_links":{"self":[{"href":"https:\/\/www.nushu.cat\/es\/wp-json\/wp\/v2\/product\/20698","targetHints":{"allow":["GET"]}}],"collection":[{"href":"https:\/\/www.nushu.cat\/es\/wp-json\/wp\/v2\/product"}],"about":[{"href":"https:\/\/www.nushu.cat\/es\/wp-json\/wp\/v2\/types\/product"}],"version-history":[{"count":0,"href":"https:\/\/www.nushu.cat\/es\/wp-json\/wp\/v2\/product\/20698\/revisions"}],"wp:featuredmedia":[{"embeddable":true,"href":"https:\/\/www.nushu.cat\/es\/wp-json\/wp\/v2\/media\/251172"}],"wp:attachment":[{"href":"https:\/\/www.nushu.cat\/es\/wp-json\/wp\/v2\/media?parent=20698"}],"wp:term":[{"taxonomy":"product_brand","embeddable":true,"href":"https:\/\/www.nushu.cat\/es\/wp-json\/wp\/v2\/product_brand?post=20698"},{"taxonomy":"product_cat","embeddable":true,"href":"https:\/\/www.nushu.cat\/es\/wp-json\/wp\/v2\/product_cat?post=20698"},{"taxonomy":"product_tag","embeddable":true,"href":"https:\/\/www.nushu.cat\/es\/wp-json\/wp\/v2\/product_tag?post=20698"}],"curies":[{"name":"wp","href":"https:\/\/api.w.org\/{rel}","templated":true}]}}