{"id":21765,"date":"2023-04-20T19:32:02","date_gmt":"2023-04-20T19:32:02","guid":{"rendered":"https:\/\/www.nushu.cat\/?post_type=product&#038;p=21765"},"modified":"2024-02-02T16:12:37","modified_gmt":"2024-02-02T16:12:37","slug":"esponja-natural-bebe","status":"publish","type":"product","link":"https:\/\/www.nushu.cat\/es\/producto\/esponja-natural-bebe\/","title":{"rendered":"Esponja natural beb\u00e9"},"content":{"rendered":"<p>La mejor forma de limpiar y cuidar la delicada pie del beb\u00e9.<br \/>\n\u00c9sta es una<strong>\u00a0esponja marina de origen mediterr\u00e1neo<\/strong>, que a diferencia de las esponjas recolectadas en los mares del caribe, son de alta calidad y resistencia, haci\u00e9ndolas muy duraderas e irrompibles. Es un producto muy suave y agradable,\u00a0<strong>hipoalerg\u00e9nico<\/strong>, totalmente libre de moho, hongos y bacterias. Esto ocurre porque las esponjas tienen enzimas que inhiben el crecimiento de estos microorganismos. Adem\u00e1s, no ha sido tratada con productos qu\u00edmicos blanqueadores, conservando su color y calidad naturales. Por todo ello est\u00e1 especialmente indicada para el cuidado y limpieza de las pieles m\u00e1s sensibles y para el uso infantil.<\/p>\n<h2>Como usar la esponja natural:<\/h2>\n<p>Cuando est\u00e1n secas, las esponjas marinas pueden ser relativamente \u00e1speras. As\u00ed que se sumergen en el agua y adquieren m\u00e1s volumen y se vuelven suaves. Antes de utilizarlas por primera vez se aconseja aclarar la esponja ya que puede contener restos marinos. Al final de su uso, enju\u00e1gala con abundante agua hasta eliminar el jab\u00f3n y d\u00e9jala secar en contacto con el aire. Cada cierto tiempo, d\u00e9jala un rato (10-30\u2032) sumergida con agua caliente y una cucharada de bicarbonato para dejarla como el primer d\u00eda.<\/p>\n","protected":false},"excerpt":{"rendered":"<p>Esponja marina sin tratamientos qu\u00edmicos, ni cloros para blanquearla. Duradera y resistente.<br \/>\nIdeal para beb\u00e9s, su medida m\u00e1s reducica la hace ideal para el cambio de pa\u00f1al o limpieza del culito del beb\u00e9.<\/p>\n","protected":false},"featured_media":252790,"template":"","meta":{"_acf_changed":false},"product_brand":[],"product_cat":[192,241,221,197,268],"product_tag":[],"class_list":{"0":"post-21765","1":"product","2":"type-product","3":"status-publish","4":"has-post-thumbnail","6":"product_cat-higiene-facial-sostenible","7":"product_cat-higiene-bebe","8":"product_cat-hogar-sostenible","9":"product_cat-maternidad-y-crianza","10":"product_cat-sostenible","12":"first","13":"instock","14":"featured","15":"taxable","16":"shipping-taxable","17":"purchasable","18":"product-type-variable","19":"has-default-attributes"},"acf":[],"yoast_head":"<!-- This site is optimized with the Yoast SEO plugin v27.2 - https:\/\/yoast.com\/product\/yoast-seo-wordpress\/ -->\n<title>Esponja natural beb\u00e9 reutilizables - n\u00fcshu<\/title>\n<meta name=\"description\" content=\"La esponja natural marina del Mediterr\u00e1neo es la opci\u00f3n perfecta para cuidar la piel en el ba\u00f1o mientras cuisdas el planeta.\" \/>\n<meta name=\"robots\" content=\"index, follow, max-snippet:-1, max-image-preview:large, max-video-preview:-1\" \/>\n<link rel=\"canonical\" href=\"https:\/\/www.nushu.cat\/es\/producto\/esponja-natural-bebe\/\" \/>\n<meta property=\"og:locale\" content=\"es_ES\" \/>\n<meta property=\"og:type\" content=\"article\" \/>\n<meta property=\"og:title\" content=\"Esponja natural beb\u00e9 reutilizables - n\u00fcshu\" \/>\n<meta property=\"og:description\" content=\"La esponja natural marina del Mediterr\u00e1neo es la opci\u00f3n perfecta para cuidar la piel en el ba\u00f1o mientras cuisdas el planeta.\" \/>\n<meta property=\"og:url\" content=\"https:\/\/www.nushu.cat\/es\/producto\/esponja-natural-bebe\/\" \/>\n<meta property=\"og:site_name\" content=\"n\u00fcshu\" \/>\n<meta property=\"article:publisher\" content=\"https:\/\/www.facebook.com\/nushu.artesania\/\" \/>\n<meta property=\"article:modified_time\" content=\"2024-02-02T16:12:37+00:00\" \/>\n<meta property=\"og:image\" content=\"https:\/\/www.nushu.cat\/wp-content\/uploads\/2024\/02\/photoroom_20230213_213715-3.jpeg\" \/>\n\t<meta property=\"og:image:width\" content=\"1920\" \/>\n\t<meta property=\"og:image:height\" content=\"1920\" \/>\n\t<meta property=\"og:image:type\" content=\"image\/jpeg\" \/>\n<meta name=\"twitter:card\" content=\"summary_large_image\" \/>\n<meta name=\"twitter:label1\" content=\"Tiempo de lectura\" \/>\n\t<meta name=\"twitter:data1\" content=\"2 minutos\" \/>\n<!-- \/ Yoast SEO plugin. -->","yoast_head_json":{"title":"Esponja natural beb\u00e9 reutilizables - n\u00fcshu","description":"La esponja natural marina del Mediterr\u00e1neo es la opci\u00f3n perfecta para cuidar la piel en el ba\u00f1o mientras cuisdas el planeta.","robots":{"index":"index","follow":"follow","max-snippet":"max-snippet:-1","max-image-preview":"max-image-preview:large","max-video-preview":"max-video-preview:-1"},"canonical":"https:\/\/www.nushu.cat\/es\/producto\/esponja-natural-bebe\/","og_locale":"es_ES","og_type":"article","og_title":"Esponja natural beb\u00e9 reutilizables - n\u00fcshu","og_description":"La esponja natural marina del Mediterr\u00e1neo es la opci\u00f3n perfecta para cuidar la piel en el ba\u00f1o mientras cuisdas el planeta.","og_url":"https:\/\/www.nushu.cat\/es\/producto\/esponja-natural-bebe\/","og_site_name":"n\u00fcshu","article_publisher":"https:\/\/www.facebook.com\/nushu.artesania\/","article_modified_time":"2024-02-02T16:12:37+00:00","og_image":[{"width":1920,"height":1920,"url":"https:\/\/www.nushu.cat\/wp-content\/uploads\/2024\/02\/photoroom_20230213_213715-3.jpeg","type":"image\/jpeg"}],"twitter_card":"summary_large_image","twitter_misc":{"Tiempo de lectura":"2 minutos"},"schema":{"@context":"https:\/\/schema.org","@graph":[{"@type":"WebPage","@id":"https:\/\/www.nushu.cat\/es\/producto\/esponja-natural-bebe\/","url":"https:\/\/www.nushu.cat\/es\/producto\/esponja-natural-bebe\/","name":"Esponja natural beb\u00e9 reutilizables - n\u00fcshu","isPartOf":{"@id":"https:\/\/www.nushu.cat\/es\/#website"},"primaryImageOfPage":{"@id":"https:\/\/www.nushu.cat\/es\/producto\/esponja-natural-bebe\/#primaryimage"},"image":{"@id":"https:\/\/www.nushu.cat\/es\/producto\/esponja-natural-bebe\/#primaryimage"},"thumbnailUrl":"https:\/\/www.nushu.cat\/wp-content\/uploads\/2024\/02\/photoroom_20230213_213715-3.jpeg","datePublished":"2023-04-20T19:32:02+00:00","dateModified":"2024-02-02T16:12:37+00:00","description":"La esponja natural marina del Mediterr\u00e1neo es la opci\u00f3n perfecta para cuidar la piel en el ba\u00f1o mientras cuisdas el planeta.","breadcrumb":{"@id":"https:\/\/www.nushu.cat\/es\/producto\/esponja-natural-bebe\/#breadcrumb"},"inLanguage":"es","potentialAction":[{"@type":"ReadAction","target":["https:\/\/www.nushu.cat\/es\/producto\/esponja-natural-bebe\/"]}]},{"@type":"ImageObject","inLanguage":"es","@id":"https:\/\/www.nushu.cat\/es\/producto\/esponja-natural-bebe\/#primaryimage","url":"https:\/\/www.nushu.cat\/wp-content\/uploads\/2024\/02\/photoroom_20230213_213715-3.jpeg","contentUrl":"https:\/\/www.nushu.cat\/wp-content\/uploads\/2024\/02\/photoroom_20230213_213715-3.jpeg","width":1920,"height":1920},{"@type":"BreadcrumbList","@id":"https:\/\/www.nushu.cat\/es\/producto\/esponja-natural-bebe\/#breadcrumb","itemListElement":[{"@type":"ListItem","position":1,"name":"Inici","item":"https:\/\/www.nushu.cat\/es\/"},{"@type":"ListItem","position":2,"name":"Tienda","item":"https:\/\/www.nushu.cat\/es\/tienda\/"},{"@type":"ListItem","position":3,"name":"Esponja natural beb\u00e9"}]},{"@type":"WebSite","@id":"https:\/\/www.nushu.cat\/es\/#website","url":"https:\/\/www.nushu.cat\/es\/","name":"n\u00fcshu","description":"natural &amp; sostenible","publisher":{"@id":"https:\/\/www.nushu.cat\/es\/#organization"},"potentialAction":[{"@type":"SearchAction","target":{"@type":"EntryPoint","urlTemplate":"https:\/\/www.nushu.cat\/es\/?s={search_term_string}"},"query-input":{"@type":"PropertyValueSpecification","valueRequired":true,"valueName":"search_term_string"}}],"inLanguage":"es"},{"@type":"Organization","@id":"https:\/\/www.nushu.cat\/es\/#organization","name":"n\u00fcshu","url":"https:\/\/www.nushu.cat\/es\/","logo":{"@type":"ImageObject","inLanguage":"es","@id":"https:\/\/www.nushu.cat\/es\/#\/schema\/logo\/image\/","url":"https:\/\/www.nushu.cat\/wp-content\/uploads\/2024\/02\/nushu-share-1-1.png","contentUrl":"https:\/\/www.nushu.cat\/wp-content\/uploads\/2024\/02\/nushu-share-1-1.png","width":1080,"height":1080,"caption":"n\u00fcshu"},"image":{"@id":"https:\/\/www.nushu.cat\/es\/#\/schema\/logo\/image\/"},"sameAs":["https:\/\/www.facebook.com\/nushu.artesania\/","https:\/\/www.instagram.com\/nushu_artesania"]}]}},"jetpack_sharing_enabled":true,"_links":{"self":[{"href":"https:\/\/www.nushu.cat\/es\/wp-json\/wp\/v2\/product\/21765","targetHints":{"allow":["GET"]}}],"collection":[{"href":"https:\/\/www.nushu.cat\/es\/wp-json\/wp\/v2\/product"}],"about":[{"href":"https:\/\/www.nushu.cat\/es\/wp-json\/wp\/v2\/types\/product"}],"version-history":[{"count":0,"href":"https:\/\/www.nushu.cat\/es\/wp-json\/wp\/v2\/product\/21765\/revisions"}],"wp:featuredmedia":[{"embeddable":true,"href":"https:\/\/www.nushu.cat\/es\/wp-json\/wp\/v2\/media\/252790"}],"wp:attachment":[{"href":"https:\/\/www.nushu.cat\/es\/wp-json\/wp\/v2\/media?parent=21765"}],"wp:term":[{"taxonomy":"product_brand","embeddable":true,"href":"https:\/\/www.nushu.cat\/es\/wp-json\/wp\/v2\/product_brand?post=21765"},{"taxonomy":"product_cat","embeddable":true,"href":"https:\/\/www.nushu.cat\/es\/wp-json\/wp\/v2\/product_cat?post=21765"},{"taxonomy":"product_tag","embeddable":true,"href":"https:\/\/www.nushu.cat\/es\/wp-json\/wp\/v2\/product_tag?post=21765"}],"curies":[{"name":"wp","href":"https:\/\/api.w.org\/{rel}","templated":true}]}}