{"id":21785,"date":"2023-04-20T20:50:11","date_gmt":"2023-04-20T20:50:11","guid":{"rendered":"https:\/\/www.nushu.cat\/?post_type=product&#038;p=21785"},"modified":"2024-02-02T12:47:42","modified_gmt":"2024-02-02T12:47:42","slug":"toallitas-reutilizables","status":"publish","type":"product","link":"https:\/\/www.nushu.cat\/es\/producto\/toallitas-reutilizables\/","title":{"rendered":"Toallitas reutilizables de algod\u00f3n org\u00e1nico"},"content":{"rendered":"<p>Las<strong> toallitas h\u00famedas<\/strong> son uno de los productos de uso cotidiano m\u00e1s contaminantes, pero al presentarse como una alternativa c\u00f3moda, su uso se ha extendido de forma desorbitada. En n\u00fcshu te presentamos <strong>una alternativa sostenible, reutilizable y libre de qu\u00edmicos, perfumes y conservantes<\/strong>: Las toallitas reutilizables de tela. Estas <strong>toallitas de algod\u00f3n org\u00e1nico<\/strong> 100% con certificado GOTS, son la opci\u00f3n respetuosa con el medio ambiente y con la salud del beb\u00e9, para poner fin a las toallitas h\u00famedas desechables. Miden 20&#215;20 y puedes conseguirlas individualmente o en packs de 6, 12 o 25 unidades.<\/p>\n<h2>Este pack de toallitas reutilizables est\u00e1 pensado para:<\/h2>\n<ul>\n<li>Sustituir las toallitas h\u00famedas de un solo uso<\/li>\n<\/ul>\n<p>Pero tambi\u00e9n para adult@s:<\/p>\n<ul>\n<li>Sustituir el papel del WC<\/li>\n<li>Sustituir los \u201ckleenex\u201d o pa\u00f1uelos de papel<\/li>\n<li>Para limpiar a los beb\u00e9s cualquier mancha, mocos, reflujo de leche, lega\u00f1as, l\u00e1grima, &#8230;<\/li>\n<\/ul>\n<p>O incluso para:<\/p>\n<ul>\n<li>Usar como pa\u00f1o de limpieza<\/li>\n<li>Cuidar mascotas: limpiar ojos, orejas,&#8230;<\/li>\n<li>Crear pa\u00f1os h\u00famedos para bajar la fiebre<\/li>\n<li>Mantener la\u00a0 verdura fresca y tersa<\/li>\n<\/ul>\n<p>Adem\u00e1s, \u00a0las toallitas reutilizables de tela son:<\/p>\n<ul>\n<li>Sin alcohol<\/li>\n<li>Sin perfumes<\/li>\n<li>Sin parabenos<\/li>\n<li>Sin olor<\/li>\n<li>Sin aroma<\/li>\n<li>Sin qu\u00edmicos<\/li>\n<li>Sin pl\u00e1sticos<\/li>\n<li>Sin testar con animales<\/li>\n<\/ul>\n<p><strong>Son 100% algod\u00f3n org\u00e1nico con certificado GOTS, y nada m\u00e1s.<\/strong><\/p>\n<h2>\u00bfC\u00f3mo se usan las toallitas reutilizables?<\/h2>\n<p>Tienes varias opciones de uso seg\u00fan tus necesidades:<\/p>\n<ol>\n<li aria-level=\"1\">Utilizarlas en seco.<\/li>\n<li aria-level=\"1\">Humedecerlas con un spray reutilizado (puedes usar agua, infusi\u00f3n de manzanilla, hamamelis, cal\u00e9ndula,\u2026)<\/li>\n<li aria-level=\"1\">Empaquetarlas nada m\u00e1s salir de la lavadora y usarlas h\u00famedas.<\/li>\n<\/ol>\n<p>Pli\u00e9galas de forma intercalada para que vayan saliendo una tras otra. Una vez usadas, l\u00e1valas a mano si tienen exceso de suciedad, y a la lavadora como cualquier otra pieza de ropa. <strong>Ap\u00fantate al cambio sostenible<\/strong> y sustituye las toallitas h\u00famedas de un solo uso por las <strong>Toallitas Reutilizables de Tela n\u00fcshu.<\/strong><\/p>\n","protected":false},"excerpt":{"rendered":"<p><span style=\"font-weight: 400;\"><strong>Toallitas reutilizables de algod\u00f3n org\u00e1nico.<\/strong> Tejido de muselina: extremadamente suave y agradable. Una pieza muy vers\u00e1til con la que podr\u00e1s reemplazar un mont\u00f3n de productos de un solo uso y empezar a reducir tus residuos.<\/span><\/p>\n","protected":false},"featured_media":252902,"template":"","meta":{"_acf_changed":false},"product_brand":[],"product_cat":[192,241,221,197,268,194],"product_tag":[],"class_list":{"0":"post-21785","1":"product","2":"type-product","3":"status-publish","4":"has-post-thumbnail","6":"product_cat-higiene-facial-sostenible","7":"product_cat-higiene-bebe","8":"product_cat-hogar-sostenible","9":"product_cat-maternidad-y-crianza","10":"product_cat-sostenible","11":"product_cat-toallas","13":"first","14":"instock","15":"taxable","16":"shipping-taxable","17":"purchasable","18":"product-type-variable","19":"has-default-attributes"},"acf":[],"yoast_head":"<!-- This site is optimized with the Yoast SEO plugin v27.4 - https:\/\/yoast.com\/product\/yoast-seo-wordpress\/ -->\n<title>Toallitas reutilizables de algod\u00f3n org\u00e1nico reutilizables - n\u00fcshu<\/title>\n<meta name=\"description\" content=\"Con este pack de toallitas reutilizables de tela 100% algod\u00f3n, podr\u00e1s reemplazar las toallitas h\u00famedas, pa\u00f1uelos de papel e incluso papel de wc de un solo uso.\" \/>\n<meta name=\"robots\" content=\"index, follow, max-snippet:-1, max-image-preview:large, max-video-preview:-1\" \/>\n<link rel=\"canonical\" href=\"https:\/\/www.nushu.cat\/es\/producto\/toallitas-reutilizables\/\" \/>\n<meta property=\"og:locale\" content=\"es_ES\" \/>\n<meta property=\"og:type\" content=\"article\" \/>\n<meta property=\"og:title\" content=\"Toallitas reutilizables de algod\u00f3n org\u00e1nico reutilizables - n\u00fcshu\" \/>\n<meta property=\"og:description\" content=\"Con este pack de toallitas reutilizables de tela 100% algod\u00f3n, podr\u00e1s reemplazar las toallitas h\u00famedas, pa\u00f1uelos de papel e incluso papel de wc de un solo uso.\" \/>\n<meta property=\"og:url\" content=\"https:\/\/www.nushu.cat\/es\/producto\/toallitas-reutilizables\/\" \/>\n<meta property=\"og:site_name\" content=\"n\u00fcshu\" \/>\n<meta property=\"article:publisher\" content=\"https:\/\/www.facebook.com\/nushu.artesania\/\" \/>\n<meta property=\"article:modified_time\" content=\"2024-02-02T12:47:42+00:00\" \/>\n<meta property=\"og:image\" content=\"https:\/\/www.nushu.cat\/wp-content\/uploads\/2024\/02\/1785e652-9316-434b-9ee0-987c053c092e-1.png\" \/>\n\t<meta property=\"og:image:width\" content=\"1080\" \/>\n\t<meta property=\"og:image:height\" content=\"1080\" \/>\n\t<meta property=\"og:image:type\" content=\"image\/png\" \/>\n<meta name=\"twitter:card\" content=\"summary_large_image\" \/>\n<meta name=\"twitter:label1\" content=\"Tiempo de lectura\" \/>\n\t<meta name=\"twitter:data1\" content=\"2 minutos\" \/>\n<!-- \/ Yoast SEO plugin. -->","yoast_head_json":{"title":"Toallitas reutilizables de algod\u00f3n org\u00e1nico reutilizables - n\u00fcshu","description":"Con este pack de toallitas reutilizables de tela 100% algod\u00f3n, podr\u00e1s reemplazar las toallitas h\u00famedas, pa\u00f1uelos de papel e incluso papel de wc de un solo uso.","robots":{"index":"index","follow":"follow","max-snippet":"max-snippet:-1","max-image-preview":"max-image-preview:large","max-video-preview":"max-video-preview:-1"},"canonical":"https:\/\/www.nushu.cat\/es\/producto\/toallitas-reutilizables\/","og_locale":"es_ES","og_type":"article","og_title":"Toallitas reutilizables de algod\u00f3n org\u00e1nico reutilizables - n\u00fcshu","og_description":"Con este pack de toallitas reutilizables de tela 100% algod\u00f3n, podr\u00e1s reemplazar las toallitas h\u00famedas, pa\u00f1uelos de papel e incluso papel de wc de un solo uso.","og_url":"https:\/\/www.nushu.cat\/es\/producto\/toallitas-reutilizables\/","og_site_name":"n\u00fcshu","article_publisher":"https:\/\/www.facebook.com\/nushu.artesania\/","article_modified_time":"2024-02-02T12:47:42+00:00","og_image":[{"width":1080,"height":1080,"url":"https:\/\/www.nushu.cat\/wp-content\/uploads\/2024\/02\/1785e652-9316-434b-9ee0-987c053c092e-1.png","type":"image\/png"}],"twitter_card":"summary_large_image","twitter_misc":{"Tiempo de lectura":"2 minutos"},"schema":{"@context":"https:\/\/schema.org","@graph":[{"@type":"WebPage","@id":"https:\/\/www.nushu.cat\/es\/producto\/toallitas-reutilizables\/","url":"https:\/\/www.nushu.cat\/es\/producto\/toallitas-reutilizables\/","name":"Toallitas reutilizables de algod\u00f3n org\u00e1nico reutilizables - n\u00fcshu","isPartOf":{"@id":"https:\/\/www.nushu.cat\/es\/#website"},"primaryImageOfPage":{"@id":"https:\/\/www.nushu.cat\/es\/producto\/toallitas-reutilizables\/#primaryimage"},"image":{"@id":"https:\/\/www.nushu.cat\/es\/producto\/toallitas-reutilizables\/#primaryimage"},"thumbnailUrl":"https:\/\/www.nushu.cat\/wp-content\/uploads\/2024\/02\/1785e652-9316-434b-9ee0-987c053c092e-1.png","datePublished":"2023-04-20T20:50:11+00:00","dateModified":"2024-02-02T12:47:42+00:00","description":"Con este pack de toallitas reutilizables de tela 100% algod\u00f3n, podr\u00e1s reemplazar las toallitas h\u00famedas, pa\u00f1uelos de papel e incluso papel de wc de un solo uso.","breadcrumb":{"@id":"https:\/\/www.nushu.cat\/es\/producto\/toallitas-reutilizables\/#breadcrumb"},"inLanguage":"es","potentialAction":[{"@type":"ReadAction","target":["https:\/\/www.nushu.cat\/es\/producto\/toallitas-reutilizables\/"]}]},{"@type":"ImageObject","inLanguage":"es","@id":"https:\/\/www.nushu.cat\/es\/producto\/toallitas-reutilizables\/#primaryimage","url":"https:\/\/www.nushu.cat\/wp-content\/uploads\/2024\/02\/1785e652-9316-434b-9ee0-987c053c092e-1.png","contentUrl":"https:\/\/www.nushu.cat\/wp-content\/uploads\/2024\/02\/1785e652-9316-434b-9ee0-987c053c092e-1.png","width":1080,"height":1080},{"@type":"BreadcrumbList","@id":"https:\/\/www.nushu.cat\/es\/producto\/toallitas-reutilizables\/#breadcrumb","itemListElement":[{"@type":"ListItem","position":1,"name":"Inici","item":"https:\/\/www.nushu.cat\/es\/compreses-de-tela\/"},{"@type":"ListItem","position":2,"name":"Tienda","item":"https:\/\/www.nushu.cat\/es\/tienda\/"},{"@type":"ListItem","position":3,"name":"Toallitas reutilizables de algod\u00f3n org\u00e1nico"}]},{"@type":"WebSite","@id":"https:\/\/www.nushu.cat\/es\/#website","url":"https:\/\/www.nushu.cat\/es\/","name":"n\u00fcshu","description":"natural &amp; sostenible","publisher":{"@id":"https:\/\/www.nushu.cat\/es\/#organization"},"potentialAction":[{"@type":"SearchAction","target":{"@type":"EntryPoint","urlTemplate":"https:\/\/www.nushu.cat\/es\/?s={search_term_string}"},"query-input":{"@type":"PropertyValueSpecification","valueRequired":true,"valueName":"search_term_string"}}],"inLanguage":"es"},{"@type":"Organization","@id":"https:\/\/www.nushu.cat\/es\/#organization","name":"n\u00fcshu","url":"https:\/\/www.nushu.cat\/es\/","logo":{"@type":"ImageObject","inLanguage":"es","@id":"https:\/\/www.nushu.cat\/es\/#\/schema\/logo\/image\/","url":"https:\/\/www.nushu.cat\/wp-content\/uploads\/2024\/02\/nushu-share-1-1.png","contentUrl":"https:\/\/www.nushu.cat\/wp-content\/uploads\/2024\/02\/nushu-share-1-1.png","width":1080,"height":1080,"caption":"n\u00fcshu"},"image":{"@id":"https:\/\/www.nushu.cat\/es\/#\/schema\/logo\/image\/"},"sameAs":["https:\/\/www.facebook.com\/nushu.artesania\/","https:\/\/www.instagram.com\/nushu_artesania"]}]}},"jetpack_sharing_enabled":true,"_links":{"self":[{"href":"https:\/\/www.nushu.cat\/es\/wp-json\/wp\/v2\/product\/21785","targetHints":{"allow":["GET"]}}],"collection":[{"href":"https:\/\/www.nushu.cat\/es\/wp-json\/wp\/v2\/product"}],"about":[{"href":"https:\/\/www.nushu.cat\/es\/wp-json\/wp\/v2\/types\/product"}],"version-history":[{"count":0,"href":"https:\/\/www.nushu.cat\/es\/wp-json\/wp\/v2\/product\/21785\/revisions"}],"wp:featuredmedia":[{"embeddable":true,"href":"https:\/\/www.nushu.cat\/es\/wp-json\/wp\/v2\/media\/252902"}],"wp:attachment":[{"href":"https:\/\/www.nushu.cat\/es\/wp-json\/wp\/v2\/media?parent=21785"}],"wp:term":[{"taxonomy":"product_brand","embeddable":true,"href":"https:\/\/www.nushu.cat\/es\/wp-json\/wp\/v2\/product_brand?post=21785"},{"taxonomy":"product_cat","embeddable":true,"href":"https:\/\/www.nushu.cat\/es\/wp-json\/wp\/v2\/product_cat?post=21785"},{"taxonomy":"product_tag","embeddable":true,"href":"https:\/\/www.nushu.cat\/es\/wp-json\/wp\/v2\/product_tag?post=21785"}],"curies":[{"name":"wp","href":"https:\/\/api.w.org\/{rel}","templated":true}]}}