{"id":23155,"date":"2023-09-09T14:29:22","date_gmt":"2023-09-09T14:29:22","guid":{"rendered":"https:\/\/www.nushu.cat\/?post_type=product&#038;p=23155"},"modified":"2026-04-05T18:34:49","modified_gmt":"2026-04-05T16:34:49","slug":"braguita-menstrual-super-absorbente","status":"publish","type":"product","link":"https:\/\/www.nushu.cat\/es\/producto\/braguita-menstrual-super-absorbente\/","title":{"rendered":"Braguita menstrual s\u00faper absorbente"},"content":{"rendered":"<h2 data-start=\"989\" data-end=\"1044\">\u00bfQu\u00e9 ofrece la braguita menstrual s\u00faper absorbente?<\/h2>\n<p data-start=\"1046\" data-end=\"1330\">La <strong data-start=\"1049\" data-end=\"1068\">braguita menstrual <\/strong>es la opci\u00f3n ideal para sangrados <strong data-start=\"1100\" data-end=\"1118\">muy abundantes <\/strong>dentro de la <strong data-start=\"1139\" data-end=\"1160\"><a href=\"\/?product_cat=bragas_menstruales\">gama de braguitas menstruales.<\/a><\/strong> Dise\u00f1ada para acompa\u00f1arte en los d\u00edas de <strong data-start=\"1206\" data-end=\"1246\">menstruaci\u00f3n abundante o muy abundante,<\/strong> te ofrece una protecci\u00f3n segura, estable y duradera sin renunciar a la comodidad. <\/p>\n<p data-start=\"1332\" data-end=\"1554\">Su dise\u00f1o de <strong data-start=\"1339\" data-end=\"1351\">tiro bajo <\/strong>mantiene el estilo cl\u00e1sico de las braguitas, pero con una <strong data-start=\"1402\" data-end=\"1435\">capacidad de absorci\u00f3n superior, <\/strong>equivalente a unos <strong data-start=\"1454\" data-end=\"1467\">6 tampones, <\/strong>lo que te permite sentirte protegida incluso en los d\u00edas m\u00e1s intensos del ciclo.<\/p>\n<p data-start=\"1556\" data-end=\"1695\"><strong data-start=\"1559\" data-end=\"1615\">Es transpirable, hidr\u00f3fuga, antibacteriana y sin olor,<\/strong> creada con tejidos t\u00e9cnicos pensados para mantenerte seca y c\u00f3moda durante horas.<\/p>\n<p data-start=\"1556\" data-end=\"1695\">\n<h2 data-start=\"1702\" data-end=\"1759\">\u00bfPara qui\u00e9n est\u00e1 pensada la absorci\u00f3n s\u00faper abundante?<\/h2>\n<p data-start=\"1761\" data-end=\"1805\">Esta braguita menstrual es ideal si buscas:<\/p>\n<ul>\n<li data-start=\"1809\" data-end=\"1871\">Protecci\u00f3n para la <strong data-start=\"1828\" data-end=\"1868\">menstruaci\u00f3n abundante o muy abundante.<\/strong><\/li>\n<li data-start=\"1874\" data-end=\"1953\">Seguridad en los <strong data-start=\"1891\" data-end=\"1917\">primeros d\u00edas del ciclo,<\/strong> cuando el flujo suele ser m\u00e1s intenso.<\/li>\n<li data-start=\"1956\" data-end=\"2059\">Una opci\u00f3n reutilizable que ofrezca <strong data-start=\"1993\" data-end=\"2022\">mayor capacidad de retenci\u00f3n<\/strong> que una braguita menstrual est\u00e1ndar.<\/li>\n<li data-start=\"2062\" data-end=\"2126\">Comodidad durante la noche o en <strong data-start=\"2091\" data-end=\"2125\">jornadas largas fuera de casa.<\/strong><\/li>\n<\/ul>\n<p data-start=\"2128\" data-end=\"2239\">Es la braguita perfecta cuando necesitas la<strong data-start=\"2165\" data-end=\"2238\"> m\u00e1xima absorci\u00f3n sin recurrir a compresas o toallas desechables.<\/strong><\/p>\n<h2 data-start=\"2246\" data-end=\"2285\">C\u00f3mo utilizar la braguita menstrual<\/h2>\n<p data-start=\"2287\" data-end=\"2388\">Su nivel de absorci\u00f3n te permite moverte con confianza sin sensaci\u00f3n de humedad. Puedes utilizarla: <\/p>\n<ul>\n<li data-start=\"2392\" data-end=\"2475\">Sola en los d\u00edas de <strong data-start=\"2409\" data-end=\"2438\">menstruaci\u00f3n muy abundante, <\/strong>gracias a su alta capacidad.<\/li>\n<li data-start=\"2478\" data-end=\"2582\"><strong data-start=\"2478\" data-end=\"2514\">En combinaci\u00f3n con alg\u00fan producto de uso interno, <\/strong>como la <strong data-start=\"2535\" data-end=\"2553\"><a href=\"https:\/\/www.nushu.cat\/es\/producto\/copa-menstrual-eureka-cup-classic\/\">copa menstrual <\/a><\/strong>o la <a href=\"https:\/\/www.nushu.cat\/es\/producto\/esponja-menstrual\/\"><strong data-start=\"2558\" data-end=\"2579\">esponja menstrual.<\/strong><\/a><\/li>\n<li data-start=\"2585\" data-end=\"2649\">Tambi\u00e9n para aquellos d\u00edas de <strong data-start=\"2606\" data-end=\"2618\">ovulaci\u00f3n<\/strong> o flujo m\u00e1s espeso o abundante.<\/li>\n<li data-start=\"2652\" data-end=\"2699\">En<strong data-start=\"2655\" data-end=\"2696\"> tratamientos vaginales o postoperatorios.<\/strong><\/li>\n<li data-start=\"2702\" data-end=\"2747\">Para <strong data-start=\"2708\" data-end=\"2746\">p\u00e9rdidas de orina moderadas o fuertes.<\/strong><\/li>\n<\/ul>\n<h2 data-start=\"2754\" data-end=\"2799\">Cuidado y limpieza de las braguitas menstruales<\/h2>\n<p data-start=\"2801\" data-end=\"3087\">Despu\u00e9s de cada <strong data-start=\"2817\" data-end=\"2823\">uso<\/strong>, d\u00e9jalas<strong data-start=\"2835\" data-end=\"2848\"> en remojo y enju\u00e1galas bien<\/strong> hasta retirar el exceso de sangre. Una vez aclaradas, puedes <strong data-start=\"2851\" data-end=\"2868\">lavarlas a mano con <a href=\"https:\/\/www.nushu.cat\/es\/producto\/jabon-sostenible\/\">jab\u00f3n neutro<\/a> <\/strong>o ponerlas en la lavadora con el resto de prendas,<strong data-start=\"3063\" data-end=\"3087\"> <\/strong>siempre del rev\u00e9s y sin superar los <strong data-start=\"2922\" data-end=\"2962\">30 \u00b0C.<\/strong> <br data-start=\"2901\" data-end=\"2904\"><strong data-start=\"3050\" data-end=\"3059\">S\u00e9calas al aire.<\/strong><\/p>\n<p data-start=\"3089\" data-end=\"3226\">Las bragas menstruales est\u00e1n hechas con tejidos t\u00e9cnicos que requieren un cuidado especial por su funcionamiento \u00f3ptimo. S\u00f3lo tienes que recordar esto: <\/p>\n<ol>\n<li data-start=\"3231\" data-end=\"3366\"><strong data-start=\"3231\" data-end=\"3262\">El calor puede deteriorarlas <\/strong>o reducir su vida \u00fatil. L\u00e1valas a m\u00e1ximo 30\u00baC y evita la plancha y la secadora con aire caliente. <\/li>\n<li data-start=\"3370\" data-end=\"3526\"><strong data-start=\"3370\" data-end=\"3426\">Algunas sustancias pueden bloquear el tejido t\u00e9cnico <\/strong>e impedir su buen funcionamiento: evita el uso de productos como suavizantes, lej\u00eda o jabones que contengan aceites.<\/li>\n<\/ol>\n<h2 data-start=\"3533\" data-end=\"3587\">Composici\u00f3n y materiales de las braguitas menstruales<\/h2>\n<ul>\n<li data-start=\"3591\" data-end=\"3690\"><strong data-start=\"3591\" data-end=\"3621\">Capa contacto con la piel: <\/strong>75% Lyocell, 25% Modal Contiene \u00f3xido de zinc de pureza farmac\u00e9utica. <\/li>\n<li data-start=\"3693\" data-end=\"3818\"><strong data-start=\"3693\" data-end=\"3712\">Capa absorbente:<\/strong> 100% rizo de Lyocell Con gran capacidad de absorci\u00f3n y laminado con una membrana transpirable de poliuretano.<\/li>\n<li data-start=\"3821\" data-end=\"3876\"><strong data-start=\"3821\" data-end=\"3850\">Capa externa impermeable: <\/strong>100% algod\u00f3n org\u00e1nico (GOTS).<\/li>\n<\/ul>\n","protected":false},"excerpt":{"rendered":"<ul>\n<li data-start=\"687\" data-end=\"798\">Esta braga menstrual es ideal si buscas gran absorci\u00f3n, de l\u00edneas sencillas, corte cl\u00e1sico y tiro bajo.<\/li>\n<li data-start=\"801\" data-end=\"832\">Color negro y ribete turquesa.<\/li>\n<li data-start=\"835\" data-end=\"878\">Su absorci\u00f3n <strong data-start=\"852\" data-end=\"875\">equivale a 6 tampones.<\/strong><\/li>\n<li data-start=\"881\" data-end=\"955\">No huelen, son absorbentes, hidr\u00f3fugas, transpirables y antibacterianas.<\/li>\n<\/ul>\n","protected":false},"featured_media":268834,"template":"","meta":{"_acf_changed":false},"product_brand":[],"product_cat":[256,207,268],"product_tag":[],"class_list":{"0":"post-23155","1":"product","2":"type-product","3":"status-publish","4":"has-post-thumbnail","6":"product_cat-bragas_menstruales","7":"product_cat-higiene-menstrual-sostenible","8":"product_cat-sostenible","10":"first","11":"instock","12":"taxable","13":"shipping-taxable","14":"purchasable","15":"product-type-variable","16":"has-default-attributes"},"acf":[],"yoast_head":"<!-- This site is optimized with the Yoast SEO plugin v27.2 - https:\/\/yoast.com\/product\/yoast-seo-wordpress\/ -->\n<title>Braguita menstrual s\u00faper absorbente - n\u00fcshu<\/title>\n<meta name=\"description\" content=\"Para tus d\u00edas de flujo muy abundante, la braguita menstrual ofrece mucha absorci\u00f3n y comodidad. Absorbe como 6 tampones.\" \/>\n<meta name=\"robots\" content=\"index, follow, max-snippet:-1, max-image-preview:large, max-video-preview:-1\" \/>\n<link rel=\"canonical\" href=\"https:\/\/www.nushu.cat\/es\/producto\/braguita-menstrual-super-absorbente\/\" \/>\n<meta property=\"og:locale\" content=\"es_ES\" \/>\n<meta property=\"og:type\" content=\"article\" \/>\n<meta property=\"og:title\" content=\"Braguita menstrual s\u00faper absorbente - n\u00fcshu\" \/>\n<meta property=\"og:description\" content=\"Para tus d\u00edas de flujo muy abundante, la braguita menstrual ofrece mucha absorci\u00f3n y comodidad. Absorbe como 6 tampones.\" \/>\n<meta property=\"og:url\" content=\"https:\/\/www.nushu.cat\/es\/producto\/braguita-menstrual-super-absorbente\/\" \/>\n<meta property=\"og:site_name\" content=\"n\u00fcshu\" \/>\n<meta property=\"article:publisher\" content=\"https:\/\/www.facebook.com\/nushu.artesania\/\" \/>\n<meta property=\"article:modified_time\" content=\"2026-04-05T16:34:49+00:00\" \/>\n<meta property=\"og:image\" content=\"https:\/\/www.nushu.cat\/wp-content\/uploads\/2023\/09\/braga-menstrual-super-absorbente-1.webp\" \/>\n\t<meta property=\"og:image:width\" content=\"1536\" \/>\n\t<meta property=\"og:image:height\" content=\"1536\" \/>\n\t<meta property=\"og:image:type\" content=\"image\/webp\" \/>\n<meta name=\"twitter:card\" content=\"summary_large_image\" \/>\n<meta name=\"twitter:label1\" content=\"Tiempo de lectura\" \/>\n\t<meta name=\"twitter:data1\" content=\"2 minutos\" \/>\n<!-- \/ Yoast SEO plugin. -->","yoast_head_json":{"title":"Braguita menstrual s\u00faper absorbente - n\u00fcshu","description":"Para tus d\u00edas de flujo muy abundante, la braguita menstrual ofrece mucha absorci\u00f3n y comodidad. Absorbe como 6 tampones.","robots":{"index":"index","follow":"follow","max-snippet":"max-snippet:-1","max-image-preview":"max-image-preview:large","max-video-preview":"max-video-preview:-1"},"canonical":"https:\/\/www.nushu.cat\/es\/producto\/braguita-menstrual-super-absorbente\/","og_locale":"es_ES","og_type":"article","og_title":"Braguita menstrual s\u00faper absorbente - n\u00fcshu","og_description":"Para tus d\u00edas de flujo muy abundante, la braguita menstrual ofrece mucha absorci\u00f3n y comodidad. Absorbe como 6 tampones.","og_url":"https:\/\/www.nushu.cat\/es\/producto\/braguita-menstrual-super-absorbente\/","og_site_name":"n\u00fcshu","article_publisher":"https:\/\/www.facebook.com\/nushu.artesania\/","article_modified_time":"2026-04-05T16:34:49+00:00","og_image":[{"width":1536,"height":1536,"url":"https:\/\/www.nushu.cat\/wp-content\/uploads\/2023\/09\/braga-menstrual-super-absorbente-1.webp","type":"image\/webp"}],"twitter_card":"summary_large_image","twitter_misc":{"Tiempo de lectura":"2 minutos"},"schema":{"@context":"https:\/\/schema.org","@graph":[{"@type":"WebPage","@id":"https:\/\/www.nushu.cat\/es\/producto\/braguita-menstrual-super-absorbente\/","url":"https:\/\/www.nushu.cat\/es\/producto\/braguita-menstrual-super-absorbente\/","name":"Braguita menstrual s\u00faper absorbente - n\u00fcshu","isPartOf":{"@id":"https:\/\/www.nushu.cat\/es\/#website"},"primaryImageOfPage":{"@id":"https:\/\/www.nushu.cat\/es\/producto\/braguita-menstrual-super-absorbente\/#primaryimage"},"image":{"@id":"https:\/\/www.nushu.cat\/es\/producto\/braguita-menstrual-super-absorbente\/#primaryimage"},"thumbnailUrl":"https:\/\/www.nushu.cat\/wp-content\/uploads\/2023\/09\/braga-menstrual-super-absorbente-1.webp","datePublished":"2023-09-09T14:29:22+00:00","dateModified":"2026-04-05T16:34:49+00:00","description":"Para tus d\u00edas de flujo muy abundante, la braguita menstrual ofrece mucha absorci\u00f3n y comodidad. Absorbe como 6 tampones.","breadcrumb":{"@id":"https:\/\/www.nushu.cat\/es\/producto\/braguita-menstrual-super-absorbente\/#breadcrumb"},"inLanguage":"es","potentialAction":[{"@type":"ReadAction","target":["https:\/\/www.nushu.cat\/es\/producto\/braguita-menstrual-super-absorbente\/"]}]},{"@type":"ImageObject","inLanguage":"es","@id":"https:\/\/www.nushu.cat\/es\/producto\/braguita-menstrual-super-absorbente\/#primaryimage","url":"https:\/\/www.nushu.cat\/wp-content\/uploads\/2023\/09\/braga-menstrual-super-absorbente-1.webp","contentUrl":"https:\/\/www.nushu.cat\/wp-content\/uploads\/2023\/09\/braga-menstrual-super-absorbente-1.webp","width":1536,"height":1536,"caption":"Braguita menstrual s\u00faper absorbente reutilizable - n\u00fcshu"},{"@type":"BreadcrumbList","@id":"https:\/\/www.nushu.cat\/es\/producto\/braguita-menstrual-super-absorbente\/#breadcrumb","itemListElement":[{"@type":"ListItem","position":1,"name":"Inici","item":"https:\/\/www.nushu.cat\/es\/compreses-de-tela\/"},{"@type":"ListItem","position":2,"name":"Tienda","item":"https:\/\/www.nushu.cat\/es\/tienda\/"},{"@type":"ListItem","position":3,"name":"Braguita menstrual s\u00faper absorbente"}]},{"@type":"WebSite","@id":"https:\/\/www.nushu.cat\/es\/#website","url":"https:\/\/www.nushu.cat\/es\/","name":"n\u00fcshu","description":"natural &amp; sostenible","publisher":{"@id":"https:\/\/www.nushu.cat\/es\/#organization"},"potentialAction":[{"@type":"SearchAction","target":{"@type":"EntryPoint","urlTemplate":"https:\/\/www.nushu.cat\/es\/?s={search_term_string}"},"query-input":{"@type":"PropertyValueSpecification","valueRequired":true,"valueName":"search_term_string"}}],"inLanguage":"es"},{"@type":"Organization","@id":"https:\/\/www.nushu.cat\/es\/#organization","name":"n\u00fcshu","url":"https:\/\/www.nushu.cat\/es\/","logo":{"@type":"ImageObject","inLanguage":"es","@id":"https:\/\/www.nushu.cat\/es\/#\/schema\/logo\/image\/","url":"https:\/\/www.nushu.cat\/wp-content\/uploads\/2024\/02\/nushu-share-1-1.png","contentUrl":"https:\/\/www.nushu.cat\/wp-content\/uploads\/2024\/02\/nushu-share-1-1.png","width":1080,"height":1080,"caption":"n\u00fcshu"},"image":{"@id":"https:\/\/www.nushu.cat\/es\/#\/schema\/logo\/image\/"},"sameAs":["https:\/\/www.facebook.com\/nushu.artesania\/","https:\/\/www.instagram.com\/nushu_artesania"]}]}},"jetpack_sharing_enabled":true,"_links":{"self":[{"href":"https:\/\/www.nushu.cat\/es\/wp-json\/wp\/v2\/product\/23155","targetHints":{"allow":["GET"]}}],"collection":[{"href":"https:\/\/www.nushu.cat\/es\/wp-json\/wp\/v2\/product"}],"about":[{"href":"https:\/\/www.nushu.cat\/es\/wp-json\/wp\/v2\/types\/product"}],"version-history":[{"count":1,"href":"https:\/\/www.nushu.cat\/es\/wp-json\/wp\/v2\/product\/23155\/revisions"}],"predecessor-version":[{"id":268845,"href":"https:\/\/www.nushu.cat\/es\/wp-json\/wp\/v2\/product\/23155\/revisions\/268845"}],"wp:featuredmedia":[{"embeddable":true,"href":"https:\/\/www.nushu.cat\/es\/wp-json\/wp\/v2\/media\/268834"}],"wp:attachment":[{"href":"https:\/\/www.nushu.cat\/es\/wp-json\/wp\/v2\/media?parent=23155"}],"wp:term":[{"taxonomy":"product_brand","embeddable":true,"href":"https:\/\/www.nushu.cat\/es\/wp-json\/wp\/v2\/product_brand?post=23155"},{"taxonomy":"product_cat","embeddable":true,"href":"https:\/\/www.nushu.cat\/es\/wp-json\/wp\/v2\/product_cat?post=23155"},{"taxonomy":"product_tag","embeddable":true,"href":"https:\/\/www.nushu.cat\/es\/wp-json\/wp\/v2\/product_tag?post=23155"}],"curies":[{"name":"wp","href":"https:\/\/api.w.org\/{rel}","templated":true}]}}