{"id":23439,"date":"2023-09-14T15:43:30","date_gmt":"2023-09-14T13:43:30","guid":{"rendered":"https:\/\/www.nushu.cat\/?post_type=product&#038;p=23439"},"modified":"2026-03-18T22:00:58","modified_gmt":"2026-03-18T21:00:58","slug":"bolsa-cosmetica-solida","status":"publish","type":"product","link":"https:\/\/www.nushu.cat\/es\/producto\/bolsa-cosmetica-solida\/","title":{"rendered":"Bolsa cosm\u00e9tica s\u00f3lida"},"content":{"rendered":"<p>Esta bolsita de aproximadamente 9cm x 10cm es el acompa\u00f1ante ideal para poder llevar el jab\u00f3n, champ\u00fa o suavizante s\u00f3lido a cualquier sitio.<\/p>\n<p>Podr\u00e1s utilizar la pastilla de jab\u00f3n y, a\u00fan h\u00fameda, guardarla en la bolsita sin que se te ensucie ni moje nada, y sin necesidad de utilizar bolsas de pl\u00e1stico.<\/p>\n<p>El tejido interior de la bolsa es impermeable, como el tejido de la tela de paraguas. Y se cierra c\u00f3modamente con unos botones met\u00e1licos libres de n\u00edquel.<\/p>\n<p>Podr\u00e1s disfrutar de la cosm\u00e9tica s\u00f3lida en cualquier sitio y en cualquier momento.<\/p>\n<p>Al ser totalmente artesanal y \u00fanico, el producto que recibas puede tener peque\u00f1as variaciones respecto al de la imagen.<\/p>\n","protected":false},"excerpt":{"rendered":"<p>Bolsa impermeable para llevar cosm\u00e9tica s\u00f3lida a cualquier sitio. No renuncies a tus productos en pastilla.<\/p>\n","protected":false},"featured_media":23431,"template":"","meta":{"_acf_changed":false},"product_brand":[],"product_cat":[192,221,268],"product_tag":[235],"class_list":{"0":"post-23439","1":"product","2":"type-product","3":"status-publish","4":"has-post-thumbnail","6":"product_cat-higiene-facial-sostenible","7":"product_cat-hogar-sostenible","8":"product_cat-sostenible","9":"product_tag-pack-ahorro","11":"first","12":"instock","13":"sold-individually","14":"taxable","15":"shipping-taxable","16":"purchasable","17":"product-type-simple"},"acf":[],"yoast_head":"<!-- This site is optimized with the Yoast SEO plugin v27.2 - https:\/\/yoast.com\/product\/yoast-seo-wordpress\/ -->\n<title>Bolsa cosm\u00e9tica s\u00f3lida - n\u00fcshu<\/title>\n<meta name=\"description\" content=\"Bolsa impermeable para llevar cosm\u00e9tica\u00a0s\u00f3lida\u00a0a cualquier sitio. No\u00a0renuncies\u00a0a tus productos en pastilla.\" \/>\n<meta name=\"robots\" content=\"index, follow, max-snippet:-1, max-image-preview:large, max-video-preview:-1\" \/>\n<link rel=\"canonical\" href=\"https:\/\/www.nushu.cat\/es\/producto\/bolsa-cosmetica-solida\/\" \/>\n<meta property=\"og:locale\" content=\"es_ES\" \/>\n<meta property=\"og:type\" content=\"article\" \/>\n<meta property=\"og:title\" content=\"Bolsa cosm\u00e9tica s\u00f3lida - n\u00fcshu\" \/>\n<meta property=\"og:description\" content=\"Bolsa impermeable para llevar cosm\u00e9tica\u00a0s\u00f3lida\u00a0a cualquier sitio. No\u00a0renuncies\u00a0a tus productos en pastilla.\" \/>\n<meta property=\"og:url\" content=\"https:\/\/www.nushu.cat\/es\/producto\/bolsa-cosmetica-solida\/\" \/>\n<meta property=\"og:site_name\" content=\"n\u00fcshu\" \/>\n<meta property=\"article:publisher\" content=\"https:\/\/www.facebook.com\/nushu.artesania\/\" \/>\n<meta property=\"article:modified_time\" content=\"2026-03-18T21:00:58+00:00\" \/>\n<meta property=\"og:image\" content=\"https:\/\/www.nushu.cat\/wp-content\/uploads\/2024\/02\/bossa-cosmetica-solida-scaled-1.jpg\" \/>\n\t<meta property=\"og:image:width\" content=\"2560\" \/>\n\t<meta property=\"og:image:height\" content=\"2560\" \/>\n\t<meta property=\"og:image:type\" content=\"image\/jpeg\" \/>\n<meta name=\"twitter:card\" content=\"summary_large_image\" \/>\n<meta name=\"twitter:label1\" content=\"Tiempo de lectura\" \/>\n\t<meta name=\"twitter:data1\" content=\"1 minuto\" \/>\n<!-- \/ Yoast SEO plugin. -->","yoast_head_json":{"title":"Bolsa cosm\u00e9tica s\u00f3lida - n\u00fcshu","description":"Bolsa impermeable para llevar cosm\u00e9tica\u00a0s\u00f3lida\u00a0a cualquier sitio. No\u00a0renuncies\u00a0a tus productos en pastilla.","robots":{"index":"index","follow":"follow","max-snippet":"max-snippet:-1","max-image-preview":"max-image-preview:large","max-video-preview":"max-video-preview:-1"},"canonical":"https:\/\/www.nushu.cat\/es\/producto\/bolsa-cosmetica-solida\/","og_locale":"es_ES","og_type":"article","og_title":"Bolsa cosm\u00e9tica s\u00f3lida - n\u00fcshu","og_description":"Bolsa impermeable para llevar cosm\u00e9tica\u00a0s\u00f3lida\u00a0a cualquier sitio. No\u00a0renuncies\u00a0a tus productos en pastilla.","og_url":"https:\/\/www.nushu.cat\/es\/producto\/bolsa-cosmetica-solida\/","og_site_name":"n\u00fcshu","article_publisher":"https:\/\/www.facebook.com\/nushu.artesania\/","article_modified_time":"2026-03-18T21:00:58+00:00","og_image":[{"width":2560,"height":2560,"url":"https:\/\/www.nushu.cat\/wp-content\/uploads\/2024\/02\/bossa-cosmetica-solida-scaled-1.jpg","type":"image\/jpeg"}],"twitter_card":"summary_large_image","twitter_misc":{"Tiempo de lectura":"1 minuto"},"schema":{"@context":"https:\/\/schema.org","@graph":[{"@type":"WebPage","@id":"https:\/\/www.nushu.cat\/es\/producto\/bolsa-cosmetica-solida\/","url":"https:\/\/www.nushu.cat\/es\/producto\/bolsa-cosmetica-solida\/","name":"Bolsa cosm\u00e9tica s\u00f3lida - n\u00fcshu","isPartOf":{"@id":"https:\/\/www.nushu.cat\/es\/#website"},"primaryImageOfPage":{"@id":"https:\/\/www.nushu.cat\/es\/producto\/bolsa-cosmetica-solida\/#primaryimage"},"image":{"@id":"https:\/\/www.nushu.cat\/es\/producto\/bolsa-cosmetica-solida\/#primaryimage"},"thumbnailUrl":"https:\/\/www.nushu.cat\/wp-content\/uploads\/2024\/02\/bossa-cosmetica-solida-scaled-1.jpg","datePublished":"2023-09-14T13:43:30+00:00","dateModified":"2026-03-18T21:00:58+00:00","description":"Bolsa impermeable para llevar cosm\u00e9tica\u00a0s\u00f3lida\u00a0a cualquier sitio. No\u00a0renuncies\u00a0a tus productos en pastilla.","breadcrumb":{"@id":"https:\/\/www.nushu.cat\/es\/producto\/bolsa-cosmetica-solida\/#breadcrumb"},"inLanguage":"es","potentialAction":[{"@type":"ReadAction","target":["https:\/\/www.nushu.cat\/es\/producto\/bolsa-cosmetica-solida\/"]}]},{"@type":"ImageObject","inLanguage":"es","@id":"https:\/\/www.nushu.cat\/es\/producto\/bolsa-cosmetica-solida\/#primaryimage","url":"https:\/\/www.nushu.cat\/wp-content\/uploads\/2024\/02\/bossa-cosmetica-solida-scaled-1.jpg","contentUrl":"https:\/\/www.nushu.cat\/wp-content\/uploads\/2024\/02\/bossa-cosmetica-solida-scaled-1.jpg","width":2560,"height":2560},{"@type":"BreadcrumbList","@id":"https:\/\/www.nushu.cat\/es\/producto\/bolsa-cosmetica-solida\/#breadcrumb","itemListElement":[{"@type":"ListItem","position":1,"name":"Inici","item":"https:\/\/www.nushu.cat\/es\/compreses-de-tela\/"},{"@type":"ListItem","position":2,"name":"Tienda","item":"https:\/\/www.nushu.cat\/es\/tienda\/"},{"@type":"ListItem","position":3,"name":"Bolsa cosm\u00e9tica s\u00f3lida"}]},{"@type":"WebSite","@id":"https:\/\/www.nushu.cat\/es\/#website","url":"https:\/\/www.nushu.cat\/es\/","name":"n\u00fcshu","description":"natural &amp; sostenible","publisher":{"@id":"https:\/\/www.nushu.cat\/es\/#organization"},"potentialAction":[{"@type":"SearchAction","target":{"@type":"EntryPoint","urlTemplate":"https:\/\/www.nushu.cat\/es\/?s={search_term_string}"},"query-input":{"@type":"PropertyValueSpecification","valueRequired":true,"valueName":"search_term_string"}}],"inLanguage":"es"},{"@type":"Organization","@id":"https:\/\/www.nushu.cat\/es\/#organization","name":"n\u00fcshu","url":"https:\/\/www.nushu.cat\/es\/","logo":{"@type":"ImageObject","inLanguage":"es","@id":"https:\/\/www.nushu.cat\/es\/#\/schema\/logo\/image\/","url":"https:\/\/www.nushu.cat\/wp-content\/uploads\/2024\/02\/nushu-share-1-1.png","contentUrl":"https:\/\/www.nushu.cat\/wp-content\/uploads\/2024\/02\/nushu-share-1-1.png","width":1080,"height":1080,"caption":"n\u00fcshu"},"image":{"@id":"https:\/\/www.nushu.cat\/es\/#\/schema\/logo\/image\/"},"sameAs":["https:\/\/www.facebook.com\/nushu.artesania\/","https:\/\/www.instagram.com\/nushu_artesania"]}]}},"jetpack_sharing_enabled":true,"_links":{"self":[{"href":"https:\/\/www.nushu.cat\/es\/wp-json\/wp\/v2\/product\/23439","targetHints":{"allow":["GET"]}}],"collection":[{"href":"https:\/\/www.nushu.cat\/es\/wp-json\/wp\/v2\/product"}],"about":[{"href":"https:\/\/www.nushu.cat\/es\/wp-json\/wp\/v2\/types\/product"}],"version-history":[{"count":0,"href":"https:\/\/www.nushu.cat\/es\/wp-json\/wp\/v2\/product\/23439\/revisions"}],"wp:featuredmedia":[{"embeddable":true,"href":"https:\/\/www.nushu.cat\/es\/wp-json\/wp\/v2\/media\/23431"}],"wp:attachment":[{"href":"https:\/\/www.nushu.cat\/es\/wp-json\/wp\/v2\/media?parent=23439"}],"wp:term":[{"taxonomy":"product_brand","embeddable":true,"href":"https:\/\/www.nushu.cat\/es\/wp-json\/wp\/v2\/product_brand?post=23439"},{"taxonomy":"product_cat","embeddable":true,"href":"https:\/\/www.nushu.cat\/es\/wp-json\/wp\/v2\/product_cat?post=23439"},{"taxonomy":"product_tag","embeddable":true,"href":"https:\/\/www.nushu.cat\/es\/wp-json\/wp\/v2\/product_tag?post=23439"}],"curies":[{"name":"wp","href":"https:\/\/api.w.org\/{rel}","templated":true}]}}