{"id":23719,"date":"2023-09-25T12:37:05","date_gmt":"2023-09-25T12:37:05","guid":{"rendered":"https:\/\/www.nushu.cat\/?post_type=product&#038;p=23719"},"modified":"2026-01-17T09:33:48","modified_gmt":"2026-01-17T08:33:48","slug":"ginevitex","status":"publish","type":"product","link":"https:\/\/www.nushu.cat\/es\/producto\/ginevitex\/","title":{"rendered":"Ginev\u00edtex regulador hormonal"},"content":{"rendered":"<h1>Origen de los ingredients:<\/h1>\n<p>Ginev\u00edtex\u00ae s\u00f3lo est\u00e1 compuesto por dos ingredientes: Orujo y V\u00edtex, ambos de m\u00e1xima calidad, ecol\u00f3gicos y procedentes de Espa\u00f1a.<\/p>\n<ul>\n<li>El orujo procede de una mujer emprendedora en el medio rural. Ella ha recuperado los vi\u00f1edos y la tradici\u00f3n de su abuela de hacer orujo. Ha sido premiada por la calidad y el sabor del orujo ecol\u00f3gico.  <\/li>\n<li>La <strong>planta medicinal para desajustes hormonales <\/strong>est\u00e1 recolectada a mano y de temporada, en exclusividad para Ginev\u00edtex. Las plantas de origen silvestre tienen una mayor concentraci\u00f3n de aceites esenciales y principios activos, siendo un buen tratamiento hormonal natural para mujeres. Las hojas proceden de campesinos ecol\u00f3gicos y conscientes. La esencia floral que utilizamos es de elaboraci\u00f3n propia. Los frutos de V\u00edtex silvestres son recolectados a mano por una empresa pionera en Europa, que se dedica a la recuperaci\u00f3n y conservaci\u00f3n de la biodiversidad y de las especies silvestres. Por eso cuenta con el permiso de las autoridades competentes para recolectar en Parques Naturales. Han sido seleccionados para el Premio en Espa\u00f1a y en Europa en el Medio Ambiente y Biodiversidad 2020.      <\/li>\n<\/ul>\n<h1>Caracter\u00edsticas de la Vitex Agnus Castus<\/h1>\n<p>Planta asociada a la salud femenina desde la antig\u00fcedad, que funciona como adapt\u00f3gena y aprobada por la Agencia Europea del Medicamento.<\/p>\n<ul>\n<li>La Vitex A.C. <strong>no tiene efectos secundarios,<\/strong> no genera adicci\u00f3n y se puede tomar durante un largo per\u00edodo de tiempo. Act\u00faa a partir de la gl\u00e1ndula pituitaria o hip\u00f3fisis. Imita la acci\u00f3n de la dopamina, ayudando a regular la producci\u00f3n hormonal.  <\/li>\n<li>La Vitex A.C. se une a receptores opi\u00e1ceos y estrog\u00e9nicos, incrementando la producci\u00f3n de endorfinas end\u00f3genas y su actividad fitoestrog\u00e9nica tipo Beta, incrementa la secreci\u00f3n de progesterona durante la fase l\u00fatea del ciclo. Esto <strong>ayuda a que las mujeres recuperen el equilibrio entre estr\u00f3genos y progesterona<\/strong>, hormonas sexuales femeninas que rigen el ciclo menstrual. <\/li>\n<\/ul>\n<h1>Posibles aplicaciones del complemento alimenticio Ginev\u00edtex<\/h1>\n<ul>\n<li>Dolor menstrual, migra\u00f1as.<\/li>\n<li>Menopausa y climaterio.<\/li>\n<li>S\u00edndrome premenstrual.<\/li>\n<li>Estados de depressi\u00f3n y ansiedad.<\/li>\n<li>Pubertad y adolesc\u00e9ncia.<\/li>\n<li>Quistes mamarios, mal de mamas.<\/li>\n<li>Alteraciones alimentarias, retenci\u00f3n de l\u00edquidos, exceso de prolactina.<\/li>\n<li>Infecciones recurrentes, c\u00e1ndidas.<\/li>\n<li>Ovarios poliqu\u00edsticos, acn\u00e9, pelo facial, ciclo irregular.<\/li>\n<li>Ausencia de menstruaci\u00f3n, uso prolongado de anticonceptivos hormonales.<\/li>\n<li>Problemas de fertilidad.<\/li>\n<li>H\u00edper o hipotiro\u00efdismo.<\/li>\n<li>Endometriosis, miomas y hemorragias.<\/li>\n<\/ul>\n<p>La mayor\u00eda de problemas ginecol\u00f3gicos se deben a un exceso de estr\u00f3genos y una carencia de progesterona.<\/p>\n<h1>Formulaci\u00f3n de Ginev\u00edtex:<\/h1>\n<p>Agradeciendo a las plantas, trituramos, maceramos las hojas y frutos en orujo, de luna nueva a luna llena, con intenci\u00f3n sanadora. En la tintura filtrada a\u00f1adimos esencia floral de Vitex de elaboraci\u00f3n propia, envasamos y vitalizamos manualmente.<br \/>\nLa esencia de Vitex transmite poder y bastante creadora autocurativa. Regula la energ\u00eda sexual induciendo la parte m\u00e1s sagrada y el amor. Ayuda a reconciliarse con la propia feminidad y equilibrar la energ\u00eda femenina y masculina en cada persona.<br \/>\nGinev\u00edtex\u00ae apoya el equilibrio f\u00edsico, emocional y energ\u00e9tico de la mujer.   <\/p>\n<h1>Uso de Ginevitex:<\/h1>\n<p>Tomar 1 ml repartido en 1 o 2 tomas al d\u00eda disuelto en agua o zumo. Por ejemplo antes del desayuno y la cena.<br \/>\n<strong>IMPORTANTE:<\/strong> con medicaci\u00f3n para tiroides tomar antes de la comida y la cena.<br \/>\nTomar un m\u00ednimo de 6 meses y despu\u00e9s puedes tomarlo todo el tiempo que quieras.<br \/>\n-Esta dosis se puede aumentar cuando sea necesario por dolor menstrual, migra\u00f1a, irritabilidad, etc.<\/p>\n<p>Frasco de 30 ml: 1 ml son 40 gotas. Un mes de duraci\u00f3n aproximadamente.<br \/>\nFrasco de 100 ml: 1 ml son 30 gotas. Dura unos 3 meses y medio.<br \/>\nElige la opci\u00f3n que m\u00e1s se adapte a ti para ese pack.  <\/p>\n<h1>Recomanaciones d&#8217;uso:<\/h1>\n<ul>\n<li>Sacude con intenci\u00f3n sanadora antes de cada uso para potenciar sus propiedades. Puede ser un ritual de autocuidado tomarlo en una copa bonita y brindar por ti, por tu salud y bienestar. <\/li>\n<li>Para que el sabor resulte m\u00e1s agradable, disuelve el orujo en agua o zumo. El sabor ser\u00e1 m\u00e1s suave cuanto mayor cantidad de agua o zumo haya en la disoluci\u00f3n. <\/li>\n<li>Ginev\u00edtex\u00ae est\u00e1 elaborado con orujo tradicional ecol\u00f3gico del 40%, el alcohol extrae los principios activos y act\u00faa de conservante. El grado alcoh\u00f3lico disminuye e incluso desaparece al disolverse en agua. <\/li>\n<\/ul>\n","protected":false},"excerpt":{"rendered":"<p><strong>Ginev\u00edtex<\/strong> es un <strong>regulador hormonal<\/strong> natural que ajusta nuestro ciclo menstrual de forma natural a cualquiera de las etapas de la vida de las mujeres:<br \/>\ndolor menstrual y premenstrual, menopausia y climaterio, pubertad y adolescencia, ausencia de menstruaci\u00f3n, uso prolongado de anticonceptivos hormonales, fertilidad,&#8230; Y enfermedades o desajustes como: alteraciones alimentarias, retenci\u00f3n de l\u00edquidos, exceso de prolactina, infecciones recurrentes, polin\u00e9sticos, c\u00e1ndidas, hipotiroidismo, endometriosis, miomas, &#8230; <\/p>\n","protected":false},"featured_media":253058,"template":"","meta":{"_acf_changed":false},"product_brand":[],"product_cat":[267,207,229,268],"product_tag":[],"class_list":{"0":"post-23719","1":"product","2":"type-product","3":"status-publish","4":"has-post-thumbnail","6":"product_cat-dolor-menstrual-es","7":"product_cat-higiene-menstrual-sostenible","8":"product_cat-descuentos","9":"product_cat-sostenible","11":"first","12":"instock","13":"sale","14":"taxable","15":"shipping-taxable","16":"purchasable","17":"product-type-variable"},"acf":[],"yoast_head":"<!-- This site is optimized with the Yoast SEO plugin v27.4 - https:\/\/yoast.com\/product\/yoast-seo-wordpress\/ -->\n<title>Ginev\u00edtex regulador hormonal - n\u00fcshu<\/title>\n<meta name=\"description\" content=\"Ginevitex es un regulador hormonal natural que ajusta nuestro ciclo menstrual de manera natural a cualquiera de las etapas de la vida de las mujeres: dolor menstrual y premenstrual, menopausia y climaterio, pubertad y adolescencia, ausencia de menstruaci\u00f3n, uso prolongado de anticonceptivos hormonales, fertilidad, ... Y enfermedades o desajustes de prolactina, infecciones recurrentes, c\u00e1ndidas, ovarios poliqu\u00edsticos, acn\u00e9, pelo facial, h\u00edper o hipotiroidismo, endometriosis, miomas, ...\" \/>\n<meta name=\"robots\" content=\"index, follow, max-snippet:-1, max-image-preview:large, max-video-preview:-1\" \/>\n<link rel=\"canonical\" href=\"https:\/\/www.nushu.cat\/es\/producto\/ginevitex\/\" \/>\n<meta property=\"og:locale\" content=\"es_ES\" \/>\n<meta property=\"og:type\" content=\"article\" \/>\n<meta property=\"og:title\" content=\"Ginev\u00edtex regulador hormonal - n\u00fcshu\" \/>\n<meta property=\"og:description\" content=\"Ginevitex es un regulador hormonal natural que ajusta nuestro ciclo menstrual de manera natural a cualquiera de las etapas de la vida de las mujeres: dolor menstrual y premenstrual, menopausia y climaterio, pubertad y adolescencia, ausencia de menstruaci\u00f3n, uso prolongado de anticonceptivos hormonales, fertilidad, ... Y enfermedades o desajustes de prolactina, infecciones recurrentes, c\u00e1ndidas, ovarios poliqu\u00edsticos, acn\u00e9, pelo facial, h\u00edper o hipotiroidismo, endometriosis, miomas, ...\" \/>\n<meta property=\"og:url\" content=\"https:\/\/www.nushu.cat\/es\/producto\/ginevitex\/\" \/>\n<meta property=\"og:site_name\" content=\"n\u00fcshu\" \/>\n<meta property=\"article:publisher\" content=\"https:\/\/www.facebook.com\/nushu.artesania\/\" \/>\n<meta property=\"article:modified_time\" content=\"2026-01-17T08:33:48+00:00\" \/>\n<meta property=\"og:image\" content=\"https:\/\/www.nushu.cat\/wp-content\/uploads\/2024\/02\/img_5900-scaled-1.jpeg\" \/>\n\t<meta property=\"og:image:width\" content=\"2560\" \/>\n\t<meta property=\"og:image:height\" content=\"2560\" \/>\n\t<meta property=\"og:image:type\" content=\"image\/jpeg\" \/>\n<meta name=\"twitter:card\" content=\"summary_large_image\" \/>\n<meta name=\"twitter:label1\" content=\"Tiempo de lectura\" \/>\n\t<meta name=\"twitter:data1\" content=\"4 minutos\" \/>\n<!-- \/ Yoast SEO plugin. -->","yoast_head_json":{"title":"Ginev\u00edtex regulador hormonal - n\u00fcshu","description":"Ginevitex es un regulador hormonal natural que ajusta nuestro ciclo menstrual de manera natural a cualquiera de las etapas de la vida de las mujeres: dolor menstrual y premenstrual, menopausia y climaterio, pubertad y adolescencia, ausencia de menstruaci\u00f3n, uso prolongado de anticonceptivos hormonales, fertilidad, ... Y enfermedades o desajustes de prolactina, infecciones recurrentes, c\u00e1ndidas, ovarios poliqu\u00edsticos, acn\u00e9, pelo facial, h\u00edper o hipotiroidismo, endometriosis, miomas, ...","robots":{"index":"index","follow":"follow","max-snippet":"max-snippet:-1","max-image-preview":"max-image-preview:large","max-video-preview":"max-video-preview:-1"},"canonical":"https:\/\/www.nushu.cat\/es\/producto\/ginevitex\/","og_locale":"es_ES","og_type":"article","og_title":"Ginev\u00edtex regulador hormonal - n\u00fcshu","og_description":"Ginevitex es un regulador hormonal natural que ajusta nuestro ciclo menstrual de manera natural a cualquiera de las etapas de la vida de las mujeres: dolor menstrual y premenstrual, menopausia y climaterio, pubertad y adolescencia, ausencia de menstruaci\u00f3n, uso prolongado de anticonceptivos hormonales, fertilidad, ... Y enfermedades o desajustes de prolactina, infecciones recurrentes, c\u00e1ndidas, ovarios poliqu\u00edsticos, acn\u00e9, pelo facial, h\u00edper o hipotiroidismo, endometriosis, miomas, ...","og_url":"https:\/\/www.nushu.cat\/es\/producto\/ginevitex\/","og_site_name":"n\u00fcshu","article_publisher":"https:\/\/www.facebook.com\/nushu.artesania\/","article_modified_time":"2026-01-17T08:33:48+00:00","og_image":[{"width":2560,"height":2560,"url":"https:\/\/www.nushu.cat\/wp-content\/uploads\/2024\/02\/img_5900-scaled-1.jpeg","type":"image\/jpeg"}],"twitter_card":"summary_large_image","twitter_misc":{"Tiempo de lectura":"4 minutos"},"schema":{"@context":"https:\/\/schema.org","@graph":[{"@type":"WebPage","@id":"https:\/\/www.nushu.cat\/es\/producto\/ginevitex\/","url":"https:\/\/www.nushu.cat\/es\/producto\/ginevitex\/","name":"Ginev\u00edtex regulador hormonal - n\u00fcshu","isPartOf":{"@id":"https:\/\/www.nushu.cat\/es\/#website"},"primaryImageOfPage":{"@id":"https:\/\/www.nushu.cat\/es\/producto\/ginevitex\/#primaryimage"},"image":{"@id":"https:\/\/www.nushu.cat\/es\/producto\/ginevitex\/#primaryimage"},"thumbnailUrl":"https:\/\/www.nushu.cat\/wp-content\/uploads\/2024\/02\/img_5900-scaled-1.jpeg","datePublished":"2023-09-25T12:37:05+00:00","dateModified":"2026-01-17T08:33:48+00:00","description":"Ginevitex es un regulador hormonal natural que ajusta nuestro ciclo menstrual de manera natural a cualquiera de las etapas de la vida de las mujeres: dolor menstrual y premenstrual, menopausia y climaterio, pubertad y adolescencia, ausencia de menstruaci\u00f3n, uso prolongado de anticonceptivos hormonales, fertilidad, ... Y enfermedades o desajustes de prolactina, infecciones recurrentes, c\u00e1ndidas, ovarios poliqu\u00edsticos, acn\u00e9, pelo facial, h\u00edper o hipotiroidismo, endometriosis, miomas, ...","breadcrumb":{"@id":"https:\/\/www.nushu.cat\/es\/producto\/ginevitex\/#breadcrumb"},"inLanguage":"es","potentialAction":[{"@type":"ReadAction","target":["https:\/\/www.nushu.cat\/es\/producto\/ginevitex\/"]}]},{"@type":"ImageObject","inLanguage":"es","@id":"https:\/\/www.nushu.cat\/es\/producto\/ginevitex\/#primaryimage","url":"https:\/\/www.nushu.cat\/wp-content\/uploads\/2024\/02\/img_5900-scaled-1.jpeg","contentUrl":"https:\/\/www.nushu.cat\/wp-content\/uploads\/2024\/02\/img_5900-scaled-1.jpeg","width":2560,"height":2560},{"@type":"BreadcrumbList","@id":"https:\/\/www.nushu.cat\/es\/producto\/ginevitex\/#breadcrumb","itemListElement":[{"@type":"ListItem","position":1,"name":"Inici","item":"https:\/\/www.nushu.cat\/es\/compreses-de-tela\/"},{"@type":"ListItem","position":2,"name":"Tienda","item":"https:\/\/www.nushu.cat\/es\/tienda\/"},{"@type":"ListItem","position":3,"name":"Ginev\u00edtex regulador hormonal"}]},{"@type":"WebSite","@id":"https:\/\/www.nushu.cat\/es\/#website","url":"https:\/\/www.nushu.cat\/es\/","name":"n\u00fcshu","description":"natural &amp; sostenible","publisher":{"@id":"https:\/\/www.nushu.cat\/es\/#organization"},"potentialAction":[{"@type":"SearchAction","target":{"@type":"EntryPoint","urlTemplate":"https:\/\/www.nushu.cat\/es\/?s={search_term_string}"},"query-input":{"@type":"PropertyValueSpecification","valueRequired":true,"valueName":"search_term_string"}}],"inLanguage":"es"},{"@type":"Organization","@id":"https:\/\/www.nushu.cat\/es\/#organization","name":"n\u00fcshu","url":"https:\/\/www.nushu.cat\/es\/","logo":{"@type":"ImageObject","inLanguage":"es","@id":"https:\/\/www.nushu.cat\/es\/#\/schema\/logo\/image\/","url":"https:\/\/www.nushu.cat\/wp-content\/uploads\/2024\/02\/nushu-share-1-1.png","contentUrl":"https:\/\/www.nushu.cat\/wp-content\/uploads\/2024\/02\/nushu-share-1-1.png","width":1080,"height":1080,"caption":"n\u00fcshu"},"image":{"@id":"https:\/\/www.nushu.cat\/es\/#\/schema\/logo\/image\/"},"sameAs":["https:\/\/www.facebook.com\/nushu.artesania\/","https:\/\/www.instagram.com\/nushu_artesania"]}]}},"jetpack_sharing_enabled":true,"_links":{"self":[{"href":"https:\/\/www.nushu.cat\/es\/wp-json\/wp\/v2\/product\/23719","targetHints":{"allow":["GET"]}}],"collection":[{"href":"https:\/\/www.nushu.cat\/es\/wp-json\/wp\/v2\/product"}],"about":[{"href":"https:\/\/www.nushu.cat\/es\/wp-json\/wp\/v2\/types\/product"}],"version-history":[{"count":1,"href":"https:\/\/www.nushu.cat\/es\/wp-json\/wp\/v2\/product\/23719\/revisions"}],"predecessor-version":[{"id":269140,"href":"https:\/\/www.nushu.cat\/es\/wp-json\/wp\/v2\/product\/23719\/revisions\/269140"}],"wp:featuredmedia":[{"embeddable":true,"href":"https:\/\/www.nushu.cat\/es\/wp-json\/wp\/v2\/media\/253058"}],"wp:attachment":[{"href":"https:\/\/www.nushu.cat\/es\/wp-json\/wp\/v2\/media?parent=23719"}],"wp:term":[{"taxonomy":"product_brand","embeddable":true,"href":"https:\/\/www.nushu.cat\/es\/wp-json\/wp\/v2\/product_brand?post=23719"},{"taxonomy":"product_cat","embeddable":true,"href":"https:\/\/www.nushu.cat\/es\/wp-json\/wp\/v2\/product_cat?post=23719"},{"taxonomy":"product_tag","embeddable":true,"href":"https:\/\/www.nushu.cat\/es\/wp-json\/wp\/v2\/product_tag?post=23719"}],"curies":[{"name":"wp","href":"https:\/\/api.w.org\/{rel}","templated":true}]}}