{"id":250110,"date":"2023-09-28T12:56:07","date_gmt":"2023-09-28T12:56:07","guid":{"rendered":"https:\/\/www.nushu.cat\/?post_type=product&#038;p=250110"},"modified":"2025-01-07T22:58:38","modified_gmt":"2025-01-07T21:58:38","slug":"agua-marina","status":"publish","type":"product","link":"https:\/\/www.nushu.cat\/es\/producto\/agua-marina\/","title":{"rendered":"Agua marina"},"content":{"rendered":"<p>A Marina le fascina el agua: ba\u00f1arse, jugar y dejarse envolver por las olas. Y le encanta aprender cosas nuevas, sobre todo sobre el cuerpo, \u00a1es tan divertido!<br \/>Con la llegada de su hermanito Noa, aprender\u00e1 que sus cuerpos son diferentes y tambi\u00e9n parecidos, y que cada uno descubre el mundo a su modo.<\/p>\n<h1>\u00bfQu\u00e9 encontrar\u00e1s en este libro?<\/h1>\n<ul>\n<li>Un \u00e1lbum ilustrado por Gl\u00f2ria Fort.<\/li>\n<li>Una historia que, a trav\u00e9s de met\u00e1foras, im\u00e1genes y conceptos f\u00e1ciles de comprender y claros, acompa\u00f1a tanto a padres como a ni\u00f1os en el descubrimiento de su propio cuerpo.<\/li>\n<li>Una forma sencilla de transmitir conceptos como el consentimiento, las diferencias f\u00edsicas entre ni\u00f1os y ni\u00f1as o la reproducci\u00f3n, para tratar con naturalidad la sexualidad desde una etapa temprana.<\/li>\n<\/ul>\n<p>Porque no siempre es f\u00e1cil tratar con los m\u00e1s peque\u00f1os el tema de la sexualidad, este libro nos ayuda a que no se convierta en un tab\u00fa y crezcan sanos y felices dentro de sus propios cuerpos.<\/p>\n<h1>Julia S\u00e1nchez, la escritora<\/h1>\n<p>Julia S\u00e1nchez es madre, soci\u00f3loga y maestra especializada en educaci\u00f3n afectiva y sexual y la creadora de La ciranda, un proyecto para el acompa\u00f1amiento respetuoso de las sexualidades de ni\u00f1os, j\u00f3venes y personas adultas. En \u00e9l asesora a familias en el acompa\u00f1amiento emocional y sexual de sus hijos a lo largo de los distintos procesos vitales que van viviendo. Trabaja en escuelas, grupos de proximidad y entidades p\u00fablicas impartiendo charlas y talleres.<\/p>\n<h1>Gloria Fort, la ilustradora<\/h1>\n<p>Es ilustradora de grandes libros de \u00e9xito, sobre todo infantiles, dise\u00f1adora gr\u00e1fica y profesora de ciclos formativos en la Escuela Municipal de Arte y Dise\u00f1o de Vilanova i la Geltr\u00fa.<\/p>\n","protected":false},"excerpt":{"rendered":"<p>Un cuento ilustrado por Gl\u00f2ria Fort i escrito por J\u00falia S\u00e1nchez, para sumergirse en <strong>el acompa\u00f1amiento de la sexualidad desde la primera infancia.<\/strong><\/p>\n","protected":false},"featured_media":253070,"template":"","meta":{"_acf_changed":false},"product_brand":[],"product_cat":[198,259,268],"product_tag":[],"class_list":{"0":"post-250110","1":"product","2":"type-product","3":"status-publish","4":"has-post-thumbnail","6":"product_cat-maternidad-sostenible","7":"product_cat-libros","8":"product_cat-sostenible","10":"first","11":"instock","12":"taxable","13":"shipping-taxable","14":"purchasable","15":"product-type-variable"},"acf":[],"yoast_head":"<!-- This site is optimized with the Yoast SEO plugin v27.4 - https:\/\/yoast.com\/product\/yoast-seo-wordpress\/ -->\n<title>Agua marina regalo sostenible - n\u00fcshu<\/title>\n<meta name=\"description\" content=\"Un cuento ilustrado por Gl\u00f2ria Fort i escrito por J\u00falia S\u00e1nchez, para sumergirse en el acompa\u00f1amiento de la sexualidad desde la primera infancia.\" \/>\n<meta name=\"robots\" content=\"index, follow, max-snippet:-1, max-image-preview:large, max-video-preview:-1\" \/>\n<link rel=\"canonical\" href=\"https:\/\/www.nushu.cat\/es\/producto\/agua-marina\/\" \/>\n<meta property=\"og:locale\" content=\"es_ES\" \/>\n<meta property=\"og:type\" content=\"article\" \/>\n<meta property=\"og:title\" content=\"Agua marina regalo sostenible - n\u00fcshu\" \/>\n<meta property=\"og:description\" content=\"Un cuento ilustrado por Gl\u00f2ria Fort i escrito por J\u00falia S\u00e1nchez, para sumergirse en el acompa\u00f1amiento de la sexualidad desde la primera infancia.\" \/>\n<meta property=\"og:url\" content=\"https:\/\/www.nushu.cat\/es\/producto\/agua-marina\/\" \/>\n<meta property=\"og:site_name\" content=\"n\u00fcshu\" \/>\n<meta property=\"article:publisher\" content=\"https:\/\/www.facebook.com\/nushu.artesania\/\" \/>\n<meta property=\"article:modified_time\" content=\"2025-01-07T21:58:38+00:00\" \/>\n<meta property=\"og:image\" content=\"https:\/\/www.nushu.cat\/wp-content\/uploads\/2024\/02\/Aagua-marina-portada.jpeg\" \/>\n\t<meta property=\"og:image:width\" content=\"1280\" \/>\n\t<meta property=\"og:image:height\" content=\"1280\" \/>\n\t<meta property=\"og:image:type\" content=\"image\/jpeg\" \/>\n<meta name=\"twitter:card\" content=\"summary_large_image\" \/>\n<meta name=\"twitter:label1\" content=\"Tiempo de lectura\" \/>\n\t<meta name=\"twitter:data1\" content=\"2 minutos\" \/>\n<!-- \/ Yoast SEO plugin. -->","yoast_head_json":{"title":"Agua marina regalo sostenible - n\u00fcshu","description":"Un cuento ilustrado por Gl\u00f2ria Fort i escrito por J\u00falia S\u00e1nchez, para sumergirse en el acompa\u00f1amiento de la sexualidad desde la primera infancia.","robots":{"index":"index","follow":"follow","max-snippet":"max-snippet:-1","max-image-preview":"max-image-preview:large","max-video-preview":"max-video-preview:-1"},"canonical":"https:\/\/www.nushu.cat\/es\/producto\/agua-marina\/","og_locale":"es_ES","og_type":"article","og_title":"Agua marina regalo sostenible - n\u00fcshu","og_description":"Un cuento ilustrado por Gl\u00f2ria Fort i escrito por J\u00falia S\u00e1nchez, para sumergirse en el acompa\u00f1amiento de la sexualidad desde la primera infancia.","og_url":"https:\/\/www.nushu.cat\/es\/producto\/agua-marina\/","og_site_name":"n\u00fcshu","article_publisher":"https:\/\/www.facebook.com\/nushu.artesania\/","article_modified_time":"2025-01-07T21:58:38+00:00","og_image":[{"width":1280,"height":1280,"url":"https:\/\/www.nushu.cat\/wp-content\/uploads\/2024\/02\/Aagua-marina-portada.jpeg","type":"image\/jpeg"}],"twitter_card":"summary_large_image","twitter_misc":{"Tiempo de lectura":"2 minutos"},"schema":{"@context":"https:\/\/schema.org","@graph":[{"@type":"WebPage","@id":"https:\/\/www.nushu.cat\/es\/producto\/agua-marina\/","url":"https:\/\/www.nushu.cat\/es\/producto\/agua-marina\/","name":"Agua marina regalo sostenible - n\u00fcshu","isPartOf":{"@id":"https:\/\/www.nushu.cat\/es\/#website"},"primaryImageOfPage":{"@id":"https:\/\/www.nushu.cat\/es\/producto\/agua-marina\/#primaryimage"},"image":{"@id":"https:\/\/www.nushu.cat\/es\/producto\/agua-marina\/#primaryimage"},"thumbnailUrl":"https:\/\/www.nushu.cat\/wp-content\/uploads\/2024\/02\/Aagua-marina-portada.jpeg","datePublished":"2023-09-28T12:56:07+00:00","dateModified":"2025-01-07T21:58:38+00:00","description":"Un cuento ilustrado por Gl\u00f2ria Fort i escrito por J\u00falia S\u00e1nchez, para sumergirse en el acompa\u00f1amiento de la sexualidad desde la primera infancia.","breadcrumb":{"@id":"https:\/\/www.nushu.cat\/es\/producto\/agua-marina\/#breadcrumb"},"inLanguage":"es","potentialAction":[{"@type":"ReadAction","target":["https:\/\/www.nushu.cat\/es\/producto\/agua-marina\/"]}]},{"@type":"ImageObject","inLanguage":"es","@id":"https:\/\/www.nushu.cat\/es\/producto\/agua-marina\/#primaryimage","url":"https:\/\/www.nushu.cat\/wp-content\/uploads\/2024\/02\/Aagua-marina-portada.jpeg","contentUrl":"https:\/\/www.nushu.cat\/wp-content\/uploads\/2024\/02\/Aagua-marina-portada.jpeg","width":1280,"height":1280},{"@type":"BreadcrumbList","@id":"https:\/\/www.nushu.cat\/es\/producto\/agua-marina\/#breadcrumb","itemListElement":[{"@type":"ListItem","position":1,"name":"Inici","item":"https:\/\/www.nushu.cat\/es\/compreses-de-tela\/"},{"@type":"ListItem","position":2,"name":"Tienda","item":"https:\/\/www.nushu.cat\/es\/tienda\/"},{"@type":"ListItem","position":3,"name":"Agua marina"}]},{"@type":"WebSite","@id":"https:\/\/www.nushu.cat\/es\/#website","url":"https:\/\/www.nushu.cat\/es\/","name":"n\u00fcshu","description":"natural &amp; sostenible","publisher":{"@id":"https:\/\/www.nushu.cat\/es\/#organization"},"potentialAction":[{"@type":"SearchAction","target":{"@type":"EntryPoint","urlTemplate":"https:\/\/www.nushu.cat\/es\/?s={search_term_string}"},"query-input":{"@type":"PropertyValueSpecification","valueRequired":true,"valueName":"search_term_string"}}],"inLanguage":"es"},{"@type":"Organization","@id":"https:\/\/www.nushu.cat\/es\/#organization","name":"n\u00fcshu","url":"https:\/\/www.nushu.cat\/es\/","logo":{"@type":"ImageObject","inLanguage":"es","@id":"https:\/\/www.nushu.cat\/es\/#\/schema\/logo\/image\/","url":"https:\/\/www.nushu.cat\/wp-content\/uploads\/2024\/02\/nushu-share-1-1.png","contentUrl":"https:\/\/www.nushu.cat\/wp-content\/uploads\/2024\/02\/nushu-share-1-1.png","width":1080,"height":1080,"caption":"n\u00fcshu"},"image":{"@id":"https:\/\/www.nushu.cat\/es\/#\/schema\/logo\/image\/"},"sameAs":["https:\/\/www.facebook.com\/nushu.artesania\/","https:\/\/www.instagram.com\/nushu_artesania"]}]}},"jetpack_sharing_enabled":true,"_links":{"self":[{"href":"https:\/\/www.nushu.cat\/es\/wp-json\/wp\/v2\/product\/250110","targetHints":{"allow":["GET"]}}],"collection":[{"href":"https:\/\/www.nushu.cat\/es\/wp-json\/wp\/v2\/product"}],"about":[{"href":"https:\/\/www.nushu.cat\/es\/wp-json\/wp\/v2\/types\/product"}],"version-history":[{"count":0,"href":"https:\/\/www.nushu.cat\/es\/wp-json\/wp\/v2\/product\/250110\/revisions"}],"wp:featuredmedia":[{"embeddable":true,"href":"https:\/\/www.nushu.cat\/es\/wp-json\/wp\/v2\/media\/253070"}],"wp:attachment":[{"href":"https:\/\/www.nushu.cat\/es\/wp-json\/wp\/v2\/media?parent=250110"}],"wp:term":[{"taxonomy":"product_brand","embeddable":true,"href":"https:\/\/www.nushu.cat\/es\/wp-json\/wp\/v2\/product_brand?post=250110"},{"taxonomy":"product_cat","embeddable":true,"href":"https:\/\/www.nushu.cat\/es\/wp-json\/wp\/v2\/product_cat?post=250110"},{"taxonomy":"product_tag","embeddable":true,"href":"https:\/\/www.nushu.cat\/es\/wp-json\/wp\/v2\/product_tag?post=250110"}],"curies":[{"name":"wp","href":"https:\/\/api.w.org\/{rel}","templated":true}]}}