{"id":255634,"date":"2024-02-02T12:23:52","date_gmt":"2024-02-02T12:23:52","guid":{"rendered":"https:\/\/www.nushu.cat\/?post_type=product&#038;p=255634"},"modified":"2024-02-02T15:59:23","modified_gmt":"2024-02-02T15:59:23","slug":"aceite-cbd-aileen","status":"publish","type":"product","link":"https:\/\/www.nushu.cat\/es\/producto\/aceite-cbd-aileen\/","title":{"rendered":"Aceite CBD Aileen"},"content":{"rendered":"<p>El aceite Aileen contiene un 10% de CBD (cannabidiol), y un 10% de CBG (cannabigerol), \u00e9ste \u00faltimo tiene <strong>efectos analg\u00e9sicos y antiinflamatorios<\/strong>, actuando de forma m\u00e1s r\u00e1pida que el CBD.<br \/>\nEsta fusi\u00f3n cann\u00e1bica convierte al Aceite Aileen en una muy buena opci\u00f3n por <strong>dolores menstruales incapacitantes<\/strong>. Juntos crean la combinaci\u00f3n natural perfecta y sin efectos secundarios para mantener a raya los dolores m\u00e1s persistentes.<br \/>\nEl CBG, al igual que el CBD, forman parte del mismo grupo de cannabinoides extra\u00eddos del c\u00e1\u00f1amo y est\u00e1n relacionados con el <strong>alivio del dolor<\/strong>.<br \/>\nPoseen cualidades antiinflamatorias, regenerativas, antitumorales, antimicrobianos y muchas m\u00e1s.<\/p>\n<p>Cabe se\u00f1alar que el CBG, al igual que el CBD, <strong>no tiene efectos psicoactivos<\/strong>. Esto s\u00f3lo lo produce el THC del c\u00e1\u00f1amo. Y ese aceite es <strong>0% THC.<\/strong><\/p>\n<h1>Usos<\/h1>\n<ul>\n<li>Dolores menstruales que te dejan KO<\/li>\n<li>Patolog\u00edas de dolor cr\u00f3nico o inflamaci\u00f3n<\/li>\n<li>Dolor de cervicales<\/li>\n<li>Contracturas musculares<\/li>\n<li>Golpes o lesiones<\/li>\n<li>Migra\u00f1as<\/li>\n<\/ul>\n<h1>Ingredientes<\/h1>\n<p>An\u00e1lisis del laboratorio:<\/p>\n<ul>\n<li>* Aceite MCT (coco)<\/li>\n<li>10% CBD (cannabidiol)<\/li>\n<li>10% CBG (cannabigerol)<\/li>\n<li>0% THC<\/li>\n<li>Tocopherol ( Vitamina E )<\/li>\n<\/ul>\n<p>*Certificado BIO.<\/p>\n","protected":false},"excerpt":{"rendered":"<p>Aceite de CBD (cannabidiol) y CBG (cannabigerol) para <strong>aliviar el dolor menstrual<\/strong> y otras patolog\u00edas.<br \/>\nEnvase de 10ml.<\/p>\n","protected":false},"featured_media":253195,"template":"","meta":{"_acf_changed":false},"product_brand":[],"product_cat":[267,207,268],"product_tag":[],"class_list":{"0":"post-255634","1":"product","2":"type-product","3":"status-publish","4":"has-post-thumbnail","6":"product_cat-dolor-menstrual-es","7":"product_cat-higiene-menstrual-sostenible","8":"product_cat-sostenible","10":"first","11":"instock","12":"sale","13":"taxable","14":"shipping-taxable","15":"purchasable","16":"product-type-simple"},"acf":[],"yoast_head":"<!-- This site is optimized with the Yoast SEO plugin v27.4 - https:\/\/yoast.com\/product\/yoast-seo-wordpress\/ -->\n<title>Aceite CBD Aileen - n\u00fcshu<\/title>\n<meta name=\"description\" content=\"Aceite de CBD (cannabidiol) y CBG (cannabigerol) para aliviar el dolor menstrual y otras patolog\u00edas.\" \/>\n<meta name=\"robots\" content=\"index, follow, max-snippet:-1, max-image-preview:large, max-video-preview:-1\" \/>\n<link rel=\"canonical\" href=\"https:\/\/www.nushu.cat\/es\/producto\/aceite-cbd-aileen\/\" \/>\n<meta property=\"og:locale\" content=\"es_ES\" \/>\n<meta property=\"og:type\" content=\"article\" \/>\n<meta property=\"og:title\" content=\"Aceite CBD Aileen - n\u00fcshu\" \/>\n<meta property=\"og:description\" content=\"Aceite de CBD (cannabidiol) y CBG (cannabigerol) para aliviar el dolor menstrual y otras patolog\u00edas.\" \/>\n<meta property=\"og:url\" content=\"https:\/\/www.nushu.cat\/es\/producto\/aceite-cbd-aileen\/\" \/>\n<meta property=\"og:site_name\" content=\"n\u00fcshu\" \/>\n<meta property=\"article:publisher\" content=\"https:\/\/www.facebook.com\/nushu.artesania\/\" \/>\n<meta property=\"article:modified_time\" content=\"2024-02-02T15:59:23+00:00\" \/>\n<meta property=\"og:image\" content=\"https:\/\/www.nushu.cat\/wp-content\/uploads\/2024\/02\/oli-cbd-aileen-2.jpg\" \/>\n\t<meta property=\"og:image:width\" content=\"510\" \/>\n\t<meta property=\"og:image:height\" content=\"510\" \/>\n\t<meta property=\"og:image:type\" content=\"image\/jpeg\" \/>\n<meta name=\"twitter:card\" content=\"summary_large_image\" \/>\n<meta name=\"twitter:label1\" content=\"Tiempo de lectura\" \/>\n\t<meta name=\"twitter:data1\" content=\"2 minutos\" \/>\n<!-- \/ Yoast SEO plugin. -->","yoast_head_json":{"title":"Aceite CBD Aileen - n\u00fcshu","description":"Aceite de CBD (cannabidiol) y CBG (cannabigerol) para aliviar el dolor menstrual y otras patolog\u00edas.","robots":{"index":"index","follow":"follow","max-snippet":"max-snippet:-1","max-image-preview":"max-image-preview:large","max-video-preview":"max-video-preview:-1"},"canonical":"https:\/\/www.nushu.cat\/es\/producto\/aceite-cbd-aileen\/","og_locale":"es_ES","og_type":"article","og_title":"Aceite CBD Aileen - n\u00fcshu","og_description":"Aceite de CBD (cannabidiol) y CBG (cannabigerol) para aliviar el dolor menstrual y otras patolog\u00edas.","og_url":"https:\/\/www.nushu.cat\/es\/producto\/aceite-cbd-aileen\/","og_site_name":"n\u00fcshu","article_publisher":"https:\/\/www.facebook.com\/nushu.artesania\/","article_modified_time":"2024-02-02T15:59:23+00:00","og_image":[{"width":510,"height":510,"url":"https:\/\/www.nushu.cat\/wp-content\/uploads\/2024\/02\/oli-cbd-aileen-2.jpg","type":"image\/jpeg"}],"twitter_card":"summary_large_image","twitter_misc":{"Tiempo de lectura":"2 minutos"},"schema":{"@context":"https:\/\/schema.org","@graph":[{"@type":"WebPage","@id":"https:\/\/www.nushu.cat\/es\/producto\/aceite-cbd-aileen\/","url":"https:\/\/www.nushu.cat\/es\/producto\/aceite-cbd-aileen\/","name":"Aceite CBD Aileen - n\u00fcshu","isPartOf":{"@id":"https:\/\/www.nushu.cat\/es\/#website"},"primaryImageOfPage":{"@id":"https:\/\/www.nushu.cat\/es\/producto\/aceite-cbd-aileen\/#primaryimage"},"image":{"@id":"https:\/\/www.nushu.cat\/es\/producto\/aceite-cbd-aileen\/#primaryimage"},"thumbnailUrl":"https:\/\/www.nushu.cat\/wp-content\/uploads\/2024\/02\/oli-cbd-aileen-2.jpg","datePublished":"2024-02-02T12:23:52+00:00","dateModified":"2024-02-02T15:59:23+00:00","description":"Aceite de CBD (cannabidiol) y CBG (cannabigerol) para aliviar el dolor menstrual y otras patolog\u00edas.","breadcrumb":{"@id":"https:\/\/www.nushu.cat\/es\/producto\/aceite-cbd-aileen\/#breadcrumb"},"inLanguage":"es","potentialAction":[{"@type":"ReadAction","target":["https:\/\/www.nushu.cat\/es\/producto\/aceite-cbd-aileen\/"]}]},{"@type":"ImageObject","inLanguage":"es","@id":"https:\/\/www.nushu.cat\/es\/producto\/aceite-cbd-aileen\/#primaryimage","url":"https:\/\/www.nushu.cat\/wp-content\/uploads\/2024\/02\/oli-cbd-aileen-2.jpg","contentUrl":"https:\/\/www.nushu.cat\/wp-content\/uploads\/2024\/02\/oli-cbd-aileen-2.jpg","width":510,"height":510,"caption":"Oli CBD aleen Lilit"},{"@type":"BreadcrumbList","@id":"https:\/\/www.nushu.cat\/es\/producto\/aceite-cbd-aileen\/#breadcrumb","itemListElement":[{"@type":"ListItem","position":1,"name":"Inici","item":"https:\/\/www.nushu.cat\/es\/compreses-de-tela\/"},{"@type":"ListItem","position":2,"name":"Tienda","item":"https:\/\/www.nushu.cat\/es\/tienda\/"},{"@type":"ListItem","position":3,"name":"Aceite CBD Aileen"}]},{"@type":"WebSite","@id":"https:\/\/www.nushu.cat\/es\/#website","url":"https:\/\/www.nushu.cat\/es\/","name":"n\u00fcshu","description":"natural &amp; sostenible","publisher":{"@id":"https:\/\/www.nushu.cat\/es\/#organization"},"potentialAction":[{"@type":"SearchAction","target":{"@type":"EntryPoint","urlTemplate":"https:\/\/www.nushu.cat\/es\/?s={search_term_string}"},"query-input":{"@type":"PropertyValueSpecification","valueRequired":true,"valueName":"search_term_string"}}],"inLanguage":"es"},{"@type":"Organization","@id":"https:\/\/www.nushu.cat\/es\/#organization","name":"n\u00fcshu","url":"https:\/\/www.nushu.cat\/es\/","logo":{"@type":"ImageObject","inLanguage":"es","@id":"https:\/\/www.nushu.cat\/es\/#\/schema\/logo\/image\/","url":"https:\/\/www.nushu.cat\/wp-content\/uploads\/2024\/02\/nushu-share-1-1.png","contentUrl":"https:\/\/www.nushu.cat\/wp-content\/uploads\/2024\/02\/nushu-share-1-1.png","width":1080,"height":1080,"caption":"n\u00fcshu"},"image":{"@id":"https:\/\/www.nushu.cat\/es\/#\/schema\/logo\/image\/"},"sameAs":["https:\/\/www.facebook.com\/nushu.artesania\/","https:\/\/www.instagram.com\/nushu_artesania"]}]}},"jetpack_sharing_enabled":true,"_links":{"self":[{"href":"https:\/\/www.nushu.cat\/es\/wp-json\/wp\/v2\/product\/255634","targetHints":{"allow":["GET"]}}],"collection":[{"href":"https:\/\/www.nushu.cat\/es\/wp-json\/wp\/v2\/product"}],"about":[{"href":"https:\/\/www.nushu.cat\/es\/wp-json\/wp\/v2\/types\/product"}],"version-history":[{"count":0,"href":"https:\/\/www.nushu.cat\/es\/wp-json\/wp\/v2\/product\/255634\/revisions"}],"wp:featuredmedia":[{"embeddable":true,"href":"https:\/\/www.nushu.cat\/es\/wp-json\/wp\/v2\/media\/253195"}],"wp:attachment":[{"href":"https:\/\/www.nushu.cat\/es\/wp-json\/wp\/v2\/media?parent=255634"}],"wp:term":[{"taxonomy":"product_brand","embeddable":true,"href":"https:\/\/www.nushu.cat\/es\/wp-json\/wp\/v2\/product_brand?post=255634"},{"taxonomy":"product_cat","embeddable":true,"href":"https:\/\/www.nushu.cat\/es\/wp-json\/wp\/v2\/product_cat?post=255634"},{"taxonomy":"product_tag","embeddable":true,"href":"https:\/\/www.nushu.cat\/es\/wp-json\/wp\/v2\/product_tag?post=255634"}],"curies":[{"name":"wp","href":"https:\/\/api.w.org\/{rel}","templated":true}]}}