{"id":255636,"date":"2023-03-01T12:22:46","date_gmt":"2023-03-01T11:22:46","guid":{"rendered":"https:\/\/www.nushu.cat\/product\/arcilla-blanca\/"},"modified":"2023-03-01T12:22:46","modified_gmt":"2023-03-01T12:22:46","slug":"arcilla-blanca","status":"publish","type":"product","link":"https:\/\/www.nushu.cat\/es\/producto\/arcilla-blanca\/","title":{"rendered":"Arcilla blanca"},"content":{"rendered":"<p><span style=\"font-weight: 400;\">La arcilla blanca, que tambi\u00e9n se puede llamar caol\u00edn, es la m\u00e1s pura de todas las arcillas. Por eso se aconseja para ni\u00f1os y reci\u00e9n nacidos.<br \/>\n<\/span>Tiene infinidad de propiedades y usos, permiti\u00e9ndonos eliminar un mont\u00f3n de productos cosm\u00e9ticos y de aseo corporal. As\u00ed, eliminamos productos qu\u00edmicos que est\u00e1n en contacto con nuestra piel, y los envases correspondientes.<\/p>\n","protected":false},"excerpt":{"rendered":"<p>Arcilla blanca para el cuidado natural de la piel.<br \/>\nBote de cristal con tap\u00f3n de corcho.<br \/>\nIncluye folleto con todos los usos.<\/p>\n","protected":false},"featured_media":20970,"template":"","meta":{"_acf_changed":false},"product_brand":[],"product_cat":[192,241,221,197,268],"product_tag":[],"class_list":{"0":"post-255636","1":"product","2":"type-product","3":"status-publish","4":"has-post-thumbnail","6":"product_cat-higiene-facial-sostenible","7":"product_cat-higiene-bebe","8":"product_cat-hogar-sostenible","9":"product_cat-maternidad-y-crianza","10":"product_cat-sostenible","12":"first","13":"instock","14":"taxable","15":"shipping-taxable","16":"purchasable","17":"product-type-simple"},"acf":[],"yoast_head":"<!-- This site is optimized with the Yoast SEO plugin v27.2 - https:\/\/yoast.com\/product\/yoast-seo-wordpress\/ -->\n<title>Arcilla blanca reutilizables - n\u00fcshu<\/title>\n<meta name=\"robots\" content=\"index, follow, max-snippet:-1, max-image-preview:large, max-video-preview:-1\" \/>\n<link rel=\"canonical\" href=\"https:\/\/www.nushu.cat\/es\/producto\/arcilla-blanca\/\" \/>\n<meta property=\"og:locale\" content=\"es_ES\" \/>\n<meta property=\"og:type\" content=\"article\" \/>\n<meta property=\"og:title\" content=\"Arcilla blanca reutilizables - n\u00fcshu\" \/>\n<meta property=\"og:description\" content=\"Arcilla blanca para el cuidado natural de la piel. Bote de cristal con tap\u00f3n de corcho. Incluye folleto con todos los usos.\" \/>\n<meta property=\"og:url\" content=\"https:\/\/www.nushu.cat\/es\/producto\/arcilla-blanca\/\" \/>\n<meta property=\"og:site_name\" content=\"n\u00fcshu\" \/>\n<meta property=\"article:publisher\" content=\"https:\/\/www.facebook.com\/nushu.artesania\/\" \/>\n<meta property=\"article:modified_time\" content=\"2023-03-01T12:22:46+00:00\" \/>\n<meta property=\"og:image\" content=\"https:\/\/www.nushu.cat\/wp-content\/uploads\/2024\/02\/img_3368.jpeg\" \/>\n\t<meta property=\"og:image:width\" content=\"1920\" \/>\n\t<meta property=\"og:image:height\" content=\"1920\" \/>\n\t<meta property=\"og:image:type\" content=\"image\/jpeg\" \/>\n<meta name=\"twitter:card\" content=\"summary_large_image\" \/>\n<!-- \/ Yoast SEO plugin. -->","yoast_head_json":{"title":"Arcilla blanca reutilizables - n\u00fcshu","robots":{"index":"index","follow":"follow","max-snippet":"max-snippet:-1","max-image-preview":"max-image-preview:large","max-video-preview":"max-video-preview:-1"},"canonical":"https:\/\/www.nushu.cat\/es\/producto\/arcilla-blanca\/","og_locale":"es_ES","og_type":"article","og_title":"Arcilla blanca reutilizables - n\u00fcshu","og_description":"Arcilla blanca para el cuidado natural de la piel. Bote de cristal con tap\u00f3n de corcho. Incluye folleto con todos los usos.","og_url":"https:\/\/www.nushu.cat\/es\/producto\/arcilla-blanca\/","og_site_name":"n\u00fcshu","article_publisher":"https:\/\/www.facebook.com\/nushu.artesania\/","article_modified_time":"2023-03-01T12:22:46+00:00","og_image":[{"width":1920,"height":1920,"url":"https:\/\/www.nushu.cat\/wp-content\/uploads\/2024\/02\/img_3368.jpeg","type":"image\/jpeg"}],"twitter_card":"summary_large_image","schema":{"@context":"https:\/\/schema.org","@graph":[{"@type":"WebPage","@id":"https:\/\/www.nushu.cat\/es\/producto\/arcilla-blanca\/","url":"https:\/\/www.nushu.cat\/es\/producto\/arcilla-blanca\/","name":"Arcilla blanca reutilizables - n\u00fcshu","isPartOf":{"@id":"https:\/\/www.nushu.cat\/es\/#website"},"primaryImageOfPage":{"@id":"https:\/\/www.nushu.cat\/es\/producto\/arcilla-blanca\/#primaryimage"},"image":{"@id":"https:\/\/www.nushu.cat\/es\/producto\/arcilla-blanca\/#primaryimage"},"thumbnailUrl":"https:\/\/www.nushu.cat\/wp-content\/uploads\/2024\/02\/img_3368.jpeg","datePublished":"2023-03-01T11:22:46+00:00","dateModified":"2023-03-01T12:22:46+00:00","breadcrumb":{"@id":"https:\/\/www.nushu.cat\/es\/producto\/arcilla-blanca\/#breadcrumb"},"inLanguage":"es","potentialAction":[{"@type":"ReadAction","target":["https:\/\/www.nushu.cat\/es\/producto\/arcilla-blanca\/"]}]},{"@type":"ImageObject","inLanguage":"es","@id":"https:\/\/www.nushu.cat\/es\/producto\/arcilla-blanca\/#primaryimage","url":"https:\/\/www.nushu.cat\/wp-content\/uploads\/2024\/02\/img_3368.jpeg","contentUrl":"https:\/\/www.nushu.cat\/wp-content\/uploads\/2024\/02\/img_3368.jpeg","width":1920,"height":1920},{"@type":"BreadcrumbList","@id":"https:\/\/www.nushu.cat\/es\/producto\/arcilla-blanca\/#breadcrumb","itemListElement":[{"@type":"ListItem","position":1,"name":"Inici","item":"https:\/\/www.nushu.cat\/es\/compreses-de-tela\/"},{"@type":"ListItem","position":2,"name":"Tienda","item":"https:\/\/www.nushu.cat\/es\/tienda\/"},{"@type":"ListItem","position":3,"name":"Arcilla blanca"}]},{"@type":"WebSite","@id":"https:\/\/www.nushu.cat\/es\/#website","url":"https:\/\/www.nushu.cat\/es\/","name":"n\u00fcshu","description":"natural &amp; sostenible","publisher":{"@id":"https:\/\/www.nushu.cat\/es\/#organization"},"potentialAction":[{"@type":"SearchAction","target":{"@type":"EntryPoint","urlTemplate":"https:\/\/www.nushu.cat\/es\/?s={search_term_string}"},"query-input":{"@type":"PropertyValueSpecification","valueRequired":true,"valueName":"search_term_string"}}],"inLanguage":"es"},{"@type":"Organization","@id":"https:\/\/www.nushu.cat\/es\/#organization","name":"n\u00fcshu","url":"https:\/\/www.nushu.cat\/es\/","logo":{"@type":"ImageObject","inLanguage":"es","@id":"https:\/\/www.nushu.cat\/es\/#\/schema\/logo\/image\/","url":"https:\/\/www.nushu.cat\/wp-content\/uploads\/2024\/02\/nushu-share-1-1.png","contentUrl":"https:\/\/www.nushu.cat\/wp-content\/uploads\/2024\/02\/nushu-share-1-1.png","width":1080,"height":1080,"caption":"n\u00fcshu"},"image":{"@id":"https:\/\/www.nushu.cat\/es\/#\/schema\/logo\/image\/"},"sameAs":["https:\/\/www.facebook.com\/nushu.artesania\/","https:\/\/www.instagram.com\/nushu_artesania"]}]}},"jetpack_sharing_enabled":true,"_links":{"self":[{"href":"https:\/\/www.nushu.cat\/es\/wp-json\/wp\/v2\/product\/255636","targetHints":{"allow":["GET"]}}],"collection":[{"href":"https:\/\/www.nushu.cat\/es\/wp-json\/wp\/v2\/product"}],"about":[{"href":"https:\/\/www.nushu.cat\/es\/wp-json\/wp\/v2\/types\/product"}],"version-history":[{"count":0,"href":"https:\/\/www.nushu.cat\/es\/wp-json\/wp\/v2\/product\/255636\/revisions"}],"wp:featuredmedia":[{"embeddable":true,"href":"https:\/\/www.nushu.cat\/es\/wp-json\/wp\/v2\/media\/20970"}],"wp:attachment":[{"href":"https:\/\/www.nushu.cat\/es\/wp-json\/wp\/v2\/media?parent=255636"}],"wp:term":[{"taxonomy":"product_brand","embeddable":true,"href":"https:\/\/www.nushu.cat\/es\/wp-json\/wp\/v2\/product_brand?post=255636"},{"taxonomy":"product_cat","embeddable":true,"href":"https:\/\/www.nushu.cat\/es\/wp-json\/wp\/v2\/product_cat?post=255636"},{"taxonomy":"product_tag","embeddable":true,"href":"https:\/\/www.nushu.cat\/es\/wp-json\/wp\/v2\/product_tag?post=255636"}],"curies":[{"name":"wp","href":"https:\/\/api.w.org\/{rel}","templated":true}]}}