{"id":255637,"date":"2023-09-27T08:15:31","date_gmt":"2023-09-27T06:15:31","guid":{"rendered":"https:\/\/www.nushu.cat\/product\/infusion-dona\/"},"modified":"2024-02-08T10:19:59","modified_gmt":"2024-02-08T09:19:59","slug":"infusion-dona","status":"publish","type":"product","link":"https:\/\/www.nushu.cat\/es\/producto\/infusion-dona\/","title":{"rendered":"Infusi\u00f3n DONA"},"content":{"rendered":"<p>Infusi\u00f3n ecol\u00f3gica para acompa\u00f1ar a la mujer en la ciclicidad y en todos los procesos vitales.<br \/>\nEsta sinergia de plantas une las propiedades de tres <strong>plantas medicinales<\/strong> que acutan en los <strong>ciclos femeninos.<\/strong> Un aroma y un sabor delicioso que acompa\u00f1an cada momento de la ciclidad femenina. Ideal para <strong>regular las menstruaciones y reducir sus posibles dolores<\/strong> Y para acompa\u00f1ar a la menopausia y la premenopausa. No contiene te\u00edna.<\/p>\n<h1>Propiedades<\/h1>\n<p>Infusi\u00f3n para regular el ciclo menstrual, reducir los dolores que le acompa\u00f1an y suavizar los efectos de la menopausia y la premenopausia.<\/p>\n<ul>\n<li>Salvia: considerada la planta de la mujer. <strong>Regula los cambios hormonales<\/strong> del climaterio y de la menopausia.<\/li>\n<li>Menta Poleo: emenagoga y <strong>antiinflamatoria<\/strong>, favorece la menstruaci\u00f3n y calma los dolores.<\/li>\n<li>Melisa: antiespasm\u00f3dica y <strong>analg\u00e9sica<\/strong>.<\/li>\n<\/ul>\n<h1>Preparaci\u00f3n<\/h1>\n<p>Calentar agua a 95\u00ba, infusionar 5 minutos con tapa para no perder los aromas y disfrutarla.<br \/>\nIdeal para tomar caliente, o muy fr\u00eda cuando hace calor. A\u00f1ade geles y refresca tu cuerpo saludablemente.<\/p>\n<h1>Ingredientes<\/h1>\n<p>Plantas de alta calidad organol\u00e9ptica y gran concentraci\u00f3n de principios activos. Son procedentes de agricultura ecol\u00f3gica y de proximidad.<br \/>\nSalvia, Menta poleo y melisa.<br \/>\n35g (50 infusiones por bote)<\/p>\n<p>&nbsp;<\/p>\n<ul>\n<li>Envases sostenibles<\/li>\n<li>Cultivo ecol\u00f3gico y respetuoso con el entorno<\/li>\n<li>Libre de t\u00f3xicos y natural<\/li>\n<li>Plantas arom\u00e1ticas de alta calidad<\/li>\n<li>Producto de proximidad<\/li>\n<\/ul>\n","protected":false},"excerpt":{"rendered":"<p>Infusi\u00f3n <strong>ecol\u00f3gica<\/strong> sin te\u00edna para <strong>regular las menstruaciones<\/strong> y reducir sus posibles <strong>dolores menstruales<\/strong>. Y para acompa\u00f1ar a la <strong>menopausia<\/strong> y la <strong>premenopausia<\/strong>.<\/p>\n","protected":false},"featured_media":250057,"template":"","meta":{"_acf_changed":false},"product_brand":[],"product_cat":[267,207,268],"product_tag":[],"class_list":{"0":"post-255637","1":"product","2":"type-product","3":"status-publish","4":"has-post-thumbnail","6":"product_cat-dolor-menstrual-es","7":"product_cat-higiene-menstrual-sostenible","8":"product_cat-sostenible","10":"first","11":"instock","12":"taxable","13":"shipping-taxable","14":"purchasable","15":"product-type-simple"},"acf":[],"yoast_head":"<!-- This site is optimized with the Yoast SEO plugin v27.4 - https:\/\/yoast.com\/product\/yoast-seo-wordpress\/ -->\n<title>Infusi\u00f3n DONA - n\u00fcshu<\/title>\n<meta name=\"description\" content=\"Infusi\u00f3n ecol\u00f3gica sin te\u00edna para regular las menstruaciones y reducir sus posibles dolores menstruales. Y para acompa\u00f1ar a la menopausia y la premenopausia.\" \/>\n<meta name=\"robots\" content=\"index, follow, max-snippet:-1, max-image-preview:large, max-video-preview:-1\" \/>\n<link rel=\"canonical\" href=\"https:\/\/www.nushu.cat\/es\/producto\/infusion-dona\/\" \/>\n<meta property=\"og:locale\" content=\"es_ES\" \/>\n<meta property=\"og:type\" content=\"article\" \/>\n<meta property=\"og:title\" content=\"Infusi\u00f3n DONA - n\u00fcshu\" \/>\n<meta property=\"og:description\" content=\"Infusi\u00f3n ecol\u00f3gica sin te\u00edna para regular las menstruaciones y reducir sus posibles dolores menstruales. Y para acompa\u00f1ar a la menopausia y la premenopausia.\" \/>\n<meta property=\"og:url\" content=\"https:\/\/www.nushu.cat\/es\/producto\/infusion-dona\/\" \/>\n<meta property=\"og:site_name\" content=\"n\u00fcshu\" \/>\n<meta property=\"article:publisher\" content=\"https:\/\/www.facebook.com\/nushu.artesania\/\" \/>\n<meta property=\"article:modified_time\" content=\"2024-02-08T09:19:59+00:00\" \/>\n<meta property=\"og:image\" content=\"https:\/\/www.nushu.cat\/wp-content\/uploads\/2024\/02\/Dona-aromik.-infusio-dolor-menstrual.png\" \/>\n\t<meta property=\"og:image:width\" content=\"1080\" \/>\n\t<meta property=\"og:image:height\" content=\"1080\" \/>\n\t<meta property=\"og:image:type\" content=\"image\/png\" \/>\n<meta name=\"twitter:card\" content=\"summary_large_image\" \/>\n<meta name=\"twitter:label1\" content=\"Tiempo de lectura\" \/>\n\t<meta name=\"twitter:data1\" content=\"1 minuto\" \/>\n<!-- \/ Yoast SEO plugin. -->","yoast_head_json":{"title":"Infusi\u00f3n DONA - n\u00fcshu","description":"Infusi\u00f3n ecol\u00f3gica sin te\u00edna para regular las menstruaciones y reducir sus posibles dolores menstruales. Y para acompa\u00f1ar a la menopausia y la premenopausia.","robots":{"index":"index","follow":"follow","max-snippet":"max-snippet:-1","max-image-preview":"max-image-preview:large","max-video-preview":"max-video-preview:-1"},"canonical":"https:\/\/www.nushu.cat\/es\/producto\/infusion-dona\/","og_locale":"es_ES","og_type":"article","og_title":"Infusi\u00f3n DONA - n\u00fcshu","og_description":"Infusi\u00f3n ecol\u00f3gica sin te\u00edna para regular las menstruaciones y reducir sus posibles dolores menstruales. Y para acompa\u00f1ar a la menopausia y la premenopausia.","og_url":"https:\/\/www.nushu.cat\/es\/producto\/infusion-dona\/","og_site_name":"n\u00fcshu","article_publisher":"https:\/\/www.facebook.com\/nushu.artesania\/","article_modified_time":"2024-02-08T09:19:59+00:00","og_image":[{"width":1080,"height":1080,"url":"https:\/\/www.nushu.cat\/wp-content\/uploads\/2024\/02\/Dona-aromik.-infusio-dolor-menstrual.png","type":"image\/png"}],"twitter_card":"summary_large_image","twitter_misc":{"Tiempo de lectura":"1 minuto"},"schema":{"@context":"https:\/\/schema.org","@graph":[{"@type":"WebPage","@id":"https:\/\/www.nushu.cat\/es\/producto\/infusion-dona\/","url":"https:\/\/www.nushu.cat\/es\/producto\/infusion-dona\/","name":"Infusi\u00f3n DONA - n\u00fcshu","isPartOf":{"@id":"https:\/\/www.nushu.cat\/es\/#website"},"primaryImageOfPage":{"@id":"https:\/\/www.nushu.cat\/es\/producto\/infusion-dona\/#primaryimage"},"image":{"@id":"https:\/\/www.nushu.cat\/es\/producto\/infusion-dona\/#primaryimage"},"thumbnailUrl":"https:\/\/www.nushu.cat\/wp-content\/uploads\/2024\/02\/Dona-aromik.-infusio-dolor-menstrual.png","datePublished":"2023-09-27T06:15:31+00:00","dateModified":"2024-02-08T09:19:59+00:00","description":"Infusi\u00f3n ecol\u00f3gica sin te\u00edna para regular las menstruaciones y reducir sus posibles dolores menstruales. Y para acompa\u00f1ar a la menopausia y la premenopausia.","breadcrumb":{"@id":"https:\/\/www.nushu.cat\/es\/producto\/infusion-dona\/#breadcrumb"},"inLanguage":"es","potentialAction":[{"@type":"ReadAction","target":["https:\/\/www.nushu.cat\/es\/producto\/infusion-dona\/"]}]},{"@type":"ImageObject","inLanguage":"es","@id":"https:\/\/www.nushu.cat\/es\/producto\/infusion-dona\/#primaryimage","url":"https:\/\/www.nushu.cat\/wp-content\/uploads\/2024\/02\/Dona-aromik.-infusio-dolor-menstrual.png","contentUrl":"https:\/\/www.nushu.cat\/wp-content\/uploads\/2024\/02\/Dona-aromik.-infusio-dolor-menstrual.png","width":1080,"height":1080},{"@type":"BreadcrumbList","@id":"https:\/\/www.nushu.cat\/es\/producto\/infusion-dona\/#breadcrumb","itemListElement":[{"@type":"ListItem","position":1,"name":"Inici","item":"https:\/\/www.nushu.cat\/es\/compreses-de-tela\/"},{"@type":"ListItem","position":2,"name":"Tienda","item":"https:\/\/www.nushu.cat\/es\/tienda\/"},{"@type":"ListItem","position":3,"name":"Infusi\u00f3n DONA"}]},{"@type":"WebSite","@id":"https:\/\/www.nushu.cat\/es\/#website","url":"https:\/\/www.nushu.cat\/es\/","name":"n\u00fcshu","description":"natural &amp; sostenible","publisher":{"@id":"https:\/\/www.nushu.cat\/es\/#organization"},"potentialAction":[{"@type":"SearchAction","target":{"@type":"EntryPoint","urlTemplate":"https:\/\/www.nushu.cat\/es\/?s={search_term_string}"},"query-input":{"@type":"PropertyValueSpecification","valueRequired":true,"valueName":"search_term_string"}}],"inLanguage":"es"},{"@type":"Organization","@id":"https:\/\/www.nushu.cat\/es\/#organization","name":"n\u00fcshu","url":"https:\/\/www.nushu.cat\/es\/","logo":{"@type":"ImageObject","inLanguage":"es","@id":"https:\/\/www.nushu.cat\/es\/#\/schema\/logo\/image\/","url":"https:\/\/www.nushu.cat\/wp-content\/uploads\/2024\/02\/nushu-share-1-1.png","contentUrl":"https:\/\/www.nushu.cat\/wp-content\/uploads\/2024\/02\/nushu-share-1-1.png","width":1080,"height":1080,"caption":"n\u00fcshu"},"image":{"@id":"https:\/\/www.nushu.cat\/es\/#\/schema\/logo\/image\/"},"sameAs":["https:\/\/www.facebook.com\/nushu.artesania\/","https:\/\/www.instagram.com\/nushu_artesania"]}]}},"jetpack_sharing_enabled":true,"_links":{"self":[{"href":"https:\/\/www.nushu.cat\/es\/wp-json\/wp\/v2\/product\/255637","targetHints":{"allow":["GET"]}}],"collection":[{"href":"https:\/\/www.nushu.cat\/es\/wp-json\/wp\/v2\/product"}],"about":[{"href":"https:\/\/www.nushu.cat\/es\/wp-json\/wp\/v2\/types\/product"}],"version-history":[{"count":0,"href":"https:\/\/www.nushu.cat\/es\/wp-json\/wp\/v2\/product\/255637\/revisions"}],"wp:featuredmedia":[{"embeddable":true,"href":"https:\/\/www.nushu.cat\/es\/wp-json\/wp\/v2\/media\/250057"}],"wp:attachment":[{"href":"https:\/\/www.nushu.cat\/es\/wp-json\/wp\/v2\/media?parent=255637"}],"wp:term":[{"taxonomy":"product_brand","embeddable":true,"href":"https:\/\/www.nushu.cat\/es\/wp-json\/wp\/v2\/product_brand?post=255637"},{"taxonomy":"product_cat","embeddable":true,"href":"https:\/\/www.nushu.cat\/es\/wp-json\/wp\/v2\/product_cat?post=255637"},{"taxonomy":"product_tag","embeddable":true,"href":"https:\/\/www.nushu.cat\/es\/wp-json\/wp\/v2\/product_tag?post=255637"}],"curies":[{"name":"wp","href":"https:\/\/api.w.org\/{rel}","templated":true}]}}