{"id":255638,"date":"2024-02-02T11:50:36","date_gmt":"2024-02-02T11:50:36","guid":{"rendered":"https:\/\/www.nushu.cat\/product\/cheque-regalo\/"},"modified":"2026-02-09T13:50:25","modified_gmt":"2026-02-09T12:50:25","slug":"cheque-regalo","status":"publish","type":"product","link":"https:\/\/www.nushu.cat\/es\/producto\/cheque-regalo\/","title":{"rendered":"Cheque Regalo"},"content":{"rendered":"<p data-start=\"286\" data-end=\"346\"><strong>Elige la opci\u00f3n econ\u00f3mica<\/strong> que m\u00e1s se avenga a tu bolsillo.<\/p>\n<p data-start=\"348\" data-end=\"458\">Una vez que hayas elegido el valor econ\u00f3mico,<strong> introduce el correo electr\u00f3nico de la persona<\/strong> que recibir\u00e1 tu regalo.<\/p>\n<p data-start=\"460\" data-end=\"469\"><strong data-start=\"460\" data-end=\"469\">Idea:<\/strong><\/p>\n<p data-start=\"471\" data-end=\"753\">Si tu opci\u00f3n es darle el obsequio personalmente, <strong>introduce tu correo electr\u00f3nico y recibir\u00e1s el c\u00f3digo.<\/strong><br data-start=\"574\" data-end=\"577\">As\u00ed podr\u00e1s entregarlo de la forma que quieras: <strong>escrito en un papel dentro de un sobre, en un documento digital o anotado en la primera p\u00e1gina de un libro\u2026<\/strong> \u00a1haz volar la imaginaci\u00f3n!<\/p>\n<p data-start=\"755\" data-end=\"845\"><strong>No hay fecha de caducidad <\/strong>y se puede canjear por <strong>cualquiera de los art\u00edculos de la web nushu.cat.<\/strong><\/p>\n","protected":false},"excerpt":{"rendered":"<ul>\n<li data-start=\"42\" data-end=\"267\">\u00bfQuieres regalar sostenibilidad, artesan\u00eda, proximidad y salud, pero tienes miedo de no acertar?<\/li>\n<li data-start=\"42\" data-end=\"267\">Aqu\u00ed tienes la soluci\u00f3n. Porque con este cheque regalo la persona recibir\u00e1 un c\u00f3digo y podr\u00e1 elegir por s\u00ed misma la opci\u00f3n que m\u00e1s le convenga.<\/li>\n<\/ul>\n","protected":false},"featured_media":269919,"template":"","meta":{"_acf_changed":false},"product_brand":[],"product_cat":[269,192,221,197,207,244,234,268],"product_tag":[],"class_list":{"0":"post-255638","1":"product","2":"type-product","3":"status-publish","4":"has-post-thumbnail","6":"product_cat-cheque-regalo","7":"product_cat-higiene-facial-sostenible","8":"product_cat-hogar-sostenible","9":"product_cat-maternidad-y-crianza","10":"product_cat-higiene-menstrual-sostenible","11":"product_cat-packs-maternidad-bebe","12":"product_cat-packs-menstruales-es","13":"product_cat-sostenible","15":"first","16":"instock","17":"taxable","18":"shipping-taxable","19":"purchasable","20":"product-type-pw-gift-card"},"acf":[],"yoast_head":"<!-- This site is optimized with the Yoast SEO plugin v27.2 - https:\/\/yoast.com\/product\/yoast-seo-wordpress\/ -->\n<title>Cheque Regalo - n\u00fcshu<\/title>\n<meta name=\"description\" content=\"Cheque regalo n\u00fcshu sin caducidad, canjeable por cualquier producto de la tienda online. Regala libertad de elecci\u00f3n.\" \/>\n<meta name=\"robots\" content=\"index, follow, max-snippet:-1, max-image-preview:large, max-video-preview:-1\" \/>\n<link rel=\"canonical\" href=\"https:\/\/www.nushu.cat\/es\/producto\/cheque-regalo\/\" \/>\n<meta property=\"og:locale\" content=\"es_ES\" \/>\n<meta property=\"og:type\" content=\"article\" \/>\n<meta property=\"og:title\" content=\"Cheque Regalo - n\u00fcshu\" \/>\n<meta property=\"og:description\" content=\"Cheque regalo n\u00fcshu sin caducidad, canjeable por cualquier producto de la tienda online. Regala libertad de elecci\u00f3n.\" \/>\n<meta property=\"og:url\" content=\"https:\/\/www.nushu.cat\/es\/producto\/cheque-regalo\/\" \/>\n<meta property=\"og:site_name\" content=\"n\u00fcshu\" \/>\n<meta property=\"article:publisher\" content=\"https:\/\/www.facebook.com\/nushu.artesania\/\" \/>\n<meta property=\"article:modified_time\" content=\"2026-02-09T12:50:25+00:00\" \/>\n<meta property=\"og:image\" content=\"https:\/\/www.nushu.cat\/wp-content\/uploads\/2024\/02\/cheque-regalo-nushu.webp\" \/>\n\t<meta property=\"og:image:width\" content=\"1000\" \/>\n\t<meta property=\"og:image:height\" content=\"707\" \/>\n\t<meta property=\"og:image:type\" content=\"image\/webp\" \/>\n<meta name=\"twitter:card\" content=\"summary_large_image\" \/>\n<meta name=\"twitter:label1\" content=\"Tiempo de lectura\" \/>\n\t<meta name=\"twitter:data1\" content=\"1 minuto\" \/>\n<!-- \/ Yoast SEO plugin. -->","yoast_head_json":{"title":"Cheque Regalo - n\u00fcshu","description":"Cheque regalo n\u00fcshu sin caducidad, canjeable por cualquier producto de la tienda online. Regala libertad de elecci\u00f3n.","robots":{"index":"index","follow":"follow","max-snippet":"max-snippet:-1","max-image-preview":"max-image-preview:large","max-video-preview":"max-video-preview:-1"},"canonical":"https:\/\/www.nushu.cat\/es\/producto\/cheque-regalo\/","og_locale":"es_ES","og_type":"article","og_title":"Cheque Regalo - n\u00fcshu","og_description":"Cheque regalo n\u00fcshu sin caducidad, canjeable por cualquier producto de la tienda online. Regala libertad de elecci\u00f3n.","og_url":"https:\/\/www.nushu.cat\/es\/producto\/cheque-regalo\/","og_site_name":"n\u00fcshu","article_publisher":"https:\/\/www.facebook.com\/nushu.artesania\/","article_modified_time":"2026-02-09T12:50:25+00:00","og_image":[{"width":1000,"height":707,"url":"https:\/\/www.nushu.cat\/wp-content\/uploads\/2024\/02\/cheque-regalo-nushu.webp","type":"image\/webp"}],"twitter_card":"summary_large_image","twitter_misc":{"Tiempo de lectura":"1 minuto"},"schema":{"@context":"https:\/\/schema.org","@graph":[{"@type":"WebPage","@id":"https:\/\/www.nushu.cat\/es\/producto\/cheque-regalo\/","url":"https:\/\/www.nushu.cat\/es\/producto\/cheque-regalo\/","name":"Cheque Regalo - n\u00fcshu","isPartOf":{"@id":"https:\/\/www.nushu.cat\/es\/#website"},"primaryImageOfPage":{"@id":"https:\/\/www.nushu.cat\/es\/producto\/cheque-regalo\/#primaryimage"},"image":{"@id":"https:\/\/www.nushu.cat\/es\/producto\/cheque-regalo\/#primaryimage"},"thumbnailUrl":"https:\/\/www.nushu.cat\/wp-content\/uploads\/2024\/02\/cheque-regalo-nushu.webp","datePublished":"2024-02-02T11:50:36+00:00","dateModified":"2026-02-09T12:50:25+00:00","description":"Cheque regalo n\u00fcshu sin caducidad, canjeable por cualquier producto de la tienda online. Regala libertad de elecci\u00f3n.","breadcrumb":{"@id":"https:\/\/www.nushu.cat\/es\/producto\/cheque-regalo\/#breadcrumb"},"inLanguage":"es","potentialAction":[{"@type":"ReadAction","target":["https:\/\/www.nushu.cat\/es\/producto\/cheque-regalo\/"]}]},{"@type":"ImageObject","inLanguage":"es","@id":"https:\/\/www.nushu.cat\/es\/producto\/cheque-regalo\/#primaryimage","url":"https:\/\/www.nushu.cat\/wp-content\/uploads\/2024\/02\/cheque-regalo-nushu.webp","contentUrl":"https:\/\/www.nushu.cat\/wp-content\/uploads\/2024\/02\/cheque-regalo-nushu.webp","width":1000,"height":707,"caption":"Cheque regalo de n\u00fcshu"},{"@type":"BreadcrumbList","@id":"https:\/\/www.nushu.cat\/es\/producto\/cheque-regalo\/#breadcrumb","itemListElement":[{"@type":"ListItem","position":1,"name":"Inici","item":"https:\/\/www.nushu.cat\/es\/"},{"@type":"ListItem","position":2,"name":"Tienda","item":"https:\/\/www.nushu.cat\/es\/tienda\/"},{"@type":"ListItem","position":3,"name":"Cheque Regalo"}]},{"@type":"WebSite","@id":"https:\/\/www.nushu.cat\/es\/#website","url":"https:\/\/www.nushu.cat\/es\/","name":"n\u00fcshu","description":"natural &amp; sostenible","publisher":{"@id":"https:\/\/www.nushu.cat\/es\/#organization"},"potentialAction":[{"@type":"SearchAction","target":{"@type":"EntryPoint","urlTemplate":"https:\/\/www.nushu.cat\/es\/?s={search_term_string}"},"query-input":{"@type":"PropertyValueSpecification","valueRequired":true,"valueName":"search_term_string"}}],"inLanguage":"es"},{"@type":"Organization","@id":"https:\/\/www.nushu.cat\/es\/#organization","name":"n\u00fcshu","url":"https:\/\/www.nushu.cat\/es\/","logo":{"@type":"ImageObject","inLanguage":"es","@id":"https:\/\/www.nushu.cat\/es\/#\/schema\/logo\/image\/","url":"https:\/\/www.nushu.cat\/wp-content\/uploads\/2024\/02\/nushu-share-1-1.png","contentUrl":"https:\/\/www.nushu.cat\/wp-content\/uploads\/2024\/02\/nushu-share-1-1.png","width":1080,"height":1080,"caption":"n\u00fcshu"},"image":{"@id":"https:\/\/www.nushu.cat\/es\/#\/schema\/logo\/image\/"},"sameAs":["https:\/\/www.facebook.com\/nushu.artesania\/","https:\/\/www.instagram.com\/nushu_artesania"]}]}},"jetpack_sharing_enabled":true,"_links":{"self":[{"href":"https:\/\/www.nushu.cat\/es\/wp-json\/wp\/v2\/product\/255638","targetHints":{"allow":["GET"]}}],"collection":[{"href":"https:\/\/www.nushu.cat\/es\/wp-json\/wp\/v2\/product"}],"about":[{"href":"https:\/\/www.nushu.cat\/es\/wp-json\/wp\/v2\/types\/product"}],"version-history":[{"count":1,"href":"https:\/\/www.nushu.cat\/es\/wp-json\/wp\/v2\/product\/255638\/revisions"}],"predecessor-version":[{"id":269922,"href":"https:\/\/www.nushu.cat\/es\/wp-json\/wp\/v2\/product\/255638\/revisions\/269922"}],"wp:featuredmedia":[{"embeddable":true,"href":"https:\/\/www.nushu.cat\/es\/wp-json\/wp\/v2\/media\/269919"}],"wp:attachment":[{"href":"https:\/\/www.nushu.cat\/es\/wp-json\/wp\/v2\/media?parent=255638"}],"wp:term":[{"taxonomy":"product_brand","embeddable":true,"href":"https:\/\/www.nushu.cat\/es\/wp-json\/wp\/v2\/product_brand?post=255638"},{"taxonomy":"product_cat","embeddable":true,"href":"https:\/\/www.nushu.cat\/es\/wp-json\/wp\/v2\/product_cat?post=255638"},{"taxonomy":"product_tag","embeddable":true,"href":"https:\/\/www.nushu.cat\/es\/wp-json\/wp\/v2\/product_tag?post=255638"}],"curies":[{"name":"wp","href":"https:\/\/api.w.org\/{rel}","templated":true}]}}