{"id":255644,"date":"2024-02-02T12:04:23","date_gmt":"2024-02-02T12:04:23","guid":{"rendered":"https:\/\/www.nushu.cat\/product\/mama\/"},"modified":"2024-02-02T12:04:23","modified_gmt":"2024-02-02T12:04:23","slug":"mama","status":"publish","type":"product","link":"https:\/\/www.nushu.cat\/es\/producto\/mama\/","title":{"rendered":"Mam\u00e1"},"content":{"rendered":"<p>&#8220;Mam\u00e1&#8221; es un libro ilustrado espectacular, con peque\u00f1os textos llenos de amor, sabidur\u00eda, espacios compartidos por mujeres de todo el mundo que tienen en com\u00fan el amor inmenso por sus hijos.<br \/>\nMadres solteras, madres de familia numerosa, madres j\u00f3venes y no tanto, madres de ahora y de antes, de aqu\u00ed y de all\u00e1&#8230;<\/p>\n<p>Un libro emocionante que es un regalo para las madres.<\/p>\n<p>Un libro de gran formato bonito y especial, editado por Algar, que cuenta con los textos de H\u00e9l\u00e8ne Delforge y las ilustraciones llenas de emoci\u00f3n de Quentim Gr\u00e9ban.<\/p>\n<h2 class=\"text-h5\">Helene Delforge, la escritora<\/h2>\n<p>H\u00e9l\u00e8ne Delforge ha trabajado como maestra y como periodista. Estudi\u00f3 literatura y, desde peque\u00f1a, ha querido ser artista. Esta vocaci\u00f3n se ha traducido en un mont\u00f3n de historias<\/p>\n<h2 class=\"text-h5\">Quentin Greban, la ilustradora<\/h2>\n<p>(Bruselas, 1977) estudi\u00f3 ilustraci\u00f3n en el instituto Saint Luc de Bruselas. Su trayectoria se inicia en 1999, y desde entonces ya ha publicado m\u00e1s de 25 libros infantiles, obras que han sido traducidas a una decena de idiomas.<\/p>\n<p>&nbsp;<\/p>\n<h2>Ficha t\u00e9cnica<\/h2>\n<div data-v-03ed71b5=\"\">\n<p>N\u00famero de p\u00e1ginas:72<br \/>\nEditorial:SIMBOL<br \/>\nIdioma:CATAL\u00c0<br \/>\nEnquadernaci\u00f3: Tapa dura<br \/>\nISBN:9788415315506<br \/>\nA\u00f1o edici\u00f3n: Noviembre 2023 (s\u00e9ptima edici\u00f3n)<br \/>\nPlaza de edici\u00f3n: CA<br \/>\nFecha de lanzamiento:01\/04\/2018<\/p>\n<\/div>\n","protected":false},"excerpt":{"rendered":"<p>Mam\u00e1. Madre. Un nombre \u00fanico y diverso a la vez. Cada ni\u00f1@ tiene una. Una palabra para expresar el amor, la ternura, el v\u00ednculo, la necesidad, la espera y, en ocasiones, la ausencia.<\/p>\n","protected":false},"featured_media":253153,"template":"","meta":{"_acf_changed":false},"product_brand":[],"product_cat":[198,259,197,268],"product_tag":[],"class_list":{"0":"post-255644","1":"product","2":"type-product","3":"status-publish","4":"has-post-thumbnail","6":"product_cat-maternidad-sostenible","7":"product_cat-libros","8":"product_cat-maternidad-y-crianza","9":"product_cat-sostenible","11":"first","12":"instock","13":"taxable","14":"shipping-taxable","15":"purchasable","16":"product-type-variable"},"acf":[],"yoast_head":"<!-- This site is optimized with the Yoast SEO plugin v27.4 - https:\/\/yoast.com\/product\/yoast-seo-wordpress\/ -->\n<title>Mam\u00e1 - n\u00fcshu<\/title>\n<meta name=\"description\" content=\"Mam\u00e1. Madre. Un nombre \u00fanico y diverso a la vez. Cada ni\u00f1@ tiene una. Una palabra para expresar el amor, la ternura, el v\u00ednculo, la necesidad, la espera y, en ocasiones, la ausencia.\" \/>\n<meta name=\"robots\" content=\"index, follow, max-snippet:-1, max-image-preview:large, max-video-preview:-1\" \/>\n<link rel=\"canonical\" href=\"https:\/\/www.nushu.cat\/es\/producto\/mama\/\" \/>\n<meta property=\"og:locale\" content=\"es_ES\" \/>\n<meta property=\"og:type\" content=\"article\" \/>\n<meta property=\"og:title\" content=\"Mam\u00e1 - n\u00fcshu\" \/>\n<meta property=\"og:description\" content=\"Mam\u00e1. Madre. Un nombre \u00fanico y diverso a la vez. Cada ni\u00f1@ tiene una. Una palabra para expresar el amor, la ternura, el v\u00ednculo, la necesidad, la espera y, en ocasiones, la ausencia.\" \/>\n<meta property=\"og:url\" content=\"https:\/\/www.nushu.cat\/es\/producto\/mama\/\" \/>\n<meta property=\"og:site_name\" content=\"n\u00fcshu\" \/>\n<meta property=\"article:publisher\" content=\"https:\/\/www.facebook.com\/nushu.artesania\/\" \/>\n<meta property=\"og:image\" content=\"https:\/\/www.nushu.cat\/wp-content\/uploads\/2024\/02\/mama-libro.jpg\" \/>\n\t<meta property=\"og:image:width\" content=\"1196\" \/>\n\t<meta property=\"og:image:height\" content=\"1500\" \/>\n\t<meta property=\"og:image:type\" content=\"image\/jpeg\" \/>\n<meta name=\"twitter:card\" content=\"summary_large_image\" \/>\n<meta name=\"twitter:label1\" content=\"Tiempo de lectura\" \/>\n\t<meta name=\"twitter:data1\" content=\"1 minuto\" \/>\n<!-- \/ Yoast SEO plugin. -->","yoast_head_json":{"title":"Mam\u00e1 - n\u00fcshu","description":"Mam\u00e1. Madre. Un nombre \u00fanico y diverso a la vez. Cada ni\u00f1@ tiene una. Una palabra para expresar el amor, la ternura, el v\u00ednculo, la necesidad, la espera y, en ocasiones, la ausencia.","robots":{"index":"index","follow":"follow","max-snippet":"max-snippet:-1","max-image-preview":"max-image-preview:large","max-video-preview":"max-video-preview:-1"},"canonical":"https:\/\/www.nushu.cat\/es\/producto\/mama\/","og_locale":"es_ES","og_type":"article","og_title":"Mam\u00e1 - n\u00fcshu","og_description":"Mam\u00e1. Madre. Un nombre \u00fanico y diverso a la vez. Cada ni\u00f1@ tiene una. Una palabra para expresar el amor, la ternura, el v\u00ednculo, la necesidad, la espera y, en ocasiones, la ausencia.","og_url":"https:\/\/www.nushu.cat\/es\/producto\/mama\/","og_site_name":"n\u00fcshu","article_publisher":"https:\/\/www.facebook.com\/nushu.artesania\/","og_image":[{"width":1196,"height":1500,"url":"https:\/\/www.nushu.cat\/wp-content\/uploads\/2024\/02\/mama-libro.jpg","type":"image\/jpeg"}],"twitter_card":"summary_large_image","twitter_misc":{"Tiempo de lectura":"1 minuto"},"schema":{"@context":"https:\/\/schema.org","@graph":[{"@type":"WebPage","@id":"https:\/\/www.nushu.cat\/es\/producto\/mama\/","url":"https:\/\/www.nushu.cat\/es\/producto\/mama\/","name":"Mam\u00e1 - n\u00fcshu","isPartOf":{"@id":"https:\/\/www.nushu.cat\/es\/#website"},"primaryImageOfPage":{"@id":"https:\/\/www.nushu.cat\/es\/producto\/mama\/#primaryimage"},"image":{"@id":"https:\/\/www.nushu.cat\/es\/producto\/mama\/#primaryimage"},"thumbnailUrl":"https:\/\/www.nushu.cat\/wp-content\/uploads\/2024\/02\/mama-libro.jpg","datePublished":"2024-02-02T12:04:23+00:00","description":"Mam\u00e1. Madre. Un nombre \u00fanico y diverso a la vez. Cada ni\u00f1@ tiene una. Una palabra para expresar el amor, la ternura, el v\u00ednculo, la necesidad, la espera y, en ocasiones, la ausencia.","breadcrumb":{"@id":"https:\/\/www.nushu.cat\/es\/producto\/mama\/#breadcrumb"},"inLanguage":"es","potentialAction":[{"@type":"ReadAction","target":["https:\/\/www.nushu.cat\/es\/producto\/mama\/"]}]},{"@type":"ImageObject","inLanguage":"es","@id":"https:\/\/www.nushu.cat\/es\/producto\/mama\/#primaryimage","url":"https:\/\/www.nushu.cat\/wp-content\/uploads\/2024\/02\/mama-libro.jpg","contentUrl":"https:\/\/www.nushu.cat\/wp-content\/uploads\/2024\/02\/mama-libro.jpg","width":1196,"height":1500,"caption":"Mam\u00e1 libro"},{"@type":"BreadcrumbList","@id":"https:\/\/www.nushu.cat\/es\/producto\/mama\/#breadcrumb","itemListElement":[{"@type":"ListItem","position":1,"name":"Inici","item":"https:\/\/www.nushu.cat\/es\/compreses-de-tela\/"},{"@type":"ListItem","position":2,"name":"Tienda","item":"https:\/\/www.nushu.cat\/es\/tienda\/"},{"@type":"ListItem","position":3,"name":"Mam\u00e1"}]},{"@type":"WebSite","@id":"https:\/\/www.nushu.cat\/es\/#website","url":"https:\/\/www.nushu.cat\/es\/","name":"n\u00fcshu","description":"natural &amp; sostenible","publisher":{"@id":"https:\/\/www.nushu.cat\/es\/#organization"},"potentialAction":[{"@type":"SearchAction","target":{"@type":"EntryPoint","urlTemplate":"https:\/\/www.nushu.cat\/es\/?s={search_term_string}"},"query-input":{"@type":"PropertyValueSpecification","valueRequired":true,"valueName":"search_term_string"}}],"inLanguage":"es"},{"@type":"Organization","@id":"https:\/\/www.nushu.cat\/es\/#organization","name":"n\u00fcshu","url":"https:\/\/www.nushu.cat\/es\/","logo":{"@type":"ImageObject","inLanguage":"es","@id":"https:\/\/www.nushu.cat\/es\/#\/schema\/logo\/image\/","url":"https:\/\/www.nushu.cat\/wp-content\/uploads\/2024\/02\/nushu-share-1-1.png","contentUrl":"https:\/\/www.nushu.cat\/wp-content\/uploads\/2024\/02\/nushu-share-1-1.png","width":1080,"height":1080,"caption":"n\u00fcshu"},"image":{"@id":"https:\/\/www.nushu.cat\/es\/#\/schema\/logo\/image\/"},"sameAs":["https:\/\/www.facebook.com\/nushu.artesania\/","https:\/\/www.instagram.com\/nushu_artesania"]}]}},"jetpack_sharing_enabled":true,"_links":{"self":[{"href":"https:\/\/www.nushu.cat\/es\/wp-json\/wp\/v2\/product\/255644","targetHints":{"allow":["GET"]}}],"collection":[{"href":"https:\/\/www.nushu.cat\/es\/wp-json\/wp\/v2\/product"}],"about":[{"href":"https:\/\/www.nushu.cat\/es\/wp-json\/wp\/v2\/types\/product"}],"version-history":[{"count":0,"href":"https:\/\/www.nushu.cat\/es\/wp-json\/wp\/v2\/product\/255644\/revisions"}],"wp:featuredmedia":[{"embeddable":true,"href":"https:\/\/www.nushu.cat\/es\/wp-json\/wp\/v2\/media\/253153"}],"wp:attachment":[{"href":"https:\/\/www.nushu.cat\/es\/wp-json\/wp\/v2\/media?parent=255644"}],"wp:term":[{"taxonomy":"product_brand","embeddable":true,"href":"https:\/\/www.nushu.cat\/es\/wp-json\/wp\/v2\/product_brand?post=255644"},{"taxonomy":"product_cat","embeddable":true,"href":"https:\/\/www.nushu.cat\/es\/wp-json\/wp\/v2\/product_cat?post=255644"},{"taxonomy":"product_tag","embeddable":true,"href":"https:\/\/www.nushu.cat\/es\/wp-json\/wp\/v2\/product_tag?post=255644"}],"curies":[{"name":"wp","href":"https:\/\/api.w.org\/{rel}","templated":true}]}}