{"id":255663,"date":"2024-02-02T11:40:55","date_gmt":"2024-02-02T11:40:55","guid":{"rendered":"https:\/\/www.nushu.cat\/product\/una-nueva-manera-de-menstruar\/"},"modified":"2024-02-02T11:40:55","modified_gmt":"2024-02-02T11:40:55","slug":"una-nueva-manera-de-menstruar","status":"publish","type":"product","link":"https:\/\/www.nushu.cat\/es\/producto\/una-nueva-manera-de-menstruar\/","title":{"rendered":"Una nueva manera de menstruar"},"content":{"rendered":"<p>Descubre una nueva forma de menstruar con <strong>Anna Salvia<\/strong>, la psic\u00f3loga especializada en educaci\u00f3n sexual de referencia.<br \/>\nMenstruar no deber\u00eda provocar malestar ni dolor, al igual que no lo hace dormir, comer ni orinar.<br \/>\nSi vivimos la regla as\u00ed, es porque no hemos recibido una buena educaci\u00f3n menstrual, ni en casa ni en la escuela. Lo poco que nos explicaron sobre la regla suele ser err\u00f3neo y nos aboca a vivirla con malestar, verg\u00fcenza y dolor.<br \/>\n\u00a1Pero la verdad es que <strong>se puede menstruar de otra manera!<\/strong><br \/>\nEn este libro, la psic\u00f3loga especializada en educaci\u00f3n sexual Anna Salvia comparte los conocimientos y recursos acumulados durante m\u00e1s de diez a\u00f1os trabajando con mujeres de todas las edades, investigando el ciclo menstrual y sangrando libremente.<br \/>\nHa publicado t\u00edtulos de referencia sobre el ciclo menstrual que han cambiado la vida a miles de mujeres y ni\u00f1as, como son La regla mola (si sabes c\u00f3mo funciona), Viaje al ciclo menstrual y El baile de la vida a las mujeres.<\/p>\n<h1>Este libro es para ti si\u2026<\/h1>\n<p>&#8230; te gustar\u00eda decir que la regla mola pero hace a\u00f1os que odi\u00e1ndola.<br \/>\n&#8230;te has reconciliado y quieres ir a\u00fan m\u00e1s lejos.<br \/>\n&#8230;deseas saber qu\u00e9 es y c\u00f3mo practicar el sangrado libre.<br \/>\n&#8230; quieres comprender por qu\u00e9 el malestar y el dolor no son tus enemigos sino sabios mensajeros.<\/p>\n<h1>Ficha t\u00e9cnica<\/h1>\n<p>N\u00famero de p\u00e1ginas: 144<br \/>\nEditorial: BRUGUERA<br \/>\nIdioma: CASTELLANO<br \/>\nEncuadernaci\u00f3n: Tapa dura<br \/>\nISBN: 9788402423948<br \/>\nA\u00f1o de edici\u00f3n: 2021<br \/>\nPlaza de edici\u00f3n: ES<br \/>\nIlustradora: Cristina Torr\u00f3n<br \/>\nFecha de lanzamiento: 15\/04\/2021<br \/>\nMedidas: Alto: 24.7 cm, Ancho: 18.2 cm, Grosor: 1.7 cm<br \/>\nPeso: 528 gr<\/p>\n","protected":false},"excerpt":{"rendered":"<p>Anna Salvia, en este libro nos muestra una nueva forma de menstruar conociendo y respetando nuestros cuerpos y nuestras necesidades menstruales.<\/p>\n","protected":false},"featured_media":253114,"template":"","meta":{"_acf_changed":false},"product_brand":[],"product_cat":[259,268],"product_tag":[],"class_list":{"0":"post-255663","1":"product","2":"type-product","3":"status-publish","4":"has-post-thumbnail","6":"product_cat-libros","7":"product_cat-sostenible","9":"first","10":"instock","11":"taxable","12":"shipping-taxable","13":"purchasable","14":"product-type-simple"},"acf":[],"yoast_head":"<!-- This site is optimized with the Yoast SEO plugin v27.4 - https:\/\/yoast.com\/product\/yoast-seo-wordpress\/ -->\n<title>Una nueva manera de menstruar - n\u00fcshu<\/title>\n<meta name=\"description\" content=\"Anna Salvia, en este libro nos muestra una nueva forma de menstruar conociendo y respetando nuestros cuerpos y nuestras necesidades menstruales.\" \/>\n<meta name=\"robots\" content=\"index, follow, max-snippet:-1, max-image-preview:large, max-video-preview:-1\" \/>\n<link rel=\"canonical\" href=\"https:\/\/www.nushu.cat\/es\/producto\/una-nueva-manera-de-menstruar\/\" \/>\n<meta property=\"og:locale\" content=\"es_ES\" \/>\n<meta property=\"og:type\" content=\"article\" \/>\n<meta property=\"og:title\" content=\"Una nueva manera de menstruar - n\u00fcshu\" \/>\n<meta property=\"og:description\" content=\"Anna Salvia, en este libro nos muestra una nueva forma de menstruar conociendo y respetando nuestros cuerpos y nuestras necesidades menstruales.\" \/>\n<meta property=\"og:url\" content=\"https:\/\/www.nushu.cat\/es\/producto\/una-nueva-manera-de-menstruar\/\" \/>\n<meta property=\"og:site_name\" content=\"n\u00fcshu\" \/>\n<meta property=\"article:publisher\" content=\"https:\/\/www.facebook.com\/nushu.artesania\/\" \/>\n<meta property=\"og:image\" content=\"https:\/\/www.nushu.cat\/wp-content\/uploads\/2024\/02\/una-nueva-manera-de-menstruar-portada-1.png\" \/>\n\t<meta property=\"og:image:width\" content=\"283\" \/>\n\t<meta property=\"og:image:height\" content=\"283\" \/>\n\t<meta property=\"og:image:type\" content=\"image\/png\" \/>\n<meta name=\"twitter:card\" content=\"summary_large_image\" \/>\n<meta name=\"twitter:label1\" content=\"Tiempo de lectura\" \/>\n\t<meta name=\"twitter:data1\" content=\"1 minuto\" \/>\n<!-- \/ Yoast SEO plugin. -->","yoast_head_json":{"title":"Una nueva manera de menstruar - n\u00fcshu","description":"Anna Salvia, en este libro nos muestra una nueva forma de menstruar conociendo y respetando nuestros cuerpos y nuestras necesidades menstruales.","robots":{"index":"index","follow":"follow","max-snippet":"max-snippet:-1","max-image-preview":"max-image-preview:large","max-video-preview":"max-video-preview:-1"},"canonical":"https:\/\/www.nushu.cat\/es\/producto\/una-nueva-manera-de-menstruar\/","og_locale":"es_ES","og_type":"article","og_title":"Una nueva manera de menstruar - n\u00fcshu","og_description":"Anna Salvia, en este libro nos muestra una nueva forma de menstruar conociendo y respetando nuestros cuerpos y nuestras necesidades menstruales.","og_url":"https:\/\/www.nushu.cat\/es\/producto\/una-nueva-manera-de-menstruar\/","og_site_name":"n\u00fcshu","article_publisher":"https:\/\/www.facebook.com\/nushu.artesania\/","og_image":[{"width":283,"height":283,"url":"https:\/\/www.nushu.cat\/wp-content\/uploads\/2024\/02\/una-nueva-manera-de-menstruar-portada-1.png","type":"image\/png"}],"twitter_card":"summary_large_image","twitter_misc":{"Tiempo de lectura":"1 minuto"},"schema":{"@context":"https:\/\/schema.org","@graph":[{"@type":"WebPage","@id":"https:\/\/www.nushu.cat\/es\/producto\/una-nueva-manera-de-menstruar\/","url":"https:\/\/www.nushu.cat\/es\/producto\/una-nueva-manera-de-menstruar\/","name":"Una nueva manera de menstruar - n\u00fcshu","isPartOf":{"@id":"https:\/\/www.nushu.cat\/es\/#website"},"primaryImageOfPage":{"@id":"https:\/\/www.nushu.cat\/es\/producto\/una-nueva-manera-de-menstruar\/#primaryimage"},"image":{"@id":"https:\/\/www.nushu.cat\/es\/producto\/una-nueva-manera-de-menstruar\/#primaryimage"},"thumbnailUrl":"https:\/\/www.nushu.cat\/wp-content\/uploads\/2024\/02\/una-nueva-manera-de-menstruar-portada-1.png","datePublished":"2024-02-02T11:40:55+00:00","description":"Anna Salvia, en este libro nos muestra una nueva forma de menstruar conociendo y respetando nuestros cuerpos y nuestras necesidades menstruales.","breadcrumb":{"@id":"https:\/\/www.nushu.cat\/es\/producto\/una-nueva-manera-de-menstruar\/#breadcrumb"},"inLanguage":"es","potentialAction":[{"@type":"ReadAction","target":["https:\/\/www.nushu.cat\/es\/producto\/una-nueva-manera-de-menstruar\/"]}]},{"@type":"ImageObject","inLanguage":"es","@id":"https:\/\/www.nushu.cat\/es\/producto\/una-nueva-manera-de-menstruar\/#primaryimage","url":"https:\/\/www.nushu.cat\/wp-content\/uploads\/2024\/02\/una-nueva-manera-de-menstruar-portada-1.png","contentUrl":"https:\/\/www.nushu.cat\/wp-content\/uploads\/2024\/02\/una-nueva-manera-de-menstruar-portada-1.png","width":283,"height":283,"caption":"Una nueva manera de menstruar"},{"@type":"BreadcrumbList","@id":"https:\/\/www.nushu.cat\/es\/producto\/una-nueva-manera-de-menstruar\/#breadcrumb","itemListElement":[{"@type":"ListItem","position":1,"name":"Inici","item":"https:\/\/www.nushu.cat\/es\/compreses-de-tela\/"},{"@type":"ListItem","position":2,"name":"Tienda","item":"https:\/\/www.nushu.cat\/es\/tienda\/"},{"@type":"ListItem","position":3,"name":"Una nueva manera de menstruar"}]},{"@type":"WebSite","@id":"https:\/\/www.nushu.cat\/es\/#website","url":"https:\/\/www.nushu.cat\/es\/","name":"n\u00fcshu","description":"natural &amp; sostenible","publisher":{"@id":"https:\/\/www.nushu.cat\/es\/#organization"},"potentialAction":[{"@type":"SearchAction","target":{"@type":"EntryPoint","urlTemplate":"https:\/\/www.nushu.cat\/es\/?s={search_term_string}"},"query-input":{"@type":"PropertyValueSpecification","valueRequired":true,"valueName":"search_term_string"}}],"inLanguage":"es"},{"@type":"Organization","@id":"https:\/\/www.nushu.cat\/es\/#organization","name":"n\u00fcshu","url":"https:\/\/www.nushu.cat\/es\/","logo":{"@type":"ImageObject","inLanguage":"es","@id":"https:\/\/www.nushu.cat\/es\/#\/schema\/logo\/image\/","url":"https:\/\/www.nushu.cat\/wp-content\/uploads\/2024\/02\/nushu-share-1-1.png","contentUrl":"https:\/\/www.nushu.cat\/wp-content\/uploads\/2024\/02\/nushu-share-1-1.png","width":1080,"height":1080,"caption":"n\u00fcshu"},"image":{"@id":"https:\/\/www.nushu.cat\/es\/#\/schema\/logo\/image\/"},"sameAs":["https:\/\/www.facebook.com\/nushu.artesania\/","https:\/\/www.instagram.com\/nushu_artesania"]}]}},"jetpack_sharing_enabled":true,"_links":{"self":[{"href":"https:\/\/www.nushu.cat\/es\/wp-json\/wp\/v2\/product\/255663","targetHints":{"allow":["GET"]}}],"collection":[{"href":"https:\/\/www.nushu.cat\/es\/wp-json\/wp\/v2\/product"}],"about":[{"href":"https:\/\/www.nushu.cat\/es\/wp-json\/wp\/v2\/types\/product"}],"version-history":[{"count":0,"href":"https:\/\/www.nushu.cat\/es\/wp-json\/wp\/v2\/product\/255663\/revisions"}],"wp:featuredmedia":[{"embeddable":true,"href":"https:\/\/www.nushu.cat\/es\/wp-json\/wp\/v2\/media\/253114"}],"wp:attachment":[{"href":"https:\/\/www.nushu.cat\/es\/wp-json\/wp\/v2\/media?parent=255663"}],"wp:term":[{"taxonomy":"product_brand","embeddable":true,"href":"https:\/\/www.nushu.cat\/es\/wp-json\/wp\/v2\/product_brand?post=255663"},{"taxonomy":"product_cat","embeddable":true,"href":"https:\/\/www.nushu.cat\/es\/wp-json\/wp\/v2\/product_cat?post=255663"},{"taxonomy":"product_tag","embeddable":true,"href":"https:\/\/www.nushu.cat\/es\/wp-json\/wp\/v2\/product_tag?post=255663"}],"curies":[{"name":"wp","href":"https:\/\/api.w.org\/{rel}","templated":true}]}}