{"id":255671,"date":"2020-03-10T12:15:54","date_gmt":"2020-03-10T11:15:54","guid":{"rendered":"https:\/\/www.nushu.cat\/product\/jabon\/"},"modified":"2026-03-26T10:22:21","modified_gmt":"2026-03-26T09:22:21","slug":"jabon-sostenible","status":"publish","type":"product","link":"https:\/\/www.nushu.cat\/es\/producto\/jabon-sostenible\/","title":{"rendered":"Jab\u00f3n para limpiar compresas de tela"},"content":{"rendered":"<p data-start=\"521\" data-end=\"584\"><strong data-start=\"521\" data-end=\"584\">Jab\u00f3n sostenible para compresas de tela y bragas menstruales<\/strong><\/p>\n<p data-start=\"586\" data-end=\"906\">El <strong data-start=\"589\" data-end=\"641\">jab\u00f3n sostenible de n\u00fcshu para compresas de tela<\/strong> ha sido creado espec\u00edficamente para limpiar <strong data-start=\"684\" data-end=\"752\">compresas reutilizables, salvaslips de tela y bragas menstruales<\/strong>, ayudando a eliminar manchas de sangre, mantener la capacidad de absorci\u00f3n y alargar la vida \u00fatil de los tejidos. Dise\u00f1ado en exclusiva por @nutwa.viajecapilar. <\/p>\n<p data-start=\"908\" data-end=\"1188\">A diferencia de muchos jabones convencionales, este<strong data-start=\"959\" data-end=\"1014\"> jab\u00f3n para compresas de tela no est\u00e1 sobreengordado<\/strong>, evitando la pel\u00edcula impermeable que puede hacer que las compresas dejen de absorber correctamente. Limpieza en profundidad sin da\u00f1ar los tejidos ni alterar el <strong data-start=\"1173\" data-end=\"1187\">pH vaginal<\/strong>. <\/p>\n<p data-start=\"1190\" data-end=\"1395\">Su f\u00f3rmula incorpora <strong data-start=\"1216\" data-end=\"1265\">plantas medicinales como la artemisa y la salvia,<\/strong> con propiedades limpiadoras, desinfectantes y purificantes, ideales para una<strong data-start=\"1341\" data-end=\"1394\"> higiene menstrual natural, saludable y sostenible.<\/strong><\/p>\n<p data-start=\"1397\" data-end=\"1429\"><strong data-start=\"1397\" data-end=\"1429\">Caracter\u00edsticas principales:<\/strong><\/p>\n<ul data-start=\"1430\" data-end=\"1761\">\n<li data-start=\"1430\" data-end=\"1518\">\n<p data-start=\"1432\" data-end=\"1518\">F\u00f3rmula<strong data-start=\"1440\" data-end=\"1467\"> natural y biodegradable<\/strong>, sin qu\u00edmicos agresivos ni perfumes artificiales.<\/p>\n<\/li>\n<li data-start=\"1519\" data-end=\"1601\">\n<p data-start=\"1521\" data-end=\"1601\">Eficaz contra las manchas de sangre en compresas de tela y bragas menstruales.<\/p>\n<\/li>\n<li data-start=\"1602\" data-end=\"1657\">\n<p data-start=\"1604\" data-end=\"1657\">No afecta a la <strong data-start=\"1617\" data-end=\"1641\">capacidad de absorci\u00f3n<\/strong> de los tejidos.<\/p>\n<\/li>\n<li data-start=\"1658\" data-end=\"1703\">\n<p data-start=\"1660\" data-end=\"1703\"><strong data-start=\"1660\" data-end=\"1674\">Zero waste,<\/strong> sin envases de pl\u00e1stico.<\/p>\n<\/li>\n<li data-start=\"1704\" data-end=\"1761\">\n<p data-start=\"1706\" data-end=\"1761\">Ideal para una<strong data-start=\"1722\" data-end=\"1748\"> menstruaci\u00f3n sostenible<\/strong> y consciente.<\/p>\n<\/li>\n<\/ul>\n<p data-start=\"1763\" data-end=\"1868\">Jab\u00f3n <strong data-start=\"1768\" data-end=\"1781\">artesanal<\/strong>, hecho a mano. Cada pieza es \u00fanica y puede presentar peque\u00f1as variaciones con respecto a la imagen. <\/p>\n<p data-start=\"1870\" data-end=\"1975\">Apuesta por una higiene menstrual m\u00e1s respetuosa con el <strong data-start=\"1926\" data-end=\"1974\">jab\u00f3n artesano para compresas de tela de n\u00fcshu.<\/strong><\/p>\n","protected":false},"excerpt":{"rendered":"<p>Jab\u00f3n natural y sostenible<strong> para limpiar compresas de tela<\/strong>, salvaslips reutilizables y <strong>bragas menstruales.<\/strong><br \/>\n<strong>Elimina manchas <\/strong>de sangre sin afectar a la capacidad de absorci\u00f3n ni al pH vaginal.<br \/>\nCero waste y artesanal.<\/p>\n","protected":false},"featured_media":270257,"template":"","meta":{"_acf_changed":false},"product_brand":[],"product_cat":[208,207,268],"product_tag":[],"class_list":{"0":"post-255671","1":"product","2":"type-product","3":"status-publish","4":"has-post-thumbnail","6":"product_cat-complementos-menstruales","7":"product_cat-higiene-menstrual-sostenible","8":"product_cat-sostenible","10":"first","11":"instock","12":"taxable","13":"shipping-taxable","14":"purchasable","15":"product-type-variable","16":"has-default-attributes"},"acf":[],"yoast_head":"<!-- This site is optimized with the Yoast SEO plugin v27.4 - https:\/\/yoast.com\/product\/yoast-seo-wordpress\/ -->\n<title>Jab\u00f3n para limpiar compresas de tela - n\u00fcshu<\/title>\n<meta name=\"description\" content=\"Jab\u00f3n sostenible para compresas de tela y bragas menstruales. Elimina manchas de sangre sin da\u00f1ar los tejidos ni su absorci\u00f3n. Natural y cero waste.\" \/>\n<meta name=\"robots\" content=\"index, follow, max-snippet:-1, max-image-preview:large, max-video-preview:-1\" \/>\n<link rel=\"canonical\" href=\"https:\/\/www.nushu.cat\/es\/producto\/jabon-sostenible\/\" \/>\n<meta property=\"og:locale\" content=\"es_ES\" \/>\n<meta property=\"og:type\" content=\"article\" \/>\n<meta property=\"og:title\" content=\"Jab\u00f3n para limpiar compresas de tela - n\u00fcshu\" \/>\n<meta property=\"og:description\" content=\"Jab\u00f3n sostenible para compresas de tela y bragas menstruales. Elimina manchas de sangre sin da\u00f1ar los tejidos ni su absorci\u00f3n. Natural y cero waste.\" \/>\n<meta property=\"og:url\" content=\"https:\/\/www.nushu.cat\/es\/producto\/jabon-sostenible\/\" \/>\n<meta property=\"og:site_name\" content=\"n\u00fcshu\" \/>\n<meta property=\"article:publisher\" content=\"https:\/\/www.facebook.com\/nushu.artesania\/\" \/>\n<meta property=\"article:modified_time\" content=\"2026-03-26T09:22:21+00:00\" \/>\n<meta property=\"og:image\" content=\"https:\/\/www.nushu.cat\/wp-content\/uploads\/2026\/01\/jabones-para-limpiar-compresas-de-tela.png\" \/>\n\t<meta property=\"og:image:width\" content=\"1000\" \/>\n\t<meta property=\"og:image:height\" content=\"1000\" \/>\n\t<meta property=\"og:image:type\" content=\"image\/png\" \/>\n<meta name=\"twitter:card\" content=\"summary_large_image\" \/>\n<meta name=\"twitter:label1\" content=\"Tiempo de lectura\" \/>\n\t<meta name=\"twitter:data1\" content=\"1 minuto\" \/>\n<!-- \/ Yoast SEO plugin. -->","yoast_head_json":{"title":"Jab\u00f3n para limpiar compresas de tela - n\u00fcshu","description":"Jab\u00f3n sostenible para compresas de tela y bragas menstruales. Elimina manchas de sangre sin da\u00f1ar los tejidos ni su absorci\u00f3n. Natural y cero waste.","robots":{"index":"index","follow":"follow","max-snippet":"max-snippet:-1","max-image-preview":"max-image-preview:large","max-video-preview":"max-video-preview:-1"},"canonical":"https:\/\/www.nushu.cat\/es\/producto\/jabon-sostenible\/","og_locale":"es_ES","og_type":"article","og_title":"Jab\u00f3n para limpiar compresas de tela - n\u00fcshu","og_description":"Jab\u00f3n sostenible para compresas de tela y bragas menstruales. Elimina manchas de sangre sin da\u00f1ar los tejidos ni su absorci\u00f3n. Natural y cero waste.","og_url":"https:\/\/www.nushu.cat\/es\/producto\/jabon-sostenible\/","og_site_name":"n\u00fcshu","article_publisher":"https:\/\/www.facebook.com\/nushu.artesania\/","article_modified_time":"2026-03-26T09:22:21+00:00","og_image":[{"width":1000,"height":1000,"url":"https:\/\/www.nushu.cat\/wp-content\/uploads\/2026\/01\/jabones-para-limpiar-compresas-de-tela.png","type":"image\/png"}],"twitter_card":"summary_large_image","twitter_misc":{"Tiempo de lectura":"1 minuto"},"schema":{"@context":"https:\/\/schema.org","@graph":[{"@type":"WebPage","@id":"https:\/\/www.nushu.cat\/es\/producto\/jabon-sostenible\/","url":"https:\/\/www.nushu.cat\/es\/producto\/jabon-sostenible\/","name":"Jab\u00f3n para limpiar compresas de tela - n\u00fcshu","isPartOf":{"@id":"https:\/\/www.nushu.cat\/es\/#website"},"primaryImageOfPage":{"@id":"https:\/\/www.nushu.cat\/es\/producto\/jabon-sostenible\/#primaryimage"},"image":{"@id":"https:\/\/www.nushu.cat\/es\/producto\/jabon-sostenible\/#primaryimage"},"thumbnailUrl":"https:\/\/www.nushu.cat\/wp-content\/uploads\/2020\/03\/jabones-para-limpiar-compresas-de-tela.webp","datePublished":"2020-03-10T11:15:54+00:00","dateModified":"2026-03-26T09:22:21+00:00","description":"Jab\u00f3n sostenible para compresas de tela y bragas menstruales. Elimina manchas de sangre sin da\u00f1ar los tejidos ni su absorci\u00f3n. Natural y cero waste.","breadcrumb":{"@id":"https:\/\/www.nushu.cat\/es\/producto\/jabon-sostenible\/#breadcrumb"},"inLanguage":"es","potentialAction":[{"@type":"ReadAction","target":["https:\/\/www.nushu.cat\/es\/producto\/jabon-sostenible\/"]}]},{"@type":"ImageObject","inLanguage":"es","@id":"https:\/\/www.nushu.cat\/es\/producto\/jabon-sostenible\/#primaryimage","url":"https:\/\/www.nushu.cat\/wp-content\/uploads\/2020\/03\/jabones-para-limpiar-compresas-de-tela.webp","contentUrl":"https:\/\/www.nushu.cat\/wp-content\/uploads\/2020\/03\/jabones-para-limpiar-compresas-de-tela.webp","width":1000,"height":1000,"caption":"Jabones para limpiar las compresas de tela"},{"@type":"BreadcrumbList","@id":"https:\/\/www.nushu.cat\/es\/producto\/jabon-sostenible\/#breadcrumb","itemListElement":[{"@type":"ListItem","position":1,"name":"Inici","item":"https:\/\/www.nushu.cat\/es\/compreses-de-tela\/"},{"@type":"ListItem","position":2,"name":"Tienda","item":"https:\/\/www.nushu.cat\/es\/tienda\/"},{"@type":"ListItem","position":3,"name":"Jab\u00f3n para limpiar compresas de tela"}]},{"@type":"WebSite","@id":"https:\/\/www.nushu.cat\/es\/#website","url":"https:\/\/www.nushu.cat\/es\/","name":"n\u00fcshu","description":"natural &amp; sostenible","publisher":{"@id":"https:\/\/www.nushu.cat\/es\/#organization"},"potentialAction":[{"@type":"SearchAction","target":{"@type":"EntryPoint","urlTemplate":"https:\/\/www.nushu.cat\/es\/?s={search_term_string}"},"query-input":{"@type":"PropertyValueSpecification","valueRequired":true,"valueName":"search_term_string"}}],"inLanguage":"es"},{"@type":"Organization","@id":"https:\/\/www.nushu.cat\/es\/#organization","name":"n\u00fcshu","url":"https:\/\/www.nushu.cat\/es\/","logo":{"@type":"ImageObject","inLanguage":"es","@id":"https:\/\/www.nushu.cat\/es\/#\/schema\/logo\/image\/","url":"https:\/\/www.nushu.cat\/wp-content\/uploads\/2024\/02\/nushu-share-1-1.png","contentUrl":"https:\/\/www.nushu.cat\/wp-content\/uploads\/2024\/02\/nushu-share-1-1.png","width":1080,"height":1080,"caption":"n\u00fcshu"},"image":{"@id":"https:\/\/www.nushu.cat\/es\/#\/schema\/logo\/image\/"},"sameAs":["https:\/\/www.facebook.com\/nushu.artesania\/","https:\/\/www.instagram.com\/nushu_artesania"]}]}},"jetpack_sharing_enabled":true,"_links":{"self":[{"href":"https:\/\/www.nushu.cat\/es\/wp-json\/wp\/v2\/product\/255671","targetHints":{"allow":["GET"]}}],"collection":[{"href":"https:\/\/www.nushu.cat\/es\/wp-json\/wp\/v2\/product"}],"about":[{"href":"https:\/\/www.nushu.cat\/es\/wp-json\/wp\/v2\/types\/product"}],"version-history":[{"count":2,"href":"https:\/\/www.nushu.cat\/es\/wp-json\/wp\/v2\/product\/255671\/revisions"}],"predecessor-version":[{"id":269132,"href":"https:\/\/www.nushu.cat\/es\/wp-json\/wp\/v2\/product\/255671\/revisions\/269132"}],"wp:featuredmedia":[{"embeddable":true,"href":"https:\/\/www.nushu.cat\/es\/wp-json\/wp\/v2\/media\/270257"}],"wp:attachment":[{"href":"https:\/\/www.nushu.cat\/es\/wp-json\/wp\/v2\/media?parent=255671"}],"wp:term":[{"taxonomy":"product_brand","embeddable":true,"href":"https:\/\/www.nushu.cat\/es\/wp-json\/wp\/v2\/product_brand?post=255671"},{"taxonomy":"product_cat","embeddable":true,"href":"https:\/\/www.nushu.cat\/es\/wp-json\/wp\/v2\/product_cat?post=255671"},{"taxonomy":"product_tag","embeddable":true,"href":"https:\/\/www.nushu.cat\/es\/wp-json\/wp\/v2\/product_tag?post=255671"}],"curies":[{"name":"wp","href":"https:\/\/api.w.org\/{rel}","templated":true}]}}