{"id":255672,"date":"2024-02-02T12:30:35","date_gmt":"2024-02-02T12:30:35","guid":{"rendered":"https:\/\/www.nushu.cat\/product\/papa\/"},"modified":"2026-03-15T07:28:48","modified_gmt":"2026-03-15T06:28:48","slug":"papa","status":"publish","type":"product","link":"https:\/\/www.nushu.cat\/es\/producto\/papa\/","title":{"rendered":"Pap\u00e1"},"content":{"rendered":"<p>Un libro que no deja indiferente y que se aproxima a la figura de los padres y la paternidad desde el punto de vista m\u00e1s tierno, sensible y po\u00e9tico. Quentin Greban y H\u00e9l\u00e8ne Delforge han vuelto a hacerlo. Despu\u00e9s de los magn\u00edficos \u00e1lbumes Madre y Te quiero, publican ahora Padre con unas ilustraciones que dejan sin aliento y unos textos impregnados de sensibilidad y emotividad.<\/p>\n<p>Un libro de gran formato bonito y especial, editado por Algar, que cuenta con los textos de H\u00e9l\u00e8ne Delforge y las ilustraciones llenas de emoci\u00f3n de Quentim Gr\u00e9ban.<\/p>\n<h2 class=\"text-h5\">Helene Delforge, la escritora<\/h2>\n<p>H\u00e9l\u00e8ne Delforge ha trabajado como maestra y como periodista. Estudi\u00f3 literatura y, desde peque\u00f1a, ha querido ser artista. Esta vocaci\u00f3n se ha traducido en un mont\u00f3n de historias<\/p>\n<h2 class=\"text-h5\">Quentin Greban, la ilustradora<\/h2>\n<p>(Bruselas, 1977) estudi\u00f3 ilustraci\u00f3n en el instituto Saint Luc de Bruselas. Su trayectoria se inicia en 1999, y desde entonces ya ha publicado m\u00e1s de 25 libros infantiles, obras que han sido traducidas a una decena de idiomas.<\/p>\n<p>&nbsp;<\/p>\n<h2>Ficha t\u00e9cnica<\/h2>\n<div data-v-03ed71b5=\"\">\n<p>N\u00famero de p\u00e1ginas:72<br \/>\nEditorial: SIMBOL<br \/>\nIdioma: CASTELLANO<br \/>\nEncuadernaci\u00f3n: Tapa dura<br \/>\nISBN: 9788418696244<br \/>\nA\u00f1o de edici\u00f3n: 2023<br \/>\nLugar de edici\u00f3n:SANT CUGAT DEL VALL\u00c8S<br \/>\nIlustrador:QUENTIN GREVEN<br \/>\nFecha de lanzamiento: 30\/08\/2023<br \/>\nAlt: 31 cm<br \/>\nAncho: 23 cm<\/p>\n<\/div>\n","protected":false},"excerpt":{"rendered":"<p>El padre y la paternidad desde el punto de vista m\u00e1s tierno, sensible y po\u00e9tico.<\/p>\n","protected":false},"featured_media":253107,"template":"","meta":{"_acf_changed":false},"product_brand":[],"product_cat":[259,198,197,268],"product_tag":[],"class_list":{"0":"post-255672","1":"product","2":"type-product","3":"status-publish","4":"has-post-thumbnail","6":"product_cat-libros","7":"product_cat-maternidad-sostenible","8":"product_cat-maternidad-y-crianza","9":"product_cat-sostenible","11":"first","12":"instock","13":"taxable","14":"shipping-taxable","15":"purchasable","16":"product-type-variable"},"acf":[],"yoast_head":"<!-- This site is optimized with the Yoast SEO plugin v27.4 - https:\/\/yoast.com\/product\/yoast-seo-wordpress\/ -->\n<title>Pap\u00e1 - n\u00fcshu<\/title>\n<meta name=\"description\" content=\"El padre y la paternidad desde el punto de vista m\u00e1s tierno, sensible y po\u00e9tico.\" \/>\n<meta name=\"robots\" content=\"index, follow, max-snippet:-1, max-image-preview:large, max-video-preview:-1\" \/>\n<link rel=\"canonical\" href=\"https:\/\/www.nushu.cat\/es\/producto\/papa\/\" \/>\n<meta property=\"og:locale\" content=\"es_ES\" \/>\n<meta property=\"og:type\" content=\"article\" \/>\n<meta property=\"og:title\" content=\"Pap\u00e1 - n\u00fcshu\" \/>\n<meta property=\"og:description\" content=\"El padre y la paternidad desde el punto de vista m\u00e1s tierno, sensible y po\u00e9tico.\" \/>\n<meta property=\"og:url\" content=\"https:\/\/www.nushu.cat\/es\/producto\/papa\/\" \/>\n<meta property=\"og:site_name\" content=\"n\u00fcshu\" \/>\n<meta property=\"article:publisher\" content=\"https:\/\/www.facebook.com\/nushu.artesania\/\" \/>\n<meta property=\"article:modified_time\" content=\"2026-03-15T06:28:48+00:00\" \/>\n<meta property=\"og:image\" content=\"https:\/\/www.nushu.cat\/wp-content\/uploads\/2024\/02\/papa-libro.jpg\" \/>\n\t<meta property=\"og:image:width\" content=\"1118\" \/>\n\t<meta property=\"og:image:height\" content=\"1500\" \/>\n\t<meta property=\"og:image:type\" content=\"image\/jpeg\" \/>\n<meta name=\"twitter:card\" content=\"summary_large_image\" \/>\n<meta name=\"twitter:label1\" content=\"Tiempo de lectura\" \/>\n\t<meta name=\"twitter:data1\" content=\"1 minuto\" \/>\n<!-- \/ Yoast SEO plugin. -->","yoast_head_json":{"title":"Pap\u00e1 - n\u00fcshu","description":"El padre y la paternidad desde el punto de vista m\u00e1s tierno, sensible y po\u00e9tico.","robots":{"index":"index","follow":"follow","max-snippet":"max-snippet:-1","max-image-preview":"max-image-preview:large","max-video-preview":"max-video-preview:-1"},"canonical":"https:\/\/www.nushu.cat\/es\/producto\/papa\/","og_locale":"es_ES","og_type":"article","og_title":"Pap\u00e1 - n\u00fcshu","og_description":"El padre y la paternidad desde el punto de vista m\u00e1s tierno, sensible y po\u00e9tico.","og_url":"https:\/\/www.nushu.cat\/es\/producto\/papa\/","og_site_name":"n\u00fcshu","article_publisher":"https:\/\/www.facebook.com\/nushu.artesania\/","article_modified_time":"2026-03-15T06:28:48+00:00","og_image":[{"width":1118,"height":1500,"url":"https:\/\/www.nushu.cat\/wp-content\/uploads\/2024\/02\/papa-libro.jpg","type":"image\/jpeg"}],"twitter_card":"summary_large_image","twitter_misc":{"Tiempo de lectura":"1 minuto"},"schema":{"@context":"https:\/\/schema.org","@graph":[{"@type":"WebPage","@id":"https:\/\/www.nushu.cat\/es\/producto\/papa\/","url":"https:\/\/www.nushu.cat\/es\/producto\/papa\/","name":"Pap\u00e1 - n\u00fcshu","isPartOf":{"@id":"https:\/\/www.nushu.cat\/es\/#website"},"primaryImageOfPage":{"@id":"https:\/\/www.nushu.cat\/es\/producto\/papa\/#primaryimage"},"image":{"@id":"https:\/\/www.nushu.cat\/es\/producto\/papa\/#primaryimage"},"thumbnailUrl":"https:\/\/www.nushu.cat\/wp-content\/uploads\/2024\/02\/papa-libro.jpg","datePublished":"2024-02-02T12:30:35+00:00","dateModified":"2026-03-15T06:28:48+00:00","description":"El padre y la paternidad desde el punto de vista m\u00e1s tierno, sensible y po\u00e9tico.","breadcrumb":{"@id":"https:\/\/www.nushu.cat\/es\/producto\/papa\/#breadcrumb"},"inLanguage":"es","potentialAction":[{"@type":"ReadAction","target":["https:\/\/www.nushu.cat\/es\/producto\/papa\/"]}]},{"@type":"ImageObject","inLanguage":"es","@id":"https:\/\/www.nushu.cat\/es\/producto\/papa\/#primaryimage","url":"https:\/\/www.nushu.cat\/wp-content\/uploads\/2024\/02\/papa-libro.jpg","contentUrl":"https:\/\/www.nushu.cat\/wp-content\/uploads\/2024\/02\/papa-libro.jpg","width":1118,"height":1500},{"@type":"BreadcrumbList","@id":"https:\/\/www.nushu.cat\/es\/producto\/papa\/#breadcrumb","itemListElement":[{"@type":"ListItem","position":1,"name":"Inici","item":"https:\/\/www.nushu.cat\/es\/compreses-de-tela\/"},{"@type":"ListItem","position":2,"name":"Tienda","item":"https:\/\/www.nushu.cat\/es\/tienda\/"},{"@type":"ListItem","position":3,"name":"Pap\u00e1"}]},{"@type":"WebSite","@id":"https:\/\/www.nushu.cat\/es\/#website","url":"https:\/\/www.nushu.cat\/es\/","name":"n\u00fcshu","description":"natural &amp; sostenible","publisher":{"@id":"https:\/\/www.nushu.cat\/es\/#organization"},"potentialAction":[{"@type":"SearchAction","target":{"@type":"EntryPoint","urlTemplate":"https:\/\/www.nushu.cat\/es\/?s={search_term_string}"},"query-input":{"@type":"PropertyValueSpecification","valueRequired":true,"valueName":"search_term_string"}}],"inLanguage":"es"},{"@type":"Organization","@id":"https:\/\/www.nushu.cat\/es\/#organization","name":"n\u00fcshu","url":"https:\/\/www.nushu.cat\/es\/","logo":{"@type":"ImageObject","inLanguage":"es","@id":"https:\/\/www.nushu.cat\/es\/#\/schema\/logo\/image\/","url":"https:\/\/www.nushu.cat\/wp-content\/uploads\/2024\/02\/nushu-share-1-1.png","contentUrl":"https:\/\/www.nushu.cat\/wp-content\/uploads\/2024\/02\/nushu-share-1-1.png","width":1080,"height":1080,"caption":"n\u00fcshu"},"image":{"@id":"https:\/\/www.nushu.cat\/es\/#\/schema\/logo\/image\/"},"sameAs":["https:\/\/www.facebook.com\/nushu.artesania\/","https:\/\/www.instagram.com\/nushu_artesania"]}]}},"jetpack_sharing_enabled":true,"_links":{"self":[{"href":"https:\/\/www.nushu.cat\/es\/wp-json\/wp\/v2\/product\/255672","targetHints":{"allow":["GET"]}}],"collection":[{"href":"https:\/\/www.nushu.cat\/es\/wp-json\/wp\/v2\/product"}],"about":[{"href":"https:\/\/www.nushu.cat\/es\/wp-json\/wp\/v2\/types\/product"}],"version-history":[{"count":0,"href":"https:\/\/www.nushu.cat\/es\/wp-json\/wp\/v2\/product\/255672\/revisions"}],"wp:featuredmedia":[{"embeddable":true,"href":"https:\/\/www.nushu.cat\/es\/wp-json\/wp\/v2\/media\/253107"}],"wp:attachment":[{"href":"https:\/\/www.nushu.cat\/es\/wp-json\/wp\/v2\/media?parent=255672"}],"wp:term":[{"taxonomy":"product_brand","embeddable":true,"href":"https:\/\/www.nushu.cat\/es\/wp-json\/wp\/v2\/product_brand?post=255672"},{"taxonomy":"product_cat","embeddable":true,"href":"https:\/\/www.nushu.cat\/es\/wp-json\/wp\/v2\/product_cat?post=255672"},{"taxonomy":"product_tag","embeddable":true,"href":"https:\/\/www.nushu.cat\/es\/wp-json\/wp\/v2\/product_tag?post=255672"}],"curies":[{"name":"wp","href":"https:\/\/api.w.org\/{rel}","templated":true}]}}