{"id":263630,"date":"2024-04-08T18:35:14","date_gmt":"2024-04-08T16:35:14","guid":{"rendered":"https:\/\/www.nushu.cat\/producte\/cero-tabus\/"},"modified":"2025-11-29T22:26:46","modified_gmt":"2025-11-29T21:26:46","slug":"cero-tabus","status":"publish","type":"product","link":"https:\/\/www.nushu.cat\/es\/producto\/cero-tabus\/","title":{"rendered":"Cero tab\u00fas"},"content":{"rendered":"<p>Los ni\u00f1os y las ni\u00f1as tienen muchas preguntas sobre la vulva, el pene o c\u00f3mo se hace un beb\u00e9.<\/p>\n<p>Descubre con estos libros imprescindibles todas las respuestas que los m\u00e1s peque\u00f1os necesitan.<\/p>\n<p>La colecci\u00f3n infantil Menstruita Mini, creada por la psic\u00f3loga especializada en educaci\u00f3n sexual Anna Salvia y por la ilustradora y realizadora multimedia Cristina Torr\u00f3n, llega tras el fen\u00f3meno editorial <i>La regla mola (si sabes c\u00f3mo funciona)<\/i> para ayudarte a hablar de sexualidad de forma directa, sencilla y divertida.<\/p>\n<p>\u00a1Todos los libros incluyen una gu\u00eda para familias y educadores!<\/p>\n<p><strong>Menstruita<\/strong> es el seud\u00f3nimo de la ilustradora CRISTINA TORR\u00d3N. Una gran artista, que ha enamorado a las redes sociales con sus dibujos sobre la educaci\u00f3n sexual y la menstruaci\u00f3n. <\/p>\n<p><strong>ANNA SALVIA<\/strong>, psic\u00f3loga especializada en educaci\u00f3n y salud sexual. Tiene como prop\u00f3sito mejorar la educaci\u00f3n sexual de personas de todas las edades. Lo consigue dando educaci\u00f3n sexual (a ni\u00f1os, ni\u00f1as, adolescentes y mujeres), ense\u00f1ando familias y profesionales a dar educaci\u00f3n sexual (mediante talleres, charlas y formaciones) y escribiendo libros de divulgaci\u00f3n sobre sexualidad para mayores y peque\u00f1os.  <\/p>\n","protected":false},"excerpt":{"rendered":"<p>Un pack de 3 libros para acompa\u00f1ar y educar la sexualidad de los m\u00e1s peque\u00f1os de la casa.<br \/>Se llama vulva + Se llama pene + As\u00ed se hace un beb\u00e9.<br \/>Colecci\u00f3n Mini Menstruita<br \/>\nP\u00e1ginas: 48<br \/>\nEdad: A partir de 4 a\u00f1os<br \/>\nTapa dura<br \/>\nIdioma: Espa\u00f1ol, euskera y catal\u00e1n<br \/>\nAutor: Anna Salvia y Cristina Torr\u00f3n (Menstruita)<br \/>\nEditorial: PENGUIN KIDS<br \/>\nDimensiones: 285mm x 265mm<\/p>\n","protected":false},"featured_media":263885,"template":"","meta":{"_acf_changed":false},"product_brand":[],"product_cat":[198,259,197,268],"product_tag":[],"class_list":{"0":"post-263630","1":"product","2":"type-product","3":"status-publish","4":"has-post-thumbnail","6":"product_cat-maternidad-sostenible","7":"product_cat-libros","8":"product_cat-maternidad-y-crianza","9":"product_cat-sostenible","11":"first","12":"instock","13":"sale","14":"taxable","15":"shipping-taxable","16":"purchasable","17":"product-type-variable"},"acf":[],"yoast_head":"<!-- This site is optimized with the Yoast SEO plugin v27.2 - https:\/\/yoast.com\/product\/yoast-seo-wordpress\/ -->\n<title>Libro Cero tab\u00fas - n\u00fcshu<\/title>\n<meta name=\"description\" content=\"Colecci\u00f3n de libros escritos por Anna Salvia, psic\u00f3loga especialista en educaci\u00f3n sexual, e ilustrados Cristina Torr\u00f3n, creadora de Menstruita.\" \/>\n<meta name=\"robots\" content=\"index, follow, max-snippet:-1, max-image-preview:large, max-video-preview:-1\" \/>\n<link rel=\"canonical\" href=\"https:\/\/www.nushu.cat\/es\/producto\/cero-tabus\/\" \/>\n<meta property=\"og:locale\" content=\"es_ES\" \/>\n<meta property=\"og:type\" content=\"article\" \/>\n<meta property=\"og:title\" content=\"Libro Cero tab\u00fas - n\u00fcshu\" \/>\n<meta property=\"og:description\" content=\"Colecci\u00f3n de libros escritos por Anna Salvia, psic\u00f3loga especialista en educaci\u00f3n sexual, e ilustrados Cristina Torr\u00f3n, creadora de Menstruita.\" \/>\n<meta property=\"og:url\" content=\"https:\/\/www.nushu.cat\/es\/producto\/cero-tabus\/\" \/>\n<meta property=\"og:site_name\" content=\"n\u00fcshu\" \/>\n<meta property=\"article:publisher\" content=\"https:\/\/www.facebook.com\/nushu.artesania\/\" \/>\n<meta property=\"article:modified_time\" content=\"2025-11-29T21:26:46+00:00\" \/>\n<meta property=\"og:image\" content=\"https:\/\/www.nushu.cat\/wp-content\/uploads\/2024\/04\/img_4771-scaled.jpeg\" \/>\n\t<meta property=\"og:image:width\" content=\"2560\" \/>\n\t<meta property=\"og:image:height\" content=\"2560\" \/>\n\t<meta property=\"og:image:type\" content=\"image\/jpeg\" \/>\n<meta name=\"twitter:card\" content=\"summary_large_image\" \/>\n<meta name=\"twitter:label1\" content=\"Tiempo de lectura\" \/>\n\t<meta name=\"twitter:data1\" content=\"1 minuto\" \/>\n<!-- \/ Yoast SEO plugin. -->","yoast_head_json":{"title":"Libro Cero tab\u00fas - n\u00fcshu","description":"Colecci\u00f3n de libros escritos por Anna Salvia, psic\u00f3loga especialista en educaci\u00f3n sexual, e ilustrados Cristina Torr\u00f3n, creadora de Menstruita.","robots":{"index":"index","follow":"follow","max-snippet":"max-snippet:-1","max-image-preview":"max-image-preview:large","max-video-preview":"max-video-preview:-1"},"canonical":"https:\/\/www.nushu.cat\/es\/producto\/cero-tabus\/","og_locale":"es_ES","og_type":"article","og_title":"Libro Cero tab\u00fas - n\u00fcshu","og_description":"Colecci\u00f3n de libros escritos por Anna Salvia, psic\u00f3loga especialista en educaci\u00f3n sexual, e ilustrados Cristina Torr\u00f3n, creadora de Menstruita.","og_url":"https:\/\/www.nushu.cat\/es\/producto\/cero-tabus\/","og_site_name":"n\u00fcshu","article_publisher":"https:\/\/www.facebook.com\/nushu.artesania\/","article_modified_time":"2025-11-29T21:26:46+00:00","og_image":[{"width":2560,"height":2560,"url":"https:\/\/www.nushu.cat\/wp-content\/uploads\/2024\/04\/img_4771-scaled.jpeg","type":"image\/jpeg"}],"twitter_card":"summary_large_image","twitter_misc":{"Tiempo de lectura":"1 minuto"},"schema":{"@context":"https:\/\/schema.org","@graph":[{"@type":"WebPage","@id":"https:\/\/www.nushu.cat\/es\/producto\/cero-tabus\/","url":"https:\/\/www.nushu.cat\/es\/producto\/cero-tabus\/","name":"Libro Cero tab\u00fas - n\u00fcshu","isPartOf":{"@id":"https:\/\/www.nushu.cat\/es\/#website"},"primaryImageOfPage":{"@id":"https:\/\/www.nushu.cat\/es\/producto\/cero-tabus\/#primaryimage"},"image":{"@id":"https:\/\/www.nushu.cat\/es\/producto\/cero-tabus\/#primaryimage"},"thumbnailUrl":"https:\/\/www.nushu.cat\/wp-content\/uploads\/2024\/04\/img_4771-scaled.jpeg","datePublished":"2024-04-08T16:35:14+00:00","dateModified":"2025-11-29T21:26:46+00:00","description":"Colecci\u00f3n de libros escritos por Anna Salvia, psic\u00f3loga especialista en educaci\u00f3n sexual, e ilustrados Cristina Torr\u00f3n, creadora de Menstruita.","breadcrumb":{"@id":"https:\/\/www.nushu.cat\/es\/producto\/cero-tabus\/#breadcrumb"},"inLanguage":"es","potentialAction":[{"@type":"ReadAction","target":["https:\/\/www.nushu.cat\/es\/producto\/cero-tabus\/"]}]},{"@type":"ImageObject","inLanguage":"es","@id":"https:\/\/www.nushu.cat\/es\/producto\/cero-tabus\/#primaryimage","url":"https:\/\/www.nushu.cat\/wp-content\/uploads\/2024\/04\/img_4771-scaled.jpeg","contentUrl":"https:\/\/www.nushu.cat\/wp-content\/uploads\/2024\/04\/img_4771-scaled.jpeg","width":2560,"height":2560},{"@type":"BreadcrumbList","@id":"https:\/\/www.nushu.cat\/es\/producto\/cero-tabus\/#breadcrumb","itemListElement":[{"@type":"ListItem","position":1,"name":"Inici","item":"https:\/\/www.nushu.cat\/es\/compreses-de-tela\/"},{"@type":"ListItem","position":2,"name":"Tienda","item":"https:\/\/www.nushu.cat\/es\/tienda\/"},{"@type":"ListItem","position":3,"name":"Cero tab\u00fas"}]},{"@type":"WebSite","@id":"https:\/\/www.nushu.cat\/es\/#website","url":"https:\/\/www.nushu.cat\/es\/","name":"n\u00fcshu","description":"natural &amp; sostenible","publisher":{"@id":"https:\/\/www.nushu.cat\/es\/#organization"},"potentialAction":[{"@type":"SearchAction","target":{"@type":"EntryPoint","urlTemplate":"https:\/\/www.nushu.cat\/es\/?s={search_term_string}"},"query-input":{"@type":"PropertyValueSpecification","valueRequired":true,"valueName":"search_term_string"}}],"inLanguage":"es"},{"@type":"Organization","@id":"https:\/\/www.nushu.cat\/es\/#organization","name":"n\u00fcshu","url":"https:\/\/www.nushu.cat\/es\/","logo":{"@type":"ImageObject","inLanguage":"es","@id":"https:\/\/www.nushu.cat\/es\/#\/schema\/logo\/image\/","url":"https:\/\/www.nushu.cat\/wp-content\/uploads\/2024\/02\/nushu-share-1-1.png","contentUrl":"https:\/\/www.nushu.cat\/wp-content\/uploads\/2024\/02\/nushu-share-1-1.png","width":1080,"height":1080,"caption":"n\u00fcshu"},"image":{"@id":"https:\/\/www.nushu.cat\/es\/#\/schema\/logo\/image\/"},"sameAs":["https:\/\/www.facebook.com\/nushu.artesania\/","https:\/\/www.instagram.com\/nushu_artesania"]}]}},"jetpack_sharing_enabled":true,"_links":{"self":[{"href":"https:\/\/www.nushu.cat\/es\/wp-json\/wp\/v2\/product\/263630","targetHints":{"allow":["GET"]}}],"collection":[{"href":"https:\/\/www.nushu.cat\/es\/wp-json\/wp\/v2\/product"}],"about":[{"href":"https:\/\/www.nushu.cat\/es\/wp-json\/wp\/v2\/types\/product"}],"version-history":[{"count":1,"href":"https:\/\/www.nushu.cat\/es\/wp-json\/wp\/v2\/product\/263630\/revisions"}],"predecessor-version":[{"id":268619,"href":"https:\/\/www.nushu.cat\/es\/wp-json\/wp\/v2\/product\/263630\/revisions\/268619"}],"wp:featuredmedia":[{"embeddable":true,"href":"https:\/\/www.nushu.cat\/es\/wp-json\/wp\/v2\/media\/263885"}],"wp:attachment":[{"href":"https:\/\/www.nushu.cat\/es\/wp-json\/wp\/v2\/media?parent=263630"}],"wp:term":[{"taxonomy":"product_brand","embeddable":true,"href":"https:\/\/www.nushu.cat\/es\/wp-json\/wp\/v2\/product_brand?post=263630"},{"taxonomy":"product_cat","embeddable":true,"href":"https:\/\/www.nushu.cat\/es\/wp-json\/wp\/v2\/product_cat?post=263630"},{"taxonomy":"product_tag","embeddable":true,"href":"https:\/\/www.nushu.cat\/es\/wp-json\/wp\/v2\/product_tag?post=263630"}],"curies":[{"name":"wp","href":"https:\/\/api.w.org\/{rel}","templated":true}]}}