{"id":263919,"date":"2024-04-17T14:45:21","date_gmt":"2024-04-17T12:45:21","guid":{"rendered":"https:\/\/www.nushu.cat\/?post_type=product&#038;p=263919"},"modified":"2024-12-10T15:25:05","modified_gmt":"2024-12-10T14:25:05","slug":"mama-y-papa","status":"publish","type":"product","link":"https:\/\/www.nushu.cat\/es\/producto\/mama-y-papa\/","title":{"rendered":"Mam\u00e1 y pap\u00e1"},"content":{"rendered":"<h2>Mam\u00e1<\/h2>\n<p>&#8221; Mam\u00e1&#8221; es un libro ilustrado espectacular, con peque\u00f1os textos llenos de amor, sabidur\u00eda, espacios compartidos por mujeres de todo el mundo que tienen en com\u00fan el amor inmenso por sus hijos.<br \/>\nMadres solteras, madres de familia numerosa, madres j\u00f3venes y no tanto, madres de ahora y antes, de aqu\u00ed y de all\u00e1\u2026<\/p>\n<p>Un libro emocionante que es un regalo para las madres.<\/p>\n<p>Un libro de gran formato bonito y especial, editado por s\u00edmbolos editores, que cuenta con los textos de H\u00e9l\u00e8ne Delforge y las ilustraciones llenas de emoci\u00f3n de Quentim Gr\u00e9ban.<\/p>\n<h2>Pap\u00e1<\/h2>\n<p>Un libro que no deja indiferente y que se aproxima a la figura de los padres y la paternidad desde el punto de vista m\u00e1s tierno, sensible y po\u00e9tico. Quentin Greban y H\u00e9l\u00e8ne Delforge han vuelto a hacerlo. Despu\u00e9s de los magn\u00edficos \u00e1lbumes Madre y Te quiero, publican ahora Padre con unas ilustraciones que dejan sin aliento y unos textos empapados de sensibilidad y emotividad.<\/p>\n<p>Un libro de gran formato bonito y especial, editado por s\u00edmbolos editores, que cuenta con los textos de H\u00e9l\u00e8ne Delforge y las ilustraciones llenas de emoci\u00f3n de Quentim Gr\u00e9ban.<\/p>\n<h2 class=\"text-h5\">Helene Delforge, la escritora<\/h2>\n<p>H\u00e9l\u00e8ne Delforge ha trabajado como maestra y como periodista. Estudi\u00f3 literatura y, desde peque\u00f1a, ha querido ser artista. Esta vocaci\u00f3n se ha traducido en un mont\u00f3n de historias<\/p>\n<h2 class=\"text-h5\">Quentin Greban, la ilustradora<\/h2>\n<p>(Bruselas, 1977) estudi\u00f3 ilustraci\u00f3n en el instituto Saint Luc de Bruselas. Su trayectoria se inicia en 1999, y desde entonces ya ha publicado m\u00e1s de 25 libros infantiles, obras que han sido traducidas a una decena de idiomas.<\/p>\n<h2>Ficha t\u00e9cnica<\/h2>\n<div data-v-03ed71b5=\"\">\n<p>N\u00famero de p\u00e1ginas: 72<br \/>\nEditorial: SIMBOL<br \/>\nIdioma: CASTELLANO<br \/>\nEnquadernaci\u00f3n: Tapa dura<br \/>\nPlaZa de edici\u00f3n: CA<br \/>\nFecha de lanzamiento: 01\/04\/2018 (mam\u00e1) \u00a030\/08\/2023 (pap\u00e1)<\/p>\n<\/div>\n","protected":false},"excerpt":{"rendered":"<p>Madre y padre.<\/p>\n<p>Dos libros tiernos y lindos.<\/p>\n<p>Un regalo para una familia que crece, que se ampl\u00eda con la llegada de un nuevo miembro.<\/p>\n<p>C\u00f3mpralos en pack, los dos juntos, y ah\u00f3rrate dinero.<\/p>\n","protected":false},"featured_media":263932,"template":"","meta":{"_acf_changed":false},"product_brand":[],"product_cat":[198,259,197,268],"product_tag":[],"class_list":{"0":"post-263919","1":"product","2":"type-product","3":"status-publish","4":"has-post-thumbnail","6":"product_cat-maternidad-sostenible","7":"product_cat-libros","8":"product_cat-maternidad-y-crianza","9":"product_cat-sostenible","11":"first","12":"outofstock","13":"sale","14":"taxable","15":"shipping-taxable","16":"purchasable","17":"product-type-variable"},"acf":[],"yoast_head":"<!-- This site is optimized with the Yoast SEO plugin v27.4 - https:\/\/yoast.com\/product\/yoast-seo-wordpress\/ -->\n<title>Mam\u00e1 y pap\u00e1 - n\u00fcshu<\/title>\n<meta name=\"description\" content=\"Madre y padre. Dos libros tiernos y lindos. Un regalo para una familia que crece, que se ampl\u00eda con la llegada de un nuevo miembro. C\u00f3mpralos en pack, los dos juntos, y ah\u00f3rrate dinero.\" \/>\n<meta name=\"robots\" content=\"index, follow, max-snippet:-1, max-image-preview:large, max-video-preview:-1\" \/>\n<link rel=\"canonical\" href=\"https:\/\/www.nushu.cat\/es\/producto\/mama-y-papa\/\" \/>\n<meta property=\"og:locale\" content=\"es_ES\" \/>\n<meta property=\"og:type\" content=\"article\" \/>\n<meta property=\"og:title\" content=\"Mam\u00e1 y pap\u00e1 - n\u00fcshu\" \/>\n<meta property=\"og:description\" content=\"Madre y padre. Dos libros tiernos y lindos. Un regalo para una familia que crece, que se ampl\u00eda con la llegada de un nuevo miembro. C\u00f3mpralos en pack, los dos juntos, y ah\u00f3rrate dinero.\" \/>\n<meta property=\"og:url\" content=\"https:\/\/www.nushu.cat\/es\/producto\/mama-y-papa\/\" \/>\n<meta property=\"og:site_name\" content=\"n\u00fcshu\" \/>\n<meta property=\"article:publisher\" content=\"https:\/\/www.facebook.com\/nushu.artesania\/\" \/>\n<meta property=\"article:modified_time\" content=\"2024-12-10T14:25:05+00:00\" \/>\n<meta property=\"og:image\" content=\"https:\/\/www.nushu.cat\/wp-content\/uploads\/2024\/04\/pare-i-mare.png\" \/>\n\t<meta property=\"og:image:width\" content=\"1000\" \/>\n\t<meta property=\"og:image:height\" content=\"1000\" \/>\n\t<meta property=\"og:image:type\" content=\"image\/png\" \/>\n<meta name=\"twitter:card\" content=\"summary_large_image\" \/>\n<meta name=\"twitter:label1\" content=\"Tiempo de lectura\" \/>\n\t<meta name=\"twitter:data1\" content=\"2 minutos\" \/>\n<!-- \/ Yoast SEO plugin. -->","yoast_head_json":{"title":"Mam\u00e1 y pap\u00e1 - n\u00fcshu","description":"Madre y padre. Dos libros tiernos y lindos. Un regalo para una familia que crece, que se ampl\u00eda con la llegada de un nuevo miembro. C\u00f3mpralos en pack, los dos juntos, y ah\u00f3rrate dinero.","robots":{"index":"index","follow":"follow","max-snippet":"max-snippet:-1","max-image-preview":"max-image-preview:large","max-video-preview":"max-video-preview:-1"},"canonical":"https:\/\/www.nushu.cat\/es\/producto\/mama-y-papa\/","og_locale":"es_ES","og_type":"article","og_title":"Mam\u00e1 y pap\u00e1 - n\u00fcshu","og_description":"Madre y padre. Dos libros tiernos y lindos. Un regalo para una familia que crece, que se ampl\u00eda con la llegada de un nuevo miembro. C\u00f3mpralos en pack, los dos juntos, y ah\u00f3rrate dinero.","og_url":"https:\/\/www.nushu.cat\/es\/producto\/mama-y-papa\/","og_site_name":"n\u00fcshu","article_publisher":"https:\/\/www.facebook.com\/nushu.artesania\/","article_modified_time":"2024-12-10T14:25:05+00:00","og_image":[{"width":1000,"height":1000,"url":"https:\/\/www.nushu.cat\/wp-content\/uploads\/2024\/04\/pare-i-mare.png","type":"image\/png"}],"twitter_card":"summary_large_image","twitter_misc":{"Tiempo de lectura":"2 minutos"},"schema":{"@context":"https:\/\/schema.org","@graph":[{"@type":"WebPage","@id":"https:\/\/www.nushu.cat\/es\/producto\/mama-y-papa\/","url":"https:\/\/www.nushu.cat\/es\/producto\/mama-y-papa\/","name":"Mam\u00e1 y pap\u00e1 - n\u00fcshu","isPartOf":{"@id":"https:\/\/www.nushu.cat\/es\/#website"},"primaryImageOfPage":{"@id":"https:\/\/www.nushu.cat\/es\/producto\/mama-y-papa\/#primaryimage"},"image":{"@id":"https:\/\/www.nushu.cat\/es\/producto\/mama-y-papa\/#primaryimage"},"thumbnailUrl":"https:\/\/www.nushu.cat\/wp-content\/uploads\/2024\/04\/pare-i-mare.png","datePublished":"2024-04-17T12:45:21+00:00","dateModified":"2024-12-10T14:25:05+00:00","description":"Madre y padre. Dos libros tiernos y lindos. Un regalo para una familia que crece, que se ampl\u00eda con la llegada de un nuevo miembro. C\u00f3mpralos en pack, los dos juntos, y ah\u00f3rrate dinero.","breadcrumb":{"@id":"https:\/\/www.nushu.cat\/es\/producto\/mama-y-papa\/#breadcrumb"},"inLanguage":"es","potentialAction":[{"@type":"ReadAction","target":["https:\/\/www.nushu.cat\/es\/producto\/mama-y-papa\/"]}]},{"@type":"ImageObject","inLanguage":"es","@id":"https:\/\/www.nushu.cat\/es\/producto\/mama-y-papa\/#primaryimage","url":"https:\/\/www.nushu.cat\/wp-content\/uploads\/2024\/04\/pare-i-mare.png","contentUrl":"https:\/\/www.nushu.cat\/wp-content\/uploads\/2024\/04\/pare-i-mare.png","width":1000,"height":1000},{"@type":"BreadcrumbList","@id":"https:\/\/www.nushu.cat\/es\/producto\/mama-y-papa\/#breadcrumb","itemListElement":[{"@type":"ListItem","position":1,"name":"Inici","item":"https:\/\/www.nushu.cat\/es\/compreses-de-tela\/"},{"@type":"ListItem","position":2,"name":"Tienda","item":"https:\/\/www.nushu.cat\/es\/tienda\/"},{"@type":"ListItem","position":3,"name":"Mam\u00e1 y pap\u00e1"}]},{"@type":"WebSite","@id":"https:\/\/www.nushu.cat\/es\/#website","url":"https:\/\/www.nushu.cat\/es\/","name":"n\u00fcshu","description":"natural &amp; sostenible","publisher":{"@id":"https:\/\/www.nushu.cat\/es\/#organization"},"potentialAction":[{"@type":"SearchAction","target":{"@type":"EntryPoint","urlTemplate":"https:\/\/www.nushu.cat\/es\/?s={search_term_string}"},"query-input":{"@type":"PropertyValueSpecification","valueRequired":true,"valueName":"search_term_string"}}],"inLanguage":"es"},{"@type":"Organization","@id":"https:\/\/www.nushu.cat\/es\/#organization","name":"n\u00fcshu","url":"https:\/\/www.nushu.cat\/es\/","logo":{"@type":"ImageObject","inLanguage":"es","@id":"https:\/\/www.nushu.cat\/es\/#\/schema\/logo\/image\/","url":"https:\/\/www.nushu.cat\/wp-content\/uploads\/2024\/02\/nushu-share-1-1.png","contentUrl":"https:\/\/www.nushu.cat\/wp-content\/uploads\/2024\/02\/nushu-share-1-1.png","width":1080,"height":1080,"caption":"n\u00fcshu"},"image":{"@id":"https:\/\/www.nushu.cat\/es\/#\/schema\/logo\/image\/"},"sameAs":["https:\/\/www.facebook.com\/nushu.artesania\/","https:\/\/www.instagram.com\/nushu_artesania"]}]}},"jetpack_sharing_enabled":true,"_links":{"self":[{"href":"https:\/\/www.nushu.cat\/es\/wp-json\/wp\/v2\/product\/263919","targetHints":{"allow":["GET"]}}],"collection":[{"href":"https:\/\/www.nushu.cat\/es\/wp-json\/wp\/v2\/product"}],"about":[{"href":"https:\/\/www.nushu.cat\/es\/wp-json\/wp\/v2\/types\/product"}],"version-history":[{"count":2,"href":"https:\/\/www.nushu.cat\/es\/wp-json\/wp\/v2\/product\/263919\/revisions"}],"predecessor-version":[{"id":265867,"href":"https:\/\/www.nushu.cat\/es\/wp-json\/wp\/v2\/product\/263919\/revisions\/265867"}],"wp:featuredmedia":[{"embeddable":true,"href":"https:\/\/www.nushu.cat\/es\/wp-json\/wp\/v2\/media\/263932"}],"wp:attachment":[{"href":"https:\/\/www.nushu.cat\/es\/wp-json\/wp\/v2\/media?parent=263919"}],"wp:term":[{"taxonomy":"product_brand","embeddable":true,"href":"https:\/\/www.nushu.cat\/es\/wp-json\/wp\/v2\/product_brand?post=263919"},{"taxonomy":"product_cat","embeddable":true,"href":"https:\/\/www.nushu.cat\/es\/wp-json\/wp\/v2\/product_cat?post=263919"},{"taxonomy":"product_tag","embeddable":true,"href":"https:\/\/www.nushu.cat\/es\/wp-json\/wp\/v2\/product_tag?post=263919"}],"curies":[{"name":"wp","href":"https:\/\/api.w.org\/{rel}","templated":true}]}}