{"id":264060,"date":"2024-05-14T23:03:46","date_gmt":"2024-05-14T21:03:47","guid":{"rendered":"https:\/\/www.nushu.cat\/?post_type=product&#038;p=264060"},"modified":"2024-06-18T22:12:47","modified_gmt":"2024-06-18T20:12:47","slug":"pack-sin-dolor","status":"publish","type":"product","link":"https:\/\/www.nushu.cat\/es\/producto\/pack-sin-dolor\/","title":{"rendered":"pack sin dolor"},"content":{"rendered":"<p>Usar compresas menstruales de tela reutilizables 100% de algod\u00f3n tiene m\u00faltiples beneficios para la salud:<\/p>\n<ul>\n<li><strong>Reducci\u00f3n de irritaciones y alergias<\/strong>: Las compresas de tela son hipoalerg\u00e9genas y libres de qu\u00edmicos y fragancias, disminuyendo el riesgo de alergias y dermatitis.<\/li>\n<li><strong>Mayor transpirabilidad<\/strong>: Permiten la circulaci\u00f3n del aire, y mantienen la vulva seca, reduciendo la humedad, los hongos, e infecciones como c\u00e1ndidas.<\/li>\n<li><strong>Mejor salud vaginal<\/strong>: Ayudan a mantener un pH vaginal equilibrado, evitando desequilibrios en la flora vaginal.<\/li>\n<li><strong>Menor exposici\u00f3n a toxinas<\/strong>: Las compresas de tela reutilizables no contienen dioxinas, pesticidas ni otros qu\u00edmicos presentes en compresas desechables, reduciendo la exposici\u00f3n a sustancias perjudiciales y disruptores endocrinos.<\/li>\n<li><strong>Confort y suavidad<\/strong>: Proporcionan una sensaci\u00f3n m\u00e1s agradable y c\u00f3moda, especialmente para pieles sensibles.<\/li>\n<li><strong>Menos Riesgo de TSS<\/strong> (S\u00edndrome de Shock T\u00f3xico): Al no contener materiales sint\u00e9ticos ni superabsorbentes, las compresas menstruales reutilizables reducen el riesgo asociado al TSS.<\/li>\n<\/ul>\n<p>Para prevenir o curar enfermedades vaginales, vulvares, dolores menstruales o alteraciones en el ciclo menstrual, las compresas de tela en combinaci\u00f3n con medicina alternativa es un regalo incalculable que puedes darle a tu cuerpo.<\/p>\n<p>\u00a1Este lote te lo pone f\u00e1cil! Combina las dos compresas de tela de d\u00eda talla M con alguna de las siguientes opciones:<\/p>\n<h1>Aceite CBD (cannabidiol) y CBG (cannabigerol)<\/h1>\n<p>El aceite Aileen contiene un 10% de CBD (cannabidiol), y un 10% de CBG (cannabigerol), \u00e9ste \u00faltimo tiene <strong>efectos analg\u00e9sicos y antiinflamatorios<\/strong>, actuando de forma m\u00e1s r\u00e1pida que el CBD.<br \/>\nEsta fusi\u00f3n cann\u00e1bica convierte al Aceite Aileen en una muy buena opci\u00f3n para los <strong>dolores menstruales incapacitantes. <\/strong> Juntos crean la combinaci\u00f3n natural perfecta y <strong>sin efectos secundarios<\/strong> para mantener a raya los dolores m\u00e1s persistentes.<br \/>\nEl CBG, al igual que el CBD, forman parte del mismo grupo de cannabinoides extra\u00eddos del c\u00e1\u00f1amo y est\u00e1n relacionados con <strong>el alivio del dolor. <\/strong> Poseen cualidades antiinflamatorias, regenerativas, antitumorales, antimicrobianos y muchas m\u00e1s.<\/p>\n<p>Cabe se\u00f1alar que el CBG, al igual que el CBD, <strong> no tiene efectos psicoactivos. <\/strong> Esto s\u00f3lo lo produce el THC del c\u00e1\u00f1amo. Y este aceite es <strong>0% THC<\/strong><\/p>\n<p>&nbsp;<\/p>\n<h1>Aceite corporal &#8220;la anciana&#8221; de Llumdelluna<\/h1>\n<p>Anciana es un aceite corporal nutritivo que penetra y sana tu piel para sentirla el\u00e1stica y flexible sobre todo cuando le cuesta curar y expandirse hacia fuera.<br \/>\nEs <strong>ideal durante la fase menstrual<\/strong>, para masajear sobre la matriz (vientre-\u00fatero), para <strong> aportar calor, calor y calma<\/strong>. Es ideal para \u00fateros doloridos, tensos y fr\u00edos. Su aroma te transportar\u00e1 directamente a la energ\u00eda propia de la fase del arquetipo de la Anciana, permiti\u00e9ndote conectar directamente con tu esencia y dando a tu cuerpo ya tu \u00fatero la energ\u00eda que necesita para armonizarse .<\/p>\n<p><em>\u201cSoy esencia, calma y profundidad. Te ayudo a entrar a ti. Te acompa\u00f1o a viajar lo m\u00e1s adentro tuyo posible; lento y sentido. Hueleme con calma, minuciosamente, para poner una mirada silenciosa hacia ti misma. Soy ideal para la fase menstrual y para la etapa vital de la madurez, tanto f\u00edsica como energ\u00e9ticamente\u201d.<br \/>\n<\/em><\/p>\n<p><strong>Para conectar con la esencia<\/strong>, el silencio y la quietud interior. Meditar, dejar ir y calma. Paz interna.<\/p>\n<h1>Ginev\u00edtex regulador hormonal<\/h1>\n<p><strong>Ginev\u00edtex<\/strong> es un <strong>regulador hormonal<\/strong> natural que ajusta nuestro ciclo menstrual de forma natural a cualquiera de las etapas de la vida de las mujeres:<br \/>\ndolor menstrual y premenstrual, menopausia y climaterio, pubertad y adolescencia, ausencia de menstruaci\u00f3n, uso prolongado de anticonceptivos hormonales, fertilidad, \u2026 Y enfermedades o desajustes como: alteraciones alimentarias, retenci\u00f3n de l\u00edquidos, exceso de prolactina, infecciones recurrentes, c\u00e1ndidas, poliqu\u00edsticos, acn\u00e9, pelo facial, h\u00edper o hipotiroidismo, endometriosis, miomas, \u2026<\/p>\n<h1>Infusi\u00f3n &#8220;Dona&#8221; de aromik infusions<\/h1>\n<p>Infusi\u00f3n ecol\u00f3gica para acompa\u00f1ar a la mujer en la ciclicidad y en todos los procesos vitales.<br \/>\nEsta sinergia de plantas une las propiedades de tres <strong>plantas medicinales<\/strong> que acutan en los <strong>ciclos femeninos.<\/strong> Un aroma y un sabor delicioso que acompa\u00f1an cada momento de la ciclidad femenina. Ideal para <strong>regular las menstruaciones y reducir sus posibles dolores<\/strong> Y para acompa\u00f1ar a la menopausia y la premenopausa. No contiene te\u00edna.<\/p>\n","protected":false},"excerpt":{"rendered":"<p>Reduce el dolor y vive una menstruaci\u00f3n sostenible y saludable con elementos naturales y respetuosos con tu cuerpo.<\/p>\n<p>Este pack te ofrece una forma de ahorrar. Incluye dos compresas de d\u00eda talla M y un remedio natural para ayudar a aliviar el dolor menstrual y\/o premenstrual.<\/p>\n","protected":false},"featured_media":264076,"template":"","meta":{"_acf_changed":false},"product_brand":[],"product_cat":[267,207,268],"product_tag":[],"class_list":{"0":"post-264060","1":"product","2":"type-product","3":"status-publish","4":"has-post-thumbnail","6":"product_cat-dolor-menstrual-es","7":"product_cat-higiene-menstrual-sostenible","8":"product_cat-sostenible","10":"first","11":"instock","12":"sale","13":"taxable","14":"shipping-taxable","15":"purchasable","16":"product-type-variable"},"acf":[],"yoast_head":"<!-- This site is optimized with the Yoast SEO plugin v27.4 - https:\/\/yoast.com\/product\/yoast-seo-wordpress\/ -->\n<title>pack sin dolor - n\u00fcshu<\/title>\n<meta name=\"description\" content=\"Aceite de CBD (cannabidiol) y CBG (cannabigerol) para aliviar el dolor menstrual y otras patolog\u00edas.\" \/>\n<meta name=\"robots\" content=\"index, follow, max-snippet:-1, max-image-preview:large, max-video-preview:-1\" \/>\n<link rel=\"canonical\" href=\"https:\/\/www.nushu.cat\/es\/producto\/pack-sin-dolor\/\" \/>\n<meta property=\"og:locale\" content=\"es_ES\" \/>\n<meta property=\"og:type\" content=\"article\" \/>\n<meta property=\"og:title\" content=\"pack sin dolor - n\u00fcshu\" \/>\n<meta property=\"og:description\" content=\"Aceite de CBD (cannabidiol) y CBG (cannabigerol) para aliviar el dolor menstrual y otras patolog\u00edas.\" \/>\n<meta property=\"og:url\" content=\"https:\/\/www.nushu.cat\/es\/producto\/pack-sin-dolor\/\" \/>\n<meta property=\"og:site_name\" content=\"n\u00fcshu\" \/>\n<meta property=\"article:publisher\" content=\"https:\/\/www.facebook.com\/nushu.artesania\/\" \/>\n<meta property=\"article:modified_time\" content=\"2024-06-18T20:12:47+00:00\" \/>\n<meta property=\"og:image\" content=\"https:\/\/www.nushu.cat\/wp-content\/uploads\/2024\/05\/32.png\" \/>\n\t<meta property=\"og:image:width\" content=\"1000\" \/>\n\t<meta property=\"og:image:height\" content=\"1000\" \/>\n\t<meta property=\"og:image:type\" content=\"image\/png\" \/>\n<meta name=\"twitter:card\" content=\"summary_large_image\" \/>\n<meta name=\"twitter:label1\" content=\"Tiempo de lectura\" \/>\n\t<meta name=\"twitter:data1\" content=\"4 minutos\" \/>\n<!-- \/ Yoast SEO plugin. -->","yoast_head_json":{"title":"pack sin dolor - n\u00fcshu","description":"Aceite de CBD (cannabidiol) y CBG (cannabigerol) para aliviar el dolor menstrual y otras patolog\u00edas.","robots":{"index":"index","follow":"follow","max-snippet":"max-snippet:-1","max-image-preview":"max-image-preview:large","max-video-preview":"max-video-preview:-1"},"canonical":"https:\/\/www.nushu.cat\/es\/producto\/pack-sin-dolor\/","og_locale":"es_ES","og_type":"article","og_title":"pack sin dolor - n\u00fcshu","og_description":"Aceite de CBD (cannabidiol) y CBG (cannabigerol) para aliviar el dolor menstrual y otras patolog\u00edas.","og_url":"https:\/\/www.nushu.cat\/es\/producto\/pack-sin-dolor\/","og_site_name":"n\u00fcshu","article_publisher":"https:\/\/www.facebook.com\/nushu.artesania\/","article_modified_time":"2024-06-18T20:12:47+00:00","og_image":[{"width":1000,"height":1000,"url":"https:\/\/www.nushu.cat\/wp-content\/uploads\/2024\/05\/32.png","type":"image\/png"}],"twitter_card":"summary_large_image","twitter_misc":{"Tiempo de lectura":"4 minutos"},"schema":{"@context":"https:\/\/schema.org","@graph":[{"@type":"WebPage","@id":"https:\/\/www.nushu.cat\/es\/producto\/pack-sin-dolor\/","url":"https:\/\/www.nushu.cat\/es\/producto\/pack-sin-dolor\/","name":"pack sin dolor - n\u00fcshu","isPartOf":{"@id":"https:\/\/www.nushu.cat\/es\/#website"},"primaryImageOfPage":{"@id":"https:\/\/www.nushu.cat\/es\/producto\/pack-sin-dolor\/#primaryimage"},"image":{"@id":"https:\/\/www.nushu.cat\/es\/producto\/pack-sin-dolor\/#primaryimage"},"thumbnailUrl":"https:\/\/www.nushu.cat\/wp-content\/uploads\/2024\/05\/32.png","datePublished":"2024-05-14T21:03:47+00:00","dateModified":"2024-06-18T20:12:47+00:00","description":"Aceite de CBD (cannabidiol) y CBG (cannabigerol) para aliviar el dolor menstrual y otras patolog\u00edas.","breadcrumb":{"@id":"https:\/\/www.nushu.cat\/es\/producto\/pack-sin-dolor\/#breadcrumb"},"inLanguage":"es","potentialAction":[{"@type":"ReadAction","target":["https:\/\/www.nushu.cat\/es\/producto\/pack-sin-dolor\/"]}]},{"@type":"ImageObject","inLanguage":"es","@id":"https:\/\/www.nushu.cat\/es\/producto\/pack-sin-dolor\/#primaryimage","url":"https:\/\/www.nushu.cat\/wp-content\/uploads\/2024\/05\/32.png","contentUrl":"https:\/\/www.nushu.cat\/wp-content\/uploads\/2024\/05\/32.png","width":1000,"height":1000},{"@type":"BreadcrumbList","@id":"https:\/\/www.nushu.cat\/es\/producto\/pack-sin-dolor\/#breadcrumb","itemListElement":[{"@type":"ListItem","position":1,"name":"Inici","item":"https:\/\/www.nushu.cat\/es\/compreses-de-tela\/"},{"@type":"ListItem","position":2,"name":"Tienda","item":"https:\/\/www.nushu.cat\/es\/tienda\/"},{"@type":"ListItem","position":3,"name":"pack sin dolor"}]},{"@type":"WebSite","@id":"https:\/\/www.nushu.cat\/es\/#website","url":"https:\/\/www.nushu.cat\/es\/","name":"n\u00fcshu","description":"natural &amp; sostenible","publisher":{"@id":"https:\/\/www.nushu.cat\/es\/#organization"},"potentialAction":[{"@type":"SearchAction","target":{"@type":"EntryPoint","urlTemplate":"https:\/\/www.nushu.cat\/es\/?s={search_term_string}"},"query-input":{"@type":"PropertyValueSpecification","valueRequired":true,"valueName":"search_term_string"}}],"inLanguage":"es"},{"@type":"Organization","@id":"https:\/\/www.nushu.cat\/es\/#organization","name":"n\u00fcshu","url":"https:\/\/www.nushu.cat\/es\/","logo":{"@type":"ImageObject","inLanguage":"es","@id":"https:\/\/www.nushu.cat\/es\/#\/schema\/logo\/image\/","url":"https:\/\/www.nushu.cat\/wp-content\/uploads\/2024\/02\/nushu-share-1-1.png","contentUrl":"https:\/\/www.nushu.cat\/wp-content\/uploads\/2024\/02\/nushu-share-1-1.png","width":1080,"height":1080,"caption":"n\u00fcshu"},"image":{"@id":"https:\/\/www.nushu.cat\/es\/#\/schema\/logo\/image\/"},"sameAs":["https:\/\/www.facebook.com\/nushu.artesania\/","https:\/\/www.instagram.com\/nushu_artesania"]}]}},"jetpack_sharing_enabled":true,"_links":{"self":[{"href":"https:\/\/www.nushu.cat\/es\/wp-json\/wp\/v2\/product\/264060","targetHints":{"allow":["GET"]}}],"collection":[{"href":"https:\/\/www.nushu.cat\/es\/wp-json\/wp\/v2\/product"}],"about":[{"href":"https:\/\/www.nushu.cat\/es\/wp-json\/wp\/v2\/types\/product"}],"version-history":[{"count":5,"href":"https:\/\/www.nushu.cat\/es\/wp-json\/wp\/v2\/product\/264060\/revisions"}],"predecessor-version":[{"id":264349,"href":"https:\/\/www.nushu.cat\/es\/wp-json\/wp\/v2\/product\/264060\/revisions\/264349"}],"wp:featuredmedia":[{"embeddable":true,"href":"https:\/\/www.nushu.cat\/es\/wp-json\/wp\/v2\/media\/264076"}],"wp:attachment":[{"href":"https:\/\/www.nushu.cat\/es\/wp-json\/wp\/v2\/media?parent=264060"}],"wp:term":[{"taxonomy":"product_brand","embeddable":true,"href":"https:\/\/www.nushu.cat\/es\/wp-json\/wp\/v2\/product_brand?post=264060"},{"taxonomy":"product_cat","embeddable":true,"href":"https:\/\/www.nushu.cat\/es\/wp-json\/wp\/v2\/product_cat?post=264060"},{"taxonomy":"product_tag","embeddable":true,"href":"https:\/\/www.nushu.cat\/es\/wp-json\/wp\/v2\/product_tag?post=264060"}],"curies":[{"name":"wp","href":"https:\/\/api.w.org\/{rel}","templated":true}]}}