{"id":264810,"date":"2024-09-05T17:54:13","date_gmt":"2024-09-05T15:54:13","guid":{"rendered":"https:\/\/www.nushu.cat\/?post_type=product&#038;p=264810"},"modified":"2026-01-25T21:26:40","modified_gmt":"2026-01-25T20:26:40","slug":"disco-menstrual","status":"publish","type":"product","link":"https:\/\/www.nushu.cat\/es\/producto\/disco-menstrual\/","title":{"rendered":"Disco menstrual"},"content":{"rendered":"<h2 data-start=\"949\" data-end=\"996\">\u00bfPor qu\u00e9 utilizar los discos menstruales?<\/h2>\n<p data-start=\"998\" data-end=\"1261\"><strong data-start=\"1002\" data-end=\"1038\">Los revolucionarios discos menstruales <\/strong>nos proporcionan una forma saludable, segura y confortable de recoger el sangrado durante la menstruaci\u00f3n. El disco menstrual llega como <strong data-start=\"1174\" data-end=\"1209\">alternativa a la copa menstrual,<\/strong> y se coloca c\u00f3modamente en la base de tu c\u00e9rvix. <\/p>\n<p data-start=\"1263\" data-end=\"1393\">Son <strong data-start=\"1267\" data-end=\"1285\">reutilizables<\/strong>, de <strong data-start=\"1290\" data-end=\"1309\">silicona m\u00e9dica<\/strong> tan fina que tiene el grosor de un p\u00e9talo de flor, sin BPA, libres de t\u00f3xicos y veganos.<\/p>\n<h2 data-start=\"1400\" data-end=\"1447\">Beneficios y ventajas del disco menstrual<\/h2>\n<p data-start=\"1449\" data-end=\"1612\">Con los discos menstruales di adi\u00f3s a las incomodidades de los productos desechables durante la regla. El disco menstrual ofrece unos beneficios que no puedes perderte: <\/p>\n<ul>\n<li data-start=\"1616\" data-end=\"1849\">Se pueden mantener <strong data-start=\"1634\" data-end=\"1655\">relaciones sexuales<\/strong> con el disco menstrual puesto, que se coloca en la base del cuello uterino y no crea sellado. <em data-start=\"1753\" data-end=\"1847\">*Hay que dejar claro que el disco menstrual NO es un m\u00e9todo anticonceptivo ni protege de las ETS.<\/em><\/li>\n<li data-start=\"1852\" data-end=\"1905\">Protecci\u00f3n segura durante <strong data-start=\"1876\" data-end=\"1903\">aproximadamente 8 horas.<\/strong><\/li>\n<li data-start=\"1908\" data-end=\"1981\"><strong data-start=\"1908\" data-end=\"1932\">No produce sequedad<\/strong> gracias al material con el que ha sido fabricado.<\/li>\n<li data-start=\"1984\" data-end=\"2007\"><strong data-start=\"1984\" data-end=\"2005\">Es reutilizable.<\/strong><\/li>\n<li data-start=\"2010\" data-end=\"2096\">s un m\u00e9todo muy econ\u00f3mico teniendo en cuenta que se puede utilizar durante <strong data-start=\"2082\" data-end=\"2094\">10 a\u00f1os.<\/strong><\/li>\n<li data-start=\"2099\" data-end=\"2222\">Es c\u00f3modo ya que su dise\u00f1o <strong data-start=\"2131\" data-end=\"2186\">se ajusta perfectamente a la forma de tu cuello uterino<\/strong> y no notar\u00e1s que lo llevas puesto.<\/li>\n<li data-start=\"2225\" data-end=\"2248\">Producto <strong data-start=\"2234\" data-end=\"2248\">100% vegano.<\/strong><\/li>\n<\/ul>\n<h2 data-start=\"2255\" data-end=\"2292\">C\u00f3mo introducir el disco menstrual<\/h2>\n<ul>\n<li data-start=\"2296\" data-end=\"2336\"><strong data-start=\"2296\" data-end=\"2316\">L\u00e1vate las manos <\/strong>con agua y jab\u00f3n.<\/li>\n<li data-start=\"2339\" data-end=\"2451\">Col\u00f3cate en una <strong data-start=\"2357\" data-end=\"2375\">posici\u00f3n c\u00f3moda<\/strong> para ti (de pie con una pierna elevada, en posici\u00f3n de cuchara o sentada).<\/li>\n<li data-start=\"2454\" data-end=\"2538\"><strong data-start=\"2454\" data-end=\"2498\">Presiona ligeramente el disco menstrual <\/strong>de forma que queden los lados unidos.<\/li>\n<li data-start=\"2541\" data-end=\"2654\">Introduce el disco en la vagina y utiliza tu dedo para<strong data-start=\"2598\" data-end=\"2628\"> empujar el borde hacia arriba,<\/strong> detr\u00e1s de tu hueso p\u00fabico.<\/li>\n<li data-start=\"2657\" data-end=\"2754\">Una vez hecho esto, <strong data-start=\"2674\" data-end=\"2706\">el anillo se desplegar\u00e1 de nuevo.<\/strong> Listo para pasar el d\u00eda seguro y sin manchar. <\/li>\n<\/ul>\n<p><img fetchpriority=\"high\" decoding=\"async\" class=\"size-medium wp-image-269150 alignnone\" style=\"padding: 20px;\" src=\"https:\/\/www.nushu.cat\/wp-content\/uploads\/2024\/09\/disco-menstrual-pasos-261x300.webp\" alt=\"Paso a paso para introducir la copa menstrual\" width=\"261\" height=\"300\" srcset=\"https:\/\/www.nushu.cat\/wp-content\/uploads\/2024\/09\/disco-menstrual-pasos-261x300.webp 261w, https:\/\/www.nushu.cat\/wp-content\/uploads\/2024\/09\/disco-menstrual-pasos-768x881.webp 768w, https:\/\/www.nushu.cat\/wp-content\/uploads\/2024\/09\/disco-menstrual-pasos-600x689.webp 600w, https:\/\/www.nushu.cat\/wp-content\/uploads\/2024\/09\/disco-menstrual-pasos.webp 861w\" sizes=\"(max-width: 261px) 100vw, 261px\" \/><\/p>\n<h2 data-start=\"2761\" data-end=\"2795\">C\u00f3mo quitar el disco menstrual<\/h2>\n<ul>\n<li data-start=\"2799\" data-end=\"2839\"><strong data-start=\"2799\" data-end=\"2819\">L\u00e1vate las manos <\/strong>con agua y jab\u00f3n.<\/li>\n<li data-start=\"2842\" data-end=\"2926\"><strong data-start=\"2842\" data-end=\"2882\">Si\u00e9ntate o ag\u00e1chate de cuclillas, <\/strong>en un lugar c\u00f3modo para evitar derrames.<\/li>\n<li data-start=\"2929\" data-end=\"3218\">Introduce el dedo en la vagina, <strong data-start=\"2960\" data-end=\"3015\">palpa el aro del disco menstrual y tira suavemente del borde <\/strong>manteniendo el disco en posici\u00f3n horizontal para evitar que se derrame el contenido.<br data-start=\"3107\" data-end=\"3110\">Tambi\u00e9n puedes intentar hacer fuerza con los m\u00fasculos p\u00e9lvicos para ayudar a desplazar el disco por detr\u00e1s del pubis.<\/li>\n<li data-start=\"3221\" data-end=\"3363\"><strong data-start=\"3221\" data-end=\"3262\">Vac\u00eda el contenido del disco menstrual <\/strong>donde encuentres m\u00e1s conveniente, aclararlo con agua limpia y ya est\u00e1 listo para utilizar de nuevo.<\/li>\n<\/ul>\n<h2 data-start=\"3370\" data-end=\"3405\">C\u00f3mo limpiar el disco menstrual<\/h2>\n<p data-start=\"3407\" data-end=\"3667\">Se recomienda extraer el disco menstrual del cuerpo y<strong data-start=\"3456\" data-end=\"3485\"> limpiarlo con agua limpia, <\/strong>como mucho <strong data-start=\"3499\" data-end=\"3543\">cada 12 horas durante el sangrado menstrual<\/strong> (analiza seg\u00fan tu cantidad de flujo menstrual, cu\u00e1nto tiempo puede durarte en cada d\u00eda del sangrado, ya que esto puede variar mucho).<\/p>\n<p data-start=\"3669\" data-end=\"3812\">Es necesario esterilizar el disco menstrual al menos una vez entre sangrado y sangrado. Recomendable hacerlo antes y\/o despu\u00e9s de cada per\u00edodo. <\/p>\n<h2 data-start=\"3819\" data-end=\"3860\">Medidas y tallas del disco menstrual<\/h2>\n<p data-start=\"3862\" data-end=\"3890\">Hay 2 tama\u00f1os diferentes:<\/p>\n<ul>\n<li data-start=\"3894\" data-end=\"3923\"><strong data-start=\"3894\" data-end=\"3921\">S. 6,7 cm x 6 cm x 3 cm<\/strong><\/li>\n<li data-start=\"3926\" data-end=\"3957\"><strong data-start=\"3926\" data-end=\"3957\">L. 7,6 cm x 6,5 cm x 3,4 cm<\/strong><\/li>\n<\/ul>\n","protected":false},"excerpt":{"rendered":"<ul>\n<li data-start=\"531\" data-end=\"648\">\u00datil para personas que tienen el <strong data-start=\"564\" data-end=\"612\">c\u00e9rvix bajo o para mantener relaciones sexuales <\/strong>mientras sangramos en la menstruaci\u00f3n.<\/li>\n<li data-start=\"651\" data-end=\"795\">Para casos donde el <strong data-start=\"669\" data-end=\"683\">suelo p\u00e9lvico<\/strong> se encuentra <strong data-start=\"693\" data-end=\"706\">debilitado<\/strong>, y en casos de <strong data-start=\"722\" data-end=\"742\">prolapso vaginal <\/strong>en grados leves, y con <strong data-start=\"768\" data-end=\"792\">el cuello uterino muy corto. <\/strong><\/li>\n<li data-start=\"798\" data-end=\"863\">Ideal para personas que no se sienten bien con la copa menstrual.<\/li>\n<\/ul>\n","protected":false},"featured_media":268978,"template":"","meta":{"_acf_changed":false},"product_brand":[],"product_cat":[227,207],"product_tag":[],"class_list":{"0":"post-264810","1":"product","2":"type-product","3":"status-publish","4":"has-post-thumbnail","6":"product_cat-copas-menstruales-y-esponjas","7":"product_cat-higiene-menstrual-sostenible","9":"first","10":"instock","11":"taxable","12":"shipping-taxable","13":"purchasable","14":"product-type-variable"},"acf":[],"yoast_head":"<!-- This site is optimized with the Yoast SEO plugin v27.2 - https:\/\/yoast.com\/product\/yoast-seo-wordpress\/ -->\n<title>Disco menstrual reutilizable<\/title>\n<meta name=\"description\" content=\"Disco menstrual para la menstruaci\u00f3n. \u00datil para personas con el c\u00e9rvix bajo. Para mantener relaciones sexuales con la menstruaci\u00f3n. Para suelo p\u00e9lvico debilitado o prolapso vaginal.\" \/>\n<meta name=\"robots\" content=\"index, follow, max-snippet:-1, max-image-preview:large, max-video-preview:-1\" \/>\n<link rel=\"canonical\" href=\"https:\/\/www.nushu.cat\/es\/producto\/disco-menstrual\/\" \/>\n<meta property=\"og:locale\" content=\"es_ES\" \/>\n<meta property=\"og:type\" content=\"article\" \/>\n<meta property=\"og:title\" content=\"Disco menstrual reutilizable\" \/>\n<meta property=\"og:description\" content=\"Disco menstrual para la menstruaci\u00f3n. \u00datil para personas con el c\u00e9rvix bajo. Para mantener relaciones sexuales con la menstruaci\u00f3n. Para suelo p\u00e9lvico debilitado o prolapso vaginal.\" \/>\n<meta property=\"og:url\" content=\"https:\/\/www.nushu.cat\/es\/producto\/disco-menstrual\/\" \/>\n<meta property=\"og:site_name\" content=\"n\u00fcshu\" \/>\n<meta property=\"article:publisher\" content=\"https:\/\/www.facebook.com\/nushu.artesania\/\" \/>\n<meta property=\"article:modified_time\" content=\"2026-01-25T20:26:40+00:00\" \/>\n<meta property=\"og:image\" content=\"https:\/\/www.nushu.cat\/wp-content\/uploads\/2024\/09\/disco-menstrual-1.webp\" \/>\n\t<meta property=\"og:image:width\" content=\"1000\" \/>\n\t<meta property=\"og:image:height\" content=\"1000\" \/>\n\t<meta property=\"og:image:type\" content=\"image\/webp\" \/>\n<meta name=\"twitter:card\" content=\"summary_large_image\" \/>\n<meta name=\"twitter:label1\" content=\"Tiempo de lectura\" \/>\n\t<meta name=\"twitter:data1\" content=\"3 minutos\" \/>\n<!-- \/ Yoast SEO plugin. -->","yoast_head_json":{"title":"Disco menstrual reutilizable","description":"Disco menstrual para la menstruaci\u00f3n. \u00datil para personas con el c\u00e9rvix bajo. Para mantener relaciones sexuales con la menstruaci\u00f3n. Para suelo p\u00e9lvico debilitado o prolapso vaginal.","robots":{"index":"index","follow":"follow","max-snippet":"max-snippet:-1","max-image-preview":"max-image-preview:large","max-video-preview":"max-video-preview:-1"},"canonical":"https:\/\/www.nushu.cat\/es\/producto\/disco-menstrual\/","og_locale":"es_ES","og_type":"article","og_title":"Disco menstrual reutilizable","og_description":"Disco menstrual para la menstruaci\u00f3n. \u00datil para personas con el c\u00e9rvix bajo. Para mantener relaciones sexuales con la menstruaci\u00f3n. Para suelo p\u00e9lvico debilitado o prolapso vaginal.","og_url":"https:\/\/www.nushu.cat\/es\/producto\/disco-menstrual\/","og_site_name":"n\u00fcshu","article_publisher":"https:\/\/www.facebook.com\/nushu.artesania\/","article_modified_time":"2026-01-25T20:26:40+00:00","og_image":[{"width":1000,"height":1000,"url":"https:\/\/www.nushu.cat\/wp-content\/uploads\/2024\/09\/disco-menstrual-1.webp","type":"image\/webp"}],"twitter_card":"summary_large_image","twitter_misc":{"Tiempo de lectura":"3 minutos"},"schema":{"@context":"https:\/\/schema.org","@graph":[{"@type":"WebPage","@id":"https:\/\/www.nushu.cat\/es\/producto\/disco-menstrual\/","url":"https:\/\/www.nushu.cat\/es\/producto\/disco-menstrual\/","name":"Disco menstrual reutilizable","isPartOf":{"@id":"https:\/\/www.nushu.cat\/es\/#website"},"primaryImageOfPage":{"@id":"https:\/\/www.nushu.cat\/es\/producto\/disco-menstrual\/#primaryimage"},"image":{"@id":"https:\/\/www.nushu.cat\/es\/producto\/disco-menstrual\/#primaryimage"},"thumbnailUrl":"https:\/\/www.nushu.cat\/wp-content\/uploads\/2024\/09\/disco-menstrual-1.webp","datePublished":"2024-09-05T15:54:13+00:00","dateModified":"2026-01-25T20:26:40+00:00","description":"Disco menstrual para la menstruaci\u00f3n. \u00datil para personas con el c\u00e9rvix bajo. Para mantener relaciones sexuales con la menstruaci\u00f3n. Para suelo p\u00e9lvico debilitado o prolapso vaginal.","breadcrumb":{"@id":"https:\/\/www.nushu.cat\/es\/producto\/disco-menstrual\/#breadcrumb"},"inLanguage":"es","potentialAction":[{"@type":"ReadAction","target":["https:\/\/www.nushu.cat\/es\/producto\/disco-menstrual\/"]}]},{"@type":"ImageObject","inLanguage":"es","@id":"https:\/\/www.nushu.cat\/es\/producto\/disco-menstrual\/#primaryimage","url":"https:\/\/www.nushu.cat\/wp-content\/uploads\/2024\/09\/disco-menstrual-1.webp","contentUrl":"https:\/\/www.nushu.cat\/wp-content\/uploads\/2024\/09\/disco-menstrual-1.webp","width":1000,"height":1000,"caption":"Disco menstrual en n\u00fcshu"},{"@type":"BreadcrumbList","@id":"https:\/\/www.nushu.cat\/es\/producto\/disco-menstrual\/#breadcrumb","itemListElement":[{"@type":"ListItem","position":1,"name":"Inici","item":"https:\/\/www.nushu.cat\/es\/"},{"@type":"ListItem","position":2,"name":"Tienda","item":"https:\/\/www.nushu.cat\/es\/tienda\/"},{"@type":"ListItem","position":3,"name":"Disco menstrual"}]},{"@type":"WebSite","@id":"https:\/\/www.nushu.cat\/es\/#website","url":"https:\/\/www.nushu.cat\/es\/","name":"n\u00fcshu","description":"natural &amp; sostenible","publisher":{"@id":"https:\/\/www.nushu.cat\/es\/#organization"},"potentialAction":[{"@type":"SearchAction","target":{"@type":"EntryPoint","urlTemplate":"https:\/\/www.nushu.cat\/es\/?s={search_term_string}"},"query-input":{"@type":"PropertyValueSpecification","valueRequired":true,"valueName":"search_term_string"}}],"inLanguage":"es"},{"@type":"Organization","@id":"https:\/\/www.nushu.cat\/es\/#organization","name":"n\u00fcshu","url":"https:\/\/www.nushu.cat\/es\/","logo":{"@type":"ImageObject","inLanguage":"es","@id":"https:\/\/www.nushu.cat\/es\/#\/schema\/logo\/image\/","url":"https:\/\/www.nushu.cat\/wp-content\/uploads\/2024\/02\/nushu-share-1-1.png","contentUrl":"https:\/\/www.nushu.cat\/wp-content\/uploads\/2024\/02\/nushu-share-1-1.png","width":1080,"height":1080,"caption":"n\u00fcshu"},"image":{"@id":"https:\/\/www.nushu.cat\/es\/#\/schema\/logo\/image\/"},"sameAs":["https:\/\/www.facebook.com\/nushu.artesania\/","https:\/\/www.instagram.com\/nushu_artesania"]}]}},"jetpack_sharing_enabled":true,"_links":{"self":[{"href":"https:\/\/www.nushu.cat\/es\/wp-json\/wp\/v2\/product\/264810","targetHints":{"allow":["GET"]}}],"collection":[{"href":"https:\/\/www.nushu.cat\/es\/wp-json\/wp\/v2\/product"}],"about":[{"href":"https:\/\/www.nushu.cat\/es\/wp-json\/wp\/v2\/types\/product"}],"version-history":[{"count":6,"href":"https:\/\/www.nushu.cat\/es\/wp-json\/wp\/v2\/product\/264810\/revisions"}],"predecessor-version":[{"id":269164,"href":"https:\/\/www.nushu.cat\/es\/wp-json\/wp\/v2\/product\/264810\/revisions\/269164"}],"wp:featuredmedia":[{"embeddable":true,"href":"https:\/\/www.nushu.cat\/es\/wp-json\/wp\/v2\/media\/268978"}],"wp:attachment":[{"href":"https:\/\/www.nushu.cat\/es\/wp-json\/wp\/v2\/media?parent=264810"}],"wp:term":[{"taxonomy":"product_brand","embeddable":true,"href":"https:\/\/www.nushu.cat\/es\/wp-json\/wp\/v2\/product_brand?post=264810"},{"taxonomy":"product_cat","embeddable":true,"href":"https:\/\/www.nushu.cat\/es\/wp-json\/wp\/v2\/product_cat?post=264810"},{"taxonomy":"product_tag","embeddable":true,"href":"https:\/\/www.nushu.cat\/es\/wp-json\/wp\/v2\/product_tag?post=264810"}],"curies":[{"name":"wp","href":"https:\/\/api.w.org\/{rel}","templated":true}]}}